{"id":9001,"date":"2018-11-21T13:16:24","date_gmt":"2018-11-21T18:16:24","guid":{"rendered":"https:\/\/prcp.com.pe\/diversidad\/"},"modified":"2026-03-31T11:43:13","modified_gmt":"2026-03-31T16:43:13","slug":"diversity","status":"publish","type":"page","link":"https:\/\/prcp.com.pe\/en\/about-us\/diversity\/","title":{"rendered":"Diversity and Integrity"},"content":{"rendered":"<div class=\"wpb-content-wrapper\"><p>[vc_row][vc_column][vc_column_text css=&#8221;&#8221;]<img loading=\"lazy\" decoding=\"async\" class=\"alignnone wp-image-78477 size-full\" src=\"https:\/\/prcp.com.pe\/wp-content\/uploads\/2026\/03\/DIVERSIDAD-WEB-2-eng-scaled.jpg\" alt=\"\" width=\"1172\" height=\"2560\" srcset=\"https:\/\/prcp.com.pe\/wp-content\/uploads\/2026\/03\/DIVERSIDAD-WEB-2-eng-scaled.jpg 1172w, https:\/\/prcp.com.pe\/wp-content\/uploads\/2026\/03\/DIVERSIDAD-WEB-2-eng-137x300.jpg 137w, https:\/\/prcp.com.pe\/wp-content\/uploads\/2026\/03\/DIVERSIDAD-WEB-2-eng-469x1024.jpg 469w, https:\/\/prcp.com.pe\/wp-content\/uploads\/2026\/03\/DIVERSIDAD-WEB-2-eng-768x1677.jpg 768w, https:\/\/prcp.com.pe\/wp-content\/uploads\/2026\/03\/DIVERSIDAD-WEB-2-eng-703x1536.jpg 703w, https:\/\/prcp.com.pe\/wp-content\/uploads\/2026\/03\/DIVERSIDAD-WEB-2-eng-938x2048.jpg 938w, https:\/\/prcp.com.pe\/wp-content\/uploads\/2026\/03\/DIVERSIDAD-WEB-2-eng-1612x3520.jpg 1612w, https:\/\/prcp.com.pe\/wp-content\/uploads\/2026\/03\/DIVERSIDAD-WEB-2-eng-1116x2437.jpg 1116w, https:\/\/prcp.com.pe\/wp-content\/uploads\/2026\/03\/DIVERSIDAD-WEB-2-eng-806x1760.jpg 806w, https:\/\/prcp.com.pe\/wp-content\/uploads\/2026\/03\/DIVERSIDAD-WEB-2-eng-558x1218.jpg 558w, https:\/\/prcp.com.pe\/wp-content\/uploads\/2026\/03\/DIVERSIDAD-WEB-2-eng-655x1430.jpg 655w\" sizes=\"auto, (max-width: 1172px) 100vw, 1172px\" \/>[\/vc_column_text][\/vc_column][\/vc_row]<\/p>\n<\/div>","protected":false},"excerpt":{"rendered":"<p>[vc_row][vc_column][vc_column_text css=&#8221;&#8221;][\/vc_column_text][\/vc_column][\/vc_row]<\/p>\n","protected":false},"author":3,"featured_media":0,"parent":7531,"menu_order":0,"comment_status":"closed","ping_status":"closed","template":"page-templates\/page-we.php","meta":{"_acf_changed":false,"footnotes":""},"class_list":["post-9001","page","type-page","status-publish","hentry"],"acf":[],"yoast_head":"<!-- This site is optimized with the Yoast SEO plugin v27.0 - https:\/\/yoast.com\/product\/yoast-seo-wordpress\/ -->\n<title>Diversity and Integrity - Payet, Rey, Cauvi, P\u00e9rez<\/title>\n<meta name=\"robots\" content=\"index, follow, max-snippet:-1, max-image-preview:large, max-video-preview:-1\" \/>\n<link rel=\"canonical\" href=\"https:\/\/prcp.com.pe\/en\/about-us\/diversity\/\" \/>\n<meta property=\"og:locale\" content=\"en_US\" \/>\n<meta property=\"og:type\" content=\"article\" \/>\n<meta property=\"og:title\" content=\"Diversity and Integrity - Payet, Rey, Cauvi, P\u00e9rez\" \/>\n<meta property=\"og:description\" content=\"[vc_row][vc_column][vc_column_text css=&#8221;&#8221;][\/vc_column_text][\/vc_column][\/vc_row]\" \/>\n<meta property=\"og:url\" content=\"https:\/\/prcp.com.pe\/en\/about-us\/diversity\/\" \/>\n<meta property=\"og:site_name\" content=\"Payet, Rey, Cauvi, P\u00e9rez\" \/>\n<meta property=\"article:publisher\" content=\"https:\/\/www.facebook.com\/prcpabogados\/\" \/>\n<meta property=\"article:modified_time\" content=\"2026-03-31T16:43:13+00:00\" \/>\n<meta property=\"og:image\" content=\"https:\/\/prcp.com.pe\/wp-content\/uploads\/2026\/03\/DIVERSIDAD-WEB-2-eng-scaled.jpg\" \/>\n\t<meta property=\"og:image:width\" content=\"1172\" \/>\n\t<meta property=\"og:image:height\" content=\"2560\" \/>\n\t<meta property=\"og:image:type\" content=\"image\/jpeg\" \/>\n<meta name=\"twitter:card\" content=\"summary_large_image\" \/>\n<meta name=\"twitter:label1\" content=\"Est. reading time\" \/>\n\t<meta name=\"twitter:data1\" content=\"1 minute\" \/>\n<script type=\"application\/ld+json\" class=\"yoast-schema-graph\">{\"@context\":\"https:\/\/schema.org\",\"@graph\":[{\"@type\":\"WebPage\",\"@id\":\"https:\/\/prcp.com.pe\/en\/about-us\/diversity\/\",\"url\":\"https:\/\/prcp.com.pe\/en\/about-us\/diversity\/\",\"name\":\"Diversity and Integrity - Payet, Rey, Cauvi, P\u00e9rez\",\"isPartOf\":{\"@id\":\"https:\/\/prcp.com.pe\/en\/#website\"},\"primaryImageOfPage\":{\"@id\":\"https:\/\/prcp.com.pe\/en\/about-us\/diversity\/#primaryimage\"},\"image\":{\"@id\":\"https:\/\/prcp.com.pe\/en\/about-us\/diversity\/#primaryimage\"},\"thumbnailUrl\":\"https:\/\/prcp.com.pe\/wp-content\/uploads\/2026\/03\/DIVERSIDAD-WEB-2-eng-scaled.jpg\",\"datePublished\":\"2018-11-21T18:16:24+00:00\",\"dateModified\":\"2026-03-31T16:43:13+00:00\",\"breadcrumb\":{\"@id\":\"https:\/\/prcp.com.pe\/en\/about-us\/diversity\/#breadcrumb\"},\"inLanguage\":\"en-US\",\"potentialAction\":[{\"@type\":\"ReadAction\",\"target\":[\"https:\/\/prcp.com.pe\/en\/about-us\/diversity\/\"]}]},{\"@type\":\"ImageObject\",\"inLanguage\":\"en-US\",\"@id\":\"https:\/\/prcp.com.pe\/en\/about-us\/diversity\/#primaryimage\",\"url\":\"https:\/\/prcp.com.pe\/wp-content\/uploads\/2026\/03\/DIVERSIDAD-WEB-2-eng-scaled.jpg\",\"contentUrl\":\"https:\/\/prcp.com.pe\/wp-content\/uploads\/2026\/03\/DIVERSIDAD-WEB-2-eng-scaled.jpg\"},{\"@type\":\"BreadcrumbList\",\"@id\":\"https:\/\/prcp.com.pe\/en\/about-us\/diversity\/#breadcrumb\",\"itemListElement\":[{\"@type\":\"ListItem\",\"position\":1,\"name\":\"Portada\",\"item\":\"https:\/\/prcp.com.pe\/en\/\"},{\"@type\":\"ListItem\",\"position\":2,\"name\":\"About Us\",\"item\":\"https:\/\/prcp.com.pe\/en\/nosotros\/\"},{\"@type\":\"ListItem\",\"position\":3,\"name\":\"Diversity and Integrity\"}]},{\"@type\":\"WebSite\",\"@id\":\"https:\/\/prcp.com.pe\/en\/#website\",\"url\":\"https:\/\/prcp.com.pe\/en\/\",\"name\":\"Payet, Rey, Cauvi, P\u00e9rez\",\"description\":\"Payet, Rey, Cauvi, P\u00e9rez Abogados es uno de los estudios jur\u00eddicos l\u00edderes en el Per\u00fa, de reconocida experiencia y con una amplia trayectoria.\",\"publisher\":{\"@id\":\"https:\/\/prcp.com.pe\/en\/#organization\"},\"potentialAction\":[{\"@type\":\"SearchAction\",\"target\":{\"@type\":\"EntryPoint\",\"urlTemplate\":\"https:\/\/prcp.com.pe\/en\/?s={search_term_string}\"},\"query-input\":{\"@type\":\"PropertyValueSpecification\",\"valueRequired\":true,\"valueName\":\"search_term_string\"}}],\"inLanguage\":\"en-US\"},{\"@type\":\"Organization\",\"@id\":\"https:\/\/prcp.com.pe\/en\/#organization\",\"name\":\"Payet, Rey, Cauvi, P\u00e9rez Abogados\",\"url\":\"https:\/\/prcp.com.pe\/en\/\",\"logo\":{\"@type\":\"ImageObject\",\"inLanguage\":\"en-US\",\"@id\":\"https:\/\/prcp.com.pe\/en\/#\/schema\/logo\/image\/\",\"url\":\"https:\/\/prcp.com.pe\/wp-content\/uploads\/2018\/11\/logo-2.jpg\",\"contentUrl\":\"https:\/\/prcp.com.pe\/wp-content\/uploads\/2018\/11\/logo-2.jpg\",\"width\":459,\"height\":471,\"caption\":\"Payet, Rey, Cauvi, P\u00e9rez Abogados\"},\"image\":{\"@id\":\"https:\/\/prcp.com.pe\/en\/#\/schema\/logo\/image\/\"},\"sameAs\":[\"https:\/\/www.facebook.com\/prcpabogados\/\",\"https:\/\/www.linkedin.com\/company\/prc\/\",\"https:\/\/www.youtube.com\/channel\/UCbXFuuBk4-B26fdfYft3Oag\"]}]}<\/script>\n<!-- \/ Yoast SEO plugin. -->","yoast_head_json":{"title":"Diversity and Integrity - Payet, Rey, Cauvi, P\u00e9rez","robots":{"index":"index","follow":"follow","max-snippet":"max-snippet:-1","max-image-preview":"max-image-preview:large","max-video-preview":"max-video-preview:-1"},"canonical":"https:\/\/prcp.com.pe\/en\/about-us\/diversity\/","og_locale":"en_US","og_type":"article","og_title":"Diversity and Integrity - Payet, Rey, Cauvi, P\u00e9rez","og_description":"[vc_row][vc_column][vc_column_text css=&#8221;&#8221;][\/vc_column_text][\/vc_column][\/vc_row]","og_url":"https:\/\/prcp.com.pe\/en\/about-us\/diversity\/","og_site_name":"Payet, Rey, Cauvi, P\u00e9rez","article_publisher":"https:\/\/www.facebook.com\/prcpabogados\/","article_modified_time":"2026-03-31T16:43:13+00:00","og_image":[{"width":1172,"height":2560,"url":"https:\/\/prcp.com.pe\/wp-content\/uploads\/2026\/03\/DIVERSIDAD-WEB-2-eng-scaled.jpg","type":"image\/jpeg"}],"twitter_card":"summary_large_image","twitter_misc":{"Est. reading time":"1 minute"},"schema":{"@context":"https:\/\/schema.org","@graph":[{"@type":"WebPage","@id":"https:\/\/prcp.com.pe\/en\/about-us\/diversity\/","url":"https:\/\/prcp.com.pe\/en\/about-us\/diversity\/","name":"Diversity and Integrity - Payet, Rey, Cauvi, P\u00e9rez","isPartOf":{"@id":"https:\/\/prcp.com.pe\/en\/#website"},"primaryImageOfPage":{"@id":"https:\/\/prcp.com.pe\/en\/about-us\/diversity\/#primaryimage"},"image":{"@id":"https:\/\/prcp.com.pe\/en\/about-us\/diversity\/#primaryimage"},"thumbnailUrl":"https:\/\/prcp.com.pe\/wp-content\/uploads\/2026\/03\/DIVERSIDAD-WEB-2-eng-scaled.jpg","datePublished":"2018-11-21T18:16:24+00:00","dateModified":"2026-03-31T16:43:13+00:00","breadcrumb":{"@id":"https:\/\/prcp.com.pe\/en\/about-us\/diversity\/#breadcrumb"},"inLanguage":"en-US","potentialAction":[{"@type":"ReadAction","target":["https:\/\/prcp.com.pe\/en\/about-us\/diversity\/"]}]},{"@type":"ImageObject","inLanguage":"en-US","@id":"https:\/\/prcp.com.pe\/en\/about-us\/diversity\/#primaryimage","url":"https:\/\/prcp.com.pe\/wp-content\/uploads\/2026\/03\/DIVERSIDAD-WEB-2-eng-scaled.jpg","contentUrl":"https:\/\/prcp.com.pe\/wp-content\/uploads\/2026\/03\/DIVERSIDAD-WEB-2-eng-scaled.jpg"},{"@type":"BreadcrumbList","@id":"https:\/\/prcp.com.pe\/en\/about-us\/diversity\/#breadcrumb","itemListElement":[{"@type":"ListItem","position":1,"name":"Portada","item":"https:\/\/prcp.com.pe\/en\/"},{"@type":"ListItem","position":2,"name":"About Us","item":"https:\/\/prcp.com.pe\/en\/nosotros\/"},{"@type":"ListItem","position":3,"name":"Diversity and Integrity"}]},{"@type":"WebSite","@id":"https:\/\/prcp.com.pe\/en\/#website","url":"https:\/\/prcp.com.pe\/en\/","name":"Payet, Rey, Cauvi, P\u00e9rez","description":"Payet, Rey, Cauvi, P\u00e9rez Abogados es uno de los estudios jur\u00eddicos l\u00edderes en el Per\u00fa, de reconocida experiencia y con una amplia trayectoria.","publisher":{"@id":"https:\/\/prcp.com.pe\/en\/#organization"},"potentialAction":[{"@type":"SearchAction","target":{"@type":"EntryPoint","urlTemplate":"https:\/\/prcp.com.pe\/en\/?s={search_term_string}"},"query-input":{"@type":"PropertyValueSpecification","valueRequired":true,"valueName":"search_term_string"}}],"inLanguage":"en-US"},{"@type":"Organization","@id":"https:\/\/prcp.com.pe\/en\/#organization","name":"Payet, Rey, Cauvi, P\u00e9rez Abogados","url":"https:\/\/prcp.com.pe\/en\/","logo":{"@type":"ImageObject","inLanguage":"en-US","@id":"https:\/\/prcp.com.pe\/en\/#\/schema\/logo\/image\/","url":"https:\/\/prcp.com.pe\/wp-content\/uploads\/2018\/11\/logo-2.jpg","contentUrl":"https:\/\/prcp.com.pe\/wp-content\/uploads\/2018\/11\/logo-2.jpg","width":459,"height":471,"caption":"Payet, Rey, Cauvi, P\u00e9rez Abogados"},"image":{"@id":"https:\/\/prcp.com.pe\/en\/#\/schema\/logo\/image\/"},"sameAs":["https:\/\/www.facebook.com\/prcpabogados\/","https:\/\/www.linkedin.com\/company\/prc\/","https:\/\/www.youtube.com\/channel\/UCbXFuuBk4-B26fdfYft3Oag"]}]}},"_links":{"self":[{"href":"https:\/\/prcp.com.pe\/en\/wp-json\/wp\/v2\/pages\/9001","targetHints":{"allow":["GET"]}}],"collection":[{"href":"https:\/\/prcp.com.pe\/en\/wp-json\/wp\/v2\/pages"}],"about":[{"href":"https:\/\/prcp.com.pe\/en\/wp-json\/wp\/v2\/types\/page"}],"author":[{"embeddable":true,"href":"https:\/\/prcp.com.pe\/en\/wp-json\/wp\/v2\/users\/3"}],"replies":[{"embeddable":true,"href":"https:\/\/prcp.com.pe\/en\/wp-json\/wp\/v2\/comments?post=9001"}],"version-history":[{"count":3,"href":"https:\/\/prcp.com.pe\/en\/wp-json\/wp\/v2\/pages\/9001\/revisions"}],"predecessor-version":[{"id":78480,"href":"https:\/\/prcp.com.pe\/en\/wp-json\/wp\/v2\/pages\/9001\/revisions\/78480"}],"up":[{"embeddable":true,"href":"https:\/\/prcp.com.pe\/en\/wp-json\/wp\/v2\/pages\/7531"}],"wp:attachment":[{"href":"https:\/\/prcp.com.pe\/en\/wp-json\/wp\/v2\/media?parent=9001"}],"curies":[{"name":"wp","href":"https:\/\/api.w.org\/{rel}","templated":true}]}}