{"id":8990,"date":"2018-11-21T12:44:02","date_gmt":"2018-11-21T17:44:02","guid":{"rendered":"https:\/\/prcp.com.pe\/practice\/derecho-administrativo\/"},"modified":"2025-11-13T15:49:53","modified_gmt":"2025-11-13T20:49:53","slug":"public-law","status":"publish","type":"page","link":"https:\/\/prcp.com.pe\/en\/services\/public-law\/","title":{"rendered":"Public Law and Regulation"},"content":{"rendered":"<div class=\"wpb-content-wrapper\"><p>[vc_row][vc_column][vc_row_inner][vc_column_inner width=&#8221;2\/3&#8243;][lab_heading title_tag=&#8221;H1&#8243; title=&#8221;Public Law and Regulation&#8221; el_class=&#8221;no-relleno&#8221;][\/lab_heading][vc_column_text]<\/p>\n<p style=\"text-align: justify;\">PRCP advises our clients on all aspects related to obtaining authorizations, permits, municipal licenses and other enabling titles required to carry out economic activities in various sectors. Our firm\u2019s practice is also focused on the regulation of network industries, public services, and infrastructure concessions, including areas such as ports, airports, rail transportation, natural gas distribution, telecommunications, and electricity, among others.<\/p>\n<p style=\"text-align: justify;\">We integrate our knowledge in administrative law, administrative litigation, constitutional litigation, and the elimination of bureaucratic barriers, among others, to manage and advance stalled investment projects at different levels of government.<\/p>\n<p style=\"text-align: justify;\">We specialize in managing relationships with regulatory bodies, public entities and third parties, specifically in assignments related to the diagnosis of regulatory compliance, the preparation and execution of concessions, supply, access and interconnection contracts, the review and challenging of mandates and resolution acts, evaluation of tariff setting procedures and accompanying in sanctioning procedures, controversies commercial disputes.<\/p>\n<p style=\"text-align: justify;\">Additionally, our firm\u2019s attorneys regularly advise our clients on matters related to the contracting of goods and services by the State and the execution of projects under the Public Works for Taxes regime, in all stages of the related procedures.<\/p>\n<p>[\/vc_column_text][\/vc_column_inner][vc_column_inner width=&#8221;1\/3&#8243;][vc_column_text css=&#8221;&#8221;]<img loading=\"lazy\" decoding=\"async\" class=\"alignnone wp-image-77843 size-full\" src=\"https:\/\/prcp.com.pe\/wp-content\/uploads\/2025\/09\/administrativo213.png\" alt=\"\" width=\"420\" height=\"698\" srcset=\"https:\/\/prcp.com.pe\/wp-content\/uploads\/2025\/09\/administrativo213.png 420w, https:\/\/prcp.com.pe\/wp-content\/uploads\/2025\/09\/administrativo213-181x300.png 181w\" sizes=\"auto, (max-width: 420px) 100vw, 420px\" \/>[\/vc_column_text][vc_column_text css=&#8221;&#8221; el_class=&#8221;quote&#8221;]<\/p>\n<blockquote><p>&#8220;They provide detailed and impeccable responses. The team is solid, knowledgeable, business-minded, and quickly understands our concerns.\u201d\u00a0<!-- notionvc: 076c5206-3918-4101-ae3e-0a14f2f55cfd --><\/p><\/blockquote>\n<p style=\"text-align: right;\"><strong>Chambers Latin America 2026<\/strong><\/p>\n<p>[\/vc_column_text][\/vc_column_inner][\/vc_row_inner][vc_row_inner][vc_column_inner][lab_heading title_tag=&#8221;H3&#8243; title=&#8221;Contacts&#8221;][\/lab_heading][\/vc_column_inner][\/vc_row_inner][vc_row_inner el_class=&#8221;contactos&#8221;][vc_column_inner width=&#8221;1\/6&#8243;][vc_single_image image=&#8221;16751&#8243; img_size=&#8221;full&#8221; onclick=&#8221;custom_link&#8221; img_link_target=&#8221;_blank&#8221; link=&#8221;https:\/\/prcp.com.pe\/en\/partners\/soto-gerardo\/&#8221; el_class=&#8221;image_people&#8221;][vc_custom_heading text=&#8221;Gerardo Soto&#8221; font_container=&#8221;tag:h3|font_size:13px|text_align:center&#8221; use_theme_fonts=&#8221;yes&#8221; link=&#8221;url:https%3A%2F%2Fprcp.com.pe%2Fen%2Fpartners%2Fsoto-gerardo%2F||target:%20_blank|&#8221; el_class=&#8221;image_people&#8221;][\/vc_column_inner][vc_column_inner width=&#8221;1\/6&#8243;][vc_single_image image=&#8221;74105&#8243; img_size=&#8221;full&#8221; onclick=&#8221;custom_link&#8221; img_link_target=&#8221;_blank&#8221; css=&#8221;.vc_custom_1695650331759{margin-bottom: 10px !important;padding-bottom: 0px !important;}&#8221; link=&#8221;https:\/\/prcp.com.pe\/socios\/lazarte-jorge\/&#8221; el_class=&#8221;image_people&#8221;][vc_custom_heading text=&#8221;Jorge Lazarte&#8221; font_container=&#8221;tag:h3|font_size:13px|text_align:center&#8221; use_theme_fonts=&#8221;yes&#8221; link=&#8221;url:https%3A%2F%2Fprcp.com.pe%2Fsocios%2Flazarte-jorge%2F|target:_blank&#8221;][\/vc_column_inner][vc_column_inner width=&#8221;1\/6&#8243;][vc_single_image image=&#8221;7129&#8243; img_size=&#8221;full&#8221; onclick=&#8221;custom_link&#8221; img_link_target=&#8221;_blank&#8221; css=&#8221;.vc_custom_1649174180020{margin-bottom: 10px !important;padding-bottom: 0px !important;}&#8221; link=&#8221;https:\/\/prcp.com.pe\/en\/principal_associates\/aramburu-michelle\/&#8221; el_class=&#8221;image_people&#8221;][vc_custom_heading text=&#8221;Michelle Arambur\u00fa&#8221; font_container=&#8221;tag:h3|font_size:12px|text_align:center&#8221; use_theme_fonts=&#8221;yes&#8221; link=&#8221;url:https%3A%2F%2Fprcp.com.pe%2Fen%2Fprincipal_associates%2Faramburu-michelle%2F|target:_blank&#8221;][\/vc_column_inner][vc_column_inner width=&#8221;1\/6&#8243;][vc_single_image image=&#8221;9284&#8243; img_size=&#8221;full&#8221; onclick=&#8221;custom_link&#8221; img_link_target=&#8221;_blank&#8221; css=&#8221;.vc_custom_1763066964185{margin-bottom: 10px !important;padding-bottom: 0px !important;}&#8221; link=&#8221;https:\/\/prcp.com.pe\/senior-expert\/baldeon-carlos\/&#8221; el_class=&#8221;image_people&#8221;][vc_custom_heading text=&#8221;Carlos Balde\u00f3n&#8221; font_container=&#8221;tag:h3|font_size:13px|text_align:center&#8221; use_theme_fonts=&#8221;yes&#8221; css=&#8221;&#8221; link=&#8221;url:https%3A%2F%2Fprcp.com.pe%2Fsenior-expert%2Fbaldeon-carlos%2F|target:_blank&#8221;][\/vc_column_inner][vc_column_inner width=&#8221;1\/6&#8243;][vc_single_image image=&#8221;77429&#8243; img_size=&#8221;full&#8221; onclick=&#8221;custom_link&#8221; img_link_target=&#8221;_blank&#8221; css=&#8221;.vc_custom_1752617275338{margin-bottom: 10px !important;padding-bottom: 0px !important;}&#8221; link=&#8221;https:\/\/prcp.com.pe\/en\/associate\/gamarra-sebastian\/&#8221; el_class=&#8221;image_people&#8221;][vc_custom_heading text=&#8221;Sebastian Gamarra&#8221; font_container=&#8221;tag:h3|font_size:13px|text_align:center&#8221; use_theme_fonts=&#8221;yes&#8221; css=&#8221;&#8221; link=&#8221;url:https%3A%2F%2Fprcp.com.pe%2Fen%2Fassociate%2Fgamarra-sebastian%2F|target:_blank&#8221;][\/vc_column_inner][\/vc_row_inner][vc_row_inner el_class=&#8221;contactos&#8221;][vc_column_inner width=&#8221;1\/6&#8243;][\/vc_column_inner][vc_column_inner width=&#8221;1\/6&#8243;][\/vc_column_inner][vc_column_inner width=&#8221;1\/6&#8243;][\/vc_column_inner][vc_column_inner width=&#8221;1\/6&#8243;][\/vc_column_inner][\/vc_row_inner][\/vc_column][\/vc_row][vc_column_inner width=&#8221;1\/6&#8243;][\/vc_column_inner][vc_row css=&#8221;.vc_custom_1541551259246{margin-top: 40px !important;}&#8221;][vc_column][vc_column_text]<div class=\"section-title\"><h3>Latest news<\/h3><\/div><div id=\"boxes\"><div class=\"ultimas-noticias\"><a class=\"thumbnail-img\" href=\"https:\/\/blog.prcp.com.pe\/ambiental\/guia-reglamento-de-proteccion-ambiental-para-el-sector-transportes\/\" target=\"_blank\"><div class=\"news-image-style\" style=\"background-image:url(https:\/\/blog.prcp.com.pe\/wp-content\/uploads\/2026\/04\/ISTOCK-EDITADA-1024x720.jpg);\"><\/div><\/a><p class=\"date-text section-title\">09\/04\/2026<\/p><h5>Gu\u00eda &#8211; Reglamento de Protecci\u00f3n Ambiental para el Sector Transportes<\/h5><a class=\"boton-arti read-more-btn\" href=\"https:\/\/blog.prcp.com.pe\/ambiental\/guia-reglamento-de-proteccion-ambiental-para-el-sector-transportes\/\" target=\"_blank\">Read more<\/a><\/div><div class=\"ultimas-noticias\"><a class=\"thumbnail-img\" href=\"https:\/\/blog.prcp.com.pe\/ambiental\/vanessa-chavarry-escribio-para-energiminas-planes-de-cierre-bajo-la-lupa-sanciones-del-oefa\/\" target=\"_blank\"><div class=\"news-image-style\" style=\"background-image:url(https:\/\/blog.prcp.com.pe\/wp-content\/uploads\/2026\/04\/stone-quarry-indonesia-large-equipment-such-as-bulldozers-dump-trucks-are-working-site2-1024x690.jpg);\"><\/div><\/a><p class=\"date-text section-title\">07\/04\/2026<\/p><h5>Vanessa Ch\u00e1varry escribi\u00f3 para Energiminas: \u00abPlanes de cierre bajo la lupa: sanciones del OEFA\u00bb<\/h5><a class=\"boton-arti read-more-btn\" href=\"https:\/\/blog.prcp.com.pe\/ambiental\/vanessa-chavarry-escribio-para-energiminas-planes-de-cierre-bajo-la-lupa-sanciones-del-oefa\/\" target=\"_blank\">Read more<\/a><\/div><div class=\"ultimas-noticias\"><a class=\"thumbnail-img\" href=\"https:\/\/blog.prcp.com.pe\/ambiental\/video-iv-taller-de-verano-escuela-verde-prcp\/\" target=\"_blank\"><div class=\"news-image-style\" style=\"background-image:url(https:\/\/blog.prcp.com.pe\/wp-content\/uploads\/2026\/03\/Mesa-de-trabajo-6-copia-20@2x-1024x1024.png);\"><\/div><\/a><p class=\"date-text section-title\">30\/03\/2026<\/p><h5>Video: IV Taller de Verano Escuela Verde PRCP<\/h5><a class=\"boton-arti read-more-btn\" href=\"https:\/\/blog.prcp.com.pe\/ambiental\/video-iv-taller-de-verano-escuela-verde-prcp\/\" target=\"_blank\">Read more<\/a><\/div><div class=\"ultimas-noticias\"><a class=\"thumbnail-img\" href=\"https:\/\/blog.prcp.com.pe\/ambiental\/lexambientl-aprueban-nueva-metodologia-para-el-calculo-de-multas-del-oefa\/\" target=\"_blank\"><div class=\"news-image-style\" style=\"background-image:url(https:\/\/blog.prcp.com.pe\/wp-content\/uploads\/2026\/03\/iStock-1762873089.jpg);\"><\/div><\/a><p class=\"date-text section-title\">27\/03\/2026<\/p><h5>Lexambient@l &#8211; Aprueban Nueva Metodolog\u00eda para el C\u00e1lculo de Multas del OEFA<\/h5><a class=\"boton-arti read-more-btn\" href=\"https:\/\/blog.prcp.com.pe\/ambiental\/lexambientl-aprueban-nueva-metodologia-para-el-calculo-de-multas-del-oefa\/\" target=\"_blank\">Read more<\/a><\/div><div class=\"ultimas-noticias\"><a class=\"thumbnail-img\" href=\"https:\/\/blog.prcp.com.pe\/ambiental\/lexambientl-oefa-deja-sin-efecto-el-sinada-y-crea-el-servicio-nacional-de-denuncias-ambientales\/\" target=\"_blank\"><div class=\"news-image-style\" style=\"background-image:url(https:\/\/blog.prcp.com.pe\/wp-content\/uploads\/2026\/01\/iStock-1768285346-1024x613.jpg);\"><\/div><\/a><p class=\"date-text section-title\">16\/03\/2026<\/p><h5>Lexambient@l &#8211; OEFA deja sin efecto el SINADA y crea el Servicio Nacional de Denuncias Ambientales<\/h5><a class=\"boton-arti read-more-btn\" href=\"https:\/\/blog.prcp.com.pe\/ambiental\/lexambientl-oefa-deja-sin-efecto-el-sinada-y-crea-el-servicio-nacional-de-denuncias-ambientales\/\" target=\"_blank\">Read more<\/a><\/div><div class=\"ultimas-noticias\"><a class=\"thumbnail-img\" href=\"https:\/\/blog.prcp.com.pe\/ambiental\/lexambientl-aprueban-la-metodologia-para-el-calculo-de-multas-coercitivas-por-incumplimiento-de-medidas-administrativas-emitidas-en-el-marco-del-procedimiento-sancionador-por-afectacion-a-areas-nat\/\" target=\"_blank\"><div class=\"news-image-style\" style=\"background-image:url(https:\/\/blog.prcp.com.pe\/wp-content\/uploads\/2026\/03\/optimied-1024x555.jpg);\"><\/div><\/a><p class=\"date-text section-title\">13\/03\/2026<\/p><h5>Lexambient@l &#8211; Aprueban la Metodolog\u00eda para el c\u00e1lculo de multas coercitivas por incumplimiento de medidas administrativas emitidas en el marco del procedimiento sancionador por afectaci\u00f3n a \u00c1reas Naturales Protegidas<\/h5><a class=\"boton-arti read-more-btn\" href=\"https:\/\/blog.prcp.com.pe\/ambiental\/lexambientl-aprueban-la-metodologia-para-el-calculo-de-multas-coercitivas-por-incumplimiento-de-medidas-administrativas-emitidas-en-el-marco-del-procedimiento-sancionador-por-afectacion-a-areas-nat\/\" target=\"_blank\">Read more<\/a><\/div><a class=\"ver-todas ver-todas btn category-btn\" href=\"https:\/\/blog.prcp.com.pe\/ultimas-publicaciones\/\">See all publications<\/a><\/div>[\/vc_column_text][\/vc_column][\/vc_row]<\/p>\n<\/div>","protected":false},"excerpt":{"rendered":"<p>[vc_row][vc_column][vc_row_inner][vc_column_inner width=&#8221;2\/3&#8243;][lab_heading title_tag=&#8221;H1&#8243; title=&#8221;Public Law and Regulation&#8221; el_class=&#8221;no-relleno&#8221;][\/lab_heading][vc_column_text] PRCP advises our clients on all aspects related to obtaining authorizations, permits, municipal licenses and other enabling titles required to carry out economic activities in various sectors. Our firm\u2019s practice is also focused on the regulation of network industries, public services, and infrastructure concessions, including areas such&hellip;<\/p>\n","protected":false},"author":3,"featured_media":76446,"parent":7263,"menu_order":0,"comment_status":"closed","ping_status":"closed","template":"page-servicio-template.php","meta":{"_acf_changed":false,"footnotes":""},"class_list":["post-8990","page","type-page","status-publish","has-post-thumbnail","hentry"],"acf":[],"yoast_head":"<!-- This site is optimized with the Yoast SEO plugin v27.0 - https:\/\/yoast.com\/product\/yoast-seo-wordpress\/ -->\n<title>Public Law and Regulation - Payet, Rey, Cauvi, P\u00e9rez<\/title>\n<meta name=\"robots\" content=\"index, follow, max-snippet:-1, max-image-preview:large, max-video-preview:-1\" \/>\n<link rel=\"canonical\" href=\"https:\/\/prcp.com.pe\/en\/services\/public-law\/\" \/>\n<meta property=\"og:locale\" content=\"en_US\" \/>\n<meta property=\"og:type\" content=\"article\" \/>\n<meta property=\"og:title\" content=\"Public Law and Regulation - Payet, Rey, Cauvi, P\u00e9rez\" \/>\n<meta property=\"og:description\" content=\"[vc_row][vc_column][vc_row_inner][vc_column_inner width=&#8221;2\/3&#8243;][lab_heading title_tag=&#8221;H1&#8243; title=&#8221;Public Law and Regulation&#8221; el_class=&#8221;no-relleno&#8221;][\/lab_heading][vc_column_text] PRCP advises our clients on all aspects related to obtaining authorizations, permits, municipal licenses and other enabling titles required to carry out economic activities in various sectors. Our firm\u2019s practice is also focused on the regulation of network industries, public services, and infrastructure concessions, including areas such&hellip;\" \/>\n<meta property=\"og:url\" content=\"https:\/\/prcp.com.pe\/en\/services\/public-law\/\" \/>\n<meta property=\"og:site_name\" content=\"Payet, Rey, Cauvi, P\u00e9rez\" \/>\n<meta property=\"article:publisher\" content=\"https:\/\/www.facebook.com\/prcpabogados\/\" \/>\n<meta property=\"article:modified_time\" content=\"2025-11-13T20:49:53+00:00\" \/>\n<meta property=\"og:image\" content=\"https:\/\/prcp.com.pe\/wp-content\/uploads\/2024\/10\/Derecho-Administrativo-y-regulacion.jpg\" \/>\n\t<meta property=\"og:image:width\" content=\"1080\" \/>\n\t<meta property=\"og:image:height\" content=\"720\" \/>\n\t<meta property=\"og:image:type\" content=\"image\/jpeg\" \/>\n<meta name=\"twitter:card\" content=\"summary_large_image\" \/>\n<meta name=\"twitter:label1\" content=\"Est. reading time\" \/>\n\t<meta name=\"twitter:data1\" content=\"3 minutes\" \/>\n<script type=\"application\/ld+json\" class=\"yoast-schema-graph\">{\"@context\":\"https:\/\/schema.org\",\"@graph\":[{\"@type\":\"WebPage\",\"@id\":\"https:\/\/prcp.com.pe\/en\/services\/public-law\/\",\"url\":\"https:\/\/prcp.com.pe\/en\/services\/public-law\/\",\"name\":\"Public Law and Regulation - Payet, Rey, Cauvi, P\u00e9rez\",\"isPartOf\":{\"@id\":\"https:\/\/prcp.com.pe\/en\/#website\"},\"primaryImageOfPage\":{\"@id\":\"https:\/\/prcp.com.pe\/en\/services\/public-law\/#primaryimage\"},\"image\":{\"@id\":\"https:\/\/prcp.com.pe\/en\/services\/public-law\/#primaryimage\"},\"thumbnailUrl\":\"https:\/\/prcp.com.pe\/wp-content\/uploads\/2024\/10\/Derecho-Administrativo-y-regulacion.jpg\",\"datePublished\":\"2018-11-21T17:44:02+00:00\",\"dateModified\":\"2025-11-13T20:49:53+00:00\",\"breadcrumb\":{\"@id\":\"https:\/\/prcp.com.pe\/en\/services\/public-law\/#breadcrumb\"},\"inLanguage\":\"en-US\",\"potentialAction\":[{\"@type\":\"ReadAction\",\"target\":[\"https:\/\/prcp.com.pe\/en\/services\/public-law\/\"]}]},{\"@type\":\"ImageObject\",\"inLanguage\":\"en-US\",\"@id\":\"https:\/\/prcp.com.pe\/en\/services\/public-law\/#primaryimage\",\"url\":\"https:\/\/prcp.com.pe\/wp-content\/uploads\/2024\/10\/Derecho-Administrativo-y-regulacion.jpg\",\"contentUrl\":\"https:\/\/prcp.com.pe\/wp-content\/uploads\/2024\/10\/Derecho-Administrativo-y-regulacion.jpg\",\"width\":1080,\"height\":720},{\"@type\":\"BreadcrumbList\",\"@id\":\"https:\/\/prcp.com.pe\/en\/services\/public-law\/#breadcrumb\",\"itemListElement\":[{\"@type\":\"ListItem\",\"position\":1,\"name\":\"Portada\",\"item\":\"https:\/\/prcp.com.pe\/en\/\"},{\"@type\":\"ListItem\",\"position\":2,\"name\":\"Services\",\"item\":\"https:\/\/prcp.com.pe\/en\/services\/\"},{\"@type\":\"ListItem\",\"position\":3,\"name\":\"Public Law and Regulation\"}]},{\"@type\":\"WebSite\",\"@id\":\"https:\/\/prcp.com.pe\/en\/#website\",\"url\":\"https:\/\/prcp.com.pe\/en\/\",\"name\":\"Payet, Rey, Cauvi, P\u00e9rez\",\"description\":\"Payet, Rey, Cauvi, P\u00e9rez Abogados es uno de los estudios jur\u00eddicos l\u00edderes en el Per\u00fa, de reconocida experiencia y con una amplia trayectoria.\",\"publisher\":{\"@id\":\"https:\/\/prcp.com.pe\/en\/#organization\"},\"potentialAction\":[{\"@type\":\"SearchAction\",\"target\":{\"@type\":\"EntryPoint\",\"urlTemplate\":\"https:\/\/prcp.com.pe\/en\/?s={search_term_string}\"},\"query-input\":{\"@type\":\"PropertyValueSpecification\",\"valueRequired\":true,\"valueName\":\"search_term_string\"}}],\"inLanguage\":\"en-US\"},{\"@type\":\"Organization\",\"@id\":\"https:\/\/prcp.com.pe\/en\/#organization\",\"name\":\"Payet, Rey, Cauvi, P\u00e9rez Abogados\",\"url\":\"https:\/\/prcp.com.pe\/en\/\",\"logo\":{\"@type\":\"ImageObject\",\"inLanguage\":\"en-US\",\"@id\":\"https:\/\/prcp.com.pe\/en\/#\/schema\/logo\/image\/\",\"url\":\"https:\/\/prcp.com.pe\/wp-content\/uploads\/2018\/11\/logo-2.jpg\",\"contentUrl\":\"https:\/\/prcp.com.pe\/wp-content\/uploads\/2018\/11\/logo-2.jpg\",\"width\":459,\"height\":471,\"caption\":\"Payet, Rey, Cauvi, P\u00e9rez Abogados\"},\"image\":{\"@id\":\"https:\/\/prcp.com.pe\/en\/#\/schema\/logo\/image\/\"},\"sameAs\":[\"https:\/\/www.facebook.com\/prcpabogados\/\",\"https:\/\/www.linkedin.com\/company\/prc\/\",\"https:\/\/www.youtube.com\/channel\/UCbXFuuBk4-B26fdfYft3Oag\"]}]}<\/script>\n<!-- \/ Yoast SEO plugin. -->","yoast_head_json":{"title":"Public Law and Regulation - Payet, Rey, Cauvi, P\u00e9rez","robots":{"index":"index","follow":"follow","max-snippet":"max-snippet:-1","max-image-preview":"max-image-preview:large","max-video-preview":"max-video-preview:-1"},"canonical":"https:\/\/prcp.com.pe\/en\/services\/public-law\/","og_locale":"en_US","og_type":"article","og_title":"Public Law and Regulation - Payet, Rey, Cauvi, P\u00e9rez","og_description":"[vc_row][vc_column][vc_row_inner][vc_column_inner width=&#8221;2\/3&#8243;][lab_heading title_tag=&#8221;H1&#8243; title=&#8221;Public Law and Regulation&#8221; el_class=&#8221;no-relleno&#8221;][\/lab_heading][vc_column_text] PRCP advises our clients on all aspects related to obtaining authorizations, permits, municipal licenses and other enabling titles required to carry out economic activities in various sectors. Our firm\u2019s practice is also focused on the regulation of network industries, public services, and infrastructure concessions, including areas such&hellip;","og_url":"https:\/\/prcp.com.pe\/en\/services\/public-law\/","og_site_name":"Payet, Rey, Cauvi, P\u00e9rez","article_publisher":"https:\/\/www.facebook.com\/prcpabogados\/","article_modified_time":"2025-11-13T20:49:53+00:00","og_image":[{"width":1080,"height":720,"url":"https:\/\/prcp.com.pe\/wp-content\/uploads\/2024\/10\/Derecho-Administrativo-y-regulacion.jpg","type":"image\/jpeg"}],"twitter_card":"summary_large_image","twitter_misc":{"Est. reading time":"3 minutes"},"schema":{"@context":"https:\/\/schema.org","@graph":[{"@type":"WebPage","@id":"https:\/\/prcp.com.pe\/en\/services\/public-law\/","url":"https:\/\/prcp.com.pe\/en\/services\/public-law\/","name":"Public Law and Regulation - Payet, Rey, Cauvi, P\u00e9rez","isPartOf":{"@id":"https:\/\/prcp.com.pe\/en\/#website"},"primaryImageOfPage":{"@id":"https:\/\/prcp.com.pe\/en\/services\/public-law\/#primaryimage"},"image":{"@id":"https:\/\/prcp.com.pe\/en\/services\/public-law\/#primaryimage"},"thumbnailUrl":"https:\/\/prcp.com.pe\/wp-content\/uploads\/2024\/10\/Derecho-Administrativo-y-regulacion.jpg","datePublished":"2018-11-21T17:44:02+00:00","dateModified":"2025-11-13T20:49:53+00:00","breadcrumb":{"@id":"https:\/\/prcp.com.pe\/en\/services\/public-law\/#breadcrumb"},"inLanguage":"en-US","potentialAction":[{"@type":"ReadAction","target":["https:\/\/prcp.com.pe\/en\/services\/public-law\/"]}]},{"@type":"ImageObject","inLanguage":"en-US","@id":"https:\/\/prcp.com.pe\/en\/services\/public-law\/#primaryimage","url":"https:\/\/prcp.com.pe\/wp-content\/uploads\/2024\/10\/Derecho-Administrativo-y-regulacion.jpg","contentUrl":"https:\/\/prcp.com.pe\/wp-content\/uploads\/2024\/10\/Derecho-Administrativo-y-regulacion.jpg","width":1080,"height":720},{"@type":"BreadcrumbList","@id":"https:\/\/prcp.com.pe\/en\/services\/public-law\/#breadcrumb","itemListElement":[{"@type":"ListItem","position":1,"name":"Portada","item":"https:\/\/prcp.com.pe\/en\/"},{"@type":"ListItem","position":2,"name":"Services","item":"https:\/\/prcp.com.pe\/en\/services\/"},{"@type":"ListItem","position":3,"name":"Public Law and Regulation"}]},{"@type":"WebSite","@id":"https:\/\/prcp.com.pe\/en\/#website","url":"https:\/\/prcp.com.pe\/en\/","name":"Payet, Rey, Cauvi, P\u00e9rez","description":"Payet, Rey, Cauvi, P\u00e9rez Abogados es uno de los estudios jur\u00eddicos l\u00edderes en el Per\u00fa, de reconocida experiencia y con una amplia trayectoria.","publisher":{"@id":"https:\/\/prcp.com.pe\/en\/#organization"},"potentialAction":[{"@type":"SearchAction","target":{"@type":"EntryPoint","urlTemplate":"https:\/\/prcp.com.pe\/en\/?s={search_term_string}"},"query-input":{"@type":"PropertyValueSpecification","valueRequired":true,"valueName":"search_term_string"}}],"inLanguage":"en-US"},{"@type":"Organization","@id":"https:\/\/prcp.com.pe\/en\/#organization","name":"Payet, Rey, Cauvi, P\u00e9rez Abogados","url":"https:\/\/prcp.com.pe\/en\/","logo":{"@type":"ImageObject","inLanguage":"en-US","@id":"https:\/\/prcp.com.pe\/en\/#\/schema\/logo\/image\/","url":"https:\/\/prcp.com.pe\/wp-content\/uploads\/2018\/11\/logo-2.jpg","contentUrl":"https:\/\/prcp.com.pe\/wp-content\/uploads\/2018\/11\/logo-2.jpg","width":459,"height":471,"caption":"Payet, Rey, Cauvi, P\u00e9rez Abogados"},"image":{"@id":"https:\/\/prcp.com.pe\/en\/#\/schema\/logo\/image\/"},"sameAs":["https:\/\/www.facebook.com\/prcpabogados\/","https:\/\/www.linkedin.com\/company\/prc\/","https:\/\/www.youtube.com\/channel\/UCbXFuuBk4-B26fdfYft3Oag"]}]}},"_links":{"self":[{"href":"https:\/\/prcp.com.pe\/en\/wp-json\/wp\/v2\/pages\/8990","targetHints":{"allow":["GET"]}}],"collection":[{"href":"https:\/\/prcp.com.pe\/en\/wp-json\/wp\/v2\/pages"}],"about":[{"href":"https:\/\/prcp.com.pe\/en\/wp-json\/wp\/v2\/types\/page"}],"author":[{"embeddable":true,"href":"https:\/\/prcp.com.pe\/en\/wp-json\/wp\/v2\/users\/3"}],"replies":[{"embeddable":true,"href":"https:\/\/prcp.com.pe\/en\/wp-json\/wp\/v2\/comments?post=8990"}],"version-history":[{"count":17,"href":"https:\/\/prcp.com.pe\/en\/wp-json\/wp\/v2\/pages\/8990\/revisions"}],"predecessor-version":[{"id":78060,"href":"https:\/\/prcp.com.pe\/en\/wp-json\/wp\/v2\/pages\/8990\/revisions\/78060"}],"up":[{"embeddable":true,"href":"https:\/\/prcp.com.pe\/en\/wp-json\/wp\/v2\/pages\/7263"}],"wp:featuredmedia":[{"embeddable":true,"href":"https:\/\/prcp.com.pe\/en\/wp-json\/wp\/v2\/media\/76446"}],"wp:attachment":[{"href":"https:\/\/prcp.com.pe\/en\/wp-json\/wp\/v2\/media?parent=8990"}],"curies":[{"name":"wp","href":"https:\/\/api.w.org\/{rel}","templated":true}]}}