{"id":8503,"date":"2018-11-14T17:29:35","date_gmt":"2018-11-14T22:29:35","guid":{"rendered":"https:\/\/prcp.com.pe\/social-responsibility\/pro-bono\/"},"modified":"2022-10-11T09:55:19","modified_gmt":"2022-10-11T14:55:19","slug":"pro-bono","status":"publish","type":"page","link":"https:\/\/prcp.com.pe\/en\/esg\/pro-bono\/","title":{"rendered":"Pro Bono"},"content":{"rendered":"<div class=\"wpb-content-wrapper\"><p>[vc_row][vc_column css=&#8221;.vc_custom_1577146240342{padding-top: 20px !important;}&#8221;][vc_column_text el_class=&#8221;justify-text&#8221;]PRCP provides pro bono legal advice to of low-income individuals and communities as well as non-profit associations who engage in activities that benefit society, such as the civil society organization \u201cUn Techo Para Mi Pa\u00eds\u201d, the Telet\u00f3n Foundation and the Board of Trustees for the San Isidro No. 100 Firefighters Company, among others.<\/p>\n<p>We are signatories of the Pro Bono Declaration of the Americas promoted by the Cyrus R. Vance Center for International Justice and we are active members of Alianza Pro Bono Per\u00fa.[\/vc_column_text][vc_row_inner][vc_column_inner width=&#8221;1\/2&#8243;][lab_heading title_tag=&#8221;H3&#8243; title=&#8221;Satipo&#8221; css=&#8221;.vc_custom_1577474604758{margin-bottom: 0px !important;border-bottom-width: 0px !important;}&#8221;][\/lab_heading][vc_single_image image=&#8221;5108&#8243; img_size=&#8221;263&#215;157&#8243;][vc_btn title=&#8221;View Slideshow&#8221; style=&#8221;outline-custom&#8221; outline_custom_color=&#8221;#000000&#8243; outline_custom_hover_background=&#8221;#000000&#8243; outline_custom_hover_text=&#8221;#ffffff&#8221; shape=&#8221;square&#8221; i_align=&#8221;right&#8221; i_icon_fontawesome=&#8221;&#8221; add_icon=&#8221;true&#8221; link=&#8221;url:https%3A%2F%2Fprcp.com.pe%2Fcompromiso-social%2Fpro-bono%2Fsatipo%2F|||&#8221; css=&#8221;.vc_custom_1665500093829{margin-top: -20px !important;}&#8221;][\/vc_column_inner][vc_column_inner width=&#8221;1\/2&#8243;][lab_heading title_tag=&#8221;H3&#8243; title=&#8221;Latin Lawyer Leading Lights&#8221; css=&#8221;.vc_custom_1665500040913{margin-bottom: 0px !important;border-bottom-width: 0px !important;}&#8221;][\/lab_heading][vc_single_image image=&#8221;17663&#8243; img_size=&#8221;263&#215;157&#8243;][vc_btn title=&#8221;View Video&#8221; style=&#8221;outline-custom&#8221; outline_custom_color=&#8221;#000000&#8243; outline_custom_hover_background=&#8221;#000000&#8243; outline_custom_hover_text=&#8221;#ffffff&#8221; shape=&#8221;square&#8221; i_align=&#8221;right&#8221; i_icon_fontawesome=&#8221;&#8221; add_icon=&#8221;true&#8221; link=&#8221;url:https%3A%2F%2Fwww.youtube.com%2Fwatch%3Fv%3Dz_lFDOMHYW4&#8243; css=&#8221;.vc_custom_1665500110816{margin-top: -20px !important;}&#8221;][\/vc_column_inner][\/vc_row_inner][\/vc_column][\/vc_row][vc_row][vc_column width=&#8221;1\/2&#8243; css=&#8221;.vc_custom_1542235320833{margin-top: 20px !important;padding-right: 150px !important;padding-left: 200px !important;}&#8221;][\/vc_column][vc_column width=&#8221;1\/2&#8243;][vc_empty_space height=&#8221;100px&#8221;][\/vc_column][\/vc_row]<\/p>\n<\/div>","protected":false},"excerpt":{"rendered":"<p>[vc_row][vc_column css=&#8221;.vc_custom_1577146240342{padding-top: 20px !important;}&#8221;][vc_column_text el_class=&#8221;justify-text&#8221;]PRCP provides pro bono legal advice to of low-income individuals and communities as well as non-profit associations who engage in activities that benefit society, such as the civil society organization \u201cUn Techo Para Mi Pa\u00eds\u201d, the Telet\u00f3n Foundation and the Board of Trustees for the San Isidro No. 100 Firefighters Company,&hellip;<\/p>\n","protected":false},"author":3,"featured_media":0,"parent":76765,"menu_order":0,"comment_status":"closed","ping_status":"closed","template":"page-templates\/page-compromiso.php","meta":{"_acf_changed":false,"footnotes":""},"class_list":["post-8503","page","type-page","status-publish","hentry"],"acf":[],"yoast_head":"<!-- This site is optimized with the Yoast SEO plugin v27.0 - https:\/\/yoast.com\/product\/yoast-seo-wordpress\/ -->\n<title>Pro Bono - Payet, Rey, Cauvi, P\u00e9rez<\/title>\n<meta name=\"robots\" content=\"index, follow, max-snippet:-1, max-image-preview:large, max-video-preview:-1\" \/>\n<link rel=\"canonical\" href=\"https:\/\/prcp.com.pe\/en\/esg\/pro-bono\/\" \/>\n<meta property=\"og:locale\" content=\"en_US\" \/>\n<meta property=\"og:type\" content=\"article\" \/>\n<meta property=\"og:title\" content=\"Pro Bono - Payet, Rey, Cauvi, P\u00e9rez\" \/>\n<meta property=\"og:description\" content=\"[vc_row][vc_column css=&#8221;.vc_custom_1577146240342{padding-top: 20px !important;}&#8221;][vc_column_text el_class=&#8221;justify-text&#8221;]PRCP provides pro bono legal advice to of low-income individuals and communities as well as non-profit associations who engage in activities that benefit society, such as the civil society organization \u201cUn Techo Para Mi Pa\u00eds\u201d, the Telet\u00f3n Foundation and the Board of Trustees for the San Isidro No. 100 Firefighters Company,&hellip;\" \/>\n<meta property=\"og:url\" content=\"https:\/\/prcp.com.pe\/en\/esg\/pro-bono\/\" \/>\n<meta property=\"og:site_name\" content=\"Payet, Rey, Cauvi, P\u00e9rez\" \/>\n<meta property=\"article:publisher\" content=\"https:\/\/www.facebook.com\/prcpabogados\/\" \/>\n<meta property=\"article:modified_time\" content=\"2022-10-11T14:55:19+00:00\" \/>\n<meta name=\"twitter:card\" content=\"summary_large_image\" \/>\n<meta name=\"twitter:label1\" content=\"Est. reading time\" \/>\n\t<meta name=\"twitter:data1\" content=\"1 minute\" \/>\n<script type=\"application\/ld+json\" class=\"yoast-schema-graph\">{\"@context\":\"https:\/\/schema.org\",\"@graph\":[{\"@type\":\"WebPage\",\"@id\":\"https:\/\/prcp.com.pe\/en\/esg\/pro-bono\/\",\"url\":\"https:\/\/prcp.com.pe\/en\/esg\/pro-bono\/\",\"name\":\"Pro Bono - Payet, Rey, Cauvi, P\u00e9rez\",\"isPartOf\":{\"@id\":\"https:\/\/prcp.com.pe\/en\/#website\"},\"datePublished\":\"2018-11-14T22:29:35+00:00\",\"dateModified\":\"2022-10-11T14:55:19+00:00\",\"breadcrumb\":{\"@id\":\"https:\/\/prcp.com.pe\/en\/esg\/pro-bono\/#breadcrumb\"},\"inLanguage\":\"en-US\",\"potentialAction\":[{\"@type\":\"ReadAction\",\"target\":[\"https:\/\/prcp.com.pe\/en\/esg\/pro-bono\/\"]}]},{\"@type\":\"BreadcrumbList\",\"@id\":\"https:\/\/prcp.com.pe\/en\/esg\/pro-bono\/#breadcrumb\",\"itemListElement\":[{\"@type\":\"ListItem\",\"position\":1,\"name\":\"Portada\",\"item\":\"https:\/\/prcp.com.pe\/en\/\"},{\"@type\":\"ListItem\",\"position\":2,\"name\":\"Social Responsibility\",\"item\":\"https:\/\/prcp.com.pe\/en\/compromiso-social\/\"},{\"@type\":\"ListItem\",\"position\":3,\"name\":\"Pro Bono\"}]},{\"@type\":\"WebSite\",\"@id\":\"https:\/\/prcp.com.pe\/en\/#website\",\"url\":\"https:\/\/prcp.com.pe\/en\/\",\"name\":\"Payet, Rey, Cauvi, P\u00e9rez\",\"description\":\"Payet, Rey, Cauvi, P\u00e9rez Abogados es uno de los estudios jur\u00eddicos l\u00edderes en el Per\u00fa, de reconocida experiencia y con una amplia trayectoria.\",\"publisher\":{\"@id\":\"https:\/\/prcp.com.pe\/en\/#organization\"},\"potentialAction\":[{\"@type\":\"SearchAction\",\"target\":{\"@type\":\"EntryPoint\",\"urlTemplate\":\"https:\/\/prcp.com.pe\/en\/?s={search_term_string}\"},\"query-input\":{\"@type\":\"PropertyValueSpecification\",\"valueRequired\":true,\"valueName\":\"search_term_string\"}}],\"inLanguage\":\"en-US\"},{\"@type\":\"Organization\",\"@id\":\"https:\/\/prcp.com.pe\/en\/#organization\",\"name\":\"Payet, Rey, Cauvi, P\u00e9rez Abogados\",\"url\":\"https:\/\/prcp.com.pe\/en\/\",\"logo\":{\"@type\":\"ImageObject\",\"inLanguage\":\"en-US\",\"@id\":\"https:\/\/prcp.com.pe\/en\/#\/schema\/logo\/image\/\",\"url\":\"https:\/\/prcp.com.pe\/wp-content\/uploads\/2018\/11\/logo-2.jpg\",\"contentUrl\":\"https:\/\/prcp.com.pe\/wp-content\/uploads\/2018\/11\/logo-2.jpg\",\"width\":459,\"height\":471,\"caption\":\"Payet, Rey, Cauvi, P\u00e9rez Abogados\"},\"image\":{\"@id\":\"https:\/\/prcp.com.pe\/en\/#\/schema\/logo\/image\/\"},\"sameAs\":[\"https:\/\/www.facebook.com\/prcpabogados\/\",\"https:\/\/www.linkedin.com\/company\/prc\/\",\"https:\/\/www.youtube.com\/channel\/UCbXFuuBk4-B26fdfYft3Oag\"]}]}<\/script>\n<!-- \/ Yoast SEO plugin. -->","yoast_head_json":{"title":"Pro Bono - Payet, Rey, Cauvi, P\u00e9rez","robots":{"index":"index","follow":"follow","max-snippet":"max-snippet:-1","max-image-preview":"max-image-preview:large","max-video-preview":"max-video-preview:-1"},"canonical":"https:\/\/prcp.com.pe\/en\/esg\/pro-bono\/","og_locale":"en_US","og_type":"article","og_title":"Pro Bono - Payet, Rey, Cauvi, P\u00e9rez","og_description":"[vc_row][vc_column css=&#8221;.vc_custom_1577146240342{padding-top: 20px !important;}&#8221;][vc_column_text el_class=&#8221;justify-text&#8221;]PRCP provides pro bono legal advice to of low-income individuals and communities as well as non-profit associations who engage in activities that benefit society, such as the civil society organization \u201cUn Techo Para Mi Pa\u00eds\u201d, the Telet\u00f3n Foundation and the Board of Trustees for the San Isidro No. 100 Firefighters Company,&hellip;","og_url":"https:\/\/prcp.com.pe\/en\/esg\/pro-bono\/","og_site_name":"Payet, Rey, Cauvi, P\u00e9rez","article_publisher":"https:\/\/www.facebook.com\/prcpabogados\/","article_modified_time":"2022-10-11T14:55:19+00:00","twitter_card":"summary_large_image","twitter_misc":{"Est. reading time":"1 minute"},"schema":{"@context":"https:\/\/schema.org","@graph":[{"@type":"WebPage","@id":"https:\/\/prcp.com.pe\/en\/esg\/pro-bono\/","url":"https:\/\/prcp.com.pe\/en\/esg\/pro-bono\/","name":"Pro Bono - Payet, Rey, Cauvi, P\u00e9rez","isPartOf":{"@id":"https:\/\/prcp.com.pe\/en\/#website"},"datePublished":"2018-11-14T22:29:35+00:00","dateModified":"2022-10-11T14:55:19+00:00","breadcrumb":{"@id":"https:\/\/prcp.com.pe\/en\/esg\/pro-bono\/#breadcrumb"},"inLanguage":"en-US","potentialAction":[{"@type":"ReadAction","target":["https:\/\/prcp.com.pe\/en\/esg\/pro-bono\/"]}]},{"@type":"BreadcrumbList","@id":"https:\/\/prcp.com.pe\/en\/esg\/pro-bono\/#breadcrumb","itemListElement":[{"@type":"ListItem","position":1,"name":"Portada","item":"https:\/\/prcp.com.pe\/en\/"},{"@type":"ListItem","position":2,"name":"Social Responsibility","item":"https:\/\/prcp.com.pe\/en\/compromiso-social\/"},{"@type":"ListItem","position":3,"name":"Pro Bono"}]},{"@type":"WebSite","@id":"https:\/\/prcp.com.pe\/en\/#website","url":"https:\/\/prcp.com.pe\/en\/","name":"Payet, Rey, Cauvi, P\u00e9rez","description":"Payet, Rey, Cauvi, P\u00e9rez Abogados es uno de los estudios jur\u00eddicos l\u00edderes en el Per\u00fa, de reconocida experiencia y con una amplia trayectoria.","publisher":{"@id":"https:\/\/prcp.com.pe\/en\/#organization"},"potentialAction":[{"@type":"SearchAction","target":{"@type":"EntryPoint","urlTemplate":"https:\/\/prcp.com.pe\/en\/?s={search_term_string}"},"query-input":{"@type":"PropertyValueSpecification","valueRequired":true,"valueName":"search_term_string"}}],"inLanguage":"en-US"},{"@type":"Organization","@id":"https:\/\/prcp.com.pe\/en\/#organization","name":"Payet, Rey, Cauvi, P\u00e9rez Abogados","url":"https:\/\/prcp.com.pe\/en\/","logo":{"@type":"ImageObject","inLanguage":"en-US","@id":"https:\/\/prcp.com.pe\/en\/#\/schema\/logo\/image\/","url":"https:\/\/prcp.com.pe\/wp-content\/uploads\/2018\/11\/logo-2.jpg","contentUrl":"https:\/\/prcp.com.pe\/wp-content\/uploads\/2018\/11\/logo-2.jpg","width":459,"height":471,"caption":"Payet, Rey, Cauvi, P\u00e9rez Abogados"},"image":{"@id":"https:\/\/prcp.com.pe\/en\/#\/schema\/logo\/image\/"},"sameAs":["https:\/\/www.facebook.com\/prcpabogados\/","https:\/\/www.linkedin.com\/company\/prc\/","https:\/\/www.youtube.com\/channel\/UCbXFuuBk4-B26fdfYft3Oag"]}]}},"_links":{"self":[{"href":"https:\/\/prcp.com.pe\/en\/wp-json\/wp\/v2\/pages\/8503","targetHints":{"allow":["GET"]}}],"collection":[{"href":"https:\/\/prcp.com.pe\/en\/wp-json\/wp\/v2\/pages"}],"about":[{"href":"https:\/\/prcp.com.pe\/en\/wp-json\/wp\/v2\/types\/page"}],"author":[{"embeddable":true,"href":"https:\/\/prcp.com.pe\/en\/wp-json\/wp\/v2\/users\/3"}],"replies":[{"embeddable":true,"href":"https:\/\/prcp.com.pe\/en\/wp-json\/wp\/v2\/comments?post=8503"}],"version-history":[{"count":0,"href":"https:\/\/prcp.com.pe\/en\/wp-json\/wp\/v2\/pages\/8503\/revisions"}],"up":[{"embeddable":true,"href":"https:\/\/prcp.com.pe\/en\/wp-json\/wp\/v2\/pages\/76765"}],"wp:attachment":[{"href":"https:\/\/prcp.com.pe\/en\/wp-json\/wp\/v2\/media?parent=8503"}],"curies":[{"name":"wp","href":"https:\/\/api.w.org\/{rel}","templated":true}]}}