{"id":8395,"date":"2023-10-01T00:00:13","date_gmt":"2023-10-01T05:00:13","guid":{"rendered":"https:\/\/prcp.com.pe\/practice\/recursos-naturales\/"},"modified":"2025-08-26T17:52:03","modified_gmt":"2025-08-26T22:52:03","slug":"mining","status":"publish","type":"page","link":"https:\/\/prcp.com.pe\/en\/services\/mining\/","title":{"rendered":"Mining"},"content":{"rendered":"<div class=\"wpb-content-wrapper\"><p>[vc_row][vc_column][vc_row_inner][vc_column_inner width=&#8221;2\/3&#8243;][lab_heading title_tag=&#8221;H1&#8243; title=&#8221;Mining&#8221; el_class=&#8221;no-relleno&#8221;][\/lab_heading][vc_column_text]<\/p>\n<p style=\"text-align: justify;\">Payet, Rey, Cauvi, P\u00e9rez Abogados regularly advises both local and foreign mining companies at various stages of development, including exploration, construction, operation, and closure. We have a specialized team in mining regulatory and environmental issues, as well as in the analysis of mining titles and surface rights, which allows us to meet the legal needs of various mining activity holders, including junior mining companies and those involved in large and medium-scale mining. Our team also has extensive experience in negotiating mining transfer agreements, option contracts, joint venture agreements, and other sector-specific contracts.<\/p>\n<p style=\"text-align: justify;\">Our mining team regularly provides legal advice in the processing and obtaining of permits and authorizations, environmental certifications, and any other enabling title necessary for a mining holder to develop their activities. We also have extensive experience in representing clients in administrative sanctioning procedures before OEFA, OSINERGMIN, the Mining Council, ANA, and other relevant authorities in the sector.<\/p>\n<p style=\"text-align: justify;\">We have an expert team in corporate transactions related to the sector, including mergers and acquisitions, financing (both corporate and project financing), and capital markets (both local and cross-border). Our team regularly advises sponsors and mining operators, as well as financial entities, institutional investors, investment funds, and other investors.<\/p>\n<p style=\"text-align: justify;\">Being a full-service firm allows us to meet requirements in other areas relevant to the mining industry, with teams capable of providing specialized advice in mining taxation, regulated products, personnel hiring and compliance with health and occupational safety obligations, regulatory matters relevant to mining (e.g., energy and telecommunications), criminal defense in cases of contamination or workplace accidents, specialized mining litigation, among others.<\/p>\n<p>[\/vc_column_text][\/vc_column_inner][vc_column_inner width=&#8221;1\/3&#8243;][vc_column_text css=&#8221;&#8221;]<img loading=\"lazy\" decoding=\"async\" class=\"wp-image-77720 aligncenter\" src=\"https:\/\/prcp.com.pe\/wp-content\/uploads\/2025\/08\/Recurso-1-112x300.png\" alt=\"\" width=\"143\" height=\"383\" srcset=\"https:\/\/prcp.com.pe\/wp-content\/uploads\/2025\/08\/Recurso-1-112x300.png 112w, https:\/\/prcp.com.pe\/wp-content\/uploads\/2025\/08\/Recurso-1-381x1024.png 381w, https:\/\/prcp.com.pe\/wp-content\/uploads\/2025\/08\/Recurso-1-572x1536.png 572w, https:\/\/prcp.com.pe\/wp-content\/uploads\/2025\/08\/Recurso-1-558x1499.png 558w, https:\/\/prcp.com.pe\/wp-content\/uploads\/2025\/08\/Recurso-1.png 655w\" sizes=\"auto, (max-width: 143px) 100vw, 143px\" \/>[\/vc_column_text][vc_column_text css=&#8221;&#8221; el_class=&#8221;quote&#8221;]<\/p>\n<blockquote><p><em>\u201cThey have solid knowledge of Peruvian mining law and are a group of professionals with broad and diverse experience in different aspects of this field.\u201d\u00a0<\/em><br \/>\n<!-- notionvc: 2a74d21b-1bd5-480d-99cf-b9c15bae7c01 --><\/p><\/blockquote>\n<p style=\"text-align: right;\"><strong>Chambers Latin America 2026<\/strong><!-- notionvc: 32b3b580-67ad-4c0d-8b34-cb31c9920698 --><\/p>\n<p>[\/vc_column_text][\/vc_column_inner][\/vc_row_inner][vc_row_inner][vc_column_inner][lab_heading title_tag=&#8221;H3&#8243; title=&#8221;Contacts&#8221;][\/lab_heading][\/vc_column_inner][\/vc_row_inner][vc_row_inner el_class=&#8221;contactos&#8221;][vc_column_inner width=&#8221;1\/6&#8243;][vc_single_image image=&#8221;36174&#8243; img_size=&#8221;full&#8221; onclick=&#8221;custom_link&#8221; img_link_target=&#8221;_blank&#8221; css=&#8221;.vc_custom_1610665468350{margin-bottom: 10px !important;padding-bottom: 0px !important;}&#8221; link=&#8221;https:\/\/prcp.com.pe\/socios\/cuneo-jose\/&#8221;][vc_custom_heading text=&#8221;Jos\u00e9 C\u00faneo&#8221; font_container=&#8221;tag:h3|font_size:13px|text_align:center&#8221; use_theme_fonts=&#8221;yes&#8221; link=&#8221;url:https%3A%2F%2Fprcp.com.pe%2Fen%2Fpartners%2Fcuneo-jose%2F|target:%20_blank|&#8221;][\/vc_column_inner][vc_column_inner width=&#8221;1\/6&#8243;][vc_single_image image=&#8221;74391&#8243; img_size=&#8221;full&#8221; onclick=&#8221;custom_link&#8221; img_link_target=&#8221;_blank&#8221; css=&#8221;.vc_custom_1696118447428{margin-bottom: 10px !important;padding-bottom: 0px !important;}&#8221; link=&#8221;https:\/\/prcp.com.pe\/en\/partners\/ferreyra-raul\/&#8221;][vc_custom_heading text=&#8221;Ra\u00fal Ferreyra&#8221; font_container=&#8221;tag:h3|font_size:13px|text_align:center&#8221; use_theme_fonts=&#8221;yes&#8221; link=&#8221;url:https%3A%2F%2Fprcp.com.pe%2Fen%2Fpartners%2Fferreyra-raul%2F|target:_blank|&#8221;][\/vc_column_inner][vc_column_inner width=&#8221;1\/6&#8243;][vc_single_image image=&#8221;74282&#8243; img_size=&#8221;full&#8221; onclick=&#8221;custom_link&#8221; img_link_target=&#8221;_blank&#8221; css=&#8221;.vc_custom_1696117921594{margin-bottom: 10px !important;padding-bottom: 0px !important;}&#8221; link=&#8221;https:\/\/prcp.com.pe\/en\/partners\/gonzales-cecilia\/&#8221;][vc_custom_heading text=&#8221;Cecilia Gonz\u00e1les&#8221; font_container=&#8221;tag:h3|font_size:13px|text_align:center&#8221; use_theme_fonts=&#8221;yes&#8221; link=&#8221;url:https%3A%2F%2Fprcp.com.pe%2Fen%2Fpartners%2Fgonzales-cecilia%2F|target:_blank|&#8221;][\/vc_column_inner][vc_column_inner width=&#8221;1\/6&#8243;][vc_single_image image=&#8221;74288&#8243; img_size=&#8221;full&#8221; onclick=&#8221;custom_link&#8221; img_link_target=&#8221;_blank&#8221; css=&#8221;.vc_custom_1696118004972{margin-bottom: 10px !important;padding-bottom: 0px !important;}&#8221; link=&#8221;https:\/\/prcp.com.pe\/en\/counsels\/pautrat-liliana\/&#8221;][vc_custom_heading text=&#8221;Liliana Pautrat&#8221; font_container=&#8221;tag:h3|font_size:13px|text_align:center&#8221; use_theme_fonts=&#8221;yes&#8221; link=&#8221;url:https%3A%2F%2Fprcp.com.pe%2Fen%2Fcounsels%2Fpautrat-liliana%2F|target:_blank|&#8221;][\/vc_column_inner][\/vc_row_inner][vc_row_inner el_class=&#8221;contactos&#8221;][vc_column_inner width=&#8221;1\/6&#8243;][vc_single_image image=&#8221;11340&#8243; img_size=&#8221;full&#8221; onclick=&#8221;custom_link&#8221; img_link_target=&#8221;_blank&#8221; css=&#8221;.vc_custom_1675360254999{margin-bottom: 10px !important;padding-bottom: 0px !important;}&#8221; link=&#8221;https:\/\/prcp.com.pe\/consejeros\/chavez-angel\/&#8221;][vc_custom_heading text=&#8221;\u00c1ngel Ch\u00e1vez&#8221; font_container=&#8221;tag:h3|font_size:13px|text_align:center&#8221; use_theme_fonts=&#8221;yes&#8221; link=&#8221;url:https%3A%2F%2Fprcp.com.pe%2Fen%2Fcounsels%2Fchavez-angel%2F|target:%20_blank|&#8221;][\/vc_column_inner][vc_column_inner width=&#8221;1\/6&#8243;][vc_single_image image=&#8221;6020&#8243; img_size=&#8221;full&#8221; onclick=&#8221;custom_link&#8221; img_link_target=&#8221;_blank&#8221; css=&#8221;.vc_custom_1704216178609{margin-bottom: 10px !important;padding-bottom: 0px !important;}&#8221; link=&#8221;https:\/\/prcp.com.pe\/en\/principal_associates\/fuller-alejandro\/&#8221;][vc_custom_heading text=&#8221;Alejandro Fuller&#8221; font_container=&#8221;tag:h3|font_size:13px|text_align:center&#8221; use_theme_fonts=&#8221;yes&#8221; link=&#8221;url:https%3A%2F%2Fprcp.com.pe%2Fen%2Fprincipal_associates%2Ffuller-alejandro%2F|target:_blank&#8221;][\/vc_column_inner][vc_column_inner width=&#8221;1\/6&#8243;][vc_single_image image=&#8221;74292&#8243; img_size=&#8221;full&#8221; onclick=&#8221;custom_link&#8221; img_link_target=&#8221;_blank&#8221; css=&#8221;.vc_custom_1696117717901{margin-bottom: 10px !important;padding-bottom: 0px !important;}&#8221; link=&#8221;https:\/\/prcp.com.pe\/en\/associates\/gargurevich-patricia\/&#8221;][vc_custom_heading text=&#8221;Patricia Gargurevich&#8221; font_container=&#8221;tag:h3|font_size:13px|text_align:center&#8221; use_theme_fonts=&#8221;yes&#8221; link=&#8221;url:https%3A%2F%2Fprcp.com.pe%2Fen%2Fassociates%2Fgargurevich-patricia%2F|target:_blank|&#8221;][\/vc_column_inner][vc_column_inner width=&#8221;1\/6&#8243;][vc_single_image image=&#8221;37096&#8243; img_size=&#8221;full&#8221; onclick=&#8221;custom_link&#8221; img_link_target=&#8221;_blank&#8221; css=&#8221;.vc_custom_1610666172442{margin-bottom: 10px !important;padding-bottom: 0px !important;}&#8221; link=&#8221;https:\/\/prcp.com.pe\/en\/associates\/pazzara-alexandra\/&#8221;][vc_custom_heading text=&#8221;Alexandra P\u00e1zzara&#8221; font_container=&#8221;tag:h3|font_size:13px|text_align:center&#8221; use_theme_fonts=&#8221;yes&#8221; link=&#8221;url:https%3A%2F%2Fprcp.com.pe%2Fen%2Fassociates%2Fpazzara-alexandra%2F|target:%20_blank|&#8221;][\/vc_column_inner][vc_column_inner width=&#8221;1\/6&#8243;][\/vc_column_inner][vc_column_inner width=&#8221;1\/6&#8243;][\/vc_column_inner][\/vc_row_inner][\/vc_column][\/vc_row][vc_row css=&#8221;.vc_custom_1541551259246{margin-top: 40px !important;}&#8221;][vc_column][vc_column_text]<div class=\"section-title\"><h3>Latest news<\/h3><\/div><div id=\"boxes\"><div class=\"ultimas-noticias\"><a class=\"thumbnail-img\" href=\"https:\/\/blog.prcp.com.pe\/minero\/angel-chavez-participara-en-el-expocobre-2026\/\" target=\"_blank\"><div class=\"news-image-style\" style=\"background-image:url(https:\/\/blog.prcp.com.pe\/wp-content\/uploads\/2026\/04\/piece-gold-table-2-1024x689.jpg);\"><\/div><\/a><p class=\"date-text section-title\">14\/04\/2026<\/p><h5>\u00c1ngel Ch\u00e1vez participar\u00e1 en el \u00abEXPOCOBRE 2026\u00bb<\/h5><a class=\"boton-arti read-more-btn\" href=\"https:\/\/blog.prcp.com.pe\/minero\/angel-chavez-participara-en-el-expocobre-2026\/\">Read more<\/a><\/div><div class=\"ultimas-noticias\"><a class=\"thumbnail-img\" href=\"https:\/\/blog.prcp.com.pe\/minero\/liliana-pautrat-participara-como-docente-en-el-diplomado-especializado-en-derecho-minero\/\" target=\"_blank\"><div class=\"news-image-style\" style=\"background-image:url(https:\/\/blog.prcp.com.pe\/wp-content\/uploads\/2026\/04\/Firefly_Gemini-Flash-1024x682.png);\"><\/div><\/a><p class=\"date-text section-title\">10\/04\/2026<\/p><h5>Liliana Pautrat participar\u00e1 como docente en el \u00abDiplomado especializado en Derecho Minero\u00bb<\/h5><a class=\"boton-arti read-more-btn\" href=\"https:\/\/blog.prcp.com.pe\/minero\/liliana-pautrat-participara-como-docente-en-el-diplomado-especializado-en-derecho-minero\/\">Read more<\/a><\/div><div class=\"ultimas-noticias\"><a class=\"thumbnail-img\" href=\"https:\/\/blog.prcp.com.pe\/minero\/hector-navarro-participara-como-docente-en-el-diplomado-especializado-en-derecho-minero\/\" target=\"_blank\"><div class=\"news-image-style\" style=\"background-image:url(https:\/\/blog.prcp.com.pe\/wp-content\/uploads\/2026\/04\/CORTE-DE-FOTO-PARA-MINIATURA-1-2-1024x664.jpg);\"><\/div><\/a><p class=\"date-text section-title\">10\/04\/2026<\/p><h5>Hector Navarro participar\u00e1 como docente en el \u00abDiplomado Especializado en Derecho Minero\u00bb<\/h5><a class=\"boton-arti read-more-btn\" href=\"https:\/\/blog.prcp.com.pe\/minero\/hector-navarro-participara-como-docente-en-el-diplomado-especializado-en-derecho-minero\/\">Read more<\/a><\/div><div class=\"ultimas-noticias\"><a class=\"thumbnail-img\" href=\"https:\/\/blog.prcp.com.pe\/minero\/lexmil-aprueban-el-plazo-de-presentacion-de-declaracion-anual-consolidada-correspondiente-al-ano-2025\/\" target=\"_blank\"><div class=\"news-image-style\" style=\"background-image:url(https:\/\/blog.prcp.com.pe\/wp-content\/uploads\/2026\/03\/Gemini_Generated_Image_xc0o9exc0o9exc0o_unique-1-1024x573.jpg);\"><\/div><\/a><p class=\"date-text section-title\">30\/03\/2026<\/p><h5>Lexm@il -Aprueban el plazo de presentaci\u00f3n de Declaraci\u00f3n Anual Consolidada correspondiente al a\u00f1o 2025<\/h5><a class=\"boton-arti read-more-btn\" href=\"https:\/\/blog.prcp.com.pe\/minero\/lexmil-aprueban-el-plazo-de-presentacion-de-declaracion-anual-consolidada-correspondiente-al-ano-2025\/\">Read more<\/a><\/div><div class=\"ultimas-noticias\"><a class=\"thumbnail-img\" href=\"https:\/\/blog.prcp.com.pe\/minero\/lexmil-ingemmet-publica-aviso-de-retiro-y-relacion-de-areas-de-libre-denunciabilidad-2\/\" target=\"_blank\"><div class=\"news-image-style\" style=\"background-image:url(https:\/\/blog.prcp.com.pe\/wp-content\/uploads\/2026\/03\/optimezed-1024x581.jpg);\"><\/div><\/a><p class=\"date-text section-title\">30\/03\/2026<\/p><h5>Lexm@il &#8211; INGEMMET publica aviso de retiro y relaci\u00f3n de \u00e1reas de libre denunciabilidad<\/h5><a class=\"boton-arti read-more-btn\" href=\"https:\/\/blog.prcp.com.pe\/minero\/lexmil-ingemmet-publica-aviso-de-retiro-y-relacion-de-areas-de-libre-denunciabilidad-2\/\">Read more<\/a><\/div><div class=\"ultimas-noticias\"><a class=\"thumbnail-img\" href=\"https:\/\/blog.prcp.com.pe\/minero\/angel-chavez-declaro-para-el-comercio-dictamen-busca-acelerar-la-caducidad-de-concesiones-mineras-formales\/\" target=\"_blank\"><div class=\"news-image-style\" style=\"background-image:url(https:\/\/blog.prcp.com.pe\/wp-content\/uploads\/2026\/03\/iStock-1297335380minero-1024x683.jpg);\"><\/div><\/a><p class=\"date-text section-title\">20\/03\/2026<\/p><h5>\u00c1ngel Ch\u00e1vez declar\u00f3 para El Comercio: Dictamen busca acelerar la caducidad de concesiones mineras formales<\/h5><a class=\"boton-arti read-more-btn\" href=\"https:\/\/blog.prcp.com.pe\/minero\/angel-chavez-declaro-para-el-comercio-dictamen-busca-acelerar-la-caducidad-de-concesiones-mineras-formales\/\">Read more<\/a><\/div><a class=\"ver-todas btn category-btn\" href=\"https:\/\/blog.prcp.com.pe\/ultimas-publicaciones\/\">See all the news<\/a><\/div>[\/vc_column_text][\/vc_column][\/vc_row]<\/p>\n<\/div>","protected":false},"excerpt":{"rendered":"<p>[vc_row][vc_column][vc_row_inner][vc_column_inner width=&#8221;2\/3&#8243;][lab_heading title_tag=&#8221;H1&#8243; title=&#8221;Mining&#8221; el_class=&#8221;no-relleno&#8221;][\/lab_heading][vc_column_text] Payet, Rey, Cauvi, P\u00e9rez Abogados regularly advises both local and foreign mining companies at various stages of development, including exploration, construction, operation, and closure. We have a specialized team in mining regulatory and environmental issues, as well as in the analysis of mining titles and surface rights, which allows us&hellip;<\/p>\n","protected":false},"author":3,"featured_media":0,"parent":7263,"menu_order":0,"comment_status":"closed","ping_status":"closed","template":"page-servicio-template.php","meta":{"_acf_changed":false,"footnotes":""},"class_list":["post-8395","page","type-page","status-publish","hentry"],"acf":[],"yoast_head":"<!-- This site is optimized with the Yoast SEO plugin v27.0 - https:\/\/yoast.com\/product\/yoast-seo-wordpress\/ -->\n<title>Mining - Payet, Rey, Cauvi, P\u00e9rez<\/title>\n<meta name=\"robots\" content=\"index, follow, max-snippet:-1, max-image-preview:large, max-video-preview:-1\" \/>\n<link rel=\"canonical\" href=\"https:\/\/prcp.com.pe\/en\/services\/mining\/\" \/>\n<meta property=\"og:locale\" content=\"en_US\" \/>\n<meta property=\"og:type\" content=\"article\" \/>\n<meta property=\"og:title\" content=\"Mining - Payet, Rey, Cauvi, P\u00e9rez\" \/>\n<meta property=\"og:description\" content=\"[vc_row][vc_column][vc_row_inner][vc_column_inner width=&#8221;2\/3&#8243;][lab_heading title_tag=&#8221;H1&#8243; title=&#8221;Mining&#8221; el_class=&#8221;no-relleno&#8221;][\/lab_heading][vc_column_text] Payet, Rey, Cauvi, P\u00e9rez Abogados regularly advises both local and foreign mining companies at various stages of development, including exploration, construction, operation, and closure. We have a specialized team in mining regulatory and environmental issues, as well as in the analysis of mining titles and surface rights, which allows us&hellip;\" \/>\n<meta property=\"og:url\" content=\"https:\/\/prcp.com.pe\/en\/services\/mining\/\" \/>\n<meta property=\"og:site_name\" content=\"Payet, Rey, Cauvi, P\u00e9rez\" \/>\n<meta property=\"article:publisher\" content=\"https:\/\/www.facebook.com\/prcpabogados\/\" \/>\n<meta property=\"article:modified_time\" content=\"2025-08-26T22:52:03+00:00\" \/>\n<meta property=\"og:image\" content=\"https:\/\/prcp.com.pe\/wp-content\/uploads\/2025\/08\/Recurso-1.png\" \/>\n\t<meta property=\"og:image:width\" content=\"655\" \/>\n\t<meta property=\"og:image:height\" content=\"1760\" \/>\n\t<meta property=\"og:image:type\" content=\"image\/png\" \/>\n<meta name=\"twitter:card\" content=\"summary_large_image\" \/>\n<meta name=\"twitter:label1\" content=\"Est. reading time\" \/>\n\t<meta name=\"twitter:data1\" content=\"4 minutes\" \/>\n<script type=\"application\/ld+json\" class=\"yoast-schema-graph\">{\"@context\":\"https:\/\/schema.org\",\"@graph\":[{\"@type\":\"WebPage\",\"@id\":\"https:\/\/prcp.com.pe\/en\/services\/mining\/\",\"url\":\"https:\/\/prcp.com.pe\/en\/services\/mining\/\",\"name\":\"Mining - Payet, Rey, Cauvi, P\u00e9rez\",\"isPartOf\":{\"@id\":\"https:\/\/prcp.com.pe\/en\/#website\"},\"primaryImageOfPage\":{\"@id\":\"https:\/\/prcp.com.pe\/en\/services\/mining\/#primaryimage\"},\"image\":{\"@id\":\"https:\/\/prcp.com.pe\/en\/services\/mining\/#primaryimage\"},\"thumbnailUrl\":\"https:\/\/prcp.com.pe\/wp-content\/uploads\/2025\/08\/Recurso-1-112x300.png\",\"datePublished\":\"2023-10-01T05:00:13+00:00\",\"dateModified\":\"2025-08-26T22:52:03+00:00\",\"breadcrumb\":{\"@id\":\"https:\/\/prcp.com.pe\/en\/services\/mining\/#breadcrumb\"},\"inLanguage\":\"en-US\",\"potentialAction\":[{\"@type\":\"ReadAction\",\"target\":[\"https:\/\/prcp.com.pe\/en\/services\/mining\/\"]}]},{\"@type\":\"ImageObject\",\"inLanguage\":\"en-US\",\"@id\":\"https:\/\/prcp.com.pe\/en\/services\/mining\/#primaryimage\",\"url\":\"https:\/\/prcp.com.pe\/wp-content\/uploads\/2025\/08\/Recurso-1-112x300.png\",\"contentUrl\":\"https:\/\/prcp.com.pe\/wp-content\/uploads\/2025\/08\/Recurso-1-112x300.png\"},{\"@type\":\"BreadcrumbList\",\"@id\":\"https:\/\/prcp.com.pe\/en\/services\/mining\/#breadcrumb\",\"itemListElement\":[{\"@type\":\"ListItem\",\"position\":1,\"name\":\"Portada\",\"item\":\"https:\/\/prcp.com.pe\/en\/\"},{\"@type\":\"ListItem\",\"position\":2,\"name\":\"Services\",\"item\":\"https:\/\/prcp.com.pe\/en\/services\/\"},{\"@type\":\"ListItem\",\"position\":3,\"name\":\"Mining\"}]},{\"@type\":\"WebSite\",\"@id\":\"https:\/\/prcp.com.pe\/en\/#website\",\"url\":\"https:\/\/prcp.com.pe\/en\/\",\"name\":\"Payet, Rey, Cauvi, P\u00e9rez\",\"description\":\"Payet, Rey, Cauvi, P\u00e9rez Abogados es uno de los estudios jur\u00eddicos l\u00edderes en el Per\u00fa, de reconocida experiencia y con una amplia trayectoria.\",\"publisher\":{\"@id\":\"https:\/\/prcp.com.pe\/en\/#organization\"},\"potentialAction\":[{\"@type\":\"SearchAction\",\"target\":{\"@type\":\"EntryPoint\",\"urlTemplate\":\"https:\/\/prcp.com.pe\/en\/?s={search_term_string}\"},\"query-input\":{\"@type\":\"PropertyValueSpecification\",\"valueRequired\":true,\"valueName\":\"search_term_string\"}}],\"inLanguage\":\"en-US\"},{\"@type\":\"Organization\",\"@id\":\"https:\/\/prcp.com.pe\/en\/#organization\",\"name\":\"Payet, Rey, Cauvi, P\u00e9rez Abogados\",\"url\":\"https:\/\/prcp.com.pe\/en\/\",\"logo\":{\"@type\":\"ImageObject\",\"inLanguage\":\"en-US\",\"@id\":\"https:\/\/prcp.com.pe\/en\/#\/schema\/logo\/image\/\",\"url\":\"https:\/\/prcp.com.pe\/wp-content\/uploads\/2018\/11\/logo-2.jpg\",\"contentUrl\":\"https:\/\/prcp.com.pe\/wp-content\/uploads\/2018\/11\/logo-2.jpg\",\"width\":459,\"height\":471,\"caption\":\"Payet, Rey, Cauvi, P\u00e9rez Abogados\"},\"image\":{\"@id\":\"https:\/\/prcp.com.pe\/en\/#\/schema\/logo\/image\/\"},\"sameAs\":[\"https:\/\/www.facebook.com\/prcpabogados\/\",\"https:\/\/www.linkedin.com\/company\/prc\/\",\"https:\/\/www.youtube.com\/channel\/UCbXFuuBk4-B26fdfYft3Oag\"]}]}<\/script>\n<!-- \/ Yoast SEO plugin. -->","yoast_head_json":{"title":"Mining - Payet, Rey, Cauvi, P\u00e9rez","robots":{"index":"index","follow":"follow","max-snippet":"max-snippet:-1","max-image-preview":"max-image-preview:large","max-video-preview":"max-video-preview:-1"},"canonical":"https:\/\/prcp.com.pe\/en\/services\/mining\/","og_locale":"en_US","og_type":"article","og_title":"Mining - Payet, Rey, Cauvi, P\u00e9rez","og_description":"[vc_row][vc_column][vc_row_inner][vc_column_inner width=&#8221;2\/3&#8243;][lab_heading title_tag=&#8221;H1&#8243; title=&#8221;Mining&#8221; el_class=&#8221;no-relleno&#8221;][\/lab_heading][vc_column_text] Payet, Rey, Cauvi, P\u00e9rez Abogados regularly advises both local and foreign mining companies at various stages of development, including exploration, construction, operation, and closure. We have a specialized team in mining regulatory and environmental issues, as well as in the analysis of mining titles and surface rights, which allows us&hellip;","og_url":"https:\/\/prcp.com.pe\/en\/services\/mining\/","og_site_name":"Payet, Rey, Cauvi, P\u00e9rez","article_publisher":"https:\/\/www.facebook.com\/prcpabogados\/","article_modified_time":"2025-08-26T22:52:03+00:00","og_image":[{"width":655,"height":1760,"url":"https:\/\/prcp.com.pe\/wp-content\/uploads\/2025\/08\/Recurso-1.png","type":"image\/png"}],"twitter_card":"summary_large_image","twitter_misc":{"Est. reading time":"4 minutes"},"schema":{"@context":"https:\/\/schema.org","@graph":[{"@type":"WebPage","@id":"https:\/\/prcp.com.pe\/en\/services\/mining\/","url":"https:\/\/prcp.com.pe\/en\/services\/mining\/","name":"Mining - Payet, Rey, Cauvi, P\u00e9rez","isPartOf":{"@id":"https:\/\/prcp.com.pe\/en\/#website"},"primaryImageOfPage":{"@id":"https:\/\/prcp.com.pe\/en\/services\/mining\/#primaryimage"},"image":{"@id":"https:\/\/prcp.com.pe\/en\/services\/mining\/#primaryimage"},"thumbnailUrl":"https:\/\/prcp.com.pe\/wp-content\/uploads\/2025\/08\/Recurso-1-112x300.png","datePublished":"2023-10-01T05:00:13+00:00","dateModified":"2025-08-26T22:52:03+00:00","breadcrumb":{"@id":"https:\/\/prcp.com.pe\/en\/services\/mining\/#breadcrumb"},"inLanguage":"en-US","potentialAction":[{"@type":"ReadAction","target":["https:\/\/prcp.com.pe\/en\/services\/mining\/"]}]},{"@type":"ImageObject","inLanguage":"en-US","@id":"https:\/\/prcp.com.pe\/en\/services\/mining\/#primaryimage","url":"https:\/\/prcp.com.pe\/wp-content\/uploads\/2025\/08\/Recurso-1-112x300.png","contentUrl":"https:\/\/prcp.com.pe\/wp-content\/uploads\/2025\/08\/Recurso-1-112x300.png"},{"@type":"BreadcrumbList","@id":"https:\/\/prcp.com.pe\/en\/services\/mining\/#breadcrumb","itemListElement":[{"@type":"ListItem","position":1,"name":"Portada","item":"https:\/\/prcp.com.pe\/en\/"},{"@type":"ListItem","position":2,"name":"Services","item":"https:\/\/prcp.com.pe\/en\/services\/"},{"@type":"ListItem","position":3,"name":"Mining"}]},{"@type":"WebSite","@id":"https:\/\/prcp.com.pe\/en\/#website","url":"https:\/\/prcp.com.pe\/en\/","name":"Payet, Rey, Cauvi, P\u00e9rez","description":"Payet, Rey, Cauvi, P\u00e9rez Abogados es uno de los estudios jur\u00eddicos l\u00edderes en el Per\u00fa, de reconocida experiencia y con una amplia trayectoria.","publisher":{"@id":"https:\/\/prcp.com.pe\/en\/#organization"},"potentialAction":[{"@type":"SearchAction","target":{"@type":"EntryPoint","urlTemplate":"https:\/\/prcp.com.pe\/en\/?s={search_term_string}"},"query-input":{"@type":"PropertyValueSpecification","valueRequired":true,"valueName":"search_term_string"}}],"inLanguage":"en-US"},{"@type":"Organization","@id":"https:\/\/prcp.com.pe\/en\/#organization","name":"Payet, Rey, Cauvi, P\u00e9rez Abogados","url":"https:\/\/prcp.com.pe\/en\/","logo":{"@type":"ImageObject","inLanguage":"en-US","@id":"https:\/\/prcp.com.pe\/en\/#\/schema\/logo\/image\/","url":"https:\/\/prcp.com.pe\/wp-content\/uploads\/2018\/11\/logo-2.jpg","contentUrl":"https:\/\/prcp.com.pe\/wp-content\/uploads\/2018\/11\/logo-2.jpg","width":459,"height":471,"caption":"Payet, Rey, Cauvi, P\u00e9rez Abogados"},"image":{"@id":"https:\/\/prcp.com.pe\/en\/#\/schema\/logo\/image\/"},"sameAs":["https:\/\/www.facebook.com\/prcpabogados\/","https:\/\/www.linkedin.com\/company\/prc\/","https:\/\/www.youtube.com\/channel\/UCbXFuuBk4-B26fdfYft3Oag"]}]}},"_links":{"self":[{"href":"https:\/\/prcp.com.pe\/en\/wp-json\/wp\/v2\/pages\/8395","targetHints":{"allow":["GET"]}}],"collection":[{"href":"https:\/\/prcp.com.pe\/en\/wp-json\/wp\/v2\/pages"}],"about":[{"href":"https:\/\/prcp.com.pe\/en\/wp-json\/wp\/v2\/types\/page"}],"author":[{"embeddable":true,"href":"https:\/\/prcp.com.pe\/en\/wp-json\/wp\/v2\/users\/3"}],"replies":[{"embeddable":true,"href":"https:\/\/prcp.com.pe\/en\/wp-json\/wp\/v2\/comments?post=8395"}],"version-history":[{"count":19,"href":"https:\/\/prcp.com.pe\/en\/wp-json\/wp\/v2\/pages\/8395\/revisions"}],"predecessor-version":[{"id":77770,"href":"https:\/\/prcp.com.pe\/en\/wp-json\/wp\/v2\/pages\/8395\/revisions\/77770"}],"up":[{"embeddable":true,"href":"https:\/\/prcp.com.pe\/en\/wp-json\/wp\/v2\/pages\/7263"}],"wp:attachment":[{"href":"https:\/\/prcp.com.pe\/en\/wp-json\/wp\/v2\/media?parent=8395"}],"curies":[{"name":"wp","href":"https:\/\/api.w.org\/{rel}","templated":true}]}}