{"id":78165,"date":"2025-12-08T13:00:08","date_gmt":"2025-12-08T18:00:08","guid":{"rendered":"https:\/\/prcp.com.pe\/?page_id=78165"},"modified":"2025-12-23T16:46:03","modified_gmt":"2025-12-23T21:46:03","slug":"insurance-and-reinsurance","status":"publish","type":"page","link":"https:\/\/prcp.com.pe\/en\/services\/insurance-and-reinsurance\/","title":{"rendered":"Insurance and Reinsurance"},"content":{"rendered":"<div class=\"wpb-content-wrapper\"><p>[vc_row][vc_column][vc_row_inner][vc_column_inner width=&#8221;2\/3&#8243;][lab_heading title_tag=&#8221;H1&#8243; title=&#8221;Insurance and Reinsurance&#8221; el_class=&#8221;no-relleno&#8221;][\/lab_heading][vc_column_text css=&#8221;&#8221;]<\/p>\n<p style=\"text-align: justify;\">At PRCP, we have a team of experts with extensive experience and a solid track record in Insurance and Reinsurance, which allows us to offer our clients comprehensive support and specialized advice.<\/p>\n<p style=\"text-align: justify;\">Our experience is based both on our high level of specialization in sector regulation and on a deep understanding of the practical dynamics of the business and the players that make up the insurance system, strategically covering advice on highly complex regulatory and contractual issues, as well as legal and arbitration representation in disputes related to insurance and reinsurance.<\/p>\n<p style=\"text-align: justify;\">We focus on supporting our clients from the outset of their business operations, advising them on compliance with the legal and regulatory obligations specific to their activity, as well as on complex matters related to the management of coverage claims, including legal or arbitration defense in any dispute arising from the insurance contract.<\/p>\n<p style=\"text-align: justify;\">Our services and experience include support in market entry, product design, adaptation, structuring, and approval; management of claims regarding coverage eligibility or any dispute regarding the conclusion, execution, or termination of the insurance or reinsurance contract; regulatory compliance; mergers and acquisitions; registration of companies with the Superintendency of Banking, Insurance, and Pension Fund Administrators; and corporate, tax, and commercial matters, among others.<\/p>\n<p>[\/vc_column_text][\/vc_column_inner][vc_column_inner width=&#8221;1\/3&#8243; css=&#8221;.vc_custom_1577380771585{margin-top: 0px !important;}&#8221;][\/vc_column_inner][\/vc_row_inner][vc_row_inner][vc_column_inner][lab_heading title_tag=&#8221;H3&#8243; title=&#8221;Contacts&#8221;][\/lab_heading][\/vc_column_inner][\/vc_row_inner][vc_row_inner el_class=&#8221;contactos&#8221;][vc_column_inner width=&#8221;1\/6&#8243;][vc_single_image image=&#8221;8446&#8243; img_size=&#8221;full&#8221; onclick=&#8221;custom_link&#8221; img_link_target=&#8221;_blank&#8221; css=&#8221;&#8221; link=&#8221;https:\/\/prcp.com.pe\/en\/partner\/cauvi-juan-jose\/&#8221; el_class=&#8221;image_people&#8221;][vc_custom_heading text=&#8221;Juan Jos\u00e9 Cauvi&#8221; font_container=&#8221;tag:h3|font_size:13px|text_align:center&#8221; use_theme_fonts=&#8221;yes&#8221; css=&#8221;&#8221; link=&#8221;url:https%3A%2F%2Fprcp.com.pe%2Fen%2Fpartner%2Fcauvi-juan-jose%2F&#8221;][\/vc_column_inner][vc_column_inner width=&#8221;1\/6&#8243;][vc_single_image image=&#8221;7048&#8243; img_size=&#8221;full&#8221; onclick=&#8221;custom_link&#8221; img_link_target=&#8221;_blank&#8221; css=&#8221;&#8221; link=&#8221;https:\/\/prcp.com.pe\/socio\/perez-julio-cesar\/&#8221; el_class=&#8221;image_people&#8221;][vc_custom_heading text=&#8221;Julio C\u00e9sar P\u00e9rez&#8221; font_container=&#8221;tag:h3|font_size:13px|text_align:center&#8221; use_theme_fonts=&#8221;yes&#8221; css=&#8221;&#8221; link=&#8221;url:https%3A%2F%2Fprcp.com.pe%2Fsocio%2Fperez-julio-cesar%2F&#8221;][\/vc_column_inner][vc_column_inner width=&#8221;1\/6&#8243;][vc_single_image image=&#8221;35952&#8243; img_size=&#8221;full&#8221; onclick=&#8221;custom_link&#8221; img_link_target=&#8221;_blank&#8221; css=&#8221;&#8221; link=&#8221;https:\/\/prcp.com.pe\/en\/partner\/kuroiwa-david\/&#8221; el_class=&#8221;image_people&#8221;][vc_custom_heading text=&#8221;David Kuroiwa&#8221; font_container=&#8221;tag:h3|font_size:13px|text_align:center&#8221; use_theme_fonts=&#8221;yes&#8221; css=&#8221;&#8221; link=&#8221;url:https%3A%2F%2Fprcp.com.pe%2Fen%2Fpartner%2Fkuroiwa-david%2F&#8221;][\/vc_column_inner][vc_column_inner width=&#8221;1\/6&#8243;][vc_single_image image=&#8221;71305&#8243; img_size=&#8221;full&#8221; onclick=&#8221;custom_link&#8221; img_link_target=&#8221;_blank&#8221; css=&#8221;&#8221; link=&#8221;https:\/\/prcp.com.pe\/socio\/carlin-cesar\/&#8221; el_class=&#8221;image_people&#8221;][vc_custom_heading text=&#8221;C\u00e9sar Carlin&#8221; font_container=&#8221;tag:h3|font_size:13px|text_align:center&#8221; use_theme_fonts=&#8221;yes&#8221; css=&#8221;&#8221; link=&#8221;url:https%3A%2F%2Fprcp.com.pe%2Fsocio%2Fcarlin-cesar%2F&#8221;][\/vc_column_inner][vc_column_inner width=&#8221;1\/6&#8243;][vc_single_image image=&#8221;10744&#8243; img_size=&#8221;full&#8221; onclick=&#8221;custom_link&#8221; img_link_target=&#8221;_blank&#8221; css=&#8221;&#8221; link=&#8221;https:\/\/prcp.com.pe\/asociado\/alarcon-jasmin\/&#8221; el_class=&#8221;image_people&#8221;][vc_custom_heading text=&#8221;Jasm\u00edn Alarc\u00f3n&#8221; font_container=&#8221;tag:h3|font_size:13px|text_align:center&#8221; use_theme_fonts=&#8221;yes&#8221; css=&#8221;&#8221; link=&#8221;url:https%3A%2F%2Fprcp.com.pe%2Fasociado%2Falarcon-jasmin%2F&#8221;][\/vc_column_inner][vc_column_inner width=&#8221;1\/6&#8243;][vc_single_image image=&#8221;77137&#8243; img_size=&#8221;full&#8221; onclick=&#8221;custom_link&#8221; img_link_target=&#8221;_blank&#8221; css=&#8221;&#8221; link=&#8221;https:\/\/prcp.com.pe\/asociado-principal\/katherine-reyes\/&#8221; el_class=&#8221;image_people&#8221;][vc_custom_heading text=&#8221;Katherine Reyes&#8221; font_container=&#8221;tag:h3|font_size:13px|text_align:center&#8221; use_theme_fonts=&#8221;yes&#8221; css=&#8221;&#8221; link=&#8221;url:https%3A%2F%2Fprcp.com.pe%2Fasociado-principal%2Fkatherine-reyes%2F&#8221;][\/vc_column_inner][\/vc_row_inner][\/vc_column][\/vc_row][vc_column_inner width=&#8221;1\/6&#8243;][\/vc_column_inner][vc_row disable_element=&#8221;yes&#8221; css=&#8221;.vc_custom_1765216861471{margin-top: 40px !important;}&#8221;][vc_column][vc_column_text]<div class=\"section-title\"><h3>Latest news<\/h3><\/div><div id=\"boxes\"><div class=\"ultimas-noticias\"><a class=\"thumbnail-img\" href=\"https:\/\/blog.prcp.com.pe\/derecho-administrativo\/lexmil-aprueban-el-plan-nacional-de-infraestructura-2026-2031\/\" target=\"_blank\"><div class=\"news-image-style\" style=\"background-image:url(https:\/\/blog.prcp.com.pe\/wp-content\/uploads\/2026\/03\/civil-construction-engineer-optimex-1024x582.jpg);\"><\/div><\/a><p class=\"date-text section-title\">17\/03\/2026<\/p><h5>Lexm@il &#8211; Aprueban el Plan Nacional de Infraestructura 2026-2031<\/h5><a class=\"boton-arti read-more-btn\" href=\"https:\/\/blog.prcp.com.pe\/derecho-administrativo\/lexmil-aprueban-el-plan-nacional-de-infraestructura-2026-2031\/\">Read more<\/a><\/div><div class=\"ultimas-noticias\"><a class=\"thumbnail-img\" href=\"https:\/\/blog.prcp.com.pe\/proyectos-e-infraestructura\/sebastian-gamarra-declaro-para-el-comercio-nuevo-reglamento-de-app-de-que-trata-cuales-son-los-cambios-y-que-retos-fiscales-y-contractuales-deja\/\" target=\"_blank\"><div class=\"news-image-style\" style=\"background-image:url(https:\/\/blog.prcp.com.pe\/wp-content\/uploads\/2025\/12\/iStock-1050723768_low.jpg);\"><\/div><\/a><p class=\"date-text section-title\">29\/12\/2025<\/p><h5>Sebastian Gamarra declar\u00f3 para El Comercio: \u00abNuevo reglamento de APP: de qu\u00e9 trata, cu\u00e1les son los cambios y qu\u00e9 retos fiscales y contractuales deja\u00bb<\/h5><a class=\"boton-arti read-more-btn\" href=\"https:\/\/blog.prcp.com.pe\/proyectos-e-infraestructura\/sebastian-gamarra-declaro-para-el-comercio-nuevo-reglamento-de-app-de-que-trata-cuales-son-los-cambios-y-que-retos-fiscales-y-contractuales-deja\/\">Read more<\/a><\/div><div class=\"ultimas-noticias\"><a class=\"thumbnail-img\" href=\"https:\/\/blog.prcp.com.pe\/proyectos-e-infraestructura\/laura-bravo-escribio-un-articulo-para-lexlatin-app-e-infraestructura-inteligente-el-nuevo-enfoque-del-peru-bajo-la-ley-n-o-32441\/\" target=\"_blank\"><div class=\"news-image-style\" style=\"background-image:url(https:\/\/blog.prcp.com.pe\/wp-content\/uploads\/2025\/12\/shutterstock_40731217_low.jpg);\"><\/div><\/a><p class=\"date-text section-title\">22\/12\/2025<\/p><h5>Laura Bravo escribi\u00f3 un art\u00edculo para LexLatin: \u00abAPP e infraestructura inteligente: el nuevo enfoque del Per\u00fa bajo la Ley N.\u00ba 32441\u00bb<\/h5><a class=\"boton-arti read-more-btn\" href=\"https:\/\/blog.prcp.com.pe\/proyectos-e-infraestructura\/laura-bravo-escribio-un-articulo-para-lexlatin-app-e-infraestructura-inteligente-el-nuevo-enfoque-del-peru-bajo-la-ley-n-o-32441\/\">Read more<\/a><\/div><div class=\"ultimas-noticias\"><a class=\"thumbnail-img\" href=\"https:\/\/blog.prcp.com.pe\/proyectos-e-infraestructura\/video-nueva-ley-app-en-peru\/\" target=\"_blank\"><div class=\"news-image-style\" style=\"background-image:url(https:\/\/blog.prcp.com.pe\/wp-content\/uploads\/2025\/12\/iStock-1051659594_low.jpg);\"><\/div><\/a><p class=\"date-text section-title\">16\/12\/2025<\/p><h5>Video &#8211; Nueva Ley APP en Per\u00fa<\/h5><a class=\"boton-arti read-more-btn\" href=\"https:\/\/blog.prcp.com.pe\/proyectos-e-infraestructura\/video-nueva-ley-app-en-peru\/\">Read more<\/a><\/div><div class=\"ultimas-noticias\"><a class=\"thumbnail-img\" href=\"https:\/\/blog.prcp.com.pe\/proyectos-e-infraestructura\/lexmil-se-publica-la-ley-que-regula-la-promocion-de-la-inversion-privada-mediante-asociaciones-publico-privadas-app-y-proyectos-en-activos\/\" target=\"_blank\"><div class=\"news-image-style\" style=\"background-image:url(https:\/\/blog.prcp.com.pe\/wp-content\/uploads\/2025\/09\/activos-app-1024x664.jpg);\"><\/div><\/a><p class=\"date-text section-title\">16\/09\/2025<\/p><h5>Lexm@il &#8211; Se publica la Ley que regula la promoci\u00f3n de la inversi\u00f3n privada mediante Asociaciones P\u00fablico Privadas (APP) y Proyectos en Activos<\/h5><a class=\"boton-arti read-more-btn\" href=\"https:\/\/blog.prcp.com.pe\/proyectos-e-infraestructura\/lexmil-se-publica-la-ley-que-regula-la-promocion-de-la-inversion-privada-mediante-asociaciones-publico-privadas-app-y-proyectos-en-activos\/\">Read more<\/a><\/div><div class=\"ultimas-noticias\"><a class=\"thumbnail-img\" href=\"https:\/\/blog.prcp.com.pe\/proyectos-e-infraestructura\/aqualia-contrato-de-concesion\/\" target=\"_blank\"><div class=\"news-image-style\" style=\"background-image:url(https:\/\/blog.prcp.com.pe\/wp-content\/uploads\/2025\/07\/FCC-Aqualia-1024x664.jpg);\"><\/div><\/a><p class=\"date-text section-title\">17\/07\/2025<\/p><h5>Asesoramos a FCC AQUALIA S.A. en la suscripci\u00f3n del Contrato de Concesi\u00f3n para la ejecuci\u00f3n del Proyecto \u00abTratamiento De Aguas Residuales para Disposici\u00f3n Final o Re\u00faso, Provincia de Chincha, Ica, Per\u00fa\u00bb<\/h5><a class=\"boton-arti read-more-btn\" href=\"https:\/\/blog.prcp.com.pe\/proyectos-e-infraestructura\/aqualia-contrato-de-concesion\/\">Read more<\/a><\/div><a class=\"ver-todas btn category-btn\" href=\"https:\/\/blog.prcp.com.pe\/ultimas-publicaciones\/\">See all the news<\/a><\/div>[\/vc_column_text][\/vc_column][\/vc_row]<\/p>\n<\/div>","protected":false},"excerpt":{"rendered":"<p>[vc_row][vc_column][vc_row_inner][vc_column_inner width=&#8221;2\/3&#8243;][lab_heading title_tag=&#8221;H1&#8243; title=&#8221;Insurance and Reinsurance&#8221; el_class=&#8221;no-relleno&#8221;][\/lab_heading][vc_column_text css=&#8221;&#8221;] At PRCP, we have a team of experts with extensive experience and a solid track record in Insurance and Reinsurance, which allows us to offer our clients comprehensive support and specialized advice. Our experience is based both on our high level of specialization in sector regulation and&hellip;<\/p>\n","protected":false},"author":3,"featured_media":0,"parent":7263,"menu_order":0,"comment_status":"closed","ping_status":"closed","template":"page-servicio-template.php","meta":{"_acf_changed":false,"footnotes":""},"class_list":["post-78165","page","type-page","status-publish","hentry"],"acf":[],"yoast_head":"<!-- This site is optimized with the Yoast SEO plugin v27.0 - https:\/\/yoast.com\/product\/yoast-seo-wordpress\/ -->\n<title>Insurance and Reinsurance - Payet, Rey, Cauvi, P\u00e9rez<\/title>\n<meta name=\"robots\" content=\"index, follow, max-snippet:-1, max-image-preview:large, max-video-preview:-1\" \/>\n<link rel=\"canonical\" href=\"https:\/\/prcp.com.pe\/en\/services\/insurance-and-reinsurance\/\" \/>\n<meta property=\"og:locale\" content=\"en_US\" \/>\n<meta property=\"og:type\" content=\"article\" \/>\n<meta property=\"og:title\" content=\"Insurance and Reinsurance - Payet, Rey, Cauvi, P\u00e9rez\" \/>\n<meta property=\"og:description\" content=\"[vc_row][vc_column][vc_row_inner][vc_column_inner width=&#8221;2\/3&#8243;][lab_heading title_tag=&#8221;H1&#8243; title=&#8221;Insurance and Reinsurance&#8221; el_class=&#8221;no-relleno&#8221;][\/lab_heading][vc_column_text css=&#8221;&#8221;] At PRCP, we have a team of experts with extensive experience and a solid track record in Insurance and Reinsurance, which allows us to offer our clients comprehensive support and specialized advice. Our experience is based both on our high level of specialization in sector regulation and&hellip;\" \/>\n<meta property=\"og:url\" content=\"https:\/\/prcp.com.pe\/en\/services\/insurance-and-reinsurance\/\" \/>\n<meta property=\"og:site_name\" content=\"Payet, Rey, Cauvi, P\u00e9rez\" \/>\n<meta property=\"article:publisher\" content=\"https:\/\/www.facebook.com\/prcpabogados\/\" \/>\n<meta property=\"article:modified_time\" content=\"2025-12-23T21:46:03+00:00\" \/>\n<meta name=\"twitter:card\" content=\"summary_large_image\" \/>\n<meta name=\"twitter:label1\" content=\"Est. reading time\" \/>\n\t<meta name=\"twitter:data1\" content=\"2 minutes\" \/>\n<script type=\"application\/ld+json\" class=\"yoast-schema-graph\">{\"@context\":\"https:\/\/schema.org\",\"@graph\":[{\"@type\":\"WebPage\",\"@id\":\"https:\/\/prcp.com.pe\/en\/services\/insurance-and-reinsurance\/\",\"url\":\"https:\/\/prcp.com.pe\/en\/services\/insurance-and-reinsurance\/\",\"name\":\"Insurance and Reinsurance - Payet, Rey, Cauvi, P\u00e9rez\",\"isPartOf\":{\"@id\":\"https:\/\/prcp.com.pe\/en\/#website\"},\"datePublished\":\"2025-12-08T18:00:08+00:00\",\"dateModified\":\"2025-12-23T21:46:03+00:00\",\"breadcrumb\":{\"@id\":\"https:\/\/prcp.com.pe\/en\/services\/insurance-and-reinsurance\/#breadcrumb\"},\"inLanguage\":\"en-US\",\"potentialAction\":[{\"@type\":\"ReadAction\",\"target\":[\"https:\/\/prcp.com.pe\/en\/services\/insurance-and-reinsurance\/\"]}]},{\"@type\":\"BreadcrumbList\",\"@id\":\"https:\/\/prcp.com.pe\/en\/services\/insurance-and-reinsurance\/#breadcrumb\",\"itemListElement\":[{\"@type\":\"ListItem\",\"position\":1,\"name\":\"Portada\",\"item\":\"https:\/\/prcp.com.pe\/en\/\"},{\"@type\":\"ListItem\",\"position\":2,\"name\":\"Services\",\"item\":\"https:\/\/prcp.com.pe\/en\/services\/\"},{\"@type\":\"ListItem\",\"position\":3,\"name\":\"Insurance and Reinsurance\"}]},{\"@type\":\"WebSite\",\"@id\":\"https:\/\/prcp.com.pe\/en\/#website\",\"url\":\"https:\/\/prcp.com.pe\/en\/\",\"name\":\"Payet, Rey, Cauvi, P\u00e9rez\",\"description\":\"Payet, Rey, Cauvi, P\u00e9rez Abogados es uno de los estudios jur\u00eddicos l\u00edderes en el Per\u00fa, de reconocida experiencia y con una amplia trayectoria.\",\"publisher\":{\"@id\":\"https:\/\/prcp.com.pe\/en\/#organization\"},\"potentialAction\":[{\"@type\":\"SearchAction\",\"target\":{\"@type\":\"EntryPoint\",\"urlTemplate\":\"https:\/\/prcp.com.pe\/en\/?s={search_term_string}\"},\"query-input\":{\"@type\":\"PropertyValueSpecification\",\"valueRequired\":true,\"valueName\":\"search_term_string\"}}],\"inLanguage\":\"en-US\"},{\"@type\":\"Organization\",\"@id\":\"https:\/\/prcp.com.pe\/en\/#organization\",\"name\":\"Payet, Rey, Cauvi, P\u00e9rez Abogados\",\"url\":\"https:\/\/prcp.com.pe\/en\/\",\"logo\":{\"@type\":\"ImageObject\",\"inLanguage\":\"en-US\",\"@id\":\"https:\/\/prcp.com.pe\/en\/#\/schema\/logo\/image\/\",\"url\":\"https:\/\/prcp.com.pe\/wp-content\/uploads\/2018\/11\/logo-2.jpg\",\"contentUrl\":\"https:\/\/prcp.com.pe\/wp-content\/uploads\/2018\/11\/logo-2.jpg\",\"width\":459,\"height\":471,\"caption\":\"Payet, Rey, Cauvi, P\u00e9rez Abogados\"},\"image\":{\"@id\":\"https:\/\/prcp.com.pe\/en\/#\/schema\/logo\/image\/\"},\"sameAs\":[\"https:\/\/www.facebook.com\/prcpabogados\/\",\"https:\/\/www.linkedin.com\/company\/prc\/\",\"https:\/\/www.youtube.com\/channel\/UCbXFuuBk4-B26fdfYft3Oag\"]}]}<\/script>\n<!-- \/ Yoast SEO plugin. -->","yoast_head_json":{"title":"Insurance and Reinsurance - Payet, Rey, Cauvi, P\u00e9rez","robots":{"index":"index","follow":"follow","max-snippet":"max-snippet:-1","max-image-preview":"max-image-preview:large","max-video-preview":"max-video-preview:-1"},"canonical":"https:\/\/prcp.com.pe\/en\/services\/insurance-and-reinsurance\/","og_locale":"en_US","og_type":"article","og_title":"Insurance and Reinsurance - Payet, Rey, Cauvi, P\u00e9rez","og_description":"[vc_row][vc_column][vc_row_inner][vc_column_inner width=&#8221;2\/3&#8243;][lab_heading title_tag=&#8221;H1&#8243; title=&#8221;Insurance and Reinsurance&#8221; el_class=&#8221;no-relleno&#8221;][\/lab_heading][vc_column_text css=&#8221;&#8221;] At PRCP, we have a team of experts with extensive experience and a solid track record in Insurance and Reinsurance, which allows us to offer our clients comprehensive support and specialized advice. Our experience is based both on our high level of specialization in sector regulation and&hellip;","og_url":"https:\/\/prcp.com.pe\/en\/services\/insurance-and-reinsurance\/","og_site_name":"Payet, Rey, Cauvi, P\u00e9rez","article_publisher":"https:\/\/www.facebook.com\/prcpabogados\/","article_modified_time":"2025-12-23T21:46:03+00:00","twitter_card":"summary_large_image","twitter_misc":{"Est. reading time":"2 minutes"},"schema":{"@context":"https:\/\/schema.org","@graph":[{"@type":"WebPage","@id":"https:\/\/prcp.com.pe\/en\/services\/insurance-and-reinsurance\/","url":"https:\/\/prcp.com.pe\/en\/services\/insurance-and-reinsurance\/","name":"Insurance and Reinsurance - Payet, Rey, Cauvi, P\u00e9rez","isPartOf":{"@id":"https:\/\/prcp.com.pe\/en\/#website"},"datePublished":"2025-12-08T18:00:08+00:00","dateModified":"2025-12-23T21:46:03+00:00","breadcrumb":{"@id":"https:\/\/prcp.com.pe\/en\/services\/insurance-and-reinsurance\/#breadcrumb"},"inLanguage":"en-US","potentialAction":[{"@type":"ReadAction","target":["https:\/\/prcp.com.pe\/en\/services\/insurance-and-reinsurance\/"]}]},{"@type":"BreadcrumbList","@id":"https:\/\/prcp.com.pe\/en\/services\/insurance-and-reinsurance\/#breadcrumb","itemListElement":[{"@type":"ListItem","position":1,"name":"Portada","item":"https:\/\/prcp.com.pe\/en\/"},{"@type":"ListItem","position":2,"name":"Services","item":"https:\/\/prcp.com.pe\/en\/services\/"},{"@type":"ListItem","position":3,"name":"Insurance and Reinsurance"}]},{"@type":"WebSite","@id":"https:\/\/prcp.com.pe\/en\/#website","url":"https:\/\/prcp.com.pe\/en\/","name":"Payet, Rey, Cauvi, P\u00e9rez","description":"Payet, Rey, Cauvi, P\u00e9rez Abogados es uno de los estudios jur\u00eddicos l\u00edderes en el Per\u00fa, de reconocida experiencia y con una amplia trayectoria.","publisher":{"@id":"https:\/\/prcp.com.pe\/en\/#organization"},"potentialAction":[{"@type":"SearchAction","target":{"@type":"EntryPoint","urlTemplate":"https:\/\/prcp.com.pe\/en\/?s={search_term_string}"},"query-input":{"@type":"PropertyValueSpecification","valueRequired":true,"valueName":"search_term_string"}}],"inLanguage":"en-US"},{"@type":"Organization","@id":"https:\/\/prcp.com.pe\/en\/#organization","name":"Payet, Rey, Cauvi, P\u00e9rez Abogados","url":"https:\/\/prcp.com.pe\/en\/","logo":{"@type":"ImageObject","inLanguage":"en-US","@id":"https:\/\/prcp.com.pe\/en\/#\/schema\/logo\/image\/","url":"https:\/\/prcp.com.pe\/wp-content\/uploads\/2018\/11\/logo-2.jpg","contentUrl":"https:\/\/prcp.com.pe\/wp-content\/uploads\/2018\/11\/logo-2.jpg","width":459,"height":471,"caption":"Payet, Rey, Cauvi, P\u00e9rez Abogados"},"image":{"@id":"https:\/\/prcp.com.pe\/en\/#\/schema\/logo\/image\/"},"sameAs":["https:\/\/www.facebook.com\/prcpabogados\/","https:\/\/www.linkedin.com\/company\/prc\/","https:\/\/www.youtube.com\/channel\/UCbXFuuBk4-B26fdfYft3Oag"]}]}},"_links":{"self":[{"href":"https:\/\/prcp.com.pe\/en\/wp-json\/wp\/v2\/pages\/78165","targetHints":{"allow":["GET"]}}],"collection":[{"href":"https:\/\/prcp.com.pe\/en\/wp-json\/wp\/v2\/pages"}],"about":[{"href":"https:\/\/prcp.com.pe\/en\/wp-json\/wp\/v2\/types\/page"}],"author":[{"embeddable":true,"href":"https:\/\/prcp.com.pe\/en\/wp-json\/wp\/v2\/users\/3"}],"replies":[{"embeddable":true,"href":"https:\/\/prcp.com.pe\/en\/wp-json\/wp\/v2\/comments?post=78165"}],"version-history":[{"count":9,"href":"https:\/\/prcp.com.pe\/en\/wp-json\/wp\/v2\/pages\/78165\/revisions"}],"predecessor-version":[{"id":78239,"href":"https:\/\/prcp.com.pe\/en\/wp-json\/wp\/v2\/pages\/78165\/revisions\/78239"}],"up":[{"embeddable":true,"href":"https:\/\/prcp.com.pe\/en\/wp-json\/wp\/v2\/pages\/7263"}],"wp:attachment":[{"href":"https:\/\/prcp.com.pe\/en\/wp-json\/wp\/v2\/media?parent=78165"}],"curies":[{"name":"wp","href":"https:\/\/api.w.org\/{rel}","templated":true}]}}