{"id":7699,"date":"2018-11-07T14:57:41","date_gmt":"2018-11-07T19:57:41","guid":{"rendered":"https:\/\/prcp.com.pe\/lawyers\/consejeros\/"},"modified":"2019-04-17T14:49:53","modified_gmt":"2019-04-17T19:49:53","slug":"counsels","status":"publish","type":"page","link":"https:\/\/prcp.com.pe\/en\/people\/counsels\/","title":{"rendered":"Counsels"},"content":{"rendered":"<div class=\"wpb-content-wrapper\"><p>[vc_row][vc_column][vc_wp_custommenu nav_menu=&#8221;107&#8243; el_id=&#8221;tabs-abogados&#8221;][\/vc_column][\/vc_row][vc_row el_id=&#8221;abogados-tabs&#8221;][vc_column][vc_tta_tabs style=&#8221;flat&#8221; shape=&#8221;square&#8221; color=&#8221;white&#8221; active_section=&#8221;1&#8243; no_fill_content_area=&#8221;true&#8221; el_id=&#8221;abogados-filtro&#8221;][vc_tta_section title=&#8221;ALL&#8221; tab_id=&#8221;all&#8221;][vc_column_text][\/vc_column_text][\/vc_tta_section][vc_tta_section title=&#8221;A&#8221; tab_id=&#8221;a&#8221;][vc_column_text][a_consejeros][\/vc_column_text][\/vc_tta_section][vc_tta_section title=&#8221;B&#8221; tab_id=&#8221;b&#8221;][vc_column_text][b_consejeros][\/vc_column_text][\/vc_tta_section][vc_tta_section title=&#8221;C&#8221; tab_id=&#8221;c&#8221;][vc_column_text][c_consejeros][\/vc_column_text][\/vc_tta_section][vc_tta_section title=&#8221;D&#8221; tab_id=&#8221;d&#8221;][vc_column_text][d_consejeros][\/vc_column_text][\/vc_tta_section][vc_tta_section title=&#8221;E&#8221; tab_id=&#8221;e&#8221;][vc_column_text][e_consejeros][\/vc_column_text][\/vc_tta_section][vc_tta_section title=&#8221;F&#8221; tab_id=&#8221;f&#8221;][vc_column_text][f_consejeros][\/vc_column_text][\/vc_tta_section][vc_tta_section title=&#8221;G&#8221; tab_id=&#8221;g&#8221;][vc_column_text][g_consejeros][\/vc_column_text][\/vc_tta_section][vc_tta_section title=&#8221;H&#8221; tab_id=&#8221;h&#8221;][vc_column_text][h_consejeros][\/vc_column_text][\/vc_tta_section][vc_tta_section title=&#8221;I&#8221; tab_id=&#8221;i&#8221;][vc_column_text][i_consejeros][\/vc_column_text][\/vc_tta_section][vc_tta_section title=&#8221;J&#8221; tab_id=&#8221;j&#8221;][vc_column_text][j_consejeros][\/vc_column_text][\/vc_tta_section][vc_tta_section title=&#8221;K&#8221; tab_id=&#8221;k&#8221;][vc_column_text][k_consejeros][\/vc_column_text][\/vc_tta_section][vc_tta_section title=&#8221;L&#8221; tab_id=&#8221;l&#8221;][vc_column_text][l_consejeros][\/vc_column_text][\/vc_tta_section][vc_tta_section title=&#8221;M&#8221; tab_id=&#8221;m&#8221;][vc_column_text][m_consejeros][\/vc_column_text][\/vc_tta_section][vc_tta_section title=&#8221;N&#8221; tab_id=&#8221;n&#8221;][vc_column_text][n_consejeros][\/vc_column_text][\/vc_tta_section][vc_tta_section title=&#8221;O&#8221; tab_id=&#8221;o&#8221;][vc_column_text][o_consejeros][\/vc_column_text][\/vc_tta_section][vc_tta_section title=&#8221;P&#8221; tab_id=&#8221;p&#8221;][vc_column_text][p_consejeros][\/vc_column_text][\/vc_tta_section][vc_tta_section title=&#8221;Q&#8221; tab_id=&#8221;q&#8221;][vc_column_text][q_consejeros][\/vc_column_text][\/vc_tta_section][vc_tta_section title=&#8221;R&#8221; tab_id=&#8221;r&#8221;][vc_column_text][r_consejeros][\/vc_column_text][\/vc_tta_section][vc_tta_section title=&#8221;S&#8221; tab_id=&#8221;s&#8221;][vc_column_text][s_consejeros][\/vc_column_text][\/vc_tta_section][vc_tta_section title=&#8221;T&#8221; tab_id=&#8221;t&#8221;][vc_column_text][t_consejeros][\/vc_column_text][\/vc_tta_section][vc_tta_section title=&#8221;U&#8221; tab_id=&#8221;u&#8221;][vc_column_text][u_consejeros][\/vc_column_text][\/vc_tta_section][vc_tta_section title=&#8221;V&#8221; tab_id=&#8221;v&#8221;][vc_column_text][v_consejeros][\/vc_column_text][\/vc_tta_section][vc_tta_section title=&#8221;W&#8221; tab_id=&#8221;w&#8221;][vc_column_text][w_consejeros][\/vc_column_text][\/vc_tta_section][vc_tta_section title=&#8221;X&#8221; tab_id=&#8221;x&#8221;][vc_column_text][x_consejeros][\/vc_column_text][\/vc_tta_section][vc_tta_section title=&#8221;Y&#8221; tab_id=&#8221;y&#8221;][vc_column_text][y_consejeros][\/vc_column_text][\/vc_tta_section][vc_tta_section title=&#8221;Z&#8221; tab_id=&#8221;z&#8221;][vc_column_text][z_consejeros][\/vc_column_text][\/vc_tta_section][\/vc_tta_tabs][\/vc_column][\/vc_row]<\/p>\n<\/div>","protected":false},"excerpt":{"rendered":"<p>[vc_row][vc_column][vc_wp_custommenu nav_menu=&#8221;107&#8243; el_id=&#8221;tabs-abogados&#8221;][\/vc_column][\/vc_row][vc_row el_id=&#8221;abogados-tabs&#8221;][vc_column][vc_tta_tabs style=&#8221;flat&#8221; shape=&#8221;square&#8221; color=&#8221;white&#8221; active_section=&#8221;1&#8243; no_fill_content_area=&#8221;true&#8221; el_id=&#8221;abogados-filtro&#8221;][vc_tta_section title=&#8221;ALL&#8221; tab_id=&#8221;all&#8221;][vc_column_text][\/vc_column_text][\/vc_tta_section][vc_tta_section title=&#8221;A&#8221; tab_id=&#8221;a&#8221;][vc_column_text][a_consejeros][\/vc_column_text][\/vc_tta_section][vc_tta_section title=&#8221;B&#8221; tab_id=&#8221;b&#8221;][vc_column_text][b_consejeros][\/vc_column_text][\/vc_tta_section][vc_tta_section title=&#8221;C&#8221; tab_id=&#8221;c&#8221;][vc_column_text][c_consejeros][\/vc_column_text][\/vc_tta_section][vc_tta_section title=&#8221;D&#8221; tab_id=&#8221;d&#8221;][vc_column_text][d_consejeros][\/vc_column_text][\/vc_tta_section][vc_tta_section title=&#8221;E&#8221; tab_id=&#8221;e&#8221;][vc_column_text][e_consejeros][\/vc_column_text][\/vc_tta_section][vc_tta_section title=&#8221;F&#8221; tab_id=&#8221;f&#8221;][vc_column_text][f_consejeros][\/vc_column_text][\/vc_tta_section][vc_tta_section title=&#8221;G&#8221; tab_id=&#8221;g&#8221;][vc_column_text][g_consejeros][\/vc_column_text][\/vc_tta_section][vc_tta_section title=&#8221;H&#8221; tab_id=&#8221;h&#8221;][vc_column_text][h_consejeros][\/vc_column_text][\/vc_tta_section][vc_tta_section title=&#8221;I&#8221; tab_id=&#8221;i&#8221;][vc_column_text][i_consejeros][\/vc_column_text][\/vc_tta_section][vc_tta_section title=&#8221;J&#8221; tab_id=&#8221;j&#8221;][vc_column_text][j_consejeros][\/vc_column_text][\/vc_tta_section][vc_tta_section title=&#8221;K&#8221; tab_id=&#8221;k&#8221;][vc_column_text][k_consejeros][\/vc_column_text][\/vc_tta_section][vc_tta_section title=&#8221;L&#8221; tab_id=&#8221;l&#8221;][vc_column_text][l_consejeros][\/vc_column_text][\/vc_tta_section][vc_tta_section title=&#8221;M&#8221; tab_id=&#8221;m&#8221;][vc_column_text][m_consejeros][\/vc_column_text][\/vc_tta_section][vc_tta_section title=&#8221;N&#8221; tab_id=&#8221;n&#8221;][vc_column_text][n_consejeros][\/vc_column_text][\/vc_tta_section][vc_tta_section title=&#8221;O&#8221; tab_id=&#8221;o&#8221;][vc_column_text][o_consejeros][\/vc_column_text][\/vc_tta_section][vc_tta_section title=&#8221;P&#8221; tab_id=&#8221;p&#8221;][vc_column_text][p_consejeros][\/vc_column_text][\/vc_tta_section][vc_tta_section title=&#8221;Q&#8221; tab_id=&#8221;q&#8221;][vc_column_text][q_consejeros][\/vc_column_text][\/vc_tta_section][vc_tta_section title=&#8221;R&#8221; tab_id=&#8221;r&#8221;][vc_column_text][r_consejeros][\/vc_column_text][\/vc_tta_section][vc_tta_section title=&#8221;S&#8221; tab_id=&#8221;s&#8221;][vc_column_text][s_consejeros][\/vc_column_text][\/vc_tta_section][vc_tta_section title=&#8221;T&#8221; tab_id=&#8221;t&#8221;][vc_column_text][t_consejeros][\/vc_column_text][\/vc_tta_section][vc_tta_section title=&#8221;U&#8221; tab_id=&#8221;u&#8221;][vc_column_text][u_consejeros][\/vc_column_text][\/vc_tta_section][vc_tta_section title=&#8221;V&#8221;&hellip;<\/p>\n","protected":false},"author":3,"featured_media":0,"parent":7692,"menu_order":0,"comment_status":"closed","ping_status":"closed","template":"","meta":{"_acf_changed":false,"footnotes":""},"class_list":["post-7699","page","type-page","status-publish","hentry"],"acf":[],"yoast_head":"<!-- This site is optimized with the Yoast SEO plugin v27.0 - https:\/\/yoast.com\/product\/yoast-seo-wordpress\/ -->\n<title>Counsels - Payet, Rey, Cauvi, P\u00e9rez<\/title>\n<meta name=\"robots\" content=\"index, follow, max-snippet:-1, max-image-preview:large, max-video-preview:-1\" \/>\n<link rel=\"canonical\" href=\"https:\/\/prcp.com.pe\/en\/people\/counsels\/\" \/>\n<meta property=\"og:locale\" content=\"en_US\" \/>\n<meta property=\"og:type\" content=\"article\" \/>\n<meta property=\"og:title\" content=\"Counsels - Payet, Rey, Cauvi, P\u00e9rez\" \/>\n<meta property=\"og:description\" content=\"[vc_row][vc_column][vc_wp_custommenu nav_menu=&#8221;107&#8243; el_id=&#8221;tabs-abogados&#8221;][\/vc_column][\/vc_row][vc_row el_id=&#8221;abogados-tabs&#8221;][vc_column][vc_tta_tabs style=&#8221;flat&#8221; shape=&#8221;square&#8221; color=&#8221;white&#8221; active_section=&#8221;1&#8243; no_fill_content_area=&#8221;true&#8221; el_id=&#8221;abogados-filtro&#8221;][vc_tta_section title=&#8221;ALL&#8221; tab_id=&#8221;all&#8221;][vc_column_text][\/vc_column_text][\/vc_tta_section][vc_tta_section title=&#8221;A&#8221; tab_id=&#8221;a&#8221;][vc_column_text][a_consejeros][\/vc_column_text][\/vc_tta_section][vc_tta_section title=&#8221;B&#8221; tab_id=&#8221;b&#8221;][vc_column_text][b_consejeros][\/vc_column_text][\/vc_tta_section][vc_tta_section title=&#8221;C&#8221; tab_id=&#8221;c&#8221;][vc_column_text][c_consejeros][\/vc_column_text][\/vc_tta_section][vc_tta_section title=&#8221;D&#8221; tab_id=&#8221;d&#8221;][vc_column_text][d_consejeros][\/vc_column_text][\/vc_tta_section][vc_tta_section title=&#8221;E&#8221; tab_id=&#8221;e&#8221;][vc_column_text][e_consejeros][\/vc_column_text][\/vc_tta_section][vc_tta_section title=&#8221;F&#8221; tab_id=&#8221;f&#8221;][vc_column_text][f_consejeros][\/vc_column_text][\/vc_tta_section][vc_tta_section title=&#8221;G&#8221; tab_id=&#8221;g&#8221;][vc_column_text][g_consejeros][\/vc_column_text][\/vc_tta_section][vc_tta_section title=&#8221;H&#8221; tab_id=&#8221;h&#8221;][vc_column_text][h_consejeros][\/vc_column_text][\/vc_tta_section][vc_tta_section title=&#8221;I&#8221; tab_id=&#8221;i&#8221;][vc_column_text][i_consejeros][\/vc_column_text][\/vc_tta_section][vc_tta_section title=&#8221;J&#8221; tab_id=&#8221;j&#8221;][vc_column_text][j_consejeros][\/vc_column_text][\/vc_tta_section][vc_tta_section title=&#8221;K&#8221; tab_id=&#8221;k&#8221;][vc_column_text][k_consejeros][\/vc_column_text][\/vc_tta_section][vc_tta_section title=&#8221;L&#8221; tab_id=&#8221;l&#8221;][vc_column_text][l_consejeros][\/vc_column_text][\/vc_tta_section][vc_tta_section title=&#8221;M&#8221; tab_id=&#8221;m&#8221;][vc_column_text][m_consejeros][\/vc_column_text][\/vc_tta_section][vc_tta_section title=&#8221;N&#8221; tab_id=&#8221;n&#8221;][vc_column_text][n_consejeros][\/vc_column_text][\/vc_tta_section][vc_tta_section title=&#8221;O&#8221; tab_id=&#8221;o&#8221;][vc_column_text][o_consejeros][\/vc_column_text][\/vc_tta_section][vc_tta_section title=&#8221;P&#8221; tab_id=&#8221;p&#8221;][vc_column_text][p_consejeros][\/vc_column_text][\/vc_tta_section][vc_tta_section title=&#8221;Q&#8221; tab_id=&#8221;q&#8221;][vc_column_text][q_consejeros][\/vc_column_text][\/vc_tta_section][vc_tta_section title=&#8221;R&#8221; tab_id=&#8221;r&#8221;][vc_column_text][r_consejeros][\/vc_column_text][\/vc_tta_section][vc_tta_section title=&#8221;S&#8221; tab_id=&#8221;s&#8221;][vc_column_text][s_consejeros][\/vc_column_text][\/vc_tta_section][vc_tta_section title=&#8221;T&#8221; tab_id=&#8221;t&#8221;][vc_column_text][t_consejeros][\/vc_column_text][\/vc_tta_section][vc_tta_section title=&#8221;U&#8221; tab_id=&#8221;u&#8221;][vc_column_text][u_consejeros][\/vc_column_text][\/vc_tta_section][vc_tta_section title=&#8221;V&#8221;&hellip;\" \/>\n<meta property=\"og:url\" content=\"https:\/\/prcp.com.pe\/en\/people\/counsels\/\" \/>\n<meta property=\"og:site_name\" content=\"Payet, Rey, Cauvi, P\u00e9rez\" \/>\n<meta property=\"article:publisher\" content=\"https:\/\/www.facebook.com\/prcpabogados\/\" \/>\n<meta property=\"article:modified_time\" content=\"2019-04-17T19:49:53+00:00\" \/>\n<meta name=\"twitter:card\" content=\"summary_large_image\" \/>\n<meta name=\"twitter:label1\" content=\"Est. reading time\" \/>\n\t<meta name=\"twitter:data1\" content=\"3 minutes\" \/>\n<script type=\"application\/ld+json\" class=\"yoast-schema-graph\">{\"@context\":\"https:\/\/schema.org\",\"@graph\":[{\"@type\":\"WebPage\",\"@id\":\"https:\/\/prcp.com.pe\/en\/people\/counsels\/\",\"url\":\"https:\/\/prcp.com.pe\/en\/people\/counsels\/\",\"name\":\"Counsels - Payet, Rey, Cauvi, P\u00e9rez\",\"isPartOf\":{\"@id\":\"https:\/\/prcp.com.pe\/en\/#website\"},\"datePublished\":\"2018-11-07T19:57:41+00:00\",\"dateModified\":\"2019-04-17T19:49:53+00:00\",\"breadcrumb\":{\"@id\":\"https:\/\/prcp.com.pe\/en\/people\/counsels\/#breadcrumb\"},\"inLanguage\":\"en-US\",\"potentialAction\":[{\"@type\":\"ReadAction\",\"target\":[\"https:\/\/prcp.com.pe\/en\/people\/counsels\/\"]}]},{\"@type\":\"BreadcrumbList\",\"@id\":\"https:\/\/prcp.com.pe\/en\/people\/counsels\/#breadcrumb\",\"itemListElement\":[{\"@type\":\"ListItem\",\"position\":1,\"name\":\"Portada\",\"item\":\"https:\/\/prcp.com.pe\/en\/\"},{\"@type\":\"ListItem\",\"position\":2,\"name\":\"People\",\"item\":\"https:\/\/prcp.com.pe\/en\/people\/\"},{\"@type\":\"ListItem\",\"position\":3,\"name\":\"Counsels\"}]},{\"@type\":\"WebSite\",\"@id\":\"https:\/\/prcp.com.pe\/en\/#website\",\"url\":\"https:\/\/prcp.com.pe\/en\/\",\"name\":\"Payet, Rey, Cauvi, P\u00e9rez\",\"description\":\"Payet, Rey, Cauvi, P\u00e9rez Abogados es uno de los estudios jur\u00eddicos l\u00edderes en el Per\u00fa, de reconocida experiencia y con una amplia trayectoria.\",\"publisher\":{\"@id\":\"https:\/\/prcp.com.pe\/en\/#organization\"},\"potentialAction\":[{\"@type\":\"SearchAction\",\"target\":{\"@type\":\"EntryPoint\",\"urlTemplate\":\"https:\/\/prcp.com.pe\/en\/?s={search_term_string}\"},\"query-input\":{\"@type\":\"PropertyValueSpecification\",\"valueRequired\":true,\"valueName\":\"search_term_string\"}}],\"inLanguage\":\"en-US\"},{\"@type\":\"Organization\",\"@id\":\"https:\/\/prcp.com.pe\/en\/#organization\",\"name\":\"Payet, Rey, Cauvi, P\u00e9rez Abogados\",\"url\":\"https:\/\/prcp.com.pe\/en\/\",\"logo\":{\"@type\":\"ImageObject\",\"inLanguage\":\"en-US\",\"@id\":\"https:\/\/prcp.com.pe\/en\/#\/schema\/logo\/image\/\",\"url\":\"https:\/\/prcp.com.pe\/wp-content\/uploads\/2018\/11\/logo-2.jpg\",\"contentUrl\":\"https:\/\/prcp.com.pe\/wp-content\/uploads\/2018\/11\/logo-2.jpg\",\"width\":459,\"height\":471,\"caption\":\"Payet, Rey, Cauvi, P\u00e9rez Abogados\"},\"image\":{\"@id\":\"https:\/\/prcp.com.pe\/en\/#\/schema\/logo\/image\/\"},\"sameAs\":[\"https:\/\/www.facebook.com\/prcpabogados\/\",\"https:\/\/www.linkedin.com\/company\/prc\/\",\"https:\/\/www.youtube.com\/channel\/UCbXFuuBk4-B26fdfYft3Oag\"]}]}<\/script>\n<!-- \/ Yoast SEO plugin. -->","yoast_head_json":{"title":"Counsels - Payet, Rey, Cauvi, P\u00e9rez","robots":{"index":"index","follow":"follow","max-snippet":"max-snippet:-1","max-image-preview":"max-image-preview:large","max-video-preview":"max-video-preview:-1"},"canonical":"https:\/\/prcp.com.pe\/en\/people\/counsels\/","og_locale":"en_US","og_type":"article","og_title":"Counsels - Payet, Rey, Cauvi, P\u00e9rez","og_description":"[vc_row][vc_column][vc_wp_custommenu nav_menu=&#8221;107&#8243; el_id=&#8221;tabs-abogados&#8221;][\/vc_column][\/vc_row][vc_row el_id=&#8221;abogados-tabs&#8221;][vc_column][vc_tta_tabs style=&#8221;flat&#8221; shape=&#8221;square&#8221; color=&#8221;white&#8221; active_section=&#8221;1&#8243; no_fill_content_area=&#8221;true&#8221; el_id=&#8221;abogados-filtro&#8221;][vc_tta_section title=&#8221;ALL&#8221; tab_id=&#8221;all&#8221;][vc_column_text][\/vc_column_text][\/vc_tta_section][vc_tta_section title=&#8221;A&#8221; tab_id=&#8221;a&#8221;][vc_column_text][a_consejeros][\/vc_column_text][\/vc_tta_section][vc_tta_section title=&#8221;B&#8221; tab_id=&#8221;b&#8221;][vc_column_text][b_consejeros][\/vc_column_text][\/vc_tta_section][vc_tta_section title=&#8221;C&#8221; tab_id=&#8221;c&#8221;][vc_column_text][c_consejeros][\/vc_column_text][\/vc_tta_section][vc_tta_section title=&#8221;D&#8221; tab_id=&#8221;d&#8221;][vc_column_text][d_consejeros][\/vc_column_text][\/vc_tta_section][vc_tta_section title=&#8221;E&#8221; tab_id=&#8221;e&#8221;][vc_column_text][e_consejeros][\/vc_column_text][\/vc_tta_section][vc_tta_section title=&#8221;F&#8221; tab_id=&#8221;f&#8221;][vc_column_text][f_consejeros][\/vc_column_text][\/vc_tta_section][vc_tta_section title=&#8221;G&#8221; tab_id=&#8221;g&#8221;][vc_column_text][g_consejeros][\/vc_column_text][\/vc_tta_section][vc_tta_section title=&#8221;H&#8221; tab_id=&#8221;h&#8221;][vc_column_text][h_consejeros][\/vc_column_text][\/vc_tta_section][vc_tta_section title=&#8221;I&#8221; tab_id=&#8221;i&#8221;][vc_column_text][i_consejeros][\/vc_column_text][\/vc_tta_section][vc_tta_section title=&#8221;J&#8221; tab_id=&#8221;j&#8221;][vc_column_text][j_consejeros][\/vc_column_text][\/vc_tta_section][vc_tta_section title=&#8221;K&#8221; tab_id=&#8221;k&#8221;][vc_column_text][k_consejeros][\/vc_column_text][\/vc_tta_section][vc_tta_section title=&#8221;L&#8221; tab_id=&#8221;l&#8221;][vc_column_text][l_consejeros][\/vc_column_text][\/vc_tta_section][vc_tta_section title=&#8221;M&#8221; tab_id=&#8221;m&#8221;][vc_column_text][m_consejeros][\/vc_column_text][\/vc_tta_section][vc_tta_section title=&#8221;N&#8221; tab_id=&#8221;n&#8221;][vc_column_text][n_consejeros][\/vc_column_text][\/vc_tta_section][vc_tta_section title=&#8221;O&#8221; tab_id=&#8221;o&#8221;][vc_column_text][o_consejeros][\/vc_column_text][\/vc_tta_section][vc_tta_section title=&#8221;P&#8221; tab_id=&#8221;p&#8221;][vc_column_text][p_consejeros][\/vc_column_text][\/vc_tta_section][vc_tta_section title=&#8221;Q&#8221; tab_id=&#8221;q&#8221;][vc_column_text][q_consejeros][\/vc_column_text][\/vc_tta_section][vc_tta_section title=&#8221;R&#8221; tab_id=&#8221;r&#8221;][vc_column_text][r_consejeros][\/vc_column_text][\/vc_tta_section][vc_tta_section title=&#8221;S&#8221; tab_id=&#8221;s&#8221;][vc_column_text][s_consejeros][\/vc_column_text][\/vc_tta_section][vc_tta_section title=&#8221;T&#8221; tab_id=&#8221;t&#8221;][vc_column_text][t_consejeros][\/vc_column_text][\/vc_tta_section][vc_tta_section title=&#8221;U&#8221; tab_id=&#8221;u&#8221;][vc_column_text][u_consejeros][\/vc_column_text][\/vc_tta_section][vc_tta_section title=&#8221;V&#8221;&hellip;","og_url":"https:\/\/prcp.com.pe\/en\/people\/counsels\/","og_site_name":"Payet, Rey, Cauvi, P\u00e9rez","article_publisher":"https:\/\/www.facebook.com\/prcpabogados\/","article_modified_time":"2019-04-17T19:49:53+00:00","twitter_card":"summary_large_image","twitter_misc":{"Est. reading time":"3 minutes"},"schema":{"@context":"https:\/\/schema.org","@graph":[{"@type":"WebPage","@id":"https:\/\/prcp.com.pe\/en\/people\/counsels\/","url":"https:\/\/prcp.com.pe\/en\/people\/counsels\/","name":"Counsels - Payet, Rey, Cauvi, P\u00e9rez","isPartOf":{"@id":"https:\/\/prcp.com.pe\/en\/#website"},"datePublished":"2018-11-07T19:57:41+00:00","dateModified":"2019-04-17T19:49:53+00:00","breadcrumb":{"@id":"https:\/\/prcp.com.pe\/en\/people\/counsels\/#breadcrumb"},"inLanguage":"en-US","potentialAction":[{"@type":"ReadAction","target":["https:\/\/prcp.com.pe\/en\/people\/counsels\/"]}]},{"@type":"BreadcrumbList","@id":"https:\/\/prcp.com.pe\/en\/people\/counsels\/#breadcrumb","itemListElement":[{"@type":"ListItem","position":1,"name":"Portada","item":"https:\/\/prcp.com.pe\/en\/"},{"@type":"ListItem","position":2,"name":"People","item":"https:\/\/prcp.com.pe\/en\/people\/"},{"@type":"ListItem","position":3,"name":"Counsels"}]},{"@type":"WebSite","@id":"https:\/\/prcp.com.pe\/en\/#website","url":"https:\/\/prcp.com.pe\/en\/","name":"Payet, Rey, Cauvi, P\u00e9rez","description":"Payet, Rey, Cauvi, P\u00e9rez Abogados es uno de los estudios jur\u00eddicos l\u00edderes en el Per\u00fa, de reconocida experiencia y con una amplia trayectoria.","publisher":{"@id":"https:\/\/prcp.com.pe\/en\/#organization"},"potentialAction":[{"@type":"SearchAction","target":{"@type":"EntryPoint","urlTemplate":"https:\/\/prcp.com.pe\/en\/?s={search_term_string}"},"query-input":{"@type":"PropertyValueSpecification","valueRequired":true,"valueName":"search_term_string"}}],"inLanguage":"en-US"},{"@type":"Organization","@id":"https:\/\/prcp.com.pe\/en\/#organization","name":"Payet, Rey, Cauvi, P\u00e9rez Abogados","url":"https:\/\/prcp.com.pe\/en\/","logo":{"@type":"ImageObject","inLanguage":"en-US","@id":"https:\/\/prcp.com.pe\/en\/#\/schema\/logo\/image\/","url":"https:\/\/prcp.com.pe\/wp-content\/uploads\/2018\/11\/logo-2.jpg","contentUrl":"https:\/\/prcp.com.pe\/wp-content\/uploads\/2018\/11\/logo-2.jpg","width":459,"height":471,"caption":"Payet, Rey, Cauvi, P\u00e9rez Abogados"},"image":{"@id":"https:\/\/prcp.com.pe\/en\/#\/schema\/logo\/image\/"},"sameAs":["https:\/\/www.facebook.com\/prcpabogados\/","https:\/\/www.linkedin.com\/company\/prc\/","https:\/\/www.youtube.com\/channel\/UCbXFuuBk4-B26fdfYft3Oag"]}]}},"_links":{"self":[{"href":"https:\/\/prcp.com.pe\/en\/wp-json\/wp\/v2\/pages\/7699","targetHints":{"allow":["GET"]}}],"collection":[{"href":"https:\/\/prcp.com.pe\/en\/wp-json\/wp\/v2\/pages"}],"about":[{"href":"https:\/\/prcp.com.pe\/en\/wp-json\/wp\/v2\/types\/page"}],"author":[{"embeddable":true,"href":"https:\/\/prcp.com.pe\/en\/wp-json\/wp\/v2\/users\/3"}],"replies":[{"embeddable":true,"href":"https:\/\/prcp.com.pe\/en\/wp-json\/wp\/v2\/comments?post=7699"}],"version-history":[{"count":0,"href":"https:\/\/prcp.com.pe\/en\/wp-json\/wp\/v2\/pages\/7699\/revisions"}],"up":[{"embeddable":true,"href":"https:\/\/prcp.com.pe\/en\/wp-json\/wp\/v2\/pages\/7692"}],"wp:attachment":[{"href":"https:\/\/prcp.com.pe\/en\/wp-json\/wp\/v2\/media?parent=7699"}],"curies":[{"name":"wp","href":"https:\/\/api.w.org\/{rel}","templated":true}]}}