{"id":7676,"date":"2018-11-09T15:10:55","date_gmt":"2018-11-09T20:10:55","guid":{"rendered":"https:\/\/prcp.com.pe\/terminos-legales\/"},"modified":"2025-05-20T11:56:57","modified_gmt":"2025-05-20T16:56:57","slug":"legal-terms","status":"publish","type":"page","link":"https:\/\/prcp.com.pe\/en\/legal-terms\/","title":{"rendered":"Legal Terms"},"content":{"rendered":"<div class=\"wpb-content-wrapper\"><p>[vc_row][vc_column][vc_column_text]<u><b>1. T\u00c9RMINOS Y CONDICIONES DE USO<\/b><\/u><\/p>\n<p>Lea detenidamente estos T\u00e9rminos y Condiciones de Uso (en adelante \u201cT\u00e9rminos y Condiciones\u201d) antes de utilizar el sitio web de Payet, Rey, Cauvi, P\u00e9rez Abogados.<\/p>\n<p>Al acceder y utilizar este sitio web usted expresamente reconoce y acepta los siguientes T\u00e9rminos y Condiciones. Si no acepta estos T\u00e9rminos y Condiciones, por favor no utilice el sitio web.<\/p>\n<p>La informaci\u00f3n y materiales que constan en este sitio web son de propiedad de Payet, Rey, Cauvi, P\u00e9rez Abogados, o cuenta con los derechos de uso, por lo que salvo se indique lo contrario en estos T\u00e9rminos y Condiciones, no se podr\u00e1 modificar, copiar, distribuir, transmitir, mostrar, ejecutar, reproducir, publicar, conceder licencias, crear trabajos derivados, transferir o vender informaci\u00f3n, software, productos o servicios obtenidos en los materiales y\/o en el sitio web.<\/p>\n<p><u><b>Alcance de los T\u00e9rminos y Condiciones<\/b><\/u><\/p>\n<p>Estos T\u00e9rminos y Condiciones se aplican a todos los sitios web de Payet, Rey, Cauvi, P\u00e9rez Abogados, ya sea que se trate de un sitio patrocinado, administrado por intermedio de un tercero o alojado por un tercero.<\/p>\n<p><u><b>Cambios y actualizaciones<\/b><\/u><\/p>\n<p>Payet, Rey, Cauvi, P\u00e9rez Abogados se reserva el derecho de modificar o suspender, temporal o permanentemente, en cualquier momento y sin previo aviso, el Sitio web o materiales publicados en los mismos (todo o parte de ellos). Sin que ello genere derecho a reclamo o indemnizaci\u00f3n alguna a favor del usuario.<\/p>\n<p>Del mismo modo, Payet, Rey, Cauvi, P\u00e9rez Abogados se reserva el derecho de modificar estos T\u00e9rminos y Condiciones, as\u00ed como\u00a0 el dise\u00f1o, la presentaci\u00f3n o configuraci\u00f3n, los requisitos de registro o uso en el Sitio web, en cualquier momento y sin previo aviso ni comunicaci\u00f3n alguna. Sin que ello genere derecho a reclamo o indemnizaci\u00f3n alguna a favor del usuario.<\/p>\n<p><u><b>Exactitud, precisi\u00f3n y actualidad de la Informaci\u00f3n de este Sitio<\/b><\/u><\/p>\n<p>Payet, Rey, Cauvi, P\u00e9rez Abogados aclara que la informaci\u00f3n aqu\u00ed expuesta podr\u00eda no ser exacta, completa ni actualizada y que se entrega solo como referencia. Todo el material contenido en este sitio es proporcional a la informaci\u00f3n general y no debe utilizarse como la \u00fanica base para tomar decisiones. Confiar en este material ser\u00e1 bajo responsabilidad y riesgo de quien la utilice. Nos reservamos el derecho de modificar el contenido en cualquier momento. Convenimos que es su responsabilidad vigilar los cambios y actualizaciones.<\/p>\n<p><u><b>Propiedad Intelectual<\/b><\/u><\/p>\n<p>Payet, Rey, Cauvi, P\u00e9rez Abogados es el titular de todos los derechos leg\u00edtimos sobre el Sitio web y los materiales que en ellos se encuentren. Asimismo, Payet, Rey, Cauvi, P\u00e9rez Abogados es licenciatario de todos los nombres comerciales, marcas comerciales, marcas de servicios, marcas de productos, logotipos, nombres de dominio y otras caracter\u00edsticas distintivas de las marcas contenidas en ellos.<\/p>\n<p>Se proh\u00edbe cualquier copia, reproducci\u00f3n, modificaci\u00f3n, publicaci\u00f3n, carga, env\u00edo, transmisi\u00f3n o distribuci\u00f3n en modo alguno, salvo indicaci\u00f3n expresa en contrario. Payet, Rey, Cauvi, P\u00e9rez Abogados no concede derecho expreso alguno ni impl\u00edcito sobre las patentes, derechos de autor, marcas comerciales o informaci\u00f3n de secretos comerciales.<\/p>\n<p><u><b>USTED RECONOCE Y ACEPTA QUE<\/b><\/u><b>:<\/b><\/p>\n<p>\u2013 Ha le\u00eddo y acepta los t\u00e9rminos y condiciones de uso descritos anteriormente.<br \/>\n\u2013 El uso de los Sitios web y de los materiales publicados en los mismos corren por la cuenta y riesgo del usuario.<br \/>\n\u2013 Todo material descargado u obtenido de otro modo a trav\u00e9s del sitio web corre por la cuenta y riesgo del usuario, quien ser\u00e1 el \u00fanico responsable de los da\u00f1os que pueda sufrir su sistema inform\u00e1tico u otro dispositivo o la p\u00e9rdida de datos que derive de la descarga de ese material.<br \/>\n\u2013 En ning\u00fan caso ni Payet, Rey, Cauvi, P\u00e9rez Abogados, ni sus empleados, ni funcionarios ser\u00e1n responsables de da\u00f1o alguno derivado del uso de los Sitios web o de los materiales, o de la imposibilidad de uso de los mismos.<br \/>\n\u2013 En ning\u00fan caso ni Payet, Rey, Cauvi, P\u00e9rez Abogados, ni sus empleados, ni funcionarios, responder\u00e1n por da\u00f1os especiales, indirectos, incidentales o de cualquier otra naturaleza que deriven de lucro cesante, p\u00e9rdida de uso o p\u00e9rdida de datos, emergente del o en relaci\u00f3n con el uso o desempe\u00f1o del software, documentos, la prestaci\u00f3n o no de servicios o informaci\u00f3n disponible en el sitio web.[\/vc_column_text][\/vc_column][\/vc_row]<\/p>\n<\/div>","protected":false},"excerpt":{"rendered":"<p>[vc_row][vc_column][vc_column_text]1. T\u00c9RMINOS Y CONDICIONES DE USO Lea detenidamente estos T\u00e9rminos y Condiciones de Uso (en adelante \u201cT\u00e9rminos y Condiciones\u201d) antes de utilizar el sitio web de Payet, Rey, Cauvi, P\u00e9rez Abogados. Al acceder y utilizar este sitio web usted expresamente reconoce y acepta los siguientes T\u00e9rminos y Condiciones. Si no acepta estos T\u00e9rminos y Condiciones,&hellip;<\/p>\n","protected":false},"author":8,"featured_media":0,"parent":0,"menu_order":0,"comment_status":"closed","ping_status":"closed","template":"","meta":{"_acf_changed":false,"footnotes":""},"class_list":["post-7676","page","type-page","status-publish","hentry"],"acf":[],"yoast_head":"<!-- This site is optimized with the Yoast SEO plugin v27.0 - https:\/\/yoast.com\/product\/yoast-seo-wordpress\/ -->\n<title>Legal Terms - Payet, Rey, Cauvi, P\u00e9rez<\/title>\n<meta name=\"robots\" content=\"index, follow, max-snippet:-1, max-image-preview:large, max-video-preview:-1\" \/>\n<link rel=\"canonical\" href=\"https:\/\/prcp.com.pe\/en\/legal-terms\/\" \/>\n<meta property=\"og:locale\" content=\"en_US\" \/>\n<meta property=\"og:type\" content=\"article\" \/>\n<meta property=\"og:title\" content=\"Legal Terms - Payet, Rey, Cauvi, P\u00e9rez\" \/>\n<meta property=\"og:description\" content=\"[vc_row][vc_column][vc_column_text]1. T\u00c9RMINOS Y CONDICIONES DE USO Lea detenidamente estos T\u00e9rminos y Condiciones de Uso (en adelante \u201cT\u00e9rminos y Condiciones\u201d) antes de utilizar el sitio web de Payet, Rey, Cauvi, P\u00e9rez Abogados. Al acceder y utilizar este sitio web usted expresamente reconoce y acepta los siguientes T\u00e9rminos y Condiciones. Si no acepta estos T\u00e9rminos y Condiciones,&hellip;\" \/>\n<meta property=\"og:url\" content=\"https:\/\/prcp.com.pe\/en\/legal-terms\/\" \/>\n<meta property=\"og:site_name\" content=\"Payet, Rey, Cauvi, P\u00e9rez\" \/>\n<meta property=\"article:publisher\" content=\"https:\/\/www.facebook.com\/prcpabogados\/\" \/>\n<meta property=\"article:modified_time\" content=\"2025-05-20T16:56:57+00:00\" \/>\n<meta name=\"twitter:card\" content=\"summary_large_image\" \/>\n<meta name=\"twitter:label1\" content=\"Est. reading time\" \/>\n\t<meta name=\"twitter:data1\" content=\"4 minutes\" \/>\n<script type=\"application\/ld+json\" class=\"yoast-schema-graph\">{\"@context\":\"https:\/\/schema.org\",\"@graph\":[{\"@type\":\"WebPage\",\"@id\":\"https:\/\/prcp.com.pe\/en\/legal-terms\/\",\"url\":\"https:\/\/prcp.com.pe\/en\/legal-terms\/\",\"name\":\"Legal Terms - Payet, Rey, Cauvi, P\u00e9rez\",\"isPartOf\":{\"@id\":\"https:\/\/prcp.com.pe\/en\/#website\"},\"datePublished\":\"2018-11-09T20:10:55+00:00\",\"dateModified\":\"2025-05-20T16:56:57+00:00\",\"breadcrumb\":{\"@id\":\"https:\/\/prcp.com.pe\/en\/legal-terms\/#breadcrumb\"},\"inLanguage\":\"en-US\",\"potentialAction\":[{\"@type\":\"ReadAction\",\"target\":[\"https:\/\/prcp.com.pe\/en\/legal-terms\/\"]}]},{\"@type\":\"BreadcrumbList\",\"@id\":\"https:\/\/prcp.com.pe\/en\/legal-terms\/#breadcrumb\",\"itemListElement\":[{\"@type\":\"ListItem\",\"position\":1,\"name\":\"Portada\",\"item\":\"https:\/\/prcp.com.pe\/en\/\"},{\"@type\":\"ListItem\",\"position\":2,\"name\":\"Legal Terms\"}]},{\"@type\":\"WebSite\",\"@id\":\"https:\/\/prcp.com.pe\/en\/#website\",\"url\":\"https:\/\/prcp.com.pe\/en\/\",\"name\":\"Payet, Rey, Cauvi, P\u00e9rez\",\"description\":\"Payet, Rey, Cauvi, P\u00e9rez Abogados es uno de los estudios jur\u00eddicos l\u00edderes en el Per\u00fa, de reconocida experiencia y con una amplia trayectoria.\",\"publisher\":{\"@id\":\"https:\/\/prcp.com.pe\/en\/#organization\"},\"potentialAction\":[{\"@type\":\"SearchAction\",\"target\":{\"@type\":\"EntryPoint\",\"urlTemplate\":\"https:\/\/prcp.com.pe\/en\/?s={search_term_string}\"},\"query-input\":{\"@type\":\"PropertyValueSpecification\",\"valueRequired\":true,\"valueName\":\"search_term_string\"}}],\"inLanguage\":\"en-US\"},{\"@type\":\"Organization\",\"@id\":\"https:\/\/prcp.com.pe\/en\/#organization\",\"name\":\"Payet, Rey, Cauvi, P\u00e9rez Abogados\",\"url\":\"https:\/\/prcp.com.pe\/en\/\",\"logo\":{\"@type\":\"ImageObject\",\"inLanguage\":\"en-US\",\"@id\":\"https:\/\/prcp.com.pe\/en\/#\/schema\/logo\/image\/\",\"url\":\"https:\/\/prcp.com.pe\/wp-content\/uploads\/2018\/11\/logo-2.jpg\",\"contentUrl\":\"https:\/\/prcp.com.pe\/wp-content\/uploads\/2018\/11\/logo-2.jpg\",\"width\":459,\"height\":471,\"caption\":\"Payet, Rey, Cauvi, P\u00e9rez Abogados\"},\"image\":{\"@id\":\"https:\/\/prcp.com.pe\/en\/#\/schema\/logo\/image\/\"},\"sameAs\":[\"https:\/\/www.facebook.com\/prcpabogados\/\",\"https:\/\/www.linkedin.com\/company\/prc\/\",\"https:\/\/www.youtube.com\/channel\/UCbXFuuBk4-B26fdfYft3Oag\"]}]}<\/script>\n<!-- \/ Yoast SEO plugin. -->","yoast_head_json":{"title":"Legal Terms - Payet, Rey, Cauvi, P\u00e9rez","robots":{"index":"index","follow":"follow","max-snippet":"max-snippet:-1","max-image-preview":"max-image-preview:large","max-video-preview":"max-video-preview:-1"},"canonical":"https:\/\/prcp.com.pe\/en\/legal-terms\/","og_locale":"en_US","og_type":"article","og_title":"Legal Terms - Payet, Rey, Cauvi, P\u00e9rez","og_description":"[vc_row][vc_column][vc_column_text]1. T\u00c9RMINOS Y CONDICIONES DE USO Lea detenidamente estos T\u00e9rminos y Condiciones de Uso (en adelante \u201cT\u00e9rminos y Condiciones\u201d) antes de utilizar el sitio web de Payet, Rey, Cauvi, P\u00e9rez Abogados. Al acceder y utilizar este sitio web usted expresamente reconoce y acepta los siguientes T\u00e9rminos y Condiciones. Si no acepta estos T\u00e9rminos y Condiciones,&hellip;","og_url":"https:\/\/prcp.com.pe\/en\/legal-terms\/","og_site_name":"Payet, Rey, Cauvi, P\u00e9rez","article_publisher":"https:\/\/www.facebook.com\/prcpabogados\/","article_modified_time":"2025-05-20T16:56:57+00:00","twitter_card":"summary_large_image","twitter_misc":{"Est. reading time":"4 minutes"},"schema":{"@context":"https:\/\/schema.org","@graph":[{"@type":"WebPage","@id":"https:\/\/prcp.com.pe\/en\/legal-terms\/","url":"https:\/\/prcp.com.pe\/en\/legal-terms\/","name":"Legal Terms - Payet, Rey, Cauvi, P\u00e9rez","isPartOf":{"@id":"https:\/\/prcp.com.pe\/en\/#website"},"datePublished":"2018-11-09T20:10:55+00:00","dateModified":"2025-05-20T16:56:57+00:00","breadcrumb":{"@id":"https:\/\/prcp.com.pe\/en\/legal-terms\/#breadcrumb"},"inLanguage":"en-US","potentialAction":[{"@type":"ReadAction","target":["https:\/\/prcp.com.pe\/en\/legal-terms\/"]}]},{"@type":"BreadcrumbList","@id":"https:\/\/prcp.com.pe\/en\/legal-terms\/#breadcrumb","itemListElement":[{"@type":"ListItem","position":1,"name":"Portada","item":"https:\/\/prcp.com.pe\/en\/"},{"@type":"ListItem","position":2,"name":"Legal Terms"}]},{"@type":"WebSite","@id":"https:\/\/prcp.com.pe\/en\/#website","url":"https:\/\/prcp.com.pe\/en\/","name":"Payet, Rey, Cauvi, P\u00e9rez","description":"Payet, Rey, Cauvi, P\u00e9rez Abogados es uno de los estudios jur\u00eddicos l\u00edderes en el Per\u00fa, de reconocida experiencia y con una amplia trayectoria.","publisher":{"@id":"https:\/\/prcp.com.pe\/en\/#organization"},"potentialAction":[{"@type":"SearchAction","target":{"@type":"EntryPoint","urlTemplate":"https:\/\/prcp.com.pe\/en\/?s={search_term_string}"},"query-input":{"@type":"PropertyValueSpecification","valueRequired":true,"valueName":"search_term_string"}}],"inLanguage":"en-US"},{"@type":"Organization","@id":"https:\/\/prcp.com.pe\/en\/#organization","name":"Payet, Rey, Cauvi, P\u00e9rez Abogados","url":"https:\/\/prcp.com.pe\/en\/","logo":{"@type":"ImageObject","inLanguage":"en-US","@id":"https:\/\/prcp.com.pe\/en\/#\/schema\/logo\/image\/","url":"https:\/\/prcp.com.pe\/wp-content\/uploads\/2018\/11\/logo-2.jpg","contentUrl":"https:\/\/prcp.com.pe\/wp-content\/uploads\/2018\/11\/logo-2.jpg","width":459,"height":471,"caption":"Payet, Rey, Cauvi, P\u00e9rez Abogados"},"image":{"@id":"https:\/\/prcp.com.pe\/en\/#\/schema\/logo\/image\/"},"sameAs":["https:\/\/www.facebook.com\/prcpabogados\/","https:\/\/www.linkedin.com\/company\/prc\/","https:\/\/www.youtube.com\/channel\/UCbXFuuBk4-B26fdfYft3Oag"]}]}},"_links":{"self":[{"href":"https:\/\/prcp.com.pe\/en\/wp-json\/wp\/v2\/pages\/7676","targetHints":{"allow":["GET"]}}],"collection":[{"href":"https:\/\/prcp.com.pe\/en\/wp-json\/wp\/v2\/pages"}],"about":[{"href":"https:\/\/prcp.com.pe\/en\/wp-json\/wp\/v2\/types\/page"}],"author":[{"embeddable":true,"href":"https:\/\/prcp.com.pe\/en\/wp-json\/wp\/v2\/users\/8"}],"replies":[{"embeddable":true,"href":"https:\/\/prcp.com.pe\/en\/wp-json\/wp\/v2\/comments?post=7676"}],"version-history":[{"count":1,"href":"https:\/\/prcp.com.pe\/en\/wp-json\/wp\/v2\/pages\/7676\/revisions"}],"predecessor-version":[{"id":77353,"href":"https:\/\/prcp.com.pe\/en\/wp-json\/wp\/v2\/pages\/7676\/revisions\/77353"}],"wp:attachment":[{"href":"https:\/\/prcp.com.pe\/en\/wp-json\/wp\/v2\/media?parent=7676"}],"curies":[{"name":"wp","href":"https:\/\/api.w.org\/{rel}","templated":true}]}}