{"id":7552,"date":"2018-10-24T14:32:12","date_gmt":"2018-10-24T19:32:12","guid":{"rendered":"https:\/\/prcp.com.pe\/reconocimientos\/"},"modified":"2026-03-09T14:37:03","modified_gmt":"2026-03-09T19:37:03","slug":"acknowledgments","status":"publish","type":"page","link":"https:\/\/prcp.com.pe\/en\/about-us\/acknowledgments\/","title":{"rendered":"Acknowledgments"},"content":{"rendered":"<div class=\"wpb-content-wrapper\"><p>[vc_row][vc_column][lab_clients column_spacing=&#8221;yes&#8221; image_borders=&#8221;no&#8221; reveal_effect=&#8221;fadeIn&#8221; img_size=&#8221;full&#8221; height=&#8221;210&#8243; hover_bg=&#8221;#d7b5ab&#8221;][lab_clients_entry image=&#8221;78431&#8243; title=&#8221;Winner Chambers Latin America Awards 2026&#8243; description=&#8221;Winner as \u201cDEI Future Leader\u201d&#8221;][lab_clients_entry image=&#8221;78431&#8243; title=&#8221;Winner Chambers Latin America Awards 2026&#8243; description=&#8221;Winner as \u201cPro Bono Firm of the Year\u201d&#8221;][lab_clients_entry image=&#8221;78303&#8243; title=&#8221;Shortlisted Chambers Latin America Awards 2026&#8243; description=&#8221;Nominated as \u201cLaw Firm of the Year\u201d&#8221;][lab_clients_entry image=&#8221;78074&#8243; title=&#8221;Leading Lights Latin Lawyer&#8221; description=&#8221;Firm recognized by Latin Lawyer for its Pro Bono activity in 2025.&#8221;][lab_clients_entry image=&#8221;78068&#8243; title=&#8221;ITR World Tax 2025&#8243; description=&#8221;ITR World Tax 2025&#8243;][lab_clients_entry image=&#8221;78078&#8243; title=&#8221;IFLR 1000&#8243; description=&#8221;Top Tier firm in Peru 2025&#8243;][lab_clients_entry image=&#8221;78054&#8243; title=&#8221;Leaders League 2026&#8243; description=&#8221;Leading firm in Peru 2026&#8243;][lab_clients_entry image=&#8221;78006&#8243; title=&#8221;The Legal 500 Latin America&#8221; description=&#8221;Leading Firm in Peru 2026&#8243;][lab_clients_entry image=&#8221;77791&#8243; title=&#8221;Latin Lawyer Elite 2026&#8243; description=&#8221;Recognized among the leading firms in Latin America for our excellence service, leadership and management&#8221;][lab_clients_entry image=&#8221;77688&#8243; title=&#8221;Chambers Latin America 2026&#8243; description=&#8221;Recognized among the leading firms in Latin America in the 2026 Edition of the Chambers Latin America Guide&#8221;][lab_clients_entry image=&#8221;76920&#8243; title=&#8221;IFLR 1000&#8243; description=&#8221;Top Tier firm in Peru 2024&#8243;][lab_clients_entry image=&#8221;76893&#8243; title=&#8221;Leaders League 2025&#8243; description=&#8221;Leading firm in Peru 2025&#8243;][lab_clients_entry image=&#8221;76784&#8243; title=&#8221;GCR 100&#8243; description=&#8221;The only full-service firm recognized as &#8220;Elite&#8220; by GCR100 2025 in Peru.&#8221;][lab_clients_entry image=&#8221;76725&#8243; title=&#8221;Legal Marcom 2024&#8243; description=&#8221;Winners of Best Female Leadership Initiative and Best ESG Action.&#8221;][lab_clients_entry image=&#8221;76674&#8243; title=&#8221;Leading Lights Latin Lawyer&#8221; description=&#8221;Firm recognized by Latin Lawyer for its Pro Bono activity in 2024.&#8221;][lab_clients_entry image=&#8221;76269&#8243; title=&#8221;Chambers Latin America 2025&#8243; description=&#8221;Recognized among the leading firms in Latin America in the 2025 Edition of the Chambers Latin America Guide&#8221;][lab_clients_entry image=&#8221;75643&#8243; title=&#8221;The Legal 500 Latin America&#8221; description=&#8221;Leading Firm in Peru 2024&#8243;][lab_clients_entry image=&#8221;76502&#8243; title=&#8221;The Legal 500 Latin America&#8221; description=&#8221;Leading Firm in Peru 2025&#8243;][lab_clients_entry image=&#8221;76350&#8243; title=&#8221;Latin Lawyer Elite 2025&#8243; description=&#8221;Recognized among the leading firms in Latin America for our excellence service, leadership and management&#8221;][lab_clients_entry image=&#8221;63506&#8243; title=&#8221;Legal Marcom 2022&#8243; description=&#8221;Best Solidarity Initiative LATAM and Best ESG Action LATAM&#8221;][lab_clients_entry image=&#8221;62378&#8243; title=&#8221;The Legal 500 Latin America&#8221; description=&#8221;Leading Firm in Peru 2023&#8243;][lab_clients_entry image=&#8221;60535&#8243; title=&#8221;Chambers Latin America 2023&#8243; description=&#8221;Recognized among the leading firms in Latin America in the 2023 Edition of the Chambers Latin America Guide&#8221;][lab_clients_entry image=&#8221;60409&#8243; title=&#8221;Latin Lawyer Elite 2023&#8243; description=&#8221;Recognized among the leading firms in Latin America for our excellence service, leadership and management&#8221;][lab_clients_entry image=&#8221;51882&#8243; title=&#8221;Leading Lights Latin Lawyer&#8221; description=&#8221;Firm recognized by Latin Lawyer for its ProBono 2021 activity&#8221;][lab_clients_entry image=&#8221;49652&#8243; title=&#8221;Leaders League 2022&#8243; description=&#8221;Leading Firm in Peru 2022&#8243;][lab_clients_entry image=&#8221;49479&#8243; title=&#8221;The Legal 500 Latin America&#8221; description=&#8221;Leading Firm in Peru 2022&#8243;][lab_clients_entry image=&#8221;48515&#8243; title=&#8221;IFLR1000&#8243; description=&#8221;Leading Firm in Peru 2022&#8243;][lab_clients_entry image=&#8221;48155&#8243; title=&#8221;Chambers Latin America 2022&#8243; description=&#8221;Shortlisted for the Chambers Latin America Awards 2022&#8243;][lab_clients_entry image=&#8221;48149&#8243; title=&#8221;Leaders League 2021&#8243; description=&#8221;Leading Firm in Peru 2021&#8243;][lab_clients_entry image=&#8221;48146&#8243; title=&#8221;Latin Lawyer Elite 2021&#8243; description=&#8221;Recognized among the leading firms in Latin America for our excellence service, leadership and management&#8221;][lab_clients_entry image=&#8221;48137&#8243; title=&#8221;IFLR1000&#8243; description=&#8221;Leading Firm in Peru 2021&#8243;][lab_clients_entry image=&#8221;48143&#8243; title=&#8221;The Legal 500 Latin America&#8221; description=&#8221;Leading Firm in Peru 2021&#8243;][lab_clients_entry image=&#8221;48152&#8243; title=&#8221;Highly Commended Firm for Diversity &amp; Inclusion (Latin America)&#8221; description=&#8221;We obtained the highest number of awards and distinctions among Latin American firms&#8221;][lab_clients_entry image=&#8221;48122&#8243; title=&#8221;Law Firm of the Year: Andes&#8221; description=&#8221;Recognized by LatinFinance for our outstanding work on the most important financial transactions and advisories of 2020&#8243;][lab_clients_entry image=&#8221;48179&#8243; title=&#8221;Leading Lights Latin Lawyer&#8221; description=&#8221;Firm recognized by Latin Lawyer for its ProBono 2020 activity.&#8221;][lab_clients_entry image=&#8221;32769&#8243; title=&#8221;Latin Lawyer National&#8221; description=&#8221;Leading Firm recognized by Latin Lawyer National 2020&#8243;][lab_clients_entry image=&#8221;31230&#8243; title=&#8221;Chambers Latin America 2021&#8243; description=&#8221;Shortlisted for the Chambers Latin America Awards for Excellence 2021&#8243;][lab_clients_entry image=&#8221;17914&#8243; title=&#8221;Leading Lights Latin Lawyer&#8221; description=&#8221;Firm recognized by Latin Lawyer for its ProBono 2019 activity&#8221;][lab_clients_entry image=&#8221;17911&#8243; title=&#8221;GCR 100&#8243; description=&#8221;Only full service firm recognized as &#8220;Elite&#8220; by GCR100 in Peru.&#8221;][lab_clients_entry image=&#8221;16495&#8243; title=&#8221;Latin Lawyer Elite 2019&#8243; description=&#8221;Leading Firm in Peru 2019&#8243;][lab_clients_entry image=&#8221;16497&#8243; title=&#8221;Chambers Latin America 2020&#8243; description=&#8221;Nominated for the Chambers Latin America Awards for Excellence 2020&#8243;][lab_clients_entry image=&#8221;16499&#8243; title=&#8221;The Legal 500 Latin America&#8221; description=&#8221;Leading Firm in Peru 2019&#8243;][lab_clients_entry image=&#8221;16501&#8243; title=&#8221;IFLR 1000&#8243; description=&#8221;Leading Firm in Peru 2019&#8243;][lab_clients_entry image=&#8221;16503&#8243; title=&#8221;Chambers Latin America 2019 &#8211; Leading Firm&#8221; description=&#8221;Shortlisted for the Chambers Latin America Awards for Excellence 2019&#8243;][lab_clients_entry image=&#8221;16505&#8243; title=&#8221;The Legal 500 Latin America&#8221; description=&#8221;Leading Firm in Peru 2018&#8243;][lab_clients_entry image=&#8221;16507&#8243; title=&#8221;IFLR 1000&#8243; description=&#8221;Leading Firm in Peru 2018&#8243;][lab_clients_entry image=&#8221;16509&#8243; title=&#8221;Chambers Latin America 2018 &#8211; Leading firm&#8221; description=&#8221;Nominated for the Chambers Latin America Awards for Excellence 2018&#8243;][lab_clients_entry image=&#8221;16511&#8243; title=&#8221;IFLR 1000&#8243; description=&#8221;Leading Firm in Peru 2018&#8243;][lab_clients_entry image=&#8221;16513&#8243; title=&#8221;Latin Lawyer 250&#8243; description=&#8221;Recommended Firm in Peru 2017&#8243;][lab_clients_entry image=&#8221;16515&#8243; title=&#8221;The Legal 500 Latin America&#8221; description=&#8221;Leading Firm in Peru 2017&#8243;][lab_clients_entry image=&#8221;16517&#8243; title=&#8221;Chambers and Partners Latin America 2017 &#8211; Shortlisted&#8221; description=&#8221;Nominated for the Chambers Latin America Awards for Excellence 2017&#8243;][lab_clients_entry image=&#8221;16519&#8243; title=&#8221;The Legal 500 Latin America&#8221; description=&#8221;Leading Firm in Peru 2016&#8243;][lab_clients_entry image=&#8221;16521&#8243; title=&#8221;Chambers and Partners Latin America 2016&#8243; description=&#8221;Nominated for the Chambers Latin America Awards for Excellence 2016&#8243;][lab_clients_entry image=&#8221;16523&#8243; title=&#8221;Latin Lawyer 250&#8243; description=&#8221;Recommended Firm in Peru 2016&#8243;][lab_clients_entry image=&#8221;16550&#8243; title=&#8221;Chambers Latin America 2016&#8243; description=&#8221;Recommended Firm in Peru 2016&#8243;][lab_clients_entry image=&#8221;16527&#8243; title=&#8221;IFLR 1000&#8243; description=&#8221;Recommended Firm in Peru in Corporate and Financial Law 2016&#8243;][lab_clients_entry image=&#8221;16529&#8243; title=&#8221;Latin Lawyer 250&#8243; description=&#8221;Recommended Firm in Peru 2015&#8243;][lab_clients_entry image=&#8221;16531&#8243; title=&#8221;Chambers Latin America Awards 2015&#8243; description=&#8221;Nominated for the Chambers Latin America Awards for Excellence 2015&#8243;][lab_clients_entry image=&#8221;16533&#8243; title=&#8221;The Legal 500&#8243; description=&#8221;Leading Firm in Peru 2015&#8243;][lab_clients_entry image=&#8221;16535&#8243; title=&#8221;IFLR 1000&#8243; description=&#8221;Recommended Firm in Latin America in Energy and Infrastructure 2015&#8243;][lab_clients_entry image=&#8221;16547&#8243; title=&#8221;Chambers Latin America 2015&#8243; description=&#8221;Recommended Firm in Peru 2015&#8243;][lab_clients_entry image=&#8221;16539&#8243; title=&#8221;IFLR 1000&#8243; description=&#8221;Leading Firm in Peru in Financial and Corporate Law 2015&#8243;][\/lab_clients][\/vc_column][\/vc_row][vc_row css=&#8221;.vc_custom_1540411791936{padding-left: 200px !important;}&#8221;][vc_column][\/vc_column][\/vc_row]<\/p>\n<\/div>","protected":false},"excerpt":{"rendered":"<p>[vc_row][vc_column][lab_clients column_spacing=&#8221;yes&#8221; image_borders=&#8221;no&#8221; reveal_effect=&#8221;fadeIn&#8221; img_size=&#8221;full&#8221; height=&#8221;210&#8243; hover_bg=&#8221;#d7b5ab&#8221;][lab_clients_entry image=&#8221;78431&#8243; title=&#8221;Winner Chambers Latin America Awards 2026&#8243; description=&#8221;Winner as \u201cDEI Future Leader\u201d&#8221;][lab_clients_entry image=&#8221;78431&#8243; title=&#8221;Winner Chambers Latin America Awards 2026&#8243; description=&#8221;Winner as \u201cPro Bono Firm of the Year\u201d&#8221;][lab_clients_entry image=&#8221;78303&#8243; title=&#8221;Shortlisted Chambers Latin America Awards 2026&#8243; description=&#8221;Nominated as \u201cLaw Firm of the Year\u201d&#8221;][lab_clients_entry image=&#8221;78074&#8243; title=&#8221;Leading Lights Latin Lawyer&#8221; description=&#8221;Firm recognized&hellip;<\/p>\n","protected":false},"author":11,"featured_media":0,"parent":7531,"menu_order":0,"comment_status":"closed","ping_status":"closed","template":"page-templates\/page-we.php","meta":{"_acf_changed":false,"footnotes":""},"class_list":["post-7552","page","type-page","status-publish","hentry"],"acf":[],"yoast_head":"<!-- This site is optimized with the Yoast SEO plugin v27.0 - https:\/\/yoast.com\/product\/yoast-seo-wordpress\/ -->\n<title>Acknowledgments - Payet, Rey, Cauvi, P\u00e9rez<\/title>\n<meta name=\"robots\" content=\"index, follow, max-snippet:-1, max-image-preview:large, max-video-preview:-1\" \/>\n<link rel=\"canonical\" href=\"https:\/\/prcp.com.pe\/en\/about-us\/acknowledgments\/\" \/>\n<meta property=\"og:locale\" content=\"en_US\" \/>\n<meta property=\"og:type\" content=\"article\" \/>\n<meta property=\"og:title\" content=\"Acknowledgments - Payet, Rey, Cauvi, P\u00e9rez\" \/>\n<meta property=\"og:description\" content=\"[vc_row][vc_column][lab_clients column_spacing=&#8221;yes&#8221; image_borders=&#8221;no&#8221; reveal_effect=&#8221;fadeIn&#8221; img_size=&#8221;full&#8221; height=&#8221;210&#8243; hover_bg=&#8221;#d7b5ab&#8221;][lab_clients_entry image=&#8221;78431&#8243; title=&#8221;Winner Chambers Latin America Awards 2026&#8243; description=&#8221;Winner as \u201cDEI Future Leader\u201d&#8221;][lab_clients_entry image=&#8221;78431&#8243; title=&#8221;Winner Chambers Latin America Awards 2026&#8243; description=&#8221;Winner as \u201cPro Bono Firm of the Year\u201d&#8221;][lab_clients_entry image=&#8221;78303&#8243; title=&#8221;Shortlisted Chambers Latin America Awards 2026&#8243; description=&#8221;Nominated as \u201cLaw Firm of the Year\u201d&#8221;][lab_clients_entry image=&#8221;78074&#8243; title=&#8221;Leading Lights Latin Lawyer&#8221; description=&#8221;Firm recognized&hellip;\" \/>\n<meta property=\"og:url\" content=\"https:\/\/prcp.com.pe\/en\/about-us\/acknowledgments\/\" \/>\n<meta property=\"og:site_name\" content=\"Payet, Rey, Cauvi, P\u00e9rez\" \/>\n<meta property=\"article:publisher\" content=\"https:\/\/www.facebook.com\/prcpabogados\/\" \/>\n<meta property=\"article:modified_time\" content=\"2026-03-09T19:37:03+00:00\" \/>\n<meta name=\"twitter:card\" content=\"summary_large_image\" \/>\n<meta name=\"twitter:label1\" content=\"Est. reading time\" \/>\n\t<meta name=\"twitter:data1\" content=\"17 minutes\" \/>\n<script type=\"application\/ld+json\" class=\"yoast-schema-graph\">{\"@context\":\"https:\/\/schema.org\",\"@graph\":[{\"@type\":\"WebPage\",\"@id\":\"https:\/\/prcp.com.pe\/en\/about-us\/acknowledgments\/\",\"url\":\"https:\/\/prcp.com.pe\/en\/about-us\/acknowledgments\/\",\"name\":\"Acknowledgments - Payet, Rey, Cauvi, P\u00e9rez\",\"isPartOf\":{\"@id\":\"https:\/\/prcp.com.pe\/en\/#website\"},\"datePublished\":\"2018-10-24T19:32:12+00:00\",\"dateModified\":\"2026-03-09T19:37:03+00:00\",\"breadcrumb\":{\"@id\":\"https:\/\/prcp.com.pe\/en\/about-us\/acknowledgments\/#breadcrumb\"},\"inLanguage\":\"en-US\",\"potentialAction\":[{\"@type\":\"ReadAction\",\"target\":[\"https:\/\/prcp.com.pe\/en\/about-us\/acknowledgments\/\"]}]},{\"@type\":\"BreadcrumbList\",\"@id\":\"https:\/\/prcp.com.pe\/en\/about-us\/acknowledgments\/#breadcrumb\",\"itemListElement\":[{\"@type\":\"ListItem\",\"position\":1,\"name\":\"Portada\",\"item\":\"https:\/\/prcp.com.pe\/en\/\"},{\"@type\":\"ListItem\",\"position\":2,\"name\":\"About Us\",\"item\":\"https:\/\/prcp.com.pe\/en\/nosotros\/\"},{\"@type\":\"ListItem\",\"position\":3,\"name\":\"Acknowledgments\"}]},{\"@type\":\"WebSite\",\"@id\":\"https:\/\/prcp.com.pe\/en\/#website\",\"url\":\"https:\/\/prcp.com.pe\/en\/\",\"name\":\"Payet, Rey, Cauvi, P\u00e9rez\",\"description\":\"Payet, Rey, Cauvi, P\u00e9rez Abogados es uno de los estudios jur\u00eddicos l\u00edderes en el Per\u00fa, de reconocida experiencia y con una amplia trayectoria.\",\"publisher\":{\"@id\":\"https:\/\/prcp.com.pe\/en\/#organization\"},\"potentialAction\":[{\"@type\":\"SearchAction\",\"target\":{\"@type\":\"EntryPoint\",\"urlTemplate\":\"https:\/\/prcp.com.pe\/en\/?s={search_term_string}\"},\"query-input\":{\"@type\":\"PropertyValueSpecification\",\"valueRequired\":true,\"valueName\":\"search_term_string\"}}],\"inLanguage\":\"en-US\"},{\"@type\":\"Organization\",\"@id\":\"https:\/\/prcp.com.pe\/en\/#organization\",\"name\":\"Payet, Rey, Cauvi, P\u00e9rez Abogados\",\"url\":\"https:\/\/prcp.com.pe\/en\/\",\"logo\":{\"@type\":\"ImageObject\",\"inLanguage\":\"en-US\",\"@id\":\"https:\/\/prcp.com.pe\/en\/#\/schema\/logo\/image\/\",\"url\":\"https:\/\/prcp.com.pe\/wp-content\/uploads\/2018\/11\/logo-2.jpg\",\"contentUrl\":\"https:\/\/prcp.com.pe\/wp-content\/uploads\/2018\/11\/logo-2.jpg\",\"width\":459,\"height\":471,\"caption\":\"Payet, Rey, Cauvi, P\u00e9rez Abogados\"},\"image\":{\"@id\":\"https:\/\/prcp.com.pe\/en\/#\/schema\/logo\/image\/\"},\"sameAs\":[\"https:\/\/www.facebook.com\/prcpabogados\/\",\"https:\/\/www.linkedin.com\/company\/prc\/\",\"https:\/\/www.youtube.com\/channel\/UCbXFuuBk4-B26fdfYft3Oag\"]}]}<\/script>\n<!-- \/ Yoast SEO plugin. -->","yoast_head_json":{"title":"Acknowledgments - Payet, Rey, Cauvi, P\u00e9rez","robots":{"index":"index","follow":"follow","max-snippet":"max-snippet:-1","max-image-preview":"max-image-preview:large","max-video-preview":"max-video-preview:-1"},"canonical":"https:\/\/prcp.com.pe\/en\/about-us\/acknowledgments\/","og_locale":"en_US","og_type":"article","og_title":"Acknowledgments - Payet, Rey, Cauvi, P\u00e9rez","og_description":"[vc_row][vc_column][lab_clients column_spacing=&#8221;yes&#8221; image_borders=&#8221;no&#8221; reveal_effect=&#8221;fadeIn&#8221; img_size=&#8221;full&#8221; height=&#8221;210&#8243; hover_bg=&#8221;#d7b5ab&#8221;][lab_clients_entry image=&#8221;78431&#8243; title=&#8221;Winner Chambers Latin America Awards 2026&#8243; description=&#8221;Winner as \u201cDEI Future Leader\u201d&#8221;][lab_clients_entry image=&#8221;78431&#8243; title=&#8221;Winner Chambers Latin America Awards 2026&#8243; description=&#8221;Winner as \u201cPro Bono Firm of the Year\u201d&#8221;][lab_clients_entry image=&#8221;78303&#8243; title=&#8221;Shortlisted Chambers Latin America Awards 2026&#8243; description=&#8221;Nominated as \u201cLaw Firm of the Year\u201d&#8221;][lab_clients_entry image=&#8221;78074&#8243; title=&#8221;Leading Lights Latin Lawyer&#8221; description=&#8221;Firm recognized&hellip;","og_url":"https:\/\/prcp.com.pe\/en\/about-us\/acknowledgments\/","og_site_name":"Payet, Rey, Cauvi, P\u00e9rez","article_publisher":"https:\/\/www.facebook.com\/prcpabogados\/","article_modified_time":"2026-03-09T19:37:03+00:00","twitter_card":"summary_large_image","twitter_misc":{"Est. reading time":"17 minutes"},"schema":{"@context":"https:\/\/schema.org","@graph":[{"@type":"WebPage","@id":"https:\/\/prcp.com.pe\/en\/about-us\/acknowledgments\/","url":"https:\/\/prcp.com.pe\/en\/about-us\/acknowledgments\/","name":"Acknowledgments - Payet, Rey, Cauvi, P\u00e9rez","isPartOf":{"@id":"https:\/\/prcp.com.pe\/en\/#website"},"datePublished":"2018-10-24T19:32:12+00:00","dateModified":"2026-03-09T19:37:03+00:00","breadcrumb":{"@id":"https:\/\/prcp.com.pe\/en\/about-us\/acknowledgments\/#breadcrumb"},"inLanguage":"en-US","potentialAction":[{"@type":"ReadAction","target":["https:\/\/prcp.com.pe\/en\/about-us\/acknowledgments\/"]}]},{"@type":"BreadcrumbList","@id":"https:\/\/prcp.com.pe\/en\/about-us\/acknowledgments\/#breadcrumb","itemListElement":[{"@type":"ListItem","position":1,"name":"Portada","item":"https:\/\/prcp.com.pe\/en\/"},{"@type":"ListItem","position":2,"name":"About Us","item":"https:\/\/prcp.com.pe\/en\/nosotros\/"},{"@type":"ListItem","position":3,"name":"Acknowledgments"}]},{"@type":"WebSite","@id":"https:\/\/prcp.com.pe\/en\/#website","url":"https:\/\/prcp.com.pe\/en\/","name":"Payet, Rey, Cauvi, P\u00e9rez","description":"Payet, Rey, Cauvi, P\u00e9rez Abogados es uno de los estudios jur\u00eddicos l\u00edderes en el Per\u00fa, de reconocida experiencia y con una amplia trayectoria.","publisher":{"@id":"https:\/\/prcp.com.pe\/en\/#organization"},"potentialAction":[{"@type":"SearchAction","target":{"@type":"EntryPoint","urlTemplate":"https:\/\/prcp.com.pe\/en\/?s={search_term_string}"},"query-input":{"@type":"PropertyValueSpecification","valueRequired":true,"valueName":"search_term_string"}}],"inLanguage":"en-US"},{"@type":"Organization","@id":"https:\/\/prcp.com.pe\/en\/#organization","name":"Payet, Rey, Cauvi, P\u00e9rez Abogados","url":"https:\/\/prcp.com.pe\/en\/","logo":{"@type":"ImageObject","inLanguage":"en-US","@id":"https:\/\/prcp.com.pe\/en\/#\/schema\/logo\/image\/","url":"https:\/\/prcp.com.pe\/wp-content\/uploads\/2018\/11\/logo-2.jpg","contentUrl":"https:\/\/prcp.com.pe\/wp-content\/uploads\/2018\/11\/logo-2.jpg","width":459,"height":471,"caption":"Payet, Rey, Cauvi, P\u00e9rez Abogados"},"image":{"@id":"https:\/\/prcp.com.pe\/en\/#\/schema\/logo\/image\/"},"sameAs":["https:\/\/www.facebook.com\/prcpabogados\/","https:\/\/www.linkedin.com\/company\/prc\/","https:\/\/www.youtube.com\/channel\/UCbXFuuBk4-B26fdfYft3Oag"]}]}},"_links":{"self":[{"href":"https:\/\/prcp.com.pe\/en\/wp-json\/wp\/v2\/pages\/7552","targetHints":{"allow":["GET"]}}],"collection":[{"href":"https:\/\/prcp.com.pe\/en\/wp-json\/wp\/v2\/pages"}],"about":[{"href":"https:\/\/prcp.com.pe\/en\/wp-json\/wp\/v2\/types\/page"}],"author":[{"embeddable":true,"href":"https:\/\/prcp.com.pe\/en\/wp-json\/wp\/v2\/users\/11"}],"replies":[{"embeddable":true,"href":"https:\/\/prcp.com.pe\/en\/wp-json\/wp\/v2\/comments?post=7552"}],"version-history":[{"count":28,"href":"https:\/\/prcp.com.pe\/en\/wp-json\/wp\/v2\/pages\/7552\/revisions"}],"predecessor-version":[{"id":78436,"href":"https:\/\/prcp.com.pe\/en\/wp-json\/wp\/v2\/pages\/7552\/revisions\/78436"}],"up":[{"embeddable":true,"href":"https:\/\/prcp.com.pe\/en\/wp-json\/wp\/v2\/pages\/7531"}],"wp:attachment":[{"href":"https:\/\/prcp.com.pe\/en\/wp-json\/wp\/v2\/media?parent=7552"}],"curies":[{"name":"wp","href":"https:\/\/api.w.org\/{rel}","templated":true}]}}