{"id":7513,"date":"2018-11-06T09:57:58","date_gmt":"2018-11-06T14:57:58","guid":{"rendered":"https:\/\/prcp.com.pe\/beca-fml\/sobre-la-beca\/"},"modified":"2025-10-15T11:44:33","modified_gmt":"2025-10-15T16:44:33","slug":"about-the-scholarship-old","status":"publish","type":"page","link":"https:\/\/prcp.com.pe\/en\/about-the-scholarship-old\/","title":{"rendered":"About the Scholarship Old"},"content":{"rendered":"<div class=\"wpb-content-wrapper\"><p>[vc_row][vc_column][vc_raw_html css=&#8221;&#8221;]JTNDZGl2JTIwc3R5bGUlM0QlMjJ3aWR0aCUzQSUyMDEwMCUyNSUzQiUyMiUzRSUwRCUwQSUzQ2RpdiUyMGNsYXNzJTNEJTIyaW1nLWJlY2FzJTIyJTNFJTNDaW1nJTIwZGVjb2RpbmclM0QlMjJhc3luYyUyMiUyMHN0eWxlJTNEJTIyaGVpZ2h0JTNBJTIwMTAwJTI1JTNCJTIwd2lkdGglM0ElMjAxMDAlMjUlM0IlMjIlMjBzcmMlM0QlMjJodHRwcyUzQSUyRiUyRnByY3AuY29tLnBlJTJGd3AtY29udGVudCUyRnVwbG9hZHMlMkYyMDIzJTJGMDclMkZpbWctcHJjcC5qcGclMjIlM0UlM0MlMkZkaXYlM0UlMEQlMEElM0NkaXYlMjBjbGFzcyUzRCUyMmNhamEtdGV4dG8lMjIlM0UlMEQlMEElM0NkaXYlMjBzdHlsZSUzRCUyMndpZHRoJTNBJTIwMTAwJTI1JTNCJTIyJTNFJTBEJTBBJTNDZGl2JTIwY2xhc3MlM0QlMjJ0ZXh0LWxhdGVyYWwlMjIlM0VCJTNDYnIlM0VFJTNDYnIlM0VDJTNDYnIlM0VBJTNDJTJGZGl2JTNFJTBEJTBBJTNDZGl2JTIwY2xhc3MlM0QlMjJ0aXRsZS1jYWphJTIyJTNFJTBEJTBBJTNDaDElMjBzdHlsZSUzRCUyMmZvbnQtd2VpZ2h0JTNBJTIwYm9sZCUzQiUyMG1hcmdpbi10b3AlM0ElMjAtNHB4JTNCJTIwbGluZS1oZWlnaHQlM0ElMjAzMnB4JTNCJTIyJTNFRnJhbmNpc2NvJTIwTGlyYSUzQ2JyJTNFTWlyJUMzJUIzJTIwUXVlc2FkYSUzQyUyRmgxJTNFJTBEJTBBJTNDJTJGZGl2JTNFJTBEJTBBJTNDJTJGZGl2JTNFJTBEJTBBJTNDZGl2JTIwc3R5bGUlM0QlMjJjbGVhciUzQSUyMGJvdGglM0IlMjIlM0UlM0MlMkZkaXYlM0UlMEQlMEElM0NkaXYlMjBzdHlsZSUzRCUyMndpZHRoJTNBJTIwMTAwJTI1JTNCJTIwdGV4dC1hbGlnbiUzQSUyMGp1c3RpZnklM0IlMjIlM0VDb21tZW1vcmF0aW5nJTIwRnJhbmNpc2NvJTJDJTIwaGlzJTIwbGlmZSUyMGFuZCUyMGhpcyUyMGluZmx1ZW5jZSUyQyUyMFBheWV0JTJDJTIwUmV5JTJDJTIwQ2F1dmklMkMlMjBQJUMzJUE5cmV6JTIwQWJvZ2Fkb3MlMjBlc3RhYmxpc2hlZCUyMHRoZSUyMEZyYW5jaXNjbyUyMExpcmElMjBNaXIlQzMlQjMlMjBRdWVzYWRhJTIwU2Nob2xhcnNoaXAlMkMlMjB3aGljaCUyMGdyYW50cyUyMGZpbmFuY2lhbCUyMHN1cHBvcnQlMjB0byUyMG91dHN0YW5kaW5nJTIwYWNhZGVtaWMlMjBzdHVkZW50cyUyMHdpdGglMjBsaW1pdGVkJTIwcmVzb3VyY2VzJTIwZW5yb2xsZWQlMjBhdCUyMHRoZSUyMExhdyUyMFNjaG9vbCUyMG9mJTIwUG9udGlmaWNpYSUyMFVuaXZlcnNpZGFkJTIwQ2F0JUMzJUIzbGljYSUyMGRlbCUyMFBlciVDMyVCQS4lM0MlMkZkaXYlM0UlMEQlMEElM0MlMkZkaXYlM0UlMEQlMEElM0MlMkZkaXYlM0U=[\/vc_raw_html][\/vc_column][\/vc_row][vc_row][vc_column][vc_tta_accordion style=&#8221;flat&#8221; color=&#8221;white&#8221; c_position=&#8221;right&#8221; active_section=&#8221;1&#8243;][vc_tta_section title=&#8221;Benefits&#8221; tab_id=&#8221;1755886413230-c7009124-d2c5&#8243;][vc_column_text css=&#8221;&#8221;]<\/p>\n<ul>\n<li>100% coverage of the academic credits for each cycle<\/li>\n<li>100% coverage of tuition fees<\/li>\n<li>Accident insurance<\/li>\n<li>National cancer insurance<\/li>\n<li>Grant for books and materials<\/li>\n<li>Grant for living expenses<\/li>\n<li>Grant to study English or a comparable language.<\/li>\n<\/ul>\n<p>[\/vc_column_text][\/vc_tta_section][vc_tta_section title=&#8221;Requirements&#8221; tab_id=&#8221;1755886413233-9fef9d99-62c6&#8243;][vc_column_text css=&#8221;&#8221;]<\/p>\n<ul>\n<li>In the top tenth of the Law School according to the Standardized Academic Performance Coefficient (CRAest) of the university<\/li>\n<li>Belong to scales 1 or 2 of the university\u2019s differentiated pension system<\/li>\n<\/ul>\n<p>[\/vc_column_text][\/vc_tta_section][vc_tta_section title=&#8221;Duration&#8221; tab_id=&#8221;1755886560071-18d270ca-32af&#8221;][vc_column_text css=&#8221;&#8221;]<\/p>\n<ul>\n<li>The scholarship can last until the student completes the Curriculum of the Law School. The scholarship is renewed annually and is approved by the Scholarship Commission.<\/li>\n<\/ul>\n<p>[\/vc_column_text][\/vc_tta_section][vc_tta_section title=&#8221;Availability&#8221; tab_id=&#8221;1755886606504-4385133e-623d&#8221;][vc_column_text css=&#8221;&#8221;]<\/p>\n<ul>\n<li>Payet, Rey, Cauvi, P\u00e9rez Abogados grants 1 scholarship for this program<\/li>\n<\/ul>\n<p>[\/vc_column_text][\/vc_tta_section][vc_tta_section title=&#8221;How to Apply&#8221; tab_id=&#8221;1755886639518-39f1a35a-bad5&#8243;][vc_column_text css=&#8221;&#8221;]<\/p>\n<ul>\n<li>The Office of Scholarships at Pontificia Universidad Cat\u00f3lica del Per\u00fa accepts applications for the FLM Scholarship in coordination with Payet, Rey, Cauvi, P\u00e9rez Abogados<\/li>\n<\/ul>\n<p>[\/vc_column_text][\/vc_tta_section][\/vc_tta_accordion][\/vc_column][\/vc_row]<\/p>\n<\/div>","protected":false},"excerpt":{"rendered":"<p>[vc_row][vc_column][vc_raw_html css=&#8221;&#8221;]JTNDZGl2JTIwc3R5bGUlM0QlMjJ3aWR0aCUzQSUyMDEwMCUyNSUzQiUyMiUzRSUwRCUwQSUzQ2RpdiUyMGNsYXNzJTNEJTIyaW1nLWJlY2FzJTIyJTNFJTNDaW1nJTIwZGVjb2RpbmclM0QlMjJhc3luYyUyMiUyMHN0eWxlJTNEJTIyaGVpZ2h0JTNBJTIwMTAwJTI1JTNCJTIwd2lkdGglM0ElMjAxMDAlMjUlM0IlMjIlMjBzcmMlM0QlMjJodHRwcyUzQSUyRiUyRnByY3AuY29tLnBlJTJGd3AtY29udGVudCUyRnVwbG9hZHMlMkYyMDIzJTJGMDclMkZpbWctcHJjcC5qcGclMjIlM0UlM0MlMkZkaXYlM0UlMEQlMEElM0NkaXYlMjBjbGFzcyUzRCUyMmNhamEtdGV4dG8lMjIlM0UlMEQlMEElM0NkaXYlMjBzdHlsZSUzRCUyMndpZHRoJTNBJTIwMTAwJTI1JTNCJTIyJTNFJTBEJTBBJTNDZGl2JTIwY2xhc3MlM0QlMjJ0ZXh0LWxhdGVyYWwlMjIlM0VCJTNDYnIlM0VFJTNDYnIlM0VDJTNDYnIlM0VBJTNDJTJGZGl2JTNFJTBEJTBBJTNDZGl2JTIwY2xhc3MlM0QlMjJ0aXRsZS1jYWphJTIyJTNFJTBEJTBBJTNDaDElMjBzdHlsZSUzRCUyMmZvbnQtd2VpZ2h0JTNBJTIwYm9sZCUzQiUyMG1hcmdpbi10b3AlM0ElMjAtNHB4JTNCJTIwbGluZS1oZWlnaHQlM0ElMjAzMnB4JTNCJTIyJTNFRnJhbmNpc2NvJTIwTGlyYSUzQ2JyJTNFTWlyJUMzJUIzJTIwUXVlc2FkYSUzQyUyRmgxJTNFJTBEJTBBJTNDJTJGZGl2JTNFJTBEJTBBJTNDJTJGZGl2JTNFJTBEJTBBJTNDZGl2JTIwc3R5bGUlM0QlMjJjbGVhciUzQSUyMGJvdGglM0IlMjIlM0UlM0MlMkZkaXYlM0UlMEQlMEElM0NkaXYlMjBzdHlsZSUzRCUyMndpZHRoJTNBJTIwMTAwJTI1JTNCJTIwdGV4dC1hbGlnbiUzQSUyMGp1c3RpZnklM0IlMjIlM0VDb21tZW1vcmF0aW5nJTIwRnJhbmNpc2NvJTJDJTIwaGlzJTIwbGlmZSUyMGFuZCUyMGhpcyUyMGluZmx1ZW5jZSUyQyUyMFBheWV0JTJDJTIwUmV5JTJDJTIwQ2F1dmklMkMlMjBQJUMzJUE5cmV6JTIwQWJvZ2Fkb3MlMjBlc3RhYmxpc2hlZCUyMHRoZSUyMEZyYW5jaXNjbyUyMExpcmElMjBNaXIlQzMlQjMlMjBRdWVzYWRhJTIwU2Nob2xhcnNoaXAlMkMlMjB3aGljaCUyMGdyYW50cyUyMGZpbmFuY2lhbCUyMHN1cHBvcnQlMjB0byUyMG91dHN0YW5kaW5nJTIwYWNhZGVtaWMlMjBzdHVkZW50cyUyMHdpdGglMjBsaW1pdGVkJTIwcmVzb3VyY2VzJTIwZW5yb2xsZWQlMjBhdCUyMHRoZSUyMExhdyUyMFNjaG9vbCUyMG9mJTIwUG9udGlmaWNpYSUyMFVuaXZlcnNpZGFkJTIwQ2F0JUMzJUIzbGljYSUyMGRlbCUyMFBlciVDMyVCQS4lM0MlMkZkaXYlM0UlMEQlMEElM0MlMkZkaXYlM0UlMEQlMEElM0MlMkZkaXYlM0U=[\/vc_raw_html][\/vc_column][\/vc_row][vc_row][vc_column][vc_tta_accordion style=&#8221;flat&#8221; color=&#8221;white&#8221; c_position=&#8221;right&#8221; active_section=&#8221;1&#8243;][vc_tta_section title=&#8221;Benefits&#8221; tab_id=&#8221;1755886413230-c7009124-d2c5&#8243;][vc_column_text css=&#8221;&#8221;] 100% coverage of the academic credits for each cycle 100% coverage of tuition fees Accident insurance National cancer insurance Grant for books and materials Grant for living expenses Grant to study English or a comparable language. [\/vc_column_text][\/vc_tta_section][vc_tta_section title=&#8221;Requirements&#8221; tab_id=&#8221;1755886413233-9fef9d99-62c6&#8243;][vc_column_text css=&#8221;&#8221;] In the top tenth of the&hellip;<\/p>\n","protected":false},"author":3,"featured_media":0,"parent":0,"menu_order":0,"comment_status":"closed","ping_status":"closed","template":"page-templates\/page-beca.php","meta":{"_acf_changed":false,"footnotes":""},"class_list":["post-7513","page","type-page","status-publish","hentry"],"acf":[],"yoast_head":"<!-- This site is optimized with the Yoast SEO plugin v27.0 - https:\/\/yoast.com\/product\/yoast-seo-wordpress\/ -->\n<title>About the Scholarship Old - Payet, Rey, Cauvi, P\u00e9rez<\/title>\n<meta name=\"robots\" content=\"index, follow, max-snippet:-1, max-image-preview:large, max-video-preview:-1\" \/>\n<link rel=\"canonical\" href=\"https:\/\/prcp.com.pe\/en\/about-the-scholarship-old\/\" \/>\n<meta property=\"og:locale\" content=\"en_US\" \/>\n<meta property=\"og:type\" content=\"article\" \/>\n<meta property=\"og:title\" content=\"About the Scholarship Old - Payet, Rey, Cauvi, P\u00e9rez\" \/>\n<meta property=\"og:description\" content=\"[vc_row][vc_column][vc_raw_html css=&#8221;&#8221;]JTNDZGl2JTIwc3R5bGUlM0QlMjJ3aWR0aCUzQSUyMDEwMCUyNSUzQiUyMiUzRSUwRCUwQSUzQ2RpdiUyMGNsYXNzJTNEJTIyaW1nLWJlY2FzJTIyJTNFJTNDaW1nJTIwZGVjb2RpbmclM0QlMjJhc3luYyUyMiUyMHN0eWxlJTNEJTIyaGVpZ2h0JTNBJTIwMTAwJTI1JTNCJTIwd2lkdGglM0ElMjAxMDAlMjUlM0IlMjIlMjBzcmMlM0QlMjJodHRwcyUzQSUyRiUyRnByY3AuY29tLnBlJTJGd3AtY29udGVudCUyRnVwbG9hZHMlMkYyMDIzJTJGMDclMkZpbWctcHJjcC5qcGclMjIlM0UlM0MlMkZkaXYlM0UlMEQlMEElM0NkaXYlMjBjbGFzcyUzRCUyMmNhamEtdGV4dG8lMjIlM0UlMEQlMEElM0NkaXYlMjBzdHlsZSUzRCUyMndpZHRoJTNBJTIwMTAwJTI1JTNCJTIyJTNFJTBEJTBBJTNDZGl2JTIwY2xhc3MlM0QlMjJ0ZXh0LWxhdGVyYWwlMjIlM0VCJTNDYnIlM0VFJTNDYnIlM0VDJTNDYnIlM0VBJTNDJTJGZGl2JTNFJTBEJTBBJTNDZGl2JTIwY2xhc3MlM0QlMjJ0aXRsZS1jYWphJTIyJTNFJTBEJTBBJTNDaDElMjBzdHlsZSUzRCUyMmZvbnQtd2VpZ2h0JTNBJTIwYm9sZCUzQiUyMG1hcmdpbi10b3AlM0ElMjAtNHB4JTNCJTIwbGluZS1oZWlnaHQlM0ElMjAzMnB4JTNCJTIyJTNFRnJhbmNpc2NvJTIwTGlyYSUzQ2JyJTNFTWlyJUMzJUIzJTIwUXVlc2FkYSUzQyUyRmgxJTNFJTBEJTBBJTNDJTJGZGl2JTNFJTBEJTBBJTNDJTJGZGl2JTNFJTBEJTBBJTNDZGl2JTIwc3R5bGUlM0QlMjJjbGVhciUzQSUyMGJvdGglM0IlMjIlM0UlM0MlMkZkaXYlM0UlMEQlMEElM0NkaXYlMjBzdHlsZSUzRCUyMndpZHRoJTNBJTIwMTAwJTI1JTNCJTIwdGV4dC1hbGlnbiUzQSUyMGp1c3RpZnklM0IlMjIlM0VDb21tZW1vcmF0aW5nJTIwRnJhbmNpc2NvJTJDJTIwaGlzJTIwbGlmZSUyMGFuZCUyMGhpcyUyMGluZmx1ZW5jZSUyQyUyMFBheWV0JTJDJTIwUmV5JTJDJTIwQ2F1dmklMkMlMjBQJUMzJUE5cmV6JTIwQWJvZ2Fkb3MlMjBlc3RhYmxpc2hlZCUyMHRoZSUyMEZyYW5jaXNjbyUyMExpcmElMjBNaXIlQzMlQjMlMjBRdWVzYWRhJTIwU2Nob2xhcnNoaXAlMkMlMjB3aGljaCUyMGdyYW50cyUyMGZpbmFuY2lhbCUyMHN1cHBvcnQlMjB0byUyMG91dHN0YW5kaW5nJTIwYWNhZGVtaWMlMjBzdHVkZW50cyUyMHdpdGglMjBsaW1pdGVkJTIwcmVzb3VyY2VzJTIwZW5yb2xsZWQlMjBhdCUyMHRoZSUyMExhdyUyMFNjaG9vbCUyMG9mJTIwUG9udGlmaWNpYSUyMFVuaXZlcnNpZGFkJTIwQ2F0JUMzJUIzbGljYSUyMGRlbCUyMFBlciVDMyVCQS4lM0MlMkZkaXYlM0UlMEQlMEElM0MlMkZkaXYlM0UlMEQlMEElM0MlMkZkaXYlM0U=[\/vc_raw_html][\/vc_column][\/vc_row][vc_row][vc_column][vc_tta_accordion style=&#8221;flat&#8221; color=&#8221;white&#8221; c_position=&#8221;right&#8221; active_section=&#8221;1&#8243;][vc_tta_section title=&#8221;Benefits&#8221; tab_id=&#8221;1755886413230-c7009124-d2c5&#8243;][vc_column_text css=&#8221;&#8221;] 100% coverage of the academic credits for each cycle 100% coverage of tuition fees Accident insurance National cancer insurance Grant for books and materials Grant for living expenses Grant to study English or a comparable language. [\/vc_column_text][\/vc_tta_section][vc_tta_section title=&#8221;Requirements&#8221; tab_id=&#8221;1755886413233-9fef9d99-62c6&#8243;][vc_column_text css=&#8221;&#8221;] In the top tenth of the&hellip;\" \/>\n<meta property=\"og:url\" content=\"https:\/\/prcp.com.pe\/en\/about-the-scholarship-old\/\" \/>\n<meta property=\"og:site_name\" content=\"Payet, Rey, Cauvi, P\u00e9rez\" \/>\n<meta property=\"article:publisher\" content=\"https:\/\/www.facebook.com\/prcpabogados\/\" \/>\n<meta property=\"article:modified_time\" content=\"2025-10-15T16:44:33+00:00\" \/>\n<meta name=\"twitter:card\" content=\"summary_large_image\" \/>\n<meta name=\"twitter:label1\" content=\"Est. reading time\" \/>\n\t<meta name=\"twitter:data1\" content=\"1 minute\" \/>\n<script type=\"application\/ld+json\" class=\"yoast-schema-graph\">{\"@context\":\"https:\/\/schema.org\",\"@graph\":[{\"@type\":\"WebPage\",\"@id\":\"https:\/\/prcp.com.pe\/en\/about-the-scholarship-old\/\",\"url\":\"https:\/\/prcp.com.pe\/en\/about-the-scholarship-old\/\",\"name\":\"About the Scholarship Old - Payet, Rey, Cauvi, P\u00e9rez\",\"isPartOf\":{\"@id\":\"https:\/\/prcp.com.pe\/en\/#website\"},\"datePublished\":\"2018-11-06T14:57:58+00:00\",\"dateModified\":\"2025-10-15T16:44:33+00:00\",\"breadcrumb\":{\"@id\":\"https:\/\/prcp.com.pe\/en\/about-the-scholarship-old\/#breadcrumb\"},\"inLanguage\":\"en-US\",\"potentialAction\":[{\"@type\":\"ReadAction\",\"target\":[\"https:\/\/prcp.com.pe\/en\/about-the-scholarship-old\/\"]}]},{\"@type\":\"BreadcrumbList\",\"@id\":\"https:\/\/prcp.com.pe\/en\/about-the-scholarship-old\/#breadcrumb\",\"itemListElement\":[{\"@type\":\"ListItem\",\"position\":1,\"name\":\"Portada\",\"item\":\"https:\/\/prcp.com.pe\/en\/\"},{\"@type\":\"ListItem\",\"position\":2,\"name\":\"Scholarship FLM Old\",\"item\":\"https:\/\/prcp.com.pe\/en\/scholarship-flm-old\/\"},{\"@type\":\"ListItem\",\"position\":3,\"name\":\"About the Scholarship Old\"}]},{\"@type\":\"WebSite\",\"@id\":\"https:\/\/prcp.com.pe\/en\/#website\",\"url\":\"https:\/\/prcp.com.pe\/en\/\",\"name\":\"Payet, Rey, Cauvi, P\u00e9rez\",\"description\":\"Payet, Rey, Cauvi, P\u00e9rez Abogados es uno de los estudios jur\u00eddicos l\u00edderes en el Per\u00fa, de reconocida experiencia y con una amplia trayectoria.\",\"publisher\":{\"@id\":\"https:\/\/prcp.com.pe\/en\/#organization\"},\"potentialAction\":[{\"@type\":\"SearchAction\",\"target\":{\"@type\":\"EntryPoint\",\"urlTemplate\":\"https:\/\/prcp.com.pe\/en\/?s={search_term_string}\"},\"query-input\":{\"@type\":\"PropertyValueSpecification\",\"valueRequired\":true,\"valueName\":\"search_term_string\"}}],\"inLanguage\":\"en-US\"},{\"@type\":\"Organization\",\"@id\":\"https:\/\/prcp.com.pe\/en\/#organization\",\"name\":\"Payet, Rey, Cauvi, P\u00e9rez Abogados\",\"url\":\"https:\/\/prcp.com.pe\/en\/\",\"logo\":{\"@type\":\"ImageObject\",\"inLanguage\":\"en-US\",\"@id\":\"https:\/\/prcp.com.pe\/en\/#\/schema\/logo\/image\/\",\"url\":\"https:\/\/prcp.com.pe\/wp-content\/uploads\/2018\/11\/logo-2.jpg\",\"contentUrl\":\"https:\/\/prcp.com.pe\/wp-content\/uploads\/2018\/11\/logo-2.jpg\",\"width\":459,\"height\":471,\"caption\":\"Payet, Rey, Cauvi, P\u00e9rez Abogados\"},\"image\":{\"@id\":\"https:\/\/prcp.com.pe\/en\/#\/schema\/logo\/image\/\"},\"sameAs\":[\"https:\/\/www.facebook.com\/prcpabogados\/\",\"https:\/\/www.linkedin.com\/company\/prc\/\",\"https:\/\/www.youtube.com\/channel\/UCbXFuuBk4-B26fdfYft3Oag\"]}]}<\/script>\n<!-- \/ Yoast SEO plugin. -->","yoast_head_json":{"title":"About the Scholarship Old - Payet, Rey, Cauvi, P\u00e9rez","robots":{"index":"index","follow":"follow","max-snippet":"max-snippet:-1","max-image-preview":"max-image-preview:large","max-video-preview":"max-video-preview:-1"},"canonical":"https:\/\/prcp.com.pe\/en\/about-the-scholarship-old\/","og_locale":"en_US","og_type":"article","og_title":"About the Scholarship Old - Payet, Rey, Cauvi, P\u00e9rez","og_description":"[vc_row][vc_column][vc_raw_html css=&#8221;&#8221;]JTNDZGl2JTIwc3R5bGUlM0QlMjJ3aWR0aCUzQSUyMDEwMCUyNSUzQiUyMiUzRSUwRCUwQSUzQ2RpdiUyMGNsYXNzJTNEJTIyaW1nLWJlY2FzJTIyJTNFJTNDaW1nJTIwZGVjb2RpbmclM0QlMjJhc3luYyUyMiUyMHN0eWxlJTNEJTIyaGVpZ2h0JTNBJTIwMTAwJTI1JTNCJTIwd2lkdGglM0ElMjAxMDAlMjUlM0IlMjIlMjBzcmMlM0QlMjJodHRwcyUzQSUyRiUyRnByY3AuY29tLnBlJTJGd3AtY29udGVudCUyRnVwbG9hZHMlMkYyMDIzJTJGMDclMkZpbWctcHJjcC5qcGclMjIlM0UlM0MlMkZkaXYlM0UlMEQlMEElM0NkaXYlMjBjbGFzcyUzRCUyMmNhamEtdGV4dG8lMjIlM0UlMEQlMEElM0NkaXYlMjBzdHlsZSUzRCUyMndpZHRoJTNBJTIwMTAwJTI1JTNCJTIyJTNFJTBEJTBBJTNDZGl2JTIwY2xhc3MlM0QlMjJ0ZXh0LWxhdGVyYWwlMjIlM0VCJTNDYnIlM0VFJTNDYnIlM0VDJTNDYnIlM0VBJTNDJTJGZGl2JTNFJTBEJTBBJTNDZGl2JTIwY2xhc3MlM0QlMjJ0aXRsZS1jYWphJTIyJTNFJTBEJTBBJTNDaDElMjBzdHlsZSUzRCUyMmZvbnQtd2VpZ2h0JTNBJTIwYm9sZCUzQiUyMG1hcmdpbi10b3AlM0ElMjAtNHB4JTNCJTIwbGluZS1oZWlnaHQlM0ElMjAzMnB4JTNCJTIyJTNFRnJhbmNpc2NvJTIwTGlyYSUzQ2JyJTNFTWlyJUMzJUIzJTIwUXVlc2FkYSUzQyUyRmgxJTNFJTBEJTBBJTNDJTJGZGl2JTNFJTBEJTBBJTNDJTJGZGl2JTNFJTBEJTBBJTNDZGl2JTIwc3R5bGUlM0QlMjJjbGVhciUzQSUyMGJvdGglM0IlMjIlM0UlM0MlMkZkaXYlM0UlMEQlMEElM0NkaXYlMjBzdHlsZSUzRCUyMndpZHRoJTNBJTIwMTAwJTI1JTNCJTIwdGV4dC1hbGlnbiUzQSUyMGp1c3RpZnklM0IlMjIlM0VDb21tZW1vcmF0aW5nJTIwRnJhbmNpc2NvJTJDJTIwaGlzJTIwbGlmZSUyMGFuZCUyMGhpcyUyMGluZmx1ZW5jZSUyQyUyMFBheWV0JTJDJTIwUmV5JTJDJTIwQ2F1dmklMkMlMjBQJUMzJUE5cmV6JTIwQWJvZ2Fkb3MlMjBlc3RhYmxpc2hlZCUyMHRoZSUyMEZyYW5jaXNjbyUyMExpcmElMjBNaXIlQzMlQjMlMjBRdWVzYWRhJTIwU2Nob2xhcnNoaXAlMkMlMjB3aGljaCUyMGdyYW50cyUyMGZpbmFuY2lhbCUyMHN1cHBvcnQlMjB0byUyMG91dHN0YW5kaW5nJTIwYWNhZGVtaWMlMjBzdHVkZW50cyUyMHdpdGglMjBsaW1pdGVkJTIwcmVzb3VyY2VzJTIwZW5yb2xsZWQlMjBhdCUyMHRoZSUyMExhdyUyMFNjaG9vbCUyMG9mJTIwUG9udGlmaWNpYSUyMFVuaXZlcnNpZGFkJTIwQ2F0JUMzJUIzbGljYSUyMGRlbCUyMFBlciVDMyVCQS4lM0MlMkZkaXYlM0UlMEQlMEElM0MlMkZkaXYlM0UlMEQlMEElM0MlMkZkaXYlM0U=[\/vc_raw_html][\/vc_column][\/vc_row][vc_row][vc_column][vc_tta_accordion style=&#8221;flat&#8221; color=&#8221;white&#8221; c_position=&#8221;right&#8221; active_section=&#8221;1&#8243;][vc_tta_section title=&#8221;Benefits&#8221; tab_id=&#8221;1755886413230-c7009124-d2c5&#8243;][vc_column_text css=&#8221;&#8221;] 100% coverage of the academic credits for each cycle 100% coverage of tuition fees Accident insurance National cancer insurance Grant for books and materials Grant for living expenses Grant to study English or a comparable language. [\/vc_column_text][\/vc_tta_section][vc_tta_section title=&#8221;Requirements&#8221; tab_id=&#8221;1755886413233-9fef9d99-62c6&#8243;][vc_column_text css=&#8221;&#8221;] In the top tenth of the&hellip;","og_url":"https:\/\/prcp.com.pe\/en\/about-the-scholarship-old\/","og_site_name":"Payet, Rey, Cauvi, P\u00e9rez","article_publisher":"https:\/\/www.facebook.com\/prcpabogados\/","article_modified_time":"2025-10-15T16:44:33+00:00","twitter_card":"summary_large_image","twitter_misc":{"Est. reading time":"1 minute"},"schema":{"@context":"https:\/\/schema.org","@graph":[{"@type":"WebPage","@id":"https:\/\/prcp.com.pe\/en\/about-the-scholarship-old\/","url":"https:\/\/prcp.com.pe\/en\/about-the-scholarship-old\/","name":"About the Scholarship Old - Payet, Rey, Cauvi, P\u00e9rez","isPartOf":{"@id":"https:\/\/prcp.com.pe\/en\/#website"},"datePublished":"2018-11-06T14:57:58+00:00","dateModified":"2025-10-15T16:44:33+00:00","breadcrumb":{"@id":"https:\/\/prcp.com.pe\/en\/about-the-scholarship-old\/#breadcrumb"},"inLanguage":"en-US","potentialAction":[{"@type":"ReadAction","target":["https:\/\/prcp.com.pe\/en\/about-the-scholarship-old\/"]}]},{"@type":"BreadcrumbList","@id":"https:\/\/prcp.com.pe\/en\/about-the-scholarship-old\/#breadcrumb","itemListElement":[{"@type":"ListItem","position":1,"name":"Portada","item":"https:\/\/prcp.com.pe\/en\/"},{"@type":"ListItem","position":2,"name":"Scholarship FLM Old","item":"https:\/\/prcp.com.pe\/en\/scholarship-flm-old\/"},{"@type":"ListItem","position":3,"name":"About the Scholarship Old"}]},{"@type":"WebSite","@id":"https:\/\/prcp.com.pe\/en\/#website","url":"https:\/\/prcp.com.pe\/en\/","name":"Payet, Rey, Cauvi, P\u00e9rez","description":"Payet, Rey, Cauvi, P\u00e9rez Abogados es uno de los estudios jur\u00eddicos l\u00edderes en el Per\u00fa, de reconocida experiencia y con una amplia trayectoria.","publisher":{"@id":"https:\/\/prcp.com.pe\/en\/#organization"},"potentialAction":[{"@type":"SearchAction","target":{"@type":"EntryPoint","urlTemplate":"https:\/\/prcp.com.pe\/en\/?s={search_term_string}"},"query-input":{"@type":"PropertyValueSpecification","valueRequired":true,"valueName":"search_term_string"}}],"inLanguage":"en-US"},{"@type":"Organization","@id":"https:\/\/prcp.com.pe\/en\/#organization","name":"Payet, Rey, Cauvi, P\u00e9rez Abogados","url":"https:\/\/prcp.com.pe\/en\/","logo":{"@type":"ImageObject","inLanguage":"en-US","@id":"https:\/\/prcp.com.pe\/en\/#\/schema\/logo\/image\/","url":"https:\/\/prcp.com.pe\/wp-content\/uploads\/2018\/11\/logo-2.jpg","contentUrl":"https:\/\/prcp.com.pe\/wp-content\/uploads\/2018\/11\/logo-2.jpg","width":459,"height":471,"caption":"Payet, Rey, Cauvi, P\u00e9rez Abogados"},"image":{"@id":"https:\/\/prcp.com.pe\/en\/#\/schema\/logo\/image\/"},"sameAs":["https:\/\/www.facebook.com\/prcpabogados\/","https:\/\/www.linkedin.com\/company\/prc\/","https:\/\/www.youtube.com\/channel\/UCbXFuuBk4-B26fdfYft3Oag"]}]}},"_links":{"self":[{"href":"https:\/\/prcp.com.pe\/en\/wp-json\/wp\/v2\/pages\/7513","targetHints":{"allow":["GET"]}}],"collection":[{"href":"https:\/\/prcp.com.pe\/en\/wp-json\/wp\/v2\/pages"}],"about":[{"href":"https:\/\/prcp.com.pe\/en\/wp-json\/wp\/v2\/types\/page"}],"author":[{"embeddable":true,"href":"https:\/\/prcp.com.pe\/en\/wp-json\/wp\/v2\/users\/3"}],"replies":[{"embeddable":true,"href":"https:\/\/prcp.com.pe\/en\/wp-json\/wp\/v2\/comments?post=7513"}],"version-history":[{"count":4,"href":"https:\/\/prcp.com.pe\/en\/wp-json\/wp\/v2\/pages\/7513\/revisions"}],"predecessor-version":[{"id":77977,"href":"https:\/\/prcp.com.pe\/en\/wp-json\/wp\/v2\/pages\/7513\/revisions\/77977"}],"wp:attachment":[{"href":"https:\/\/prcp.com.pe\/en\/wp-json\/wp\/v2\/media?parent=7513"}],"curies":[{"name":"wp","href":"https:\/\/api.w.org\/{rel}","templated":true}]}}