{"id":7467,"date":"2018-11-08T13:28:22","date_gmt":"2018-11-08T18:28:22","guid":{"rendered":"https:\/\/prcp.com.pe\/suscribirse\/"},"modified":"2020-11-13T08:07:38","modified_gmt":"2020-11-13T13:07:38","slug":"subscribe","status":"publish","type":"page","link":"https:\/\/prcp.com.pe\/en\/subscribe\/","title":{"rendered":"Subscribe"},"content":{"rendered":"<div class=\"wpb-content-wrapper\"><p>[vc_row][vc_column]\n<div class=\"wpcf7 no-js\" id=\"wpcf7-f7471-o1\" lang=\"en-US\" dir=\"ltr\" data-wpcf7-id=\"7471\">\n<div class=\"screen-reader-response\"><p role=\"status\" aria-live=\"polite\" aria-atomic=\"true\"><\/p> <ul><\/ul><\/div>\n<form action=\"\/en\/wp-json\/wp\/v2\/pages\/7467#wpcf7-f7471-o1\" method=\"post\" class=\"wpcf7-form init\" aria-label=\"Contact form\" novalidate=\"novalidate\" data-status=\"init\">\n<fieldset class=\"hidden-fields-container\"><input type=\"hidden\" name=\"_wpcf7\" value=\"7471\" \/><input type=\"hidden\" name=\"_wpcf7_version\" value=\"6.1.5\" \/><input type=\"hidden\" name=\"_wpcf7_locale\" value=\"en_US\" \/><input type=\"hidden\" name=\"_wpcf7_unit_tag\" value=\"wpcf7-f7471-o1\" \/><input type=\"hidden\" name=\"_wpcf7_container_post\" value=\"0\" \/><input type=\"hidden\" name=\"_wpcf7_posted_data_hash\" value=\"\" \/><input type=\"hidden\" name=\"_wpcf7_recaptcha_response\" value=\"\" \/>\n<\/fieldset>\n<div id=\"subscriber_form\">\n\t<div class=\"subscribe subscriber_name vc_col-sm-12\">\n\t\t<p><label> Name <\/label><br \/>\n<span class=\"wpcf7-form-control-wrap\" data-name=\"tu-nombres\"><input size=\"40\" maxlength=\"400\" class=\"wpcf7-form-control wpcf7-text wpcf7-validates-as-required\" aria-required=\"true\" aria-invalid=\"false\" value=\"\" type=\"text\" name=\"tu-nombres\" \/><\/span>\n\t\t<\/p>\n\t<\/div>\n\t<div class=\"subscribe subscriber_lastname vc_col-sm-12\">\n\t\t<p><label> Last Name <\/label><br \/>\n<span class=\"wpcf7-form-control-wrap\" data-name=\"tu-apellidos\"><input size=\"40\" maxlength=\"400\" class=\"wpcf7-form-control wpcf7-text wpcf7-validates-as-required\" aria-required=\"true\" aria-invalid=\"false\" value=\"\" type=\"text\" name=\"tu-apellidos\" \/><\/span>\n\t\t<\/p>\n\t<\/div>\n\t<div class=\"subscribe subscriber_email vc_col-sm-12\">\n\t\t<p><label> E-mail <\/label><br \/>\n<span class=\"wpcf7-form-control-wrap\" data-name=\"tu-email\"><input size=\"40\" maxlength=\"400\" class=\"wpcf7-form-control wpcf7-email wpcf7-validates-as-required wpcf7-text wpcf7-validates-as-email\" aria-required=\"true\" aria-invalid=\"false\" value=\"\" type=\"email\" name=\"tu-email\" \/><\/span>\n\t\t<\/p>\n\t<\/div>\n\t<div class=\"subscribe subscriber_company vc_col-sm-12\">\n\t\t<p><label> Company <\/label><br \/>\n<span class=\"wpcf7-form-control-wrap\" data-name=\"tu-empresa\"><input size=\"40\" maxlength=\"400\" class=\"wpcf7-form-control wpcf7-text wpcf7-validates-as-required\" aria-required=\"true\" aria-invalid=\"false\" value=\"\" type=\"text\" name=\"tu-empresa\" \/><\/span>\n\t\t<\/p>\n\t<\/div>\n\t<div class=\"subscribe subscriber_charge vc_col-sm-12\">\n\t\t<p><label> Position <\/label><br \/>\n<span class=\"wpcf7-form-control-wrap\" data-name=\"tu-cargo\"><input size=\"40\" maxlength=\"400\" class=\"wpcf7-form-control wpcf7-text wpcf7-validates-as-required\" aria-required=\"true\" aria-invalid=\"false\" value=\"\" type=\"text\" name=\"tu-cargo\" \/><\/span>\n\t\t<\/p>\n\t<\/div>\n\t<div class=\"subscribe subscriber_phone vc_col-sm-12\">\n\t\t<p><label> Telephone <\/label><br \/>\n<span class=\"wpcf7-form-control-wrap\" data-name=\"telefono\"><input size=\"40\" maxlength=\"400\" class=\"wpcf7-form-control wpcf7-tel wpcf7-text wpcf7-validates-as-tel\" aria-invalid=\"false\" value=\"\" type=\"tel\" name=\"telefono\" \/><\/span>\n\t\t<\/p>\n\t<\/div>\n\t<div class=\"subscribe subscriber_category vc_col-sm-12\">\n\t\t<p><label> Subscribe to:<\/label>\n\t\t<\/p>\n\t\t<div class=\"vc_col-sm-6\">\n\t\t\t<p><span class=\"wpcf7-form-control-wrap\" data-name=\"checkbox-163\"><span class=\"wpcf7-form-control wpcf7-checkbox wpcf7-validates-as-required\"><span class=\"wpcf7-list-item first\"><input type=\"checkbox\" name=\"checkbox-163[]\" value=\"Competition\" \/><span class=\"wpcf7-list-item-label\">Competition<\/span><\/span><span class=\"wpcf7-list-item\"><input type=\"checkbox\" name=\"checkbox-163[]\" value=\"Corporate \/ M&amp;A\" \/><span class=\"wpcf7-list-item-label\">Corporate \/ M&amp;A<\/span><\/span><span class=\"wpcf7-list-item\"><input type=\"checkbox\" name=\"checkbox-163[]\" value=\"Dispute Resolution\" \/><span class=\"wpcf7-list-item-label\">Dispute Resolution<\/span><\/span><span class=\"wpcf7-list-item\"><input type=\"checkbox\" name=\"checkbox-163[]\" value=\"Environmental Law\" \/><span class=\"wpcf7-list-item-label\">Environmental Law<\/span><\/span><span class=\"wpcf7-list-item\"><input type=\"checkbox\" name=\"checkbox-163[]\" value=\"Finance &amp; Capital Markets\" \/><span class=\"wpcf7-list-item-label\">Finance &amp; Capital Markets<\/span><\/span><span class=\"wpcf7-list-item\"><input type=\"checkbox\" name=\"checkbox-163[]\" value=\"Labor &amp; Employment\" \/><span class=\"wpcf7-list-item-label\">Labor &amp; Employment<\/span><\/span><span class=\"wpcf7-list-item last\"><input type=\"checkbox\" name=\"checkbox-163[]\" value=\"Mining\" \/><span class=\"wpcf7-list-item-label\">Mining<\/span><\/span><\/span><\/span>\n\t\t\t<\/p>\n\t\t<\/div>\n\t\t<div class=\"vc_col-sm-6\">\n\t\t\t<p><span class=\"wpcf7-form-control-wrap\" data-name=\"checkbox-164\"><span class=\"wpcf7-form-control wpcf7-checkbox\"><span class=\"wpcf7-list-item first\"><input type=\"checkbox\" name=\"checkbox-164[]\" value=\"Projects, Infrastructure\" \/><span class=\"wpcf7-list-item-label\">Projects, Infrastructure<\/span><\/span><span class=\"wpcf7-list-item\"><input type=\"checkbox\" name=\"checkbox-164[]\" value=\"Public Law\" \/><span class=\"wpcf7-list-item-label\">Public Law<\/span><\/span><span class=\"wpcf7-list-item\"><input type=\"checkbox\" name=\"checkbox-164[]\" value=\"Real-State\" \/><span class=\"wpcf7-list-item-label\">Real-State<\/span><\/span><span class=\"wpcf7-list-item\"><input type=\"checkbox\" name=\"checkbox-164[]\" value=\"Regulated Industries\" \/><span class=\"wpcf7-list-item-label\">Regulated Industries<\/span><\/span><span class=\"wpcf7-list-item\"><input type=\"checkbox\" name=\"checkbox-164[]\" value=\"Tax Law\" \/><span class=\"wpcf7-list-item-label\">Tax Law<\/span><\/span><span class=\"wpcf7-list-item last\"><input type=\"checkbox\" name=\"checkbox-164[]\" value=\"White-Collar Defense\" \/><span class=\"wpcf7-list-item-label\">White-Collar Defense<\/span><\/span><\/span><\/span>\n\t\t\t<\/p>\n\t\t<\/div>\n\t<\/div>\n\t<div class=\"terms_text vc_col-sm-12\">\n\t\t<p>PAYET, REY, CAUVI, P\u00c9REZ S. CIVIL DE R.L. informs you that your personal data will be processed in accordance with the <a class=\"terms_link\" href=\"https:\/\/prcp.com.pe\/en\/\/en\/privacy-policies\/\" target=\"_blank\">Privacy Policies.<\/a>\n\t\t<\/p>\n\t<\/div>\n\t<div class=\"subscribe subscriber_send vc_col-sm-12\">\n\t\t<p><input class=\"wpcf7-form-control wpcf7-submit has-spinner\" type=\"submit\" value=\"Submit\" \/>\n\t\t<\/p>\n\t<\/div>\n<\/div><div class=\"wpcf7-response-output\" aria-hidden=\"true\"><\/div>\n<\/form>\n<\/div>\n[\/vc_column][\/vc_row]<\/p>\n<\/div>","protected":false},"excerpt":{"rendered":"<p>[vc_row][vc_column][\/vc_column][\/vc_row]<\/p>\n","protected":false},"author":3,"featured_media":0,"parent":0,"menu_order":0,"comment_status":"closed","ping_status":"closed","template":"page-templates\/page-contact.php","meta":{"_acf_changed":false,"footnotes":""},"class_list":["post-7467","page","type-page","status-publish","hentry"],"acf":[],"yoast_head":"<!-- This site is optimized with the Yoast SEO plugin v27.0 - https:\/\/yoast.com\/product\/yoast-seo-wordpress\/ -->\n<title>Subscribe - Payet, Rey, Cauvi, P\u00e9rez<\/title>\n<meta name=\"robots\" content=\"index, follow, max-snippet:-1, max-image-preview:large, max-video-preview:-1\" \/>\n<link rel=\"canonical\" href=\"https:\/\/prcp.com.pe\/en\/subscribe\/\" \/>\n<meta property=\"og:locale\" content=\"en_US\" \/>\n<meta property=\"og:type\" content=\"article\" \/>\n<meta property=\"og:title\" content=\"Subscribe - Payet, Rey, Cauvi, P\u00e9rez\" \/>\n<meta property=\"og:description\" content=\"[vc_row][vc_column][\/vc_column][\/vc_row]\" \/>\n<meta property=\"og:url\" content=\"https:\/\/prcp.com.pe\/en\/subscribe\/\" \/>\n<meta property=\"og:site_name\" content=\"Payet, Rey, Cauvi, P\u00e9rez\" \/>\n<meta property=\"article:publisher\" content=\"https:\/\/www.facebook.com\/prcpabogados\/\" \/>\n<meta property=\"article:modified_time\" content=\"2020-11-13T13:07:38+00:00\" \/>\n<meta name=\"twitter:card\" content=\"summary_large_image\" \/>\n<script type=\"application\/ld+json\" class=\"yoast-schema-graph\">{\"@context\":\"https:\/\/schema.org\",\"@graph\":[{\"@type\":\"WebPage\",\"@id\":\"https:\/\/prcp.com.pe\/en\/subscribe\/\",\"url\":\"https:\/\/prcp.com.pe\/en\/subscribe\/\",\"name\":\"Subscribe - Payet, Rey, Cauvi, P\u00e9rez\",\"isPartOf\":{\"@id\":\"https:\/\/prcp.com.pe\/en\/#website\"},\"datePublished\":\"2018-11-08T18:28:22+00:00\",\"dateModified\":\"2020-11-13T13:07:38+00:00\",\"breadcrumb\":{\"@id\":\"https:\/\/prcp.com.pe\/en\/subscribe\/#breadcrumb\"},\"inLanguage\":\"en-US\",\"potentialAction\":[{\"@type\":\"ReadAction\",\"target\":[\"https:\/\/prcp.com.pe\/en\/subscribe\/\"]}]},{\"@type\":\"BreadcrumbList\",\"@id\":\"https:\/\/prcp.com.pe\/en\/subscribe\/#breadcrumb\",\"itemListElement\":[{\"@type\":\"ListItem\",\"position\":1,\"name\":\"Portada\",\"item\":\"https:\/\/prcp.com.pe\/en\/\"},{\"@type\":\"ListItem\",\"position\":2,\"name\":\"Subscribe\"}]},{\"@type\":\"WebSite\",\"@id\":\"https:\/\/prcp.com.pe\/en\/#website\",\"url\":\"https:\/\/prcp.com.pe\/en\/\",\"name\":\"Payet, Rey, Cauvi, P\u00e9rez\",\"description\":\"Payet, Rey, Cauvi, P\u00e9rez Abogados es uno de los estudios jur\u00eddicos l\u00edderes en el Per\u00fa, de reconocida experiencia y con una amplia trayectoria.\",\"publisher\":{\"@id\":\"https:\/\/prcp.com.pe\/en\/#organization\"},\"potentialAction\":[{\"@type\":\"SearchAction\",\"target\":{\"@type\":\"EntryPoint\",\"urlTemplate\":\"https:\/\/prcp.com.pe\/en\/?s={search_term_string}\"},\"query-input\":{\"@type\":\"PropertyValueSpecification\",\"valueRequired\":true,\"valueName\":\"search_term_string\"}}],\"inLanguage\":\"en-US\"},{\"@type\":\"Organization\",\"@id\":\"https:\/\/prcp.com.pe\/en\/#organization\",\"name\":\"Payet, Rey, Cauvi, P\u00e9rez Abogados\",\"url\":\"https:\/\/prcp.com.pe\/en\/\",\"logo\":{\"@type\":\"ImageObject\",\"inLanguage\":\"en-US\",\"@id\":\"https:\/\/prcp.com.pe\/en\/#\/schema\/logo\/image\/\",\"url\":\"https:\/\/prcp.com.pe\/wp-content\/uploads\/2018\/11\/logo-2.jpg\",\"contentUrl\":\"https:\/\/prcp.com.pe\/wp-content\/uploads\/2018\/11\/logo-2.jpg\",\"width\":459,\"height\":471,\"caption\":\"Payet, Rey, Cauvi, P\u00e9rez Abogados\"},\"image\":{\"@id\":\"https:\/\/prcp.com.pe\/en\/#\/schema\/logo\/image\/\"},\"sameAs\":[\"https:\/\/www.facebook.com\/prcpabogados\/\",\"https:\/\/www.linkedin.com\/company\/prc\/\",\"https:\/\/www.youtube.com\/channel\/UCbXFuuBk4-B26fdfYft3Oag\"]}]}<\/script>\n<!-- \/ Yoast SEO plugin. -->","yoast_head_json":{"title":"Subscribe - Payet, Rey, Cauvi, P\u00e9rez","robots":{"index":"index","follow":"follow","max-snippet":"max-snippet:-1","max-image-preview":"max-image-preview:large","max-video-preview":"max-video-preview:-1"},"canonical":"https:\/\/prcp.com.pe\/en\/subscribe\/","og_locale":"en_US","og_type":"article","og_title":"Subscribe - Payet, Rey, Cauvi, P\u00e9rez","og_description":"[vc_row][vc_column][\/vc_column][\/vc_row]","og_url":"https:\/\/prcp.com.pe\/en\/subscribe\/","og_site_name":"Payet, Rey, Cauvi, P\u00e9rez","article_publisher":"https:\/\/www.facebook.com\/prcpabogados\/","article_modified_time":"2020-11-13T13:07:38+00:00","twitter_card":"summary_large_image","schema":{"@context":"https:\/\/schema.org","@graph":[{"@type":"WebPage","@id":"https:\/\/prcp.com.pe\/en\/subscribe\/","url":"https:\/\/prcp.com.pe\/en\/subscribe\/","name":"Subscribe - Payet, Rey, Cauvi, P\u00e9rez","isPartOf":{"@id":"https:\/\/prcp.com.pe\/en\/#website"},"datePublished":"2018-11-08T18:28:22+00:00","dateModified":"2020-11-13T13:07:38+00:00","breadcrumb":{"@id":"https:\/\/prcp.com.pe\/en\/subscribe\/#breadcrumb"},"inLanguage":"en-US","potentialAction":[{"@type":"ReadAction","target":["https:\/\/prcp.com.pe\/en\/subscribe\/"]}]},{"@type":"BreadcrumbList","@id":"https:\/\/prcp.com.pe\/en\/subscribe\/#breadcrumb","itemListElement":[{"@type":"ListItem","position":1,"name":"Portada","item":"https:\/\/prcp.com.pe\/en\/"},{"@type":"ListItem","position":2,"name":"Subscribe"}]},{"@type":"WebSite","@id":"https:\/\/prcp.com.pe\/en\/#website","url":"https:\/\/prcp.com.pe\/en\/","name":"Payet, Rey, Cauvi, P\u00e9rez","description":"Payet, Rey, Cauvi, P\u00e9rez Abogados es uno de los estudios jur\u00eddicos l\u00edderes en el Per\u00fa, de reconocida experiencia y con una amplia trayectoria.","publisher":{"@id":"https:\/\/prcp.com.pe\/en\/#organization"},"potentialAction":[{"@type":"SearchAction","target":{"@type":"EntryPoint","urlTemplate":"https:\/\/prcp.com.pe\/en\/?s={search_term_string}"},"query-input":{"@type":"PropertyValueSpecification","valueRequired":true,"valueName":"search_term_string"}}],"inLanguage":"en-US"},{"@type":"Organization","@id":"https:\/\/prcp.com.pe\/en\/#organization","name":"Payet, Rey, Cauvi, P\u00e9rez Abogados","url":"https:\/\/prcp.com.pe\/en\/","logo":{"@type":"ImageObject","inLanguage":"en-US","@id":"https:\/\/prcp.com.pe\/en\/#\/schema\/logo\/image\/","url":"https:\/\/prcp.com.pe\/wp-content\/uploads\/2018\/11\/logo-2.jpg","contentUrl":"https:\/\/prcp.com.pe\/wp-content\/uploads\/2018\/11\/logo-2.jpg","width":459,"height":471,"caption":"Payet, Rey, Cauvi, P\u00e9rez Abogados"},"image":{"@id":"https:\/\/prcp.com.pe\/en\/#\/schema\/logo\/image\/"},"sameAs":["https:\/\/www.facebook.com\/prcpabogados\/","https:\/\/www.linkedin.com\/company\/prc\/","https:\/\/www.youtube.com\/channel\/UCbXFuuBk4-B26fdfYft3Oag"]}]}},"_links":{"self":[{"href":"https:\/\/prcp.com.pe\/en\/wp-json\/wp\/v2\/pages\/7467","targetHints":{"allow":["GET"]}}],"collection":[{"href":"https:\/\/prcp.com.pe\/en\/wp-json\/wp\/v2\/pages"}],"about":[{"href":"https:\/\/prcp.com.pe\/en\/wp-json\/wp\/v2\/types\/page"}],"author":[{"embeddable":true,"href":"https:\/\/prcp.com.pe\/en\/wp-json\/wp\/v2\/users\/3"}],"replies":[{"embeddable":true,"href":"https:\/\/prcp.com.pe\/en\/wp-json\/wp\/v2\/comments?post=7467"}],"version-history":[{"count":0,"href":"https:\/\/prcp.com.pe\/en\/wp-json\/wp\/v2\/pages\/7467\/revisions"}],"wp:attachment":[{"href":"https:\/\/prcp.com.pe\/en\/wp-json\/wp\/v2\/media?parent=7467"}],"curies":[{"name":"wp","href":"https:\/\/api.w.org\/{rel}","templated":true}]}}