{"id":7365,"date":"2018-10-30T12:02:24","date_gmt":"2018-10-30T17:02:24","guid":{"rendered":"https:\/\/prcp.com.pe\/area\/sectores-regulados\/"},"modified":"2025-08-22T12:13:51","modified_gmt":"2025-08-22T17:13:51","slug":"energy","status":"publish","type":"page","link":"https:\/\/prcp.com.pe\/en\/services\/energy\/","title":{"rendered":"Energy"},"content":{"rendered":"<div class=\"wpb-content-wrapper\"><p>[vc_row][vc_column][vc_row_inner][vc_column_inner width=&#8221;2\/3&#8243;][lab_heading title_tag=&#8221;H1&#8243; title=&#8221;Energy&#8221; el_class=&#8221;no-relleno&#8221;][\/lab_heading][vc_column_text]<\/p>\n<p style=\"text-align: justify;\">We advise the most important actors in the Peruvian energy market (who are also part of the largest energy conglomerates worldwide) in the development of their projects, as well as different investment banks, operators, and investors in the most emblematic cases in this field, including advice to clients involved in the electricity and natural gas sector.<\/p>\n<p style=\"text-align: justify;\">Our multidisciplinary and award-winning team has extensive knowledge in this market, providing an innovative and practical value-added approach throughout the entire chain, including generation, transmission, distribution, and marketing activities all related to the electricity sector and the exploration, production, transportation, distribution, and marketing activities in the natural gas sector. We also have vast experience in the renewable energy sector in which we have advised several companies in auction processes before OSINERGMIN and in the development of renewable generation projects, as well as in the resolution of controversies before COES.<\/p>\n<p style=\"text-align: justify;\">Our services include comprehensive advice throughout all stages of the project, from the pre-operational stage to the execution stage. We provide advice on the structuring and financing of the project up to its implementation, including the construction, obtention of concessions, easements and other authorizations and permits required by the regulators. We also advise on the negotiation and execution of the main agreements required for the development of the project, including the construction, operation and maintenance contracts, agreements for the supply of energy, and agreements for transmission services, among others. Our experience also includes advising before the energy sector regulator, OSINERGMIN, and COES on tariff matters related to the diverse operations within the energy sector.<\/p>\n<p style=\"text-align: justify;\">Our extensive experience in the solution of disputes arising in the energy field is likewise commendable. We boast a team of dispute resolution attorneys highly specialized in the energy sector, having successfully represented clients in administrative controversies before Peruvian regulators, investigations and sanctioning procedures related to Competition Law, judicial litigation, and in both domestic and international commercial and investment arbitration proceedings.<\/p>\n<p>[\/vc_column_text][\/vc_column_inner][vc_column_inner width=&#8221;1\/3&#8243;][vc_column_text]<img loading=\"lazy\" decoding=\"async\" class=\"size-medium wp-image-76603 aligncenter\" src=\"https:\/\/prcp.com.pe\/wp-content\/uploads\/2024\/10\/ambiental-181x300.png\" alt=\"\" width=\"181\" height=\"300\" srcset=\"https:\/\/prcp.com.pe\/wp-content\/uploads\/2024\/10\/ambiental-181x300.png 181w, https:\/\/prcp.com.pe\/wp-content\/uploads\/2024\/10\/ambiental.png 476w\" sizes=\"auto, (max-width: 181px) 100vw, 181px\" \/>[\/vc_column_text][vc_column_text el_class=&#8221;quote&#8221;]<\/p>\n<blockquote>\n<p>&#8220;They skilfully tackled the complexities associated with our matter. The service delivered was timely and of high quality.\u201d <!-- notionvc: 40746637-e672-44ab-b122-f246e094c915 --><\/p>\n<\/blockquote>\n<p style=\"text-align: right;\"><b>Chambers Latin America 2025<\/b><\/p>\n<p>[\/vc_column_text][\/vc_column_inner][\/vc_row_inner][vc_row_inner][vc_column_inner][lab_heading title_tag=&#8221;H3&#8243; title=&#8221;Contacts&#8221;][\/lab_heading][\/vc_column_inner][\/vc_row_inner][vc_row_inner el_class=&#8221;contactos&#8221;][vc_column_inner width=&#8221;1\/6&#8243;][vc_single_image image=&#8221;16751&#8243; img_size=&#8221;full&#8221; onclick=&#8221;custom_link&#8221; img_link_target=&#8221;_blank&#8221; link=&#8221;https:\/\/prcp.com.pe\/en\/partners\/soto-gerardo\/&#8221; el_class=&#8221;image_people&#8221;][vc_custom_heading text=&#8221;Gerardo Soto&#8221; font_container=&#8221;tag:h3|font_size:13px|text_align:center&#8221; use_theme_fonts=&#8221;yes&#8221; link=&#8221;url:https%3A%2F%2Fprcp.com.pe%2Fen%2Fpartners%2Fsoto-gerardo%2F||target:%20_blank|&#8221;][\/vc_column_inner][vc_column_inner width=&#8221;1\/6&#8243;][vc_single_image image=&#8221;7018&#8243; img_size=&#8221;full&#8221; onclick=&#8221;custom_link&#8221; img_link_target=&#8221;_blank&#8221; link=&#8221;https:\/\/prcp.com.pe\/en\/partners\/rey-alonso\/&#8221; el_class=&#8221;image_people&#8221;][vc_custom_heading text=&#8221;Alonso Rey&#8221; font_container=&#8221;tag:h3|font_size:13px|text_align:center&#8221; use_theme_fonts=&#8221;yes&#8221; link=&#8221;url:https%3A%2F%2Fprcp.com.pe%2Fen%2Fpartners%2Frey-alonso%2F|target:_blank&#8221;][\/vc_column_inner][vc_column_inner width=&#8221;1\/6&#8243;][vc_single_image image=&#8221;7044&#8243; img_size=&#8221;full&#8221; onclick=&#8221;custom_link&#8221; img_link_target=&#8221;_blank&#8221; link=&#8221;https:\/\/prcp.com.pe\/en\/partners\/payet-jose-antonio\/&#8221; el_class=&#8221;image_people&#8221;][vc_custom_heading text=&#8221;Jos\u00e9 Antonio Payet&#8221; font_container=&#8221;tag:h3|font_size:13px|text_align:center&#8221; use_theme_fonts=&#8221;yes&#8221; link=&#8221;url:https%3A%2F%2Fprcp.com.pe%2Fen%2Fpartners%2Fpayet-jose-antonio%2F|target:_blank&#8221;][\/vc_column_inner][vc_column_inner width=&#8221;1\/6&#8243;][vc_single_image image=&#8221;7048&#8243; img_size=&#8221;full&#8221; onclick=&#8221;custom_link&#8221; img_link_target=&#8221;_blank&#8221; link=&#8221;https:\/\/prcp.com.pe\/en\/partners\/perez-julio-cesar\/&#8221; el_class=&#8221;image_people&#8221;][vc_custom_heading text=&#8221;Julio C\u00e9sar P\u00e9rez&#8221; font_container=&#8221;tag:h3|font_size:13px|text_align:center&#8221; use_theme_fonts=&#8221;yes&#8221; link=&#8221;url:https%3A%2F%2Fprcp.com.pe%2Fen%2Fpartners%2Fperez-julio-cesar%2F|target:_blank&#8221;][\/vc_column_inner][vc_column_inner width=&#8221;1\/6&#8243;][vc_single_image image=&#8221;35556&#8243; img_size=&#8221;full&#8221; onclick=&#8221;custom_link&#8221; img_link_target=&#8221;_blank&#8221; link=&#8221;https:\/\/prcp.com.pe\/en\/partners\/reggiardo-mario\/&#8221; el_class=&#8221;image_people&#8221;][vc_custom_heading text=&#8221;Mario Reggiardo&#8221; font_container=&#8221;tag:h3|font_size:13px|text_align:center&#8221; use_theme_fonts=&#8221;yes&#8221; link=&#8221;url:https%3A%2F%2Fprcp.com.pe%2Fen%2Fpartners%2Freggiardo-mario%2F|target:_blank&#8221;][\/vc_column_inner][vc_column_inner width=&#8221;1\/6&#8243;][vc_single_image image=&#8221;7020&#8243; img_size=&#8221;full&#8221; onclick=&#8221;custom_link&#8221; img_link_target=&#8221;_blank&#8221; link=&#8221;https:\/\/prcp.com.pe\/en\/partners\/patron-carlos\/&#8221; el_class=&#8221;image_people&#8221;][vc_custom_heading text=&#8221;Carlos Patr\u00f3n&#8221; font_container=&#8221;tag:h3|font_size:13px|text_align:center&#8221; use_theme_fonts=&#8221;yes&#8221; link=&#8221;url:https%3A%2F%2Fprcp.com.pe%2Fen%2Fpartners%2Fpatron-carlos%2F|target:_blank&#8221;][\/vc_column_inner][\/vc_row_inner][vc_row_inner el_class=&#8221;contactos&#8221;][vc_column_inner width=&#8221;1\/6&#8243;][vc_single_image image=&#8221;7129&#8243; img_size=&#8221;full&#8221; onclick=&#8221;custom_link&#8221; img_link_target=&#8221;_blank&#8221; link=&#8221;https:\/\/prcp.com.pe\/en\/asociado_principal\/aramburu-michelle\/&#8221; el_class=&#8221;image_people&#8221;][vc_custom_heading text=&#8221;Michelle Arambur\u00fa&#8221; font_container=&#8221;tag:h3|font_size:13px|text_align:center&#8221; use_theme_fonts=&#8221;yes&#8221; link=&#8221;url:https%3A%2F%2Fprcp.com.pe%2Fen%2Fasociado_principal%2Faramburu-michelle%2F||target:%20_blank|&#8221;][\/vc_column_inner][vc_column_inner width=&#8221;1\/6&#8243;][vc_single_image image=&#8221;77429&#8243; img_size=&#8221;full&#8221; onclick=&#8221;custom_link&#8221; img_link_target=&#8221;_blank&#8221; css=&#8221;&#8221; link=&#8221;https:\/\/prcp.com.pe\/en\/associate\/gamarra-sebastian\/&#8221; el_class=&#8221;image_people&#8221;][vc_custom_heading text=&#8221;Sebastian Gamarra&#8221; font_container=&#8221;tag:h3|font_size:13px|text_align:center&#8221; use_theme_fonts=&#8221;yes&#8221; css=&#8221;&#8221; link=&#8221;url:https%3A%2F%2Fprcp.com.pe%2Fen%2Fassociate%2Fgamarra-sebastian%2F|target:_blank&#8221;][\/vc_column_inner][vc_column_inner width=&#8221;1\/6&#8243;][\/vc_column_inner][vc_column_inner width=&#8221;1\/6&#8243;][\/vc_column_inner][vc_column_inner width=&#8221;1\/6&#8243;][\/vc_column_inner][vc_column_inner width=&#8221;1\/6&#8243;][\/vc_column_inner][\/vc_row_inner][\/vc_column][\/vc_row][vc_column_inner width=&#8221;1\/6&#8243;][\/vc_column_inner][vc_row css=&#8221;.vc_custom_1541551259246{margin-top: 40px !important;}&#8221;][vc_column][vc_column_text]<div class=\"section-title\"><h3>Latest news<\/h3><\/div><div id=\"boxes\"><div class=\"ultimas-noticias\"><a class=\"thumbnail-img\" href=\"https:\/\/blog.prcp.com.pe\/derecho-administrativo\/ley-32315-de-gas-natural-y-su-impacto-en-peru\/\" target=\"_blank\"><div class=\"news-image-style\" style=\"background-image:url(https:\/\/blog.prcp.com.pe\/wp-content\/uploads\/2025\/08\/CORTE-DE-FOTO-PARA-MINIATURA-Recuperado-1-1024x664.jpg);\"><\/div><\/a><p class=\"date-text section-title\">05\/08\/2025<\/p><h5>Michelle Arambur\u00fa y Marcelo Castilla declararon para LexLatin: \u00abGas natural en Per\u00fa: Los retos de inversi\u00f3n e infraestructura que plantea la Ley 32315\u00bb<\/h5><a class=\"boton-arti read-more-btn\" href=\"https:\/\/blog.prcp.com.pe\/derecho-administrativo\/ley-32315-de-gas-natural-y-su-impacto-en-peru\/\">Read more<\/a><\/div><div class=\"ultimas-noticias\"><a class=\"thumbnail-img\" href=\"https:\/\/blog.prcp.com.pe\/derecho-administrativo\/sebastian-gamarra-para-lexlatin-ley-32249-los-nuevos-vientos-en-la-energia-renovable-en-el-peru\/\" target=\"_blank\"><div class=\"news-image-style\" style=\"background-image:url(https:\/\/blog.prcp.com.pe\/wp-content\/uploads\/2025\/05\/CORTE-DE-FOTO-PARA-MINIATURA-2-1024x664.jpg);\"><\/div><\/a><p class=\"date-text section-title\">05\/05\/2025<\/p><h5>Sebastian Gamarra para LexLatin: \u00abLey 32249: Los nuevos vientos en la energ\u00eda renovable en el Per\u00fa\u00bb<\/h5><a class=\"boton-arti read-more-btn\" href=\"https:\/\/blog.prcp.com.pe\/derecho-administrativo\/sebastian-gamarra-para-lexlatin-ley-32249-los-nuevos-vientos-en-la-energia-renovable-en-el-peru\/\">Read more<\/a><\/div><div class=\"ultimas-noticias\"><a class=\"thumbnail-img\" href=\"https:\/\/blog.prcp.com.pe\/energia\/asesoramos-a-grupo-enhol-en-el-financiamiento-para-la-construccion-de-la-central-solar-fotovoltaica-illa\/\" target=\"_blank\"><div class=\"news-image-style\" style=\"background-image:url(https:\/\/blog.prcp.com.pe\/wp-content\/uploads\/2025\/04\/CORTE-DE-FOTO-PARA-MINIATURA-3-1024x664.jpg);\"><\/div><\/a><p class=\"date-text section-title\">10\/04\/2025<\/p><h5>Asesoramos a Grupo Enhol en el financiamiento para la construcci\u00f3n de la Central Solar Fotovoltaica Illa<\/h5><a class=\"boton-arti read-more-btn\" href=\"https:\/\/blog.prcp.com.pe\/energia\/asesoramos-a-grupo-enhol-en-el-financiamiento-para-la-construccion-de-la-central-solar-fotovoltaica-illa\/\">Read more<\/a><\/div><div class=\"ultimas-noticias\"><a class=\"thumbnail-img\" href=\"https:\/\/blog.prcp.com.pe\/derecho-administrativo\/michelle-aramburu-payet-rey-cauvi-perez-regulacion-energetica\/\" target=\"_blank\"><div class=\"news-image-style\" style=\"background-image:url(https:\/\/blog.prcp.com.pe\/wp-content\/uploads\/2025\/02\/CORTE-DE-FOTO-PARA-MINIATURA-7-1024x664.jpg);\"><\/div><\/a><p class=\"date-text section-title\">17\/02\/2025<\/p><h5>Michelle Arambur\u00fa para LexLatin: \u00abLa apuesta de Payet, Rey, Cauvi, P\u00e9rez para robustecer su oferta en materia de regulaci\u00f3n energ\u00e9tica\u00bb<\/h5><a class=\"boton-arti read-more-btn\" href=\"https:\/\/blog.prcp.com.pe\/derecho-administrativo\/michelle-aramburu-payet-rey-cauvi-perez-regulacion-energetica\/\">Read more<\/a><\/div><div class=\"ultimas-noticias\"><a class=\"thumbnail-img\" href=\"https:\/\/blog.prcp.com.pe\/energia\/lexmil-publican-ley-que-incentiva-la-inversion-en-recursos-energeticos-renovables-destinados-a-la-generacion-de-energia-en-el-mercado-electrico-peruano\/\" target=\"_blank\"><div class=\"news-image-style\" style=\"background-image:url(https:\/\/blog.prcp.com.pe\/wp-content\/uploads\/2025\/01\/regulatorio-2025-01-1024x664.jpg);\"><\/div><\/a><p class=\"date-text section-title\">20\/01\/2025<\/p><h5>Lexm@il &#8211; Publican Ley que incentiva la inversi\u00f3n en recursos energ\u00e9ticos renovables destinados a la generaci\u00f3n de energ\u00eda en el mercado el\u00e9ctrico peruano<\/h5><a class=\"boton-arti read-more-btn\" href=\"https:\/\/blog.prcp.com.pe\/energia\/lexmil-publican-ley-que-incentiva-la-inversion-en-recursos-energeticos-renovables-destinados-a-la-generacion-de-energia-en-el-mercado-electrico-peruano\/\">Read more<\/a><\/div><div class=\"ultimas-noticias\"><a class=\"thumbnail-img\" href=\"https:\/\/blog.prcp.com.pe\/competencia\/luciana-marquez-para-lexlatin-la-mentoria-una-estrategia-para-potenciar-y-visibilizar-el-talento-de-las-abogadas-mas-jovenes\/\" target=\"_blank\"><div class=\"news-image-style\" style=\"background-image:url(https:\/\/blog.prcp.com.pe\/wp-content\/uploads\/2023\/03\/BANNER2-1-1024x695.jpg);\"><\/div><\/a><p class=\"date-text section-title\">07\/03\/2023<\/p><h5>Luciana M\u00e1rquez para LexLatin: \u00abLa mentor\u00eda: una estrategia para potenciar y visibilizar el talento de las abogadas m\u00e1s j\u00f3venes\u00bb<\/h5><a class=\"boton-arti read-more-btn\" href=\"https:\/\/blog.prcp.com.pe\/competencia\/luciana-marquez-para-lexlatin-la-mentoria-una-estrategia-para-potenciar-y-visibilizar-el-talento-de-las-abogadas-mas-jovenes\/\">Read more<\/a><\/div><a class=\"ver-todas btn category-btn\" href=\"https:\/\/blog.prcp.com.pe\/ultimas-publicaciones\/\">See all the news<\/a><\/div>[\/vc_column_text][\/vc_column][\/vc_row]<\/p>\n<\/div>","protected":false},"excerpt":{"rendered":"<p>[vc_row][vc_column][vc_row_inner][vc_column_inner width=&#8221;2\/3&#8243;][lab_heading title_tag=&#8221;H1&#8243; title=&#8221;Energy&#8221; el_class=&#8221;no-relleno&#8221;][\/lab_heading][vc_column_text] We advise the most important actors in the Peruvian energy market (who are also part of the largest energy conglomerates worldwide) in the development of their projects, as well as different investment banks, operators, and investors in the most emblematic cases in this field, including advice to clients involved in&hellip;<\/p>\n","protected":false},"author":3,"featured_media":69918,"parent":7263,"menu_order":0,"comment_status":"closed","ping_status":"closed","template":"page-servicio-template.php","meta":{"_acf_changed":false,"footnotes":""},"class_list":["post-7365","page","type-page","status-publish","has-post-thumbnail","hentry"],"acf":[],"yoast_head":"<!-- This site is optimized with the Yoast SEO plugin v27.0 - https:\/\/yoast.com\/product\/yoast-seo-wordpress\/ -->\n<title>Energy - Payet, Rey, Cauvi, P\u00e9rez<\/title>\n<meta name=\"robots\" content=\"index, follow, max-snippet:-1, max-image-preview:large, max-video-preview:-1\" \/>\n<link rel=\"canonical\" href=\"https:\/\/prcp.com.pe\/en\/services\/energy\/\" \/>\n<meta property=\"og:locale\" content=\"en_US\" \/>\n<meta property=\"og:type\" content=\"article\" \/>\n<meta property=\"og:title\" content=\"Energy - Payet, Rey, Cauvi, P\u00e9rez\" \/>\n<meta property=\"og:description\" content=\"[vc_row][vc_column][vc_row_inner][vc_column_inner width=&#8221;2\/3&#8243;][lab_heading title_tag=&#8221;H1&#8243; title=&#8221;Energy&#8221; el_class=&#8221;no-relleno&#8221;][\/lab_heading][vc_column_text] We advise the most important actors in the Peruvian energy market (who are also part of the largest energy conglomerates worldwide) in the development of their projects, as well as different investment banks, operators, and investors in the most emblematic cases in this field, including advice to clients involved in&hellip;\" \/>\n<meta property=\"og:url\" content=\"https:\/\/prcp.com.pe\/en\/services\/energy\/\" \/>\n<meta property=\"og:site_name\" content=\"Payet, Rey, Cauvi, P\u00e9rez\" \/>\n<meta property=\"article:publisher\" content=\"https:\/\/www.facebook.com\/prcpabogados\/\" \/>\n<meta property=\"article:modified_time\" content=\"2025-08-22T17:13:51+00:00\" \/>\n<meta property=\"og:image\" content=\"https:\/\/prcp.com.pe\/wp-content\/uploads\/2023\/06\/Energia.png\" \/>\n\t<meta property=\"og:image:width\" content=\"1080\" \/>\n\t<meta property=\"og:image:height\" content=\"720\" \/>\n\t<meta property=\"og:image:type\" content=\"image\/png\" \/>\n<meta name=\"twitter:card\" content=\"summary_large_image\" \/>\n<meta name=\"twitter:label1\" content=\"Est. reading time\" \/>\n\t<meta name=\"twitter:data1\" content=\"3 minutes\" \/>\n<script type=\"application\/ld+json\" class=\"yoast-schema-graph\">{\"@context\":\"https:\/\/schema.org\",\"@graph\":[{\"@type\":\"WebPage\",\"@id\":\"https:\/\/prcp.com.pe\/en\/services\/energy\/\",\"url\":\"https:\/\/prcp.com.pe\/en\/services\/energy\/\",\"name\":\"Energy - Payet, Rey, Cauvi, P\u00e9rez\",\"isPartOf\":{\"@id\":\"https:\/\/prcp.com.pe\/en\/#website\"},\"primaryImageOfPage\":{\"@id\":\"https:\/\/prcp.com.pe\/en\/services\/energy\/#primaryimage\"},\"image\":{\"@id\":\"https:\/\/prcp.com.pe\/en\/services\/energy\/#primaryimage\"},\"thumbnailUrl\":\"https:\/\/prcp.com.pe\/wp-content\/uploads\/2023\/06\/Energia.png\",\"datePublished\":\"2018-10-30T17:02:24+00:00\",\"dateModified\":\"2025-08-22T17:13:51+00:00\",\"breadcrumb\":{\"@id\":\"https:\/\/prcp.com.pe\/en\/services\/energy\/#breadcrumb\"},\"inLanguage\":\"en-US\",\"potentialAction\":[{\"@type\":\"ReadAction\",\"target\":[\"https:\/\/prcp.com.pe\/en\/services\/energy\/\"]}]},{\"@type\":\"ImageObject\",\"inLanguage\":\"en-US\",\"@id\":\"https:\/\/prcp.com.pe\/en\/services\/energy\/#primaryimage\",\"url\":\"https:\/\/prcp.com.pe\/wp-content\/uploads\/2023\/06\/Energia.png\",\"contentUrl\":\"https:\/\/prcp.com.pe\/wp-content\/uploads\/2023\/06\/Energia.png\",\"width\":1080,\"height\":720},{\"@type\":\"BreadcrumbList\",\"@id\":\"https:\/\/prcp.com.pe\/en\/services\/energy\/#breadcrumb\",\"itemListElement\":[{\"@type\":\"ListItem\",\"position\":1,\"name\":\"Portada\",\"item\":\"https:\/\/prcp.com.pe\/en\/\"},{\"@type\":\"ListItem\",\"position\":2,\"name\":\"Services\",\"item\":\"https:\/\/prcp.com.pe\/en\/services\/\"},{\"@type\":\"ListItem\",\"position\":3,\"name\":\"Energy\"}]},{\"@type\":\"WebSite\",\"@id\":\"https:\/\/prcp.com.pe\/en\/#website\",\"url\":\"https:\/\/prcp.com.pe\/en\/\",\"name\":\"Payet, Rey, Cauvi, P\u00e9rez\",\"description\":\"Payet, Rey, Cauvi, P\u00e9rez Abogados es uno de los estudios jur\u00eddicos l\u00edderes en el Per\u00fa, de reconocida experiencia y con una amplia trayectoria.\",\"publisher\":{\"@id\":\"https:\/\/prcp.com.pe\/en\/#organization\"},\"potentialAction\":[{\"@type\":\"SearchAction\",\"target\":{\"@type\":\"EntryPoint\",\"urlTemplate\":\"https:\/\/prcp.com.pe\/en\/?s={search_term_string}\"},\"query-input\":{\"@type\":\"PropertyValueSpecification\",\"valueRequired\":true,\"valueName\":\"search_term_string\"}}],\"inLanguage\":\"en-US\"},{\"@type\":\"Organization\",\"@id\":\"https:\/\/prcp.com.pe\/en\/#organization\",\"name\":\"Payet, Rey, Cauvi, P\u00e9rez Abogados\",\"url\":\"https:\/\/prcp.com.pe\/en\/\",\"logo\":{\"@type\":\"ImageObject\",\"inLanguage\":\"en-US\",\"@id\":\"https:\/\/prcp.com.pe\/en\/#\/schema\/logo\/image\/\",\"url\":\"https:\/\/prcp.com.pe\/wp-content\/uploads\/2018\/11\/logo-2.jpg\",\"contentUrl\":\"https:\/\/prcp.com.pe\/wp-content\/uploads\/2018\/11\/logo-2.jpg\",\"width\":459,\"height\":471,\"caption\":\"Payet, Rey, Cauvi, P\u00e9rez Abogados\"},\"image\":{\"@id\":\"https:\/\/prcp.com.pe\/en\/#\/schema\/logo\/image\/\"},\"sameAs\":[\"https:\/\/www.facebook.com\/prcpabogados\/\",\"https:\/\/www.linkedin.com\/company\/prc\/\",\"https:\/\/www.youtube.com\/channel\/UCbXFuuBk4-B26fdfYft3Oag\"]}]}<\/script>\n<!-- \/ Yoast SEO plugin. -->","yoast_head_json":{"title":"Energy - Payet, Rey, Cauvi, P\u00e9rez","robots":{"index":"index","follow":"follow","max-snippet":"max-snippet:-1","max-image-preview":"max-image-preview:large","max-video-preview":"max-video-preview:-1"},"canonical":"https:\/\/prcp.com.pe\/en\/services\/energy\/","og_locale":"en_US","og_type":"article","og_title":"Energy - Payet, Rey, Cauvi, P\u00e9rez","og_description":"[vc_row][vc_column][vc_row_inner][vc_column_inner width=&#8221;2\/3&#8243;][lab_heading title_tag=&#8221;H1&#8243; title=&#8221;Energy&#8221; el_class=&#8221;no-relleno&#8221;][\/lab_heading][vc_column_text] We advise the most important actors in the Peruvian energy market (who are also part of the largest energy conglomerates worldwide) in the development of their projects, as well as different investment banks, operators, and investors in the most emblematic cases in this field, including advice to clients involved in&hellip;","og_url":"https:\/\/prcp.com.pe\/en\/services\/energy\/","og_site_name":"Payet, Rey, Cauvi, P\u00e9rez","article_publisher":"https:\/\/www.facebook.com\/prcpabogados\/","article_modified_time":"2025-08-22T17:13:51+00:00","og_image":[{"width":1080,"height":720,"url":"https:\/\/prcp.com.pe\/wp-content\/uploads\/2023\/06\/Energia.png","type":"image\/png"}],"twitter_card":"summary_large_image","twitter_misc":{"Est. reading time":"3 minutes"},"schema":{"@context":"https:\/\/schema.org","@graph":[{"@type":"WebPage","@id":"https:\/\/prcp.com.pe\/en\/services\/energy\/","url":"https:\/\/prcp.com.pe\/en\/services\/energy\/","name":"Energy - Payet, Rey, Cauvi, P\u00e9rez","isPartOf":{"@id":"https:\/\/prcp.com.pe\/en\/#website"},"primaryImageOfPage":{"@id":"https:\/\/prcp.com.pe\/en\/services\/energy\/#primaryimage"},"image":{"@id":"https:\/\/prcp.com.pe\/en\/services\/energy\/#primaryimage"},"thumbnailUrl":"https:\/\/prcp.com.pe\/wp-content\/uploads\/2023\/06\/Energia.png","datePublished":"2018-10-30T17:02:24+00:00","dateModified":"2025-08-22T17:13:51+00:00","breadcrumb":{"@id":"https:\/\/prcp.com.pe\/en\/services\/energy\/#breadcrumb"},"inLanguage":"en-US","potentialAction":[{"@type":"ReadAction","target":["https:\/\/prcp.com.pe\/en\/services\/energy\/"]}]},{"@type":"ImageObject","inLanguage":"en-US","@id":"https:\/\/prcp.com.pe\/en\/services\/energy\/#primaryimage","url":"https:\/\/prcp.com.pe\/wp-content\/uploads\/2023\/06\/Energia.png","contentUrl":"https:\/\/prcp.com.pe\/wp-content\/uploads\/2023\/06\/Energia.png","width":1080,"height":720},{"@type":"BreadcrumbList","@id":"https:\/\/prcp.com.pe\/en\/services\/energy\/#breadcrumb","itemListElement":[{"@type":"ListItem","position":1,"name":"Portada","item":"https:\/\/prcp.com.pe\/en\/"},{"@type":"ListItem","position":2,"name":"Services","item":"https:\/\/prcp.com.pe\/en\/services\/"},{"@type":"ListItem","position":3,"name":"Energy"}]},{"@type":"WebSite","@id":"https:\/\/prcp.com.pe\/en\/#website","url":"https:\/\/prcp.com.pe\/en\/","name":"Payet, Rey, Cauvi, P\u00e9rez","description":"Payet, Rey, Cauvi, P\u00e9rez Abogados es uno de los estudios jur\u00eddicos l\u00edderes en el Per\u00fa, de reconocida experiencia y con una amplia trayectoria.","publisher":{"@id":"https:\/\/prcp.com.pe\/en\/#organization"},"potentialAction":[{"@type":"SearchAction","target":{"@type":"EntryPoint","urlTemplate":"https:\/\/prcp.com.pe\/en\/?s={search_term_string}"},"query-input":{"@type":"PropertyValueSpecification","valueRequired":true,"valueName":"search_term_string"}}],"inLanguage":"en-US"},{"@type":"Organization","@id":"https:\/\/prcp.com.pe\/en\/#organization","name":"Payet, Rey, Cauvi, P\u00e9rez Abogados","url":"https:\/\/prcp.com.pe\/en\/","logo":{"@type":"ImageObject","inLanguage":"en-US","@id":"https:\/\/prcp.com.pe\/en\/#\/schema\/logo\/image\/","url":"https:\/\/prcp.com.pe\/wp-content\/uploads\/2018\/11\/logo-2.jpg","contentUrl":"https:\/\/prcp.com.pe\/wp-content\/uploads\/2018\/11\/logo-2.jpg","width":459,"height":471,"caption":"Payet, Rey, Cauvi, P\u00e9rez Abogados"},"image":{"@id":"https:\/\/prcp.com.pe\/en\/#\/schema\/logo\/image\/"},"sameAs":["https:\/\/www.facebook.com\/prcpabogados\/","https:\/\/www.linkedin.com\/company\/prc\/","https:\/\/www.youtube.com\/channel\/UCbXFuuBk4-B26fdfYft3Oag"]}]}},"_links":{"self":[{"href":"https:\/\/prcp.com.pe\/en\/wp-json\/wp\/v2\/pages\/7365","targetHints":{"allow":["GET"]}}],"collection":[{"href":"https:\/\/prcp.com.pe\/en\/wp-json\/wp\/v2\/pages"}],"about":[{"href":"https:\/\/prcp.com.pe\/en\/wp-json\/wp\/v2\/types\/page"}],"author":[{"embeddable":true,"href":"https:\/\/prcp.com.pe\/en\/wp-json\/wp\/v2\/users\/3"}],"replies":[{"embeddable":true,"href":"https:\/\/prcp.com.pe\/en\/wp-json\/wp\/v2\/comments?post=7365"}],"version-history":[{"count":12,"href":"https:\/\/prcp.com.pe\/en\/wp-json\/wp\/v2\/pages\/7365\/revisions"}],"predecessor-version":[{"id":77648,"href":"https:\/\/prcp.com.pe\/en\/wp-json\/wp\/v2\/pages\/7365\/revisions\/77648"}],"up":[{"embeddable":true,"href":"https:\/\/prcp.com.pe\/en\/wp-json\/wp\/v2\/pages\/7263"}],"wp:featuredmedia":[{"embeddable":true,"href":"https:\/\/prcp.com.pe\/en\/wp-json\/wp\/v2\/media\/69918"}],"wp:attachment":[{"href":"https:\/\/prcp.com.pe\/en\/wp-json\/wp\/v2\/media?parent=7365"}],"curies":[{"name":"wp","href":"https:\/\/api.w.org\/{rel}","templated":true}]}}