{"id":7339,"date":"2018-10-30T12:04:40","date_gmt":"2018-10-30T17:04:40","guid":{"rendered":"https:\/\/prcp.com.pe\/area\/financiamiento-y-mercado-de-valores\/"},"modified":"2021-11-15T16:09:23","modified_gmt":"2021-11-15T21:09:23","slug":"finance-and-capital-markets","status":"publish","type":"page","link":"https:\/\/prcp.com.pe\/en\/services\/finance-and-capital-markets\/","title":{"rendered":"Finance and Capital Markets"},"content":{"rendered":"<div class=\"wpb-content-wrapper\"><p>[vc_row][vc_column][vc_row_inner][vc_column_inner width=&#8221;2\/3&#8243;][lab_heading title=&#8221;Finance &amp; Capital Markets&#8221; el_class=&#8221;no-relleno&#8221;][\/lab_heading][vc_column_text]PRCP is a market leader advising corporations, financial institutions and institutional investors on the design and implementation of complex financial products and transactions, having vast experience working on international offerings and interacting with the leading firms, auditors and investment banks of the different international markets.<\/p>\n<p>Our attorneys regularly advise financial institutions, corporate borrowers and guarantors in the most important lending and syndicated loans, as well in asset finance, project finance and asset securitization transactions. Similarly, the firm has actively participated in the structuring of public offerings of shares and corporate bonds, take-over bids, exchange offers, delisting of securities, employee stock option plans and trusts, among others.[\/vc_column_text][\/vc_column_inner][vc_column_inner width=&#8221;1\/3&#8243;][vc_column_text]<img loading=\"lazy\" decoding=\"async\" class=\"wp-image-49809 size-full aligncenter\" src=\"https:\/\/prcp.com.pe\/wp-content\/uploads\/2021\/11\/Logos-ranking-varios-5-web-scaled.jpg\" alt=\"\" width=\"1575\" height=\"2560\" srcset=\"https:\/\/prcp.com.pe\/wp-content\/uploads\/2021\/11\/Logos-ranking-varios-5-web-scaled.jpg 1575w, https:\/\/prcp.com.pe\/wp-content\/uploads\/2021\/11\/Logos-ranking-varios-5-web-185x300.jpg 185w, https:\/\/prcp.com.pe\/wp-content\/uploads\/2021\/11\/Logos-ranking-varios-5-web-630x1024.jpg 630w, https:\/\/prcp.com.pe\/wp-content\/uploads\/2021\/11\/Logos-ranking-varios-5-web-768x1248.jpg 768w, https:\/\/prcp.com.pe\/wp-content\/uploads\/2021\/11\/Logos-ranking-varios-5-web-945x1536.jpg 945w, https:\/\/prcp.com.pe\/wp-content\/uploads\/2021\/11\/Logos-ranking-varios-5-web-1260x2048.jpg 1260w, https:\/\/prcp.com.pe\/wp-content\/uploads\/2021\/11\/Logos-ranking-varios-5-web-1116x1814.jpg 1116w, https:\/\/prcp.com.pe\/wp-content\/uploads\/2021\/11\/Logos-ranking-varios-5-web-806x1310.jpg 806w, https:\/\/prcp.com.pe\/wp-content\/uploads\/2021\/11\/Logos-ranking-varios-5-web-558x907.jpg 558w, https:\/\/prcp.com.pe\/wp-content\/uploads\/2021\/11\/Logos-ranking-varios-5-web-655x1065.jpg 655w\" sizes=\"auto, (max-width: 1575px) 100vw, 1575px\" \/>[\/vc_column_text][vc_column_text el_class=&#8221;quote&#8221;]<\/p>\n<blockquote><p><em>&#8220;They are recognised in the Peruvian legal market for their strategic vision, international experience and high-quality client service.&#8221;<\/em><\/p>\n<p style=\"text-align: right;\"><em>&#8211; Banking &amp; Finance<\/em><\/p>\n<p><em>&#8220;The firm has offered us an impeccable work product throughout the years and they are always willing to help us on any matter.&#8221;<\/em><\/p>\n<p style=\"text-align: right;\"><em>&#8211; Capital Markets<\/em><\/p>\n<\/blockquote>\n<p style=\"text-align: right;\"><strong>Chambers Latin America 2022<\/strong><\/p>\n<p>[\/vc_column_text][\/vc_column_inner][\/vc_row_inner][vc_row_inner][vc_column_inner][lab_heading title_tag=&#8221;H3&#8243; title=&#8221;Contacts&#8221;][\/lab_heading][\/vc_column_inner][\/vc_row_inner][vc_row_inner el_class=&#8221;contactos&#8221;][vc_column_inner width=&#8221;1\/6&#8243;][vc_single_image image=&#8221;5910&#8243; img_size=&#8221;full&#8221; onclick=&#8221;custom_link&#8221; img_link_target=&#8221;_blank&#8221; link=&#8221;https:\/\/prcp.com.pe\/socios\/payet-jose-antonio\/&#8221; el_class=&#8221;image_people&#8221;][vc_custom_heading text=&#8221;Jose Antonio Payet&#8221; font_container=&#8221;tag:h3|font_size:13px|text_align:center&#8221; use_theme_fonts=&#8221;yes&#8221; link=&#8221;url:https%3A%2F%2Fprcp.com.pe%2Fen%2Fpartners%2Fpayet-jose-antonio%2F||target:%20_blank|&#8221;][\/vc_column_inner][vc_column_inner width=&#8221;1\/6&#8243;][vc_single_image image=&#8221;5921&#8243; img_size=&#8221;full&#8221; onclick=&#8221;custom_link&#8221; img_link_target=&#8221;_blank&#8221; link=&#8221;https:\/\/prcp.com.pe\/socios\/vega-eduardo\/&#8221; el_class=&#8221;image_people&#8221;][vc_custom_heading text=&#8221;Eduardo Vega&#8221; font_container=&#8221;tag:h3|font_size:13px|text_align:center&#8221; use_theme_fonts=&#8221;yes&#8221; link=&#8221;url:https%3A%2F%2Fprcp.com.pe%2Fen%2Fpartners%2Fvega-eduardo%2F||target:%20_blank|&#8221;][\/vc_column_inner][vc_column_inner width=&#8221;1\/6&#8243;][vc_single_image image=&#8221;5912&#8243; img_size=&#8221;full&#8221; onclick=&#8221;custom_link&#8221; img_link_target=&#8221;_blank&#8221; link=&#8221;https:\/\/prcp.com.pe\/socios\/eguez-juan-antonio\/&#8221; el_class=&#8221;image_people&#8221;][vc_custom_heading text=&#8221;Juan Antonio Eg\u00fcez&#8221; font_container=&#8221;tag:h3|font_size:13px|text_align:center&#8221; use_theme_fonts=&#8221;yes&#8221; link=&#8221;url:https%3A%2F%2Fprcp.com.pe%2Fen%2Fpartners%2Feguez-juan-antonio%2F||target:%20_blank|&#8221;][\/vc_column_inner][vc_column_inner width=&#8221;1\/6&#8243;][vc_single_image image=&#8221;36175&#8243; img_size=&#8221;full&#8221; onclick=&#8221;custom_link&#8221; img_link_target=&#8221;_blank&#8221; link=&#8221;https:\/\/prcp.com.pe\/socios\/cuneo-jose\/&#8221; el_class=&#8221;image_people&#8221;][vc_custom_heading text=&#8221;Jos\u00e9 C\u00faneo&#8221; font_container=&#8221;tag:h3|font_size:13px|text_align:center&#8221; use_theme_fonts=&#8221;yes&#8221; link=&#8221;url:https%3A%2F%2Fprcp.com.pe%2Fen%2Fpartners%2Fcuneo-jose%2F||target:%20_blank|&#8221;][\/vc_column_inner][vc_column_inner width=&#8221;1\/6&#8243;][vc_single_image image=&#8221;5916&#8243; img_size=&#8221;full&#8221; onclick=&#8221;custom_link&#8221; img_link_target=&#8221;_blank&#8221; link=&#8221;https:\/\/prcp.com.pe\/socios\/castillo-susan\/&#8221; el_class=&#8221;image_people&#8221;][vc_custom_heading text=&#8221;Susan Castillo&#8221; font_container=&#8221;tag:h3|font_size:13px|text_align:center&#8221; use_theme_fonts=&#8221;yes&#8221; link=&#8221;url:https%3A%2F%2Fprcp.com.pe%2Fen%2Fpartners%2Fcastillo-susan%2F||target:%20_blank|&#8221;][\/vc_column_inner][vc_column_inner width=&#8221;1\/6&#8243;][vc_single_image image=&#8221;7062&#8243; img_size=&#8221;full&#8221; onclick=&#8221;custom_link&#8221; img_link_target=&#8221;_blank&#8221; link=&#8221;https:\/\/prcp.com.pe\/en\/partners\/garcia-giovanna\/&#8221; el_class=&#8221;image_people&#8221;][vc_custom_heading text=&#8221;Giovanna Garc\u00eda&#8221; font_container=&#8221;tag:h3|font_size:13px|text_align:center&#8221; use_theme_fonts=&#8221;yes&#8221; link=&#8221;url:https%3A%2F%2Fprcp.com.pe%2Fen%2Fpartners%2Fgarcia-giovanna%2F||target:%20_blank|&#8221;][\/vc_column_inner][\/vc_row_inner][\/vc_column][\/vc_row][vc_column_inner width=&#8221;1\/6&#8243;][\/vc_column_inner][vc_row css=&#8221;.vc_custom_1541551259246{margin-top: 40px !important;}&#8221;][vc_column][vc_column_text][noticias_areas_financiamiento]<\/p>\n<p>[\/vc_column_text][\/vc_column][\/vc_row]<\/p>\n<\/div>","protected":false},"excerpt":{"rendered":"<p>[vc_row][vc_column][vc_row_inner][vc_column_inner width=&#8221;2\/3&#8243;][lab_heading title=&#8221;Finance &amp; Capital Markets&#8221; el_class=&#8221;no-relleno&#8221;][\/lab_heading][vc_column_text]PRCP is a market leader advising corporations, financial institutions and institutional investors on the design and implementation of complex financial products and transactions, having vast experience working on international offerings and interacting with the leading firms, auditors and investment banks of the different international markets. Our attorneys regularly advise&hellip;<\/p>\n","protected":false},"author":3,"featured_media":0,"parent":7263,"menu_order":0,"comment_status":"closed","ping_status":"closed","template":"page-servicio-template.php","meta":{"_acf_changed":false,"footnotes":""},"class_list":["post-7339","page","type-page","status-publish","hentry"],"acf":[],"yoast_head":"<!-- This site is optimized with the Yoast SEO plugin v27.0 - https:\/\/yoast.com\/product\/yoast-seo-wordpress\/ -->\n<title>Finance and Capital Markets - Payet, Rey, Cauvi, P\u00e9rez<\/title>\n<meta name=\"robots\" content=\"index, follow, max-snippet:-1, max-image-preview:large, max-video-preview:-1\" \/>\n<link rel=\"canonical\" href=\"https:\/\/prcp.com.pe\/en\/services\/finance-and-capital-markets\/\" \/>\n<meta property=\"og:locale\" content=\"en_US\" \/>\n<meta property=\"og:type\" content=\"article\" \/>\n<meta property=\"og:title\" content=\"Finance and Capital Markets - Payet, Rey, Cauvi, P\u00e9rez\" \/>\n<meta property=\"og:description\" content=\"[vc_row][vc_column][vc_row_inner][vc_column_inner width=&#8221;2\/3&#8243;][lab_heading title=&#8221;Finance &amp; Capital Markets&#8221; el_class=&#8221;no-relleno&#8221;][\/lab_heading][vc_column_text]PRCP is a market leader advising corporations, financial institutions and institutional investors on the design and implementation of complex financial products and transactions, having vast experience working on international offerings and interacting with the leading firms, auditors and investment banks of the different international markets. Our attorneys regularly advise&hellip;\" \/>\n<meta property=\"og:url\" content=\"https:\/\/prcp.com.pe\/en\/services\/finance-and-capital-markets\/\" \/>\n<meta property=\"og:site_name\" content=\"Payet, Rey, Cauvi, P\u00e9rez\" \/>\n<meta property=\"article:publisher\" content=\"https:\/\/www.facebook.com\/prcpabogados\/\" \/>\n<meta property=\"article:modified_time\" content=\"2021-11-15T21:09:23+00:00\" \/>\n<meta property=\"og:image\" content=\"https:\/\/prcp.com.pe\/wp-content\/uploads\/2021\/11\/Logos-ranking-varios-5-web-scaled.jpg\" \/>\n<meta name=\"twitter:card\" content=\"summary_large_image\" \/>\n<meta name=\"twitter:label1\" content=\"Est. reading time\" \/>\n\t<meta name=\"twitter:data1\" content=\"2 minutes\" \/>\n<script type=\"application\/ld+json\" class=\"yoast-schema-graph\">{\"@context\":\"https:\/\/schema.org\",\"@graph\":[{\"@type\":\"WebPage\",\"@id\":\"https:\/\/prcp.com.pe\/en\/services\/finance-and-capital-markets\/\",\"url\":\"https:\/\/prcp.com.pe\/en\/services\/finance-and-capital-markets\/\",\"name\":\"Finance and Capital Markets - Payet, Rey, Cauvi, P\u00e9rez\",\"isPartOf\":{\"@id\":\"https:\/\/prcp.com.pe\/en\/#website\"},\"primaryImageOfPage\":{\"@id\":\"https:\/\/prcp.com.pe\/en\/services\/finance-and-capital-markets\/#primaryimage\"},\"image\":{\"@id\":\"https:\/\/prcp.com.pe\/en\/services\/finance-and-capital-markets\/#primaryimage\"},\"thumbnailUrl\":\"https:\/\/prcp.com.pe\/wp-content\/uploads\/2021\/11\/Logos-ranking-varios-5-web-scaled.jpg\",\"datePublished\":\"2018-10-30T17:04:40+00:00\",\"dateModified\":\"2021-11-15T21:09:23+00:00\",\"breadcrumb\":{\"@id\":\"https:\/\/prcp.com.pe\/en\/services\/finance-and-capital-markets\/#breadcrumb\"},\"inLanguage\":\"en-US\",\"potentialAction\":[{\"@type\":\"ReadAction\",\"target\":[\"https:\/\/prcp.com.pe\/en\/services\/finance-and-capital-markets\/\"]}]},{\"@type\":\"ImageObject\",\"inLanguage\":\"en-US\",\"@id\":\"https:\/\/prcp.com.pe\/en\/services\/finance-and-capital-markets\/#primaryimage\",\"url\":\"https:\/\/prcp.com.pe\/wp-content\/uploads\/2021\/11\/Logos-ranking-varios-5-web-scaled.jpg\",\"contentUrl\":\"https:\/\/prcp.com.pe\/wp-content\/uploads\/2021\/11\/Logos-ranking-varios-5-web-scaled.jpg\"},{\"@type\":\"BreadcrumbList\",\"@id\":\"https:\/\/prcp.com.pe\/en\/services\/finance-and-capital-markets\/#breadcrumb\",\"itemListElement\":[{\"@type\":\"ListItem\",\"position\":1,\"name\":\"Portada\",\"item\":\"https:\/\/prcp.com.pe\/en\/\"},{\"@type\":\"ListItem\",\"position\":2,\"name\":\"Services\",\"item\":\"https:\/\/prcp.com.pe\/en\/services\/\"},{\"@type\":\"ListItem\",\"position\":3,\"name\":\"Finance and Capital Markets\"}]},{\"@type\":\"WebSite\",\"@id\":\"https:\/\/prcp.com.pe\/en\/#website\",\"url\":\"https:\/\/prcp.com.pe\/en\/\",\"name\":\"Payet, Rey, Cauvi, P\u00e9rez\",\"description\":\"Payet, Rey, Cauvi, P\u00e9rez Abogados es uno de los estudios jur\u00eddicos l\u00edderes en el Per\u00fa, de reconocida experiencia y con una amplia trayectoria.\",\"publisher\":{\"@id\":\"https:\/\/prcp.com.pe\/en\/#organization\"},\"potentialAction\":[{\"@type\":\"SearchAction\",\"target\":{\"@type\":\"EntryPoint\",\"urlTemplate\":\"https:\/\/prcp.com.pe\/en\/?s={search_term_string}\"},\"query-input\":{\"@type\":\"PropertyValueSpecification\",\"valueRequired\":true,\"valueName\":\"search_term_string\"}}],\"inLanguage\":\"en-US\"},{\"@type\":\"Organization\",\"@id\":\"https:\/\/prcp.com.pe\/en\/#organization\",\"name\":\"Payet, Rey, Cauvi, P\u00e9rez Abogados\",\"url\":\"https:\/\/prcp.com.pe\/en\/\",\"logo\":{\"@type\":\"ImageObject\",\"inLanguage\":\"en-US\",\"@id\":\"https:\/\/prcp.com.pe\/en\/#\/schema\/logo\/image\/\",\"url\":\"https:\/\/prcp.com.pe\/wp-content\/uploads\/2018\/11\/logo-2.jpg\",\"contentUrl\":\"https:\/\/prcp.com.pe\/wp-content\/uploads\/2018\/11\/logo-2.jpg\",\"width\":459,\"height\":471,\"caption\":\"Payet, Rey, Cauvi, P\u00e9rez Abogados\"},\"image\":{\"@id\":\"https:\/\/prcp.com.pe\/en\/#\/schema\/logo\/image\/\"},\"sameAs\":[\"https:\/\/www.facebook.com\/prcpabogados\/\",\"https:\/\/www.linkedin.com\/company\/prc\/\",\"https:\/\/www.youtube.com\/channel\/UCbXFuuBk4-B26fdfYft3Oag\"]}]}<\/script>\n<!-- \/ Yoast SEO plugin. -->","yoast_head_json":{"title":"Finance and Capital Markets - Payet, Rey, Cauvi, P\u00e9rez","robots":{"index":"index","follow":"follow","max-snippet":"max-snippet:-1","max-image-preview":"max-image-preview:large","max-video-preview":"max-video-preview:-1"},"canonical":"https:\/\/prcp.com.pe\/en\/services\/finance-and-capital-markets\/","og_locale":"en_US","og_type":"article","og_title":"Finance and Capital Markets - Payet, Rey, Cauvi, P\u00e9rez","og_description":"[vc_row][vc_column][vc_row_inner][vc_column_inner width=&#8221;2\/3&#8243;][lab_heading title=&#8221;Finance &amp; Capital Markets&#8221; el_class=&#8221;no-relleno&#8221;][\/lab_heading][vc_column_text]PRCP is a market leader advising corporations, financial institutions and institutional investors on the design and implementation of complex financial products and transactions, having vast experience working on international offerings and interacting with the leading firms, auditors and investment banks of the different international markets. Our attorneys regularly advise&hellip;","og_url":"https:\/\/prcp.com.pe\/en\/services\/finance-and-capital-markets\/","og_site_name":"Payet, Rey, Cauvi, P\u00e9rez","article_publisher":"https:\/\/www.facebook.com\/prcpabogados\/","article_modified_time":"2021-11-15T21:09:23+00:00","og_image":[{"url":"https:\/\/prcp.com.pe\/wp-content\/uploads\/2021\/11\/Logos-ranking-varios-5-web-scaled.jpg","type":"","width":"","height":""}],"twitter_card":"summary_large_image","twitter_misc":{"Est. reading time":"2 minutes"},"schema":{"@context":"https:\/\/schema.org","@graph":[{"@type":"WebPage","@id":"https:\/\/prcp.com.pe\/en\/services\/finance-and-capital-markets\/","url":"https:\/\/prcp.com.pe\/en\/services\/finance-and-capital-markets\/","name":"Finance and Capital Markets - Payet, Rey, Cauvi, P\u00e9rez","isPartOf":{"@id":"https:\/\/prcp.com.pe\/en\/#website"},"primaryImageOfPage":{"@id":"https:\/\/prcp.com.pe\/en\/services\/finance-and-capital-markets\/#primaryimage"},"image":{"@id":"https:\/\/prcp.com.pe\/en\/services\/finance-and-capital-markets\/#primaryimage"},"thumbnailUrl":"https:\/\/prcp.com.pe\/wp-content\/uploads\/2021\/11\/Logos-ranking-varios-5-web-scaled.jpg","datePublished":"2018-10-30T17:04:40+00:00","dateModified":"2021-11-15T21:09:23+00:00","breadcrumb":{"@id":"https:\/\/prcp.com.pe\/en\/services\/finance-and-capital-markets\/#breadcrumb"},"inLanguage":"en-US","potentialAction":[{"@type":"ReadAction","target":["https:\/\/prcp.com.pe\/en\/services\/finance-and-capital-markets\/"]}]},{"@type":"ImageObject","inLanguage":"en-US","@id":"https:\/\/prcp.com.pe\/en\/services\/finance-and-capital-markets\/#primaryimage","url":"https:\/\/prcp.com.pe\/wp-content\/uploads\/2021\/11\/Logos-ranking-varios-5-web-scaled.jpg","contentUrl":"https:\/\/prcp.com.pe\/wp-content\/uploads\/2021\/11\/Logos-ranking-varios-5-web-scaled.jpg"},{"@type":"BreadcrumbList","@id":"https:\/\/prcp.com.pe\/en\/services\/finance-and-capital-markets\/#breadcrumb","itemListElement":[{"@type":"ListItem","position":1,"name":"Portada","item":"https:\/\/prcp.com.pe\/en\/"},{"@type":"ListItem","position":2,"name":"Services","item":"https:\/\/prcp.com.pe\/en\/services\/"},{"@type":"ListItem","position":3,"name":"Finance and Capital Markets"}]},{"@type":"WebSite","@id":"https:\/\/prcp.com.pe\/en\/#website","url":"https:\/\/prcp.com.pe\/en\/","name":"Payet, Rey, Cauvi, P\u00e9rez","description":"Payet, Rey, Cauvi, P\u00e9rez Abogados es uno de los estudios jur\u00eddicos l\u00edderes en el Per\u00fa, de reconocida experiencia y con una amplia trayectoria.","publisher":{"@id":"https:\/\/prcp.com.pe\/en\/#organization"},"potentialAction":[{"@type":"SearchAction","target":{"@type":"EntryPoint","urlTemplate":"https:\/\/prcp.com.pe\/en\/?s={search_term_string}"},"query-input":{"@type":"PropertyValueSpecification","valueRequired":true,"valueName":"search_term_string"}}],"inLanguage":"en-US"},{"@type":"Organization","@id":"https:\/\/prcp.com.pe\/en\/#organization","name":"Payet, Rey, Cauvi, P\u00e9rez Abogados","url":"https:\/\/prcp.com.pe\/en\/","logo":{"@type":"ImageObject","inLanguage":"en-US","@id":"https:\/\/prcp.com.pe\/en\/#\/schema\/logo\/image\/","url":"https:\/\/prcp.com.pe\/wp-content\/uploads\/2018\/11\/logo-2.jpg","contentUrl":"https:\/\/prcp.com.pe\/wp-content\/uploads\/2018\/11\/logo-2.jpg","width":459,"height":471,"caption":"Payet, Rey, Cauvi, P\u00e9rez Abogados"},"image":{"@id":"https:\/\/prcp.com.pe\/en\/#\/schema\/logo\/image\/"},"sameAs":["https:\/\/www.facebook.com\/prcpabogados\/","https:\/\/www.linkedin.com\/company\/prc\/","https:\/\/www.youtube.com\/channel\/UCbXFuuBk4-B26fdfYft3Oag"]}]}},"_links":{"self":[{"href":"https:\/\/prcp.com.pe\/en\/wp-json\/wp\/v2\/pages\/7339","targetHints":{"allow":["GET"]}}],"collection":[{"href":"https:\/\/prcp.com.pe\/en\/wp-json\/wp\/v2\/pages"}],"about":[{"href":"https:\/\/prcp.com.pe\/en\/wp-json\/wp\/v2\/types\/page"}],"author":[{"embeddable":true,"href":"https:\/\/prcp.com.pe\/en\/wp-json\/wp\/v2\/users\/3"}],"replies":[{"embeddable":true,"href":"https:\/\/prcp.com.pe\/en\/wp-json\/wp\/v2\/comments?post=7339"}],"version-history":[{"count":0,"href":"https:\/\/prcp.com.pe\/en\/wp-json\/wp\/v2\/pages\/7339\/revisions"}],"up":[{"embeddable":true,"href":"https:\/\/prcp.com.pe\/en\/wp-json\/wp\/v2\/pages\/7263"}],"wp:attachment":[{"href":"https:\/\/prcp.com.pe\/en\/wp-json\/wp\/v2\/media?parent=7339"}],"curies":[{"name":"wp","href":"https:\/\/api.w.org\/{rel}","templated":true}]}}