{"id":7327,"date":"2018-10-30T12:00:41","date_gmt":"2018-10-30T17:00:41","guid":{"rendered":"https:\/\/prcp.com.pe\/area\/derecho-tributario\/"},"modified":"2026-01-05T10:55:16","modified_gmt":"2026-01-05T15:55:16","slug":"tax-law","status":"publish","type":"page","link":"https:\/\/prcp.com.pe\/en\/services\/tax-law\/","title":{"rendered":"Tax Law"},"content":{"rendered":"<div class=\"wpb-content-wrapper\"><p>[vc_row][vc_column][vc_row_inner][vc_column_inner width=&#8221;2\/3&#8243;][lab_heading title_tag=&#8221;H1&#8243; title=&#8221;Tax Law&#8221; el_class=&#8221;no-relleno&#8221;][\/lab_heading][vc_column_text]<\/p>\n<p style=\"font-weight: 400; text-align: justify;\">Payet, Rey, Cauvi, P\u00e9rez Abogados has extensive experience in providing taxation and customs advice to investors in the telecommunication, banking and finance, education, electricity, mining, real estate, manufacturing, and trade sector. We advise local and multinational companies, financial institutions, investment funds and individuals on various issues of Tax Law.<\/p>\n<p style=\"font-weight: 400; text-align: justify;\">Our practice group aims to meet investors&#8217; needs by offering comprehensive advice with a thorough understanding of their expectations. Our tax services include consulting, tax planning, support during tax audits and disputes, offering creative and value-added solutions. We conduct due diligence for acquisitions, ensure tax compliance, perform financial restructuring, review tax returns, and provide customs consultancy.<\/p>\n<p style=\"font-weight: 400; text-align: justify;\">We assist our local and international clients in structuring their operations in Peru or abroad, considering tax law rules and agreements to avoid double taxation. We offer advice on understanding the tax consequences of activities, transactions, and complex financing schemes.<\/p>\n<p style=\"font-weight: 400; text-align: justify;\">We are the correspondent for the International Bureau of Fiscal Documentation (IBFD) and the tax group of the International Bar Association (IBA). Our attorneys actively participate in the Peruvian Institute of Tax Law (IPDT), the International Fiscal Association (IFA), the tax committee of the National Society of Mining, Petroleum, and Energy (SNMPE), and the Tax Commission of the American Chamber of Commerce of Peru (AMCHAM).<\/p>\n<p>[\/vc_column_text][\/vc_column_inner][vc_column_inner width=&#8221;1\/3&#8243;][vc_column_text css=&#8221;&#8221;]<img loading=\"lazy\" decoding=\"async\" class=\"aligncenter wp-image-77886 size-large\" src=\"https:\/\/prcp.com.pe\/wp-content\/uploads\/2025\/09\/tax-premios-2026-617x1024.jpg\" alt=\"\" width=\"617\" height=\"1024\" srcset=\"https:\/\/prcp.com.pe\/wp-content\/uploads\/2025\/09\/tax-premios-2026-617x1024.jpg 617w, https:\/\/prcp.com.pe\/wp-content\/uploads\/2025\/09\/tax-premios-2026-181x300.jpg 181w, https:\/\/prcp.com.pe\/wp-content\/uploads\/2025\/09\/tax-premios-2026-558x926.jpg 558w, https:\/\/prcp.com.pe\/wp-content\/uploads\/2025\/09\/tax-premios-2026-655x1087.jpg 655w, https:\/\/prcp.com.pe\/wp-content\/uploads\/2025\/09\/tax-premios-2026.jpg 700w\" sizes=\"auto, (max-width: 617px) 100vw, 617px\" \/>[\/vc_column_text][vc_column_text css=&#8221;&#8221; el_class=&#8221;quote&#8221;]<\/p>\n<blockquote><p><em>&#8220;They stand out for their proactive approach, showing initiative in resolving problems and complex issues. This is an experienced and attentive team.&#8221;<\/em><!-- notionvc: 4c7eb38c-4887-4323-ba00-61aeea1c5a70 --><\/p><\/blockquote>\n<p style=\"text-align: right;\"><strong>Chambers Latin America 2026<\/strong><\/p>\n<p>[\/vc_column_text][\/vc_column_inner][\/vc_row_inner][vc_row_inner][vc_column_inner][lab_heading title_tag=&#8221;H3&#8243; title=&#8221;Contacts&#8221;][\/lab_heading][\/vc_column_inner][\/vc_row_inner][vc_row_inner el_class=&#8221;contactos&#8221;][vc_column_inner width=&#8221;1\/6&#8243;][vc_single_image image=&#8221;6004&#8243; img_size=&#8221;full&#8221; onclick=&#8221;custom_link&#8221; img_link_target=&#8221;_blank&#8221; link=&#8221;https:\/\/prcp.com.pe\/en\/partners\/watanabe-vanessa\/&#8221; el_class=&#8221;image_people&#8221;][vc_custom_heading text=&#8221;Vanessa Watanabe&#8221; font_container=&#8221;tag:h3|font_size:13px|text_align:center&#8221; use_theme_fonts=&#8221;yes&#8221; link=&#8221;url:https%3A%2F%2Fprcp.com.pe%2Fen%2Fpartners%2Fwatanabe-vanessa%2F||target:%20_blank|&#8221;][\/vc_column_inner][vc_column_inner width=&#8221;1\/6&#8243;][vc_single_image image=&#8221;7172&#8243; img_size=&#8221;full&#8221; onclick=&#8221;custom_link&#8221; img_link_target=&#8221;_blank&#8221; link=&#8221;https:\/\/prcp.com.pe\/en\/associates\/lopez-lisset\/&#8221; el_class=&#8221;image_people&#8221;][vc_custom_heading text=&#8221;Lisset L\u00f3pez&#8221; font_container=&#8221;tag:h3|font_size:13px|text_align:center&#8221; use_theme_fonts=&#8221;yes&#8221; link=&#8221;url:https%3A%2F%2Fprcp.com.pe%2Fen%2Fassociates%2Flopez-lisset%2F||target:%20_blank|&#8221;][\/vc_column_inner][vc_column_inner width=&#8221;1\/6&#8243;][vc_single_image image=&#8221;9282&#8243; img_size=&#8221;full&#8221; onclick=&#8221;custom_link&#8221; img_link_target=&#8221;_blank&#8221; link=&#8221;https:\/\/prcp.com.pe\/en\/associates\/grandez-renzo\/&#8221; el_class=&#8221;image_people&#8221;][vc_custom_heading text=&#8221;Renzo Gr\u00e1ndez&#8221; font_container=&#8221;tag:h3|font_size:13px|text_align:center&#8221; use_theme_fonts=&#8221;yes&#8221; link=&#8221;url:https%3A%2F%2Fprcp.com.pe%2Fen%2Fassociates%2Fgrandez-renzo%2F||target:%20_blank|&#8221;][\/vc_column_inner][vc_column_inner width=&#8221;1\/6&#8243;][vc_single_image image=&#8221;10755&#8243; img_size=&#8221;full&#8221; onclick=&#8221;custom_link&#8221; img_link_target=&#8221;_blank&#8221; link=&#8221;https:\/\/prcp.com.pe\/en\/associates\/ivy-garcia-pacheco\/&#8221; el_class=&#8221;image_people&#8221;][vc_custom_heading text=&#8221;Ivy Garc\u00eda-Pacheco&#8221; font_container=&#8221;tag:h3|font_size:13px|text_align:center&#8221; use_theme_fonts=&#8221;yes&#8221; link=&#8221;url:https%3A%2F%2Fprcp.com.pe%2Fen%2Fassociates%2Fivy-garcia-pacheco%2F||target:%20_blank|&#8221;][\/vc_column_inner][\/vc_row_inner][\/vc_column][\/vc_row][vc_column_inner width=&#8221;1\/6&#8243;][\/vc_column_inner][vc_row css=&#8221;.vc_custom_1541551259246{margin-top: 40px !important;}&#8221;][vc_column][vc_column_text]<div class=\"section-title\"><h3>Latest news<\/h3><\/div><div id=\"boxes\"><div class=\"ultimas-noticias\"><a class=\"thumbnail-img\" href=\"https:\/\/blog.prcp.com.pe\/tributario\/boletin-lextributrio-otras-normas-de-interes-tributario-10\/\" target=\"_blank\"><div class=\"news-image-style\" style=\"background-image:url(https:\/\/blog.prcp.com.pe\/wp-content\/uploads\/2026\/04\/iStock-1391372203ty-1024x610.jpg);\"><\/div><\/a><p class=\"date-text section-title\">16\/04\/2026<\/p><h5>Bolet\u00edn Lextribut@rio &#8211; Otras normas de inter\u00e9s tributario<\/h5><a class=\"boton-arti read-more-btn\" href=\"https:\/\/blog.prcp.com.pe\/tributario\/boletin-lextributrio-otras-normas-de-interes-tributario-10\/\">Read more<\/a><\/div><div class=\"ultimas-noticias\"><a class=\"thumbnail-img\" href=\"https:\/\/blog.prcp.com.pe\/tributario\/boletin-lextributrio-normas-de-interes-tributario\/\" target=\"_blank\"><div class=\"news-image-style\" style=\"background-image:url(https:\/\/blog.prcp.com.pe\/wp-content\/uploads\/2026\/04\/istockphoto-2254872935-1024x1024-1-1024x532.jpg);\"><\/div><\/a><p class=\"date-text section-title\">16\/04\/2026<\/p><h5>Bolet\u00edn Lextribut@rio &#8211; Normas de inter\u00e9s tributario<\/h5><a class=\"boton-arti read-more-btn\" href=\"https:\/\/blog.prcp.com.pe\/tributario\/boletin-lextributrio-normas-de-interes-tributario\/\">Read more<\/a><\/div><div class=\"ultimas-noticias\"><a class=\"thumbnail-img\" href=\"https:\/\/blog.prcp.com.pe\/tributario\/boletin-lextributrio-pronunciamiento-de-interes-emitido-por-la-corte-suprema\/\" target=\"_blank\"><div class=\"news-image-style\" style=\"background-image:url(https:\/\/blog.prcp.com.pe\/wp-content\/uploads\/2026\/04\/istockphoto-1024666464-1024x1024ASsASA-1024x503.jpg);\"><\/div><\/a><p class=\"date-text section-title\">16\/04\/2026<\/p><h5>Bolet\u00edn Lextribut@rio &#8211; Pronunciamiento de inter\u00e9s emitido por la Corte Suprema<\/h5><a class=\"boton-arti read-more-btn\" href=\"https:\/\/blog.prcp.com.pe\/tributario\/boletin-lextributrio-pronunciamiento-de-interes-emitido-por-la-corte-suprema\/\">Read more<\/a><\/div><div class=\"ultimas-noticias\"><a class=\"thumbnail-img\" href=\"https:\/\/blog.prcp.com.pe\/tributario\/boletin-lextributrio-pronunciamientos-de-interes-emitido-por-la-corte-suprema\/\" target=\"_blank\"><div class=\"news-image-style\" style=\"background-image:url(https:\/\/blog.prcp.com.pe\/wp-content\/uploads\/2026\/04\/iStock-1314923760-1024x614.jpg);\"><\/div><\/a><p class=\"date-text section-title\">06\/04\/2026<\/p><h5>Bolet\u00edn Lextribut@rio &#8211; Pronunciamientos de inter\u00e9s emitido por la Corte Suprema<\/h5><a class=\"boton-arti read-more-btn\" href=\"https:\/\/blog.prcp.com.pe\/tributario\/boletin-lextributrio-pronunciamientos-de-interes-emitido-por-la-corte-suprema\/\">Read more<\/a><\/div><div class=\"ultimas-noticias\"><a class=\"thumbnail-img\" href=\"https:\/\/blog.prcp.com.pe\/tributario\/boletin-lextributrio-pronunciamientos-de-interes-emitido-por-la-sunat-3\/\" target=\"_blank\"><div class=\"news-image-style\" style=\"background-image:url(https:\/\/blog.prcp.com.pe\/wp-content\/uploads\/2026\/04\/iStock-1762873089adasa-1024x530.jpg);\"><\/div><\/a><p class=\"date-text section-title\">06\/04\/2026<\/p><h5>Bolet\u00edn Lextribut@rio &#8211; Pronunciamientos de inter\u00e9s emitido por la SUNAT<\/h5><a class=\"boton-arti read-more-btn\" href=\"https:\/\/blog.prcp.com.pe\/tributario\/boletin-lextributrio-pronunciamientos-de-interes-emitido-por-la-sunat-3\/\">Read more<\/a><\/div><div class=\"ultimas-noticias\"><a class=\"thumbnail-img\" href=\"https:\/\/blog.prcp.com.pe\/tributario\/boletin-lextributrio-otras-normas-de-interes-tributario-9\/\" target=\"_blank\"><div class=\"news-image-style\" style=\"background-image:url(https:\/\/blog.prcp.com.pe\/wp-content\/uploads\/2026\/04\/2151344877-1024x576.jpg);\"><\/div><\/a><p class=\"date-text section-title\">06\/04\/2026<\/p><h5>Bolet\u00edn Lextribut@rio \u2013 Otras normas de inter\u00e9s tributario<\/h5><a class=\"boton-arti read-more-btn\" href=\"https:\/\/blog.prcp.com.pe\/tributario\/boletin-lextributrio-otras-normas-de-interes-tributario-9\/\">Read more<\/a><\/div><a class=\"ver-todas btn category-btn\" href=\"https:\/\/blog.prcp.com.pe\/ultimas-publicaciones\/\">See all the news<\/a><\/div>[\/vc_column_text][\/vc_column][\/vc_row]<\/p>\n<\/div>","protected":false},"excerpt":{"rendered":"<p>[vc_row][vc_column][vc_row_inner][vc_column_inner width=&#8221;2\/3&#8243;][lab_heading title_tag=&#8221;H1&#8243; title=&#8221;Tax Law&#8221; el_class=&#8221;no-relleno&#8221;][\/lab_heading][vc_column_text] Payet, Rey, Cauvi, P\u00e9rez Abogados has extensive experience in providing taxation and customs advice to investors in the telecommunication, banking and finance, education, electricity, mining, real estate, manufacturing, and trade sector. We advise local and multinational companies, financial institutions, investment funds and individuals on various issues of Tax Law.&hellip;<\/p>\n","protected":false},"author":3,"featured_media":0,"parent":7263,"menu_order":0,"comment_status":"closed","ping_status":"closed","template":"page-servicio-template.php","meta":{"_acf_changed":false,"footnotes":""},"class_list":["post-7327","page","type-page","status-publish","hentry"],"acf":[],"yoast_head":"<!-- This site is optimized with the Yoast SEO plugin v27.0 - https:\/\/yoast.com\/product\/yoast-seo-wordpress\/ -->\n<title>Tax Law - Payet, Rey, Cauvi, P\u00e9rez<\/title>\n<meta name=\"robots\" content=\"index, follow, max-snippet:-1, max-image-preview:large, max-video-preview:-1\" \/>\n<link rel=\"canonical\" href=\"https:\/\/prcp.com.pe\/en\/services\/tax-law\/\" \/>\n<meta property=\"og:locale\" content=\"en_US\" \/>\n<meta property=\"og:type\" content=\"article\" \/>\n<meta property=\"og:title\" content=\"Tax Law - Payet, Rey, Cauvi, P\u00e9rez\" \/>\n<meta property=\"og:description\" content=\"[vc_row][vc_column][vc_row_inner][vc_column_inner width=&#8221;2\/3&#8243;][lab_heading title_tag=&#8221;H1&#8243; title=&#8221;Tax Law&#8221; el_class=&#8221;no-relleno&#8221;][\/lab_heading][vc_column_text] Payet, Rey, Cauvi, P\u00e9rez Abogados has extensive experience in providing taxation and customs advice to investors in the telecommunication, banking and finance, education, electricity, mining, real estate, manufacturing, and trade sector. We advise local and multinational companies, financial institutions, investment funds and individuals on various issues of Tax Law.&hellip;\" \/>\n<meta property=\"og:url\" content=\"https:\/\/prcp.com.pe\/en\/services\/tax-law\/\" \/>\n<meta property=\"og:site_name\" content=\"Payet, Rey, Cauvi, P\u00e9rez\" \/>\n<meta property=\"article:publisher\" content=\"https:\/\/www.facebook.com\/prcpabogados\/\" \/>\n<meta property=\"article:modified_time\" content=\"2026-01-05T15:55:16+00:00\" \/>\n<meta property=\"og:image\" content=\"https:\/\/prcp.com.pe\/wp-content\/uploads\/2025\/09\/tax-premios-2026.jpg\" \/>\n\t<meta property=\"og:image:width\" content=\"700\" \/>\n\t<meta property=\"og:image:height\" content=\"1162\" \/>\n\t<meta property=\"og:image:type\" content=\"image\/jpeg\" \/>\n<meta name=\"twitter:card\" content=\"summary_large_image\" \/>\n<meta name=\"twitter:label1\" content=\"Est. reading time\" \/>\n\t<meta name=\"twitter:data1\" content=\"2 minutes\" \/>\n<script type=\"application\/ld+json\" class=\"yoast-schema-graph\">{\"@context\":\"https:\/\/schema.org\",\"@graph\":[{\"@type\":\"WebPage\",\"@id\":\"https:\/\/prcp.com.pe\/en\/services\/tax-law\/\",\"url\":\"https:\/\/prcp.com.pe\/en\/services\/tax-law\/\",\"name\":\"Tax Law - Payet, Rey, Cauvi, P\u00e9rez\",\"isPartOf\":{\"@id\":\"https:\/\/prcp.com.pe\/en\/#website\"},\"primaryImageOfPage\":{\"@id\":\"https:\/\/prcp.com.pe\/en\/services\/tax-law\/#primaryimage\"},\"image\":{\"@id\":\"https:\/\/prcp.com.pe\/en\/services\/tax-law\/#primaryimage\"},\"thumbnailUrl\":\"https:\/\/prcp.com.pe\/wp-content\/uploads\/2025\/09\/tax-premios-2026-617x1024.jpg\",\"datePublished\":\"2018-10-30T17:00:41+00:00\",\"dateModified\":\"2026-01-05T15:55:16+00:00\",\"breadcrumb\":{\"@id\":\"https:\/\/prcp.com.pe\/en\/services\/tax-law\/#breadcrumb\"},\"inLanguage\":\"en-US\",\"potentialAction\":[{\"@type\":\"ReadAction\",\"target\":[\"https:\/\/prcp.com.pe\/en\/services\/tax-law\/\"]}]},{\"@type\":\"ImageObject\",\"inLanguage\":\"en-US\",\"@id\":\"https:\/\/prcp.com.pe\/en\/services\/tax-law\/#primaryimage\",\"url\":\"https:\/\/prcp.com.pe\/wp-content\/uploads\/2025\/09\/tax-premios-2026-617x1024.jpg\",\"contentUrl\":\"https:\/\/prcp.com.pe\/wp-content\/uploads\/2025\/09\/tax-premios-2026-617x1024.jpg\"},{\"@type\":\"BreadcrumbList\",\"@id\":\"https:\/\/prcp.com.pe\/en\/services\/tax-law\/#breadcrumb\",\"itemListElement\":[{\"@type\":\"ListItem\",\"position\":1,\"name\":\"Portada\",\"item\":\"https:\/\/prcp.com.pe\/en\/\"},{\"@type\":\"ListItem\",\"position\":2,\"name\":\"Services\",\"item\":\"https:\/\/prcp.com.pe\/en\/services\/\"},{\"@type\":\"ListItem\",\"position\":3,\"name\":\"Tax Law\"}]},{\"@type\":\"WebSite\",\"@id\":\"https:\/\/prcp.com.pe\/en\/#website\",\"url\":\"https:\/\/prcp.com.pe\/en\/\",\"name\":\"Payet, Rey, Cauvi, P\u00e9rez\",\"description\":\"Payet, Rey, Cauvi, P\u00e9rez Abogados es uno de los estudios jur\u00eddicos l\u00edderes en el Per\u00fa, de reconocida experiencia y con una amplia trayectoria.\",\"publisher\":{\"@id\":\"https:\/\/prcp.com.pe\/en\/#organization\"},\"potentialAction\":[{\"@type\":\"SearchAction\",\"target\":{\"@type\":\"EntryPoint\",\"urlTemplate\":\"https:\/\/prcp.com.pe\/en\/?s={search_term_string}\"},\"query-input\":{\"@type\":\"PropertyValueSpecification\",\"valueRequired\":true,\"valueName\":\"search_term_string\"}}],\"inLanguage\":\"en-US\"},{\"@type\":\"Organization\",\"@id\":\"https:\/\/prcp.com.pe\/en\/#organization\",\"name\":\"Payet, Rey, Cauvi, P\u00e9rez Abogados\",\"url\":\"https:\/\/prcp.com.pe\/en\/\",\"logo\":{\"@type\":\"ImageObject\",\"inLanguage\":\"en-US\",\"@id\":\"https:\/\/prcp.com.pe\/en\/#\/schema\/logo\/image\/\",\"url\":\"https:\/\/prcp.com.pe\/wp-content\/uploads\/2018\/11\/logo-2.jpg\",\"contentUrl\":\"https:\/\/prcp.com.pe\/wp-content\/uploads\/2018\/11\/logo-2.jpg\",\"width\":459,\"height\":471,\"caption\":\"Payet, Rey, Cauvi, P\u00e9rez Abogados\"},\"image\":{\"@id\":\"https:\/\/prcp.com.pe\/en\/#\/schema\/logo\/image\/\"},\"sameAs\":[\"https:\/\/www.facebook.com\/prcpabogados\/\",\"https:\/\/www.linkedin.com\/company\/prc\/\",\"https:\/\/www.youtube.com\/channel\/UCbXFuuBk4-B26fdfYft3Oag\"]}]}<\/script>\n<!-- \/ Yoast SEO plugin. -->","yoast_head_json":{"title":"Tax Law - Payet, Rey, Cauvi, P\u00e9rez","robots":{"index":"index","follow":"follow","max-snippet":"max-snippet:-1","max-image-preview":"max-image-preview:large","max-video-preview":"max-video-preview:-1"},"canonical":"https:\/\/prcp.com.pe\/en\/services\/tax-law\/","og_locale":"en_US","og_type":"article","og_title":"Tax Law - Payet, Rey, Cauvi, P\u00e9rez","og_description":"[vc_row][vc_column][vc_row_inner][vc_column_inner width=&#8221;2\/3&#8243;][lab_heading title_tag=&#8221;H1&#8243; title=&#8221;Tax Law&#8221; el_class=&#8221;no-relleno&#8221;][\/lab_heading][vc_column_text] Payet, Rey, Cauvi, P\u00e9rez Abogados has extensive experience in providing taxation and customs advice to investors in the telecommunication, banking and finance, education, electricity, mining, real estate, manufacturing, and trade sector. We advise local and multinational companies, financial institutions, investment funds and individuals on various issues of Tax Law.&hellip;","og_url":"https:\/\/prcp.com.pe\/en\/services\/tax-law\/","og_site_name":"Payet, Rey, Cauvi, P\u00e9rez","article_publisher":"https:\/\/www.facebook.com\/prcpabogados\/","article_modified_time":"2026-01-05T15:55:16+00:00","og_image":[{"width":700,"height":1162,"url":"https:\/\/prcp.com.pe\/wp-content\/uploads\/2025\/09\/tax-premios-2026.jpg","type":"image\/jpeg"}],"twitter_card":"summary_large_image","twitter_misc":{"Est. reading time":"2 minutes"},"schema":{"@context":"https:\/\/schema.org","@graph":[{"@type":"WebPage","@id":"https:\/\/prcp.com.pe\/en\/services\/tax-law\/","url":"https:\/\/prcp.com.pe\/en\/services\/tax-law\/","name":"Tax Law - Payet, Rey, Cauvi, P\u00e9rez","isPartOf":{"@id":"https:\/\/prcp.com.pe\/en\/#website"},"primaryImageOfPage":{"@id":"https:\/\/prcp.com.pe\/en\/services\/tax-law\/#primaryimage"},"image":{"@id":"https:\/\/prcp.com.pe\/en\/services\/tax-law\/#primaryimage"},"thumbnailUrl":"https:\/\/prcp.com.pe\/wp-content\/uploads\/2025\/09\/tax-premios-2026-617x1024.jpg","datePublished":"2018-10-30T17:00:41+00:00","dateModified":"2026-01-05T15:55:16+00:00","breadcrumb":{"@id":"https:\/\/prcp.com.pe\/en\/services\/tax-law\/#breadcrumb"},"inLanguage":"en-US","potentialAction":[{"@type":"ReadAction","target":["https:\/\/prcp.com.pe\/en\/services\/tax-law\/"]}]},{"@type":"ImageObject","inLanguage":"en-US","@id":"https:\/\/prcp.com.pe\/en\/services\/tax-law\/#primaryimage","url":"https:\/\/prcp.com.pe\/wp-content\/uploads\/2025\/09\/tax-premios-2026-617x1024.jpg","contentUrl":"https:\/\/prcp.com.pe\/wp-content\/uploads\/2025\/09\/tax-premios-2026-617x1024.jpg"},{"@type":"BreadcrumbList","@id":"https:\/\/prcp.com.pe\/en\/services\/tax-law\/#breadcrumb","itemListElement":[{"@type":"ListItem","position":1,"name":"Portada","item":"https:\/\/prcp.com.pe\/en\/"},{"@type":"ListItem","position":2,"name":"Services","item":"https:\/\/prcp.com.pe\/en\/services\/"},{"@type":"ListItem","position":3,"name":"Tax Law"}]},{"@type":"WebSite","@id":"https:\/\/prcp.com.pe\/en\/#website","url":"https:\/\/prcp.com.pe\/en\/","name":"Payet, Rey, Cauvi, P\u00e9rez","description":"Payet, Rey, Cauvi, P\u00e9rez Abogados es uno de los estudios jur\u00eddicos l\u00edderes en el Per\u00fa, de reconocida experiencia y con una amplia trayectoria.","publisher":{"@id":"https:\/\/prcp.com.pe\/en\/#organization"},"potentialAction":[{"@type":"SearchAction","target":{"@type":"EntryPoint","urlTemplate":"https:\/\/prcp.com.pe\/en\/?s={search_term_string}"},"query-input":{"@type":"PropertyValueSpecification","valueRequired":true,"valueName":"search_term_string"}}],"inLanguage":"en-US"},{"@type":"Organization","@id":"https:\/\/prcp.com.pe\/en\/#organization","name":"Payet, Rey, Cauvi, P\u00e9rez Abogados","url":"https:\/\/prcp.com.pe\/en\/","logo":{"@type":"ImageObject","inLanguage":"en-US","@id":"https:\/\/prcp.com.pe\/en\/#\/schema\/logo\/image\/","url":"https:\/\/prcp.com.pe\/wp-content\/uploads\/2018\/11\/logo-2.jpg","contentUrl":"https:\/\/prcp.com.pe\/wp-content\/uploads\/2018\/11\/logo-2.jpg","width":459,"height":471,"caption":"Payet, Rey, Cauvi, P\u00e9rez Abogados"},"image":{"@id":"https:\/\/prcp.com.pe\/en\/#\/schema\/logo\/image\/"},"sameAs":["https:\/\/www.facebook.com\/prcpabogados\/","https:\/\/www.linkedin.com\/company\/prc\/","https:\/\/www.youtube.com\/channel\/UCbXFuuBk4-B26fdfYft3Oag"]}]}},"_links":{"self":[{"href":"https:\/\/prcp.com.pe\/en\/wp-json\/wp\/v2\/pages\/7327","targetHints":{"allow":["GET"]}}],"collection":[{"href":"https:\/\/prcp.com.pe\/en\/wp-json\/wp\/v2\/pages"}],"about":[{"href":"https:\/\/prcp.com.pe\/en\/wp-json\/wp\/v2\/types\/page"}],"author":[{"embeddable":true,"href":"https:\/\/prcp.com.pe\/en\/wp-json\/wp\/v2\/users\/3"}],"replies":[{"embeddable":true,"href":"https:\/\/prcp.com.pe\/en\/wp-json\/wp\/v2\/comments?post=7327"}],"version-history":[{"count":16,"href":"https:\/\/prcp.com.pe\/en\/wp-json\/wp\/v2\/pages\/7327\/revisions"}],"predecessor-version":[{"id":78277,"href":"https:\/\/prcp.com.pe\/en\/wp-json\/wp\/v2\/pages\/7327\/revisions\/78277"}],"up":[{"embeddable":true,"href":"https:\/\/prcp.com.pe\/en\/wp-json\/wp\/v2\/pages\/7263"}],"wp:attachment":[{"href":"https:\/\/prcp.com.pe\/en\/wp-json\/wp\/v2\/media?parent=7327"}],"curies":[{"name":"wp","href":"https:\/\/api.w.org\/{rel}","templated":true}]}}