{"id":7300,"date":"2018-10-30T12:01:15","date_gmt":"2018-10-30T17:01:15","guid":{"rendered":"https:\/\/prcp.com.pe\/area\/derecho-laboral-e-inmigratorio\/"},"modified":"2025-09-19T02:05:48","modified_gmt":"2025-09-19T07:05:48","slug":"labor-law-and-immigration","status":"publish","type":"page","link":"https:\/\/prcp.com.pe\/en\/services\/labor-law-and-immigration\/","title":{"rendered":"Labor Law and Migration"},"content":{"rendered":"<div class=\"wpb-content-wrapper\"><p>[vc_row][vc_column][vc_row_inner][vc_column_inner width=&#8221;2\/3&#8243;][lab_heading title_tag=&#8221;H1&#8243; title=&#8221;Labor Law and Migration&#8221; el_class=&#8221;no-relleno&#8221;][\/lab_heading][vc_column_text]<\/p>\n<p style=\"text-align: justify;\">Payet, Rey, Cauvi, P\u00e9rez Abogados has extensive experience in advising companies subject to the general labor regime for private activity and special labor regimes.<\/p>\n<p style=\"text-align: justify;\">We provide our clients with permanent legal advice on the hiring of personnel, preparation of employment contracts, agreements, conventions, policies, and manuals, advising on the adequacy of labor documents according to our local legislation; and on all aspects in managing labor relations. Our labor practice is very experienced in resolving all queries related to the individual and collective labor relations of our clients with their workers to develop highly efficient decisions in managing of their personnel.<\/p>\n<p style=\"text-align: justify;\">We advise our clients in the preparation, implementation and management of labor intermediation contracts and outsourcing services contracts, as well as all productive decentralization processes.<\/p>\n<p style=\"text-align: justify;\">Likewise, we develop labor prevention programs, to verify the actions of employing entities are in accordance with the labor, tax, social security, and occupational health and safety provisions, as well as in planning the adoption of measures for the correction or improvement of policies. We also provide training to our clients on various labor issues, including mandatory training on the prevention and punishment of sexual harassment in the workplace.<\/p>\n<p style=\"text-align: justify;\">Our experience also includes the representation and sponsorship of our clients in collective negotiations and labor arbitrations, as well as in inspection procedures, administrative procedures, and labor judicial processes.<\/p>\n<p style=\"text-align: justify;\">Additionally, we assist our clients in legal matters on the implementation and compliance with workplace health and safety, as well as all corresponding business responsibilities.<\/p>\n<p style=\"text-align: justify;\">In immigration matters, we offer permanent legal advice throughout all stages of the hiring process of foreign workers in Peru. Our advice ranges from the determination of migratory qualifications and visas, preparation of employment contracts, determination of applicable working conditions, validity of residences, procedures for leaving the country, as well as any procedure for the peaceful residence of the foreign worker and their family in Peru.<\/p>\n<p>[\/vc_column_text][\/vc_column_inner][vc_column_inner width=&#8221;1\/3&#8243; css=&#8221;.vc_custom_1577469004948{margin-top: 0px !important;}&#8221;][vc_column_text css=&#8221;&#8221;]<\/p>\n<p><img loading=\"lazy\" decoding=\"async\" class=\"alignnone wp-image-77843 size-full\" src=\"https:\/\/prcp.com.pe\/wp-content\/uploads\/2025\/09\/administrativo213.png\" alt=\"\" width=\"420\" height=\"698\" srcset=\"https:\/\/prcp.com.pe\/wp-content\/uploads\/2025\/09\/administrativo213.png 420w, https:\/\/prcp.com.pe\/wp-content\/uploads\/2025\/09\/administrativo213-181x300.png 181w\" sizes=\"auto, (max-width: 420px) 100vw, 420px\" \/>[\/vc_column_text][vc_column_text css=&#8221;&#8221; el_class=&#8221;quote&#8221;]<\/p>\n<blockquote><p>\u201cThey enjoy a good reputation in the market. They have extensive experience in complex cases, offering innovative solutions with a comprehensive approach.\u201d<\/p>\n<p style=\"text-align: right;\"><strong>Chambers Latin America 2026<\/strong><\/p>\n<\/blockquote>\n<p>[\/vc_column_text][\/vc_column_inner][\/vc_row_inner][vc_row_inner][vc_column_inner][lab_heading title_tag=&#8221;H3&#8243; title=&#8221;Contacts&#8221;][\/lab_heading][\/vc_column_inner][\/vc_row_inner][vc_row_inner el_class=&#8221;contactos&#8221;][vc_column_inner width=&#8221;1\/6&#8243;][vc_single_image image=&#8221;19344&#8243; img_size=&#8221;full&#8221; onclick=&#8221;custom_link&#8221; img_link_target=&#8221;_blank&#8221; link=&#8221;https:\/\/prcp.com.pe\/en\/partners\/oviedo-cristina\/&#8221; el_class=&#8221;image_people&#8221;][vc_custom_heading text=&#8221;Cristina Oviedo&#8221; font_container=&#8221;tag:h3|font_size:13px|text_align:center&#8221; use_theme_fonts=&#8221;yes&#8221; css=&#8221;.vc_custom_1610577220912{padding-bottom: 0px !important;}&#8221; link=&#8221;url:https%3A%2F%2Fprcp.com.pe%2Fen%2Fpartners%2Foviedo-cristina%2F||target:%20_blank|&#8221; el_class=&#8221;image_people&#8221;][\/vc_column_inner][vc_column_inner width=&#8221;1\/6&#8243;][vc_single_image image=&#8221;15889&#8243; img_size=&#8221;full&#8221; alignment=&#8221;center&#8221; onclick=&#8221;custom_link&#8221; img_link_target=&#8221;_blank&#8221; link=&#8221;https:\/\/prcp.com.pe\/en\/asociado_principal\/avalos-brian\/&#8221; el_class=&#8221;image_people&#8221;][vc_custom_heading text=&#8221;Brian \u00c1valos&#8221; font_container=&#8221;tag:h3|font_size:13px|text_align:center&#8221; use_theme_fonts=&#8221;yes&#8221; link=&#8221;url:https%3A%2F%2Fprcp.com.pe%2Fen%2Fpartners%2Favalos-brian%2F|target:_blank&#8221;][\/vc_column_inner][vc_column_inner width=&#8221;1\/6&#8243;][vc_single_image image=&#8221;7122&#8243; img_size=&#8221;full&#8221; alignment=&#8221;center&#8221; onclick=&#8221;custom_link&#8221; img_link_target=&#8221;_blank&#8221; link=&#8221;https:\/\/prcp.com.pe\/en\/associates\/felipa-paola\/&#8221; el_class=&#8221;image_people&#8221;][vc_custom_heading text=&#8221;Paola Felipa&#8221; font_container=&#8221;tag:h3|font_size:13px|text_align:center&#8221; use_theme_fonts=&#8221;yes&#8221; link=&#8221;url:https%3A%2F%2Fprcp.com.pe%2Fen%2Fassociates%2Ffelipa-paola%2F||target:%20_blank|&#8221;][\/vc_column_inner][vc_column_inner width=&#8221;1\/6&#8243;][vc_single_image image=&#8221;7090&#8243; img_size=&#8221;full&#8221; alignment=&#8221;center&#8221; onclick=&#8221;custom_link&#8221; img_link_target=&#8221;_blank&#8221; link=&#8221;https:\/\/prcp.com.pe\/en\/associates\/botton-dante\/&#8221; el_class=&#8221;image_people&#8221;][vc_custom_heading text=&#8221;Dante Botton&#8221; font_container=&#8221;tag:h3|font_size:13px|text_align:center&#8221; use_theme_fonts=&#8221;yes&#8221; link=&#8221;url:https%3A%2F%2Fprcp.com.pe%2Fen%2Fassociates%2Fbotton-dante%2F||target:%20_blank|&#8221;][\/vc_column_inner][vc_column_inner width=&#8221;1\/6&#8243;][vc_single_image image=&#8221;7096&#8243; img_size=&#8221;full&#8221; alignment=&#8221;center&#8221; onclick=&#8221;custom_link&#8221; img_link_target=&#8221;_blank&#8221; link=&#8221;https:\/\/prcp.com.pe\/en\/principal_associates\/quino-shirley\/&#8221; el_class=&#8221;image_people&#8221;][vc_custom_heading text=&#8221;Shirley Quino&#8221; font_container=&#8221;tag:h3|font_size:13px|text_align:center&#8221; use_theme_fonts=&#8221;yes&#8221; link=&#8221;url:https%3A%2F%2Fprcp.com.pe%2Fen%2Fprincipal_associates%2Fquino-shirley%2F|target:_blank&#8221;][\/vc_column_inner][vc_column_inner width=&#8221;1\/6&#8243;][vc_single_image image=&#8221;7117&#8243; img_size=&#8221;full&#8221; alignment=&#8221;center&#8221; onclick=&#8221;custom_link&#8221; img_link_target=&#8221;_blank&#8221; link=&#8221;https:\/\/prcp.com.pe\/en\/associates\/munayco-elias\/&#8221; el_class=&#8221;image_people&#8221;][vc_custom_heading text=&#8221;El\u00edas Munayco&#8221; font_container=&#8221;tag:h3|font_size:13px|text_align:center&#8221; use_theme_fonts=&#8221;yes&#8221; link=&#8221;url:https%3A%2F%2Fprcp.com.pe%2Fen%2Fassociates%2Fmunayco-elias%2F||target:%20_blank|&#8221;][\/vc_column_inner][\/vc_row_inner][vc_row_inner el_class=&#8221;contactos&#8221;][vc_column_inner width=&#8221;1\/6&#8243;][vc_single_image image=&#8221;18983&#8243; img_size=&#8221;full&#8221; onclick=&#8221;custom_link&#8221; img_link_target=&#8221;_blank&#8221; link=&#8221;https:\/\/prcp.com.pe\/en\/associates\/almonte-mauricio\/&#8221; el_class=&#8221;image_people&#8221;][vc_custom_heading text=&#8221;Mauricio Almonte&#8221; font_container=&#8221;tag:h3|font_size:13px|text_align:center&#8221; use_theme_fonts=&#8221;yes&#8221; css=&#8221;.vc_custom_1674774207195{padding-bottom: 0px !important;}&#8221; link=&#8221;url:https%3A%2F%2Fprcp.com.pe%2Fen%2Fassociates%2Falmonte-mauricio%2F|target:_blank&#8221; el_class=&#8221;image_people&#8221;][\/vc_column_inner][vc_column_inner width=&#8221;1\/6&#8243;][vc_single_image image=&#8221;56611&#8243; img_size=&#8221;full&#8221; onclick=&#8221;custom_link&#8221; img_link_target=&#8221;_blank&#8221; link=&#8221;https:\/\/prcp.com.pe\/en\/associates\/escobar-angela\/&#8221; el_class=&#8221;image_people&#8221;][vc_custom_heading text=&#8221;\u00c1ngela Escobar&#8221; font_container=&#8221;tag:h3|font_size:13px|text_align:center&#8221; use_theme_fonts=&#8221;yes&#8221; css=&#8221;.vc_custom_1674774295023{padding-bottom: 0px !important;}&#8221; link=&#8221;url:https%3A%2F%2Fprcp.com.pe%2Fen%2Fassociates%2Fescobar-angela%2F|target:_blank&#8221; el_class=&#8221;image_people&#8221;][\/vc_column_inner][vc_column_inner width=&#8221;1\/6&#8243;][\/vc_column_inner][vc_column_inner width=&#8221;1\/6&#8243;][\/vc_column_inner][vc_column_inner width=&#8221;1\/6&#8243;][\/vc_column_inner][vc_column_inner width=&#8221;1\/6&#8243;][\/vc_column_inner][\/vc_row_inner][\/vc_column][\/vc_row][vc_column_inner width=&#8221;1\/6&#8243;][\/vc_column_inner][vc_row css=&#8221;.vc_custom_1541551259246{margin-top: 40px !important;}&#8221;][vc_column][vc_column_text]<div class=\"section-title\"><h3>Latest news<\/h3><\/div><div id=\"boxes\"><div class=\"ultimas-noticias\"><a class=\"thumbnail-img\" href=\"https:\/\/blog.prcp.com.pe\/laboral\/fiscalex-laboral-abril-2026\/\" target=\"_blank\"><div class=\"news-image-style\" style=\"background-image:url(https:\/\/blog.prcp.com.pe\/wp-content\/uploads\/2026\/04\/istockphoto-1152851782-1024x1024asasa-1024x591.jpg);\"><\/div><\/a><p class=\"date-text section-title\">20\/04\/2026<\/p><h5>Fiscalex Laboral \u2013 Abril 2026<\/h5><a class=\"boton-arti read-more-btn\" href=\"https:\/\/blog.prcp.com.pe\/laboral\/fiscalex-laboral-abril-2026\/\">Read more<\/a><\/div><div class=\"ultimas-noticias\"><a class=\"thumbnail-img\" href=\"https:\/\/blog.prcp.com.pe\/laboral\/lexlboral-disposiciones-reglamentarias-sobre-eliminacion-del-aporte-obligatorio-para-trabajadores-independientes\/\" target=\"_blank\"><div class=\"news-image-style\" style=\"background-image:url(https:\/\/blog.prcp.com.pe\/wp-content\/uploads\/2026\/04\/iStock-1304505227-1024x560.jpg);\"><\/div><\/a><p class=\"date-text section-title\">17\/04\/2026<\/p><h5>Lexl@boral &#8211; Disposiciones reglamentarias sobre eliminaci\u00f3n del aporte obligatorio para trabajadores independientes<\/h5><a class=\"boton-arti read-more-btn\" href=\"https:\/\/blog.prcp.com.pe\/laboral\/lexlboral-disposiciones-reglamentarias-sobre-eliminacion-del-aporte-obligatorio-para-trabajadores-independientes\/\">Read more<\/a><\/div><div class=\"ultimas-noticias\"><a class=\"thumbnail-img\" href=\"https:\/\/blog.prcp.com.pe\/laboral\/brian-avalos-declaro-para-diario-gestion-inspecciones-laborales-corte-suprema-pone-limites-a-sunafil-en-facultades-para-sancionar\/\" target=\"_blank\"><div class=\"news-image-style\" style=\"background-image:url(https:\/\/blog.prcp.com.pe\/wp-content\/uploads\/2026\/04\/iStock-2078775606assaa-1024x562.jpg);\"><\/div><\/a><p class=\"date-text section-title\">17\/04\/2026<\/p><h5>Brian \u00c1valos declar\u00f3 para Diario Gesti\u00f3n: \u00abInspecciones laborales: Corte Suprema pone l\u00edmites a Sunafil en facultades para sancionar\u00bb<\/h5><a class=\"boton-arti read-more-btn\" href=\"https:\/\/blog.prcp.com.pe\/laboral\/brian-avalos-declaro-para-diario-gestion-inspecciones-laborales-corte-suprema-pone-limites-a-sunafil-en-facultades-para-sancionar\/\">Read more<\/a><\/div><div class=\"ultimas-noticias\"><a class=\"thumbnail-img\" href=\"https:\/\/blog.prcp.com.pe\/laboral\/participa-en-nuestro-webinar-accidentes-de-trabajo-y-responsabilidad-del-empleador-criterios-recientes-de-sunafil-y-recomendaciones-practicas\/\" target=\"_blank\"><div class=\"news-image-style\" style=\"background-image:url(https:\/\/blog.prcp.com.pe\/wp-content\/uploads\/2026\/04\/iStock-519409747-1024x683.jpg);\"><\/div><\/a><p class=\"date-text section-title\">17\/04\/2026<\/p><h5>Participa en nuestro webinar: Accidentes de trabajo y responsabilidad del empleador: criterios recientes de SUNAFIL y recomendaciones pr\u00e1cticas<\/h5><a class=\"boton-arti read-more-btn\" href=\"https:\/\/blog.prcp.com.pe\/laboral\/participa-en-nuestro-webinar-accidentes-de-trabajo-y-responsabilidad-del-empleador-criterios-recientes-de-sunafil-y-recomendaciones-practicas\/\">Read more<\/a><\/div><div class=\"ultimas-noticias\"><a class=\"thumbnail-img\" href=\"https:\/\/blog.prcp.com.pe\/laboral\/lexlboral-reglamento-sobre-medidas-preventivas-asociadas-a-la-exposicion-prolongada-a-la-radiacion-solar\/\" target=\"_blank\"><div class=\"news-image-style\" style=\"background-image:url(https:\/\/blog.prcp.com.pe\/wp-content\/uploads\/2026\/04\/123Equipo-de-seguridad-solar-para-trabajadores-1024x504.jpg);\"><\/div><\/a><p class=\"date-text section-title\">14\/04\/2026<\/p><h5>Lexl@boral &#8211; Reglamento sobre medidas preventivas asociadas a la exposici\u00f3n prolongada a la radiaci\u00f3n solar<\/h5><a class=\"boton-arti read-more-btn\" href=\"https:\/\/blog.prcp.com.pe\/laboral\/lexlboral-reglamento-sobre-medidas-preventivas-asociadas-a-la-exposicion-prolongada-a-la-radiacion-solar\/\">Read more<\/a><\/div><div class=\"ultimas-noticias\"><a class=\"thumbnail-img\" href=\"https:\/\/blog.prcp.com.pe\/laboral\/lexlboral-amplian-facilidades-a-miembros-de-mesa-y-electores-en-el-marco-de-las-elecciones-generales\/\" target=\"_blank\"><div class=\"news-image-style\" style=\"background-image:url(https:\/\/blog.prcp.com.pe\/wp-content\/uploads\/2026\/04\/171assasa32-1024x543.jpg);\"><\/div><\/a><p class=\"date-text section-title\">13\/04\/2026<\/p><h5>Lexl@boral &#8211; Ampl\u00edan facilidades a miembros de mesa y electores en el marco de las Elecciones Generales<\/h5><a class=\"boton-arti read-more-btn\" href=\"https:\/\/blog.prcp.com.pe\/laboral\/lexlboral-amplian-facilidades-a-miembros-de-mesa-y-electores-en-el-marco-de-las-elecciones-generales\/\">Read more<\/a><\/div><a class=\"ver-todas btn category-btn\" href=\"https:\/\/blog.prcp.com.pe\/ultimas-publicaciones\/\">See all the news<\/a><\/div>[\/vc_column_text][\/vc_column][\/vc_row]<\/p>\n<\/div>","protected":false},"excerpt":{"rendered":"<p>[vc_row][vc_column][vc_row_inner][vc_column_inner width=&#8221;2\/3&#8243;][lab_heading title_tag=&#8221;H1&#8243; title=&#8221;Labor Law and Migration&#8221; el_class=&#8221;no-relleno&#8221;][\/lab_heading][vc_column_text] Payet, Rey, Cauvi, P\u00e9rez Abogados has extensive experience in advising companies subject to the general labor regime for private activity and special labor regimes. We provide our clients with permanent legal advice on the hiring of personnel, preparation of employment contracts, agreements, conventions, policies, and manuals, advising&hellip;<\/p>\n","protected":false},"author":3,"featured_media":0,"parent":7263,"menu_order":0,"comment_status":"closed","ping_status":"closed","template":"page-servicio-template.php","meta":{"_acf_changed":false,"footnotes":""},"class_list":["post-7300","page","type-page","status-publish","hentry"],"acf":[],"yoast_head":"<!-- This site is optimized with the Yoast SEO plugin v27.0 - https:\/\/yoast.com\/product\/yoast-seo-wordpress\/ -->\n<title>Labor Law and Migration - Payet, Rey, Cauvi, P\u00e9rez<\/title>\n<meta name=\"robots\" content=\"index, follow, max-snippet:-1, max-image-preview:large, max-video-preview:-1\" \/>\n<link rel=\"canonical\" href=\"https:\/\/prcp.com.pe\/en\/services\/labor-law-and-immigration\/\" \/>\n<meta property=\"og:locale\" content=\"en_US\" \/>\n<meta property=\"og:type\" content=\"article\" \/>\n<meta property=\"og:title\" content=\"Labor Law and Migration - Payet, Rey, Cauvi, P\u00e9rez\" \/>\n<meta property=\"og:description\" content=\"[vc_row][vc_column][vc_row_inner][vc_column_inner width=&#8221;2\/3&#8243;][lab_heading title_tag=&#8221;H1&#8243; title=&#8221;Labor Law and Migration&#8221; el_class=&#8221;no-relleno&#8221;][\/lab_heading][vc_column_text] Payet, Rey, Cauvi, P\u00e9rez Abogados has extensive experience in advising companies subject to the general labor regime for private activity and special labor regimes. We provide our clients with permanent legal advice on the hiring of personnel, preparation of employment contracts, agreements, conventions, policies, and manuals, advising&hellip;\" \/>\n<meta property=\"og:url\" content=\"https:\/\/prcp.com.pe\/en\/services\/labor-law-and-immigration\/\" \/>\n<meta property=\"og:site_name\" content=\"Payet, Rey, Cauvi, P\u00e9rez\" \/>\n<meta property=\"article:publisher\" content=\"https:\/\/www.facebook.com\/prcpabogados\/\" \/>\n<meta property=\"article:modified_time\" content=\"2025-09-19T07:05:48+00:00\" \/>\n<meta property=\"og:image\" content=\"https:\/\/prcp.com.pe\/wp-content\/uploads\/2025\/09\/administrativo213.png\" \/>\n\t<meta property=\"og:image:width\" content=\"420\" \/>\n\t<meta property=\"og:image:height\" content=\"698\" \/>\n\t<meta property=\"og:image:type\" content=\"image\/png\" \/>\n<meta name=\"twitter:card\" content=\"summary_large_image\" \/>\n<meta name=\"twitter:label1\" content=\"Est. reading time\" \/>\n\t<meta name=\"twitter:data1\" content=\"4 minutes\" \/>\n<script type=\"application\/ld+json\" class=\"yoast-schema-graph\">{\"@context\":\"https:\/\/schema.org\",\"@graph\":[{\"@type\":\"WebPage\",\"@id\":\"https:\/\/prcp.com.pe\/en\/services\/labor-law-and-immigration\/\",\"url\":\"https:\/\/prcp.com.pe\/en\/services\/labor-law-and-immigration\/\",\"name\":\"Labor Law and Migration - Payet, Rey, Cauvi, P\u00e9rez\",\"isPartOf\":{\"@id\":\"https:\/\/prcp.com.pe\/en\/#website\"},\"primaryImageOfPage\":{\"@id\":\"https:\/\/prcp.com.pe\/en\/services\/labor-law-and-immigration\/#primaryimage\"},\"image\":{\"@id\":\"https:\/\/prcp.com.pe\/en\/services\/labor-law-and-immigration\/#primaryimage\"},\"thumbnailUrl\":\"https:\/\/prcp.com.pe\/wp-content\/uploads\/2025\/09\/administrativo213.png\",\"datePublished\":\"2018-10-30T17:01:15+00:00\",\"dateModified\":\"2025-09-19T07:05:48+00:00\",\"breadcrumb\":{\"@id\":\"https:\/\/prcp.com.pe\/en\/services\/labor-law-and-immigration\/#breadcrumb\"},\"inLanguage\":\"en-US\",\"potentialAction\":[{\"@type\":\"ReadAction\",\"target\":[\"https:\/\/prcp.com.pe\/en\/services\/labor-law-and-immigration\/\"]}]},{\"@type\":\"ImageObject\",\"inLanguage\":\"en-US\",\"@id\":\"https:\/\/prcp.com.pe\/en\/services\/labor-law-and-immigration\/#primaryimage\",\"url\":\"https:\/\/prcp.com.pe\/wp-content\/uploads\/2025\/09\/administrativo213.png\",\"contentUrl\":\"https:\/\/prcp.com.pe\/wp-content\/uploads\/2025\/09\/administrativo213.png\"},{\"@type\":\"BreadcrumbList\",\"@id\":\"https:\/\/prcp.com.pe\/en\/services\/labor-law-and-immigration\/#breadcrumb\",\"itemListElement\":[{\"@type\":\"ListItem\",\"position\":1,\"name\":\"Portada\",\"item\":\"https:\/\/prcp.com.pe\/en\/\"},{\"@type\":\"ListItem\",\"position\":2,\"name\":\"Services\",\"item\":\"https:\/\/prcp.com.pe\/en\/services\/\"},{\"@type\":\"ListItem\",\"position\":3,\"name\":\"Labor Law and Migration\"}]},{\"@type\":\"WebSite\",\"@id\":\"https:\/\/prcp.com.pe\/en\/#website\",\"url\":\"https:\/\/prcp.com.pe\/en\/\",\"name\":\"Payet, Rey, Cauvi, P\u00e9rez\",\"description\":\"Payet, Rey, Cauvi, P\u00e9rez Abogados es uno de los estudios jur\u00eddicos l\u00edderes en el Per\u00fa, de reconocida experiencia y con una amplia trayectoria.\",\"publisher\":{\"@id\":\"https:\/\/prcp.com.pe\/en\/#organization\"},\"potentialAction\":[{\"@type\":\"SearchAction\",\"target\":{\"@type\":\"EntryPoint\",\"urlTemplate\":\"https:\/\/prcp.com.pe\/en\/?s={search_term_string}\"},\"query-input\":{\"@type\":\"PropertyValueSpecification\",\"valueRequired\":true,\"valueName\":\"search_term_string\"}}],\"inLanguage\":\"en-US\"},{\"@type\":\"Organization\",\"@id\":\"https:\/\/prcp.com.pe\/en\/#organization\",\"name\":\"Payet, Rey, Cauvi, P\u00e9rez Abogados\",\"url\":\"https:\/\/prcp.com.pe\/en\/\",\"logo\":{\"@type\":\"ImageObject\",\"inLanguage\":\"en-US\",\"@id\":\"https:\/\/prcp.com.pe\/en\/#\/schema\/logo\/image\/\",\"url\":\"https:\/\/prcp.com.pe\/wp-content\/uploads\/2018\/11\/logo-2.jpg\",\"contentUrl\":\"https:\/\/prcp.com.pe\/wp-content\/uploads\/2018\/11\/logo-2.jpg\",\"width\":459,\"height\":471,\"caption\":\"Payet, Rey, Cauvi, P\u00e9rez Abogados\"},\"image\":{\"@id\":\"https:\/\/prcp.com.pe\/en\/#\/schema\/logo\/image\/\"},\"sameAs\":[\"https:\/\/www.facebook.com\/prcpabogados\/\",\"https:\/\/www.linkedin.com\/company\/prc\/\",\"https:\/\/www.youtube.com\/channel\/UCbXFuuBk4-B26fdfYft3Oag\"]}]}<\/script>\n<!-- \/ Yoast SEO plugin. -->","yoast_head_json":{"title":"Labor Law and Migration - Payet, Rey, Cauvi, P\u00e9rez","robots":{"index":"index","follow":"follow","max-snippet":"max-snippet:-1","max-image-preview":"max-image-preview:large","max-video-preview":"max-video-preview:-1"},"canonical":"https:\/\/prcp.com.pe\/en\/services\/labor-law-and-immigration\/","og_locale":"en_US","og_type":"article","og_title":"Labor Law and Migration - Payet, Rey, Cauvi, P\u00e9rez","og_description":"[vc_row][vc_column][vc_row_inner][vc_column_inner width=&#8221;2\/3&#8243;][lab_heading title_tag=&#8221;H1&#8243; title=&#8221;Labor Law and Migration&#8221; el_class=&#8221;no-relleno&#8221;][\/lab_heading][vc_column_text] Payet, Rey, Cauvi, P\u00e9rez Abogados has extensive experience in advising companies subject to the general labor regime for private activity and special labor regimes. We provide our clients with permanent legal advice on the hiring of personnel, preparation of employment contracts, agreements, conventions, policies, and manuals, advising&hellip;","og_url":"https:\/\/prcp.com.pe\/en\/services\/labor-law-and-immigration\/","og_site_name":"Payet, Rey, Cauvi, P\u00e9rez","article_publisher":"https:\/\/www.facebook.com\/prcpabogados\/","article_modified_time":"2025-09-19T07:05:48+00:00","og_image":[{"width":420,"height":698,"url":"https:\/\/prcp.com.pe\/wp-content\/uploads\/2025\/09\/administrativo213.png","type":"image\/png"}],"twitter_card":"summary_large_image","twitter_misc":{"Est. reading time":"4 minutes"},"schema":{"@context":"https:\/\/schema.org","@graph":[{"@type":"WebPage","@id":"https:\/\/prcp.com.pe\/en\/services\/labor-law-and-immigration\/","url":"https:\/\/prcp.com.pe\/en\/services\/labor-law-and-immigration\/","name":"Labor Law and Migration - Payet, Rey, Cauvi, P\u00e9rez","isPartOf":{"@id":"https:\/\/prcp.com.pe\/en\/#website"},"primaryImageOfPage":{"@id":"https:\/\/prcp.com.pe\/en\/services\/labor-law-and-immigration\/#primaryimage"},"image":{"@id":"https:\/\/prcp.com.pe\/en\/services\/labor-law-and-immigration\/#primaryimage"},"thumbnailUrl":"https:\/\/prcp.com.pe\/wp-content\/uploads\/2025\/09\/administrativo213.png","datePublished":"2018-10-30T17:01:15+00:00","dateModified":"2025-09-19T07:05:48+00:00","breadcrumb":{"@id":"https:\/\/prcp.com.pe\/en\/services\/labor-law-and-immigration\/#breadcrumb"},"inLanguage":"en-US","potentialAction":[{"@type":"ReadAction","target":["https:\/\/prcp.com.pe\/en\/services\/labor-law-and-immigration\/"]}]},{"@type":"ImageObject","inLanguage":"en-US","@id":"https:\/\/prcp.com.pe\/en\/services\/labor-law-and-immigration\/#primaryimage","url":"https:\/\/prcp.com.pe\/wp-content\/uploads\/2025\/09\/administrativo213.png","contentUrl":"https:\/\/prcp.com.pe\/wp-content\/uploads\/2025\/09\/administrativo213.png"},{"@type":"BreadcrumbList","@id":"https:\/\/prcp.com.pe\/en\/services\/labor-law-and-immigration\/#breadcrumb","itemListElement":[{"@type":"ListItem","position":1,"name":"Portada","item":"https:\/\/prcp.com.pe\/en\/"},{"@type":"ListItem","position":2,"name":"Services","item":"https:\/\/prcp.com.pe\/en\/services\/"},{"@type":"ListItem","position":3,"name":"Labor Law and Migration"}]},{"@type":"WebSite","@id":"https:\/\/prcp.com.pe\/en\/#website","url":"https:\/\/prcp.com.pe\/en\/","name":"Payet, Rey, Cauvi, P\u00e9rez","description":"Payet, Rey, Cauvi, P\u00e9rez Abogados es uno de los estudios jur\u00eddicos l\u00edderes en el Per\u00fa, de reconocida experiencia y con una amplia trayectoria.","publisher":{"@id":"https:\/\/prcp.com.pe\/en\/#organization"},"potentialAction":[{"@type":"SearchAction","target":{"@type":"EntryPoint","urlTemplate":"https:\/\/prcp.com.pe\/en\/?s={search_term_string}"},"query-input":{"@type":"PropertyValueSpecification","valueRequired":true,"valueName":"search_term_string"}}],"inLanguage":"en-US"},{"@type":"Organization","@id":"https:\/\/prcp.com.pe\/en\/#organization","name":"Payet, Rey, Cauvi, P\u00e9rez Abogados","url":"https:\/\/prcp.com.pe\/en\/","logo":{"@type":"ImageObject","inLanguage":"en-US","@id":"https:\/\/prcp.com.pe\/en\/#\/schema\/logo\/image\/","url":"https:\/\/prcp.com.pe\/wp-content\/uploads\/2018\/11\/logo-2.jpg","contentUrl":"https:\/\/prcp.com.pe\/wp-content\/uploads\/2018\/11\/logo-2.jpg","width":459,"height":471,"caption":"Payet, Rey, Cauvi, P\u00e9rez Abogados"},"image":{"@id":"https:\/\/prcp.com.pe\/en\/#\/schema\/logo\/image\/"},"sameAs":["https:\/\/www.facebook.com\/prcpabogados\/","https:\/\/www.linkedin.com\/company\/prc\/","https:\/\/www.youtube.com\/channel\/UCbXFuuBk4-B26fdfYft3Oag"]}]}},"_links":{"self":[{"href":"https:\/\/prcp.com.pe\/en\/wp-json\/wp\/v2\/pages\/7300","targetHints":{"allow":["GET"]}}],"collection":[{"href":"https:\/\/prcp.com.pe\/en\/wp-json\/wp\/v2\/pages"}],"about":[{"href":"https:\/\/prcp.com.pe\/en\/wp-json\/wp\/v2\/types\/page"}],"author":[{"embeddable":true,"href":"https:\/\/prcp.com.pe\/en\/wp-json\/wp\/v2\/users\/3"}],"replies":[{"embeddable":true,"href":"https:\/\/prcp.com.pe\/en\/wp-json\/wp\/v2\/comments?post=7300"}],"version-history":[{"count":11,"href":"https:\/\/prcp.com.pe\/en\/wp-json\/wp\/v2\/pages\/7300\/revisions"}],"predecessor-version":[{"id":77934,"href":"https:\/\/prcp.com.pe\/en\/wp-json\/wp\/v2\/pages\/7300\/revisions\/77934"}],"up":[{"embeddable":true,"href":"https:\/\/prcp.com.pe\/en\/wp-json\/wp\/v2\/pages\/7263"}],"wp:attachment":[{"href":"https:\/\/prcp.com.pe\/en\/wp-json\/wp\/v2\/media?parent=7300"}],"curies":[{"name":"wp","href":"https:\/\/api.w.org\/{rel}","templated":true}]}}