{"id":7293,"date":"2018-11-09T11:09:45","date_gmt":"2018-11-09T16:09:45","guid":{"rendered":"https:\/\/prcp.com.pe\/area\/environmental-law\/"},"modified":"2025-09-19T02:00:40","modified_gmt":"2025-09-19T07:00:40","slug":"environmental-law","status":"publish","type":"page","link":"https:\/\/prcp.com.pe\/en\/services\/environmental-law\/","title":{"rendered":"Environmental Law"},"content":{"rendered":"<div class=\"wpb-content-wrapper\"><p>[vc_row][vc_column][vc_row_inner][vc_column_inner width=&#8221;2\/3&#8243;][lab_heading title_tag=&#8221;H1&#8243; title=&#8221;Environmental Law&#8221; el_class=&#8221;no-relleno&#8221;][\/lab_heading][vc_column_text]<\/p>\n<p style=\"text-align: justify;\">Our lawyers have deep knowledge and experience with government agencies involved in environmental issues, as well as the technical issues and particularities of the different productive activities taking place in Peru, allows us to provide comprehensive advisory services on environmental matters at a preventive level, such as in transactions, financial operations, sanctioning administrative procedures and litigation; helping our clients to make their projects or operations viable and to identify and face the possible risks and contingencies that affect their businesses.<\/p>\n<p style=\"text-align: justify;\">Ranked as one of the best Environmental Law practices in Peru, we are proud to be able to offer our clients -based on our field experience and our transversal knowledge of technical and social issues- complete and comprehensive support from the design of their projects and business strategies until their closure; evaluating all environmental and social issues and risks that may arise. Throughout these years, we have successfully accompanied our clients throughout the evaluation process of their Environmental Studies and, subsequently, we have advised them on the design and adoption of compliance strategies and tools to minimize the associated environmental and social risks to its operations, both due to the obligations established in its Environmental Studies as well as the local regulations and international standards and practices.<\/p>\n<p style=\"text-align: justify;\">We are recognized for successfully accompanying our clients from different productive sectors in the defense of sanctioning administrative procedures initiated by the different environmental control entities that exist in Peru; as well as our experience in advising -together with our corporate teams- to financial entities, not only in the identification and evaluation of social and environmental risks related to financial and stock market operations, but also in the design and development of standards for the granting of credits and green, sustainable, and\/or social bonds, in accordance with applicable regulatory requirements and international standards.<\/p>\n<p>[\/vc_column_text][\/vc_column_inner][vc_column_inner width=&#8221;1\/3&#8243; css=&#8221;.vc_custom_1577468199202{margin-top: 0px !important;}&#8221;][vc_column_text css=&#8221;&#8221;]<img loading=\"lazy\" decoding=\"async\" class=\"alignnone wp-image-77920 size-full\" src=\"https:\/\/prcp.com.pe\/wp-content\/uploads\/2025\/09\/AMBIENTAL-LOGOS.png\" alt=\"\" width=\"201\" height=\"371\" srcset=\"https:\/\/prcp.com.pe\/wp-content\/uploads\/2025\/09\/AMBIENTAL-LOGOS.png 201w, https:\/\/prcp.com.pe\/wp-content\/uploads\/2025\/09\/AMBIENTAL-LOGOS-163x300.png 163w\" sizes=\"auto, (max-width: 201px) 100vw, 201px\" \/>[\/vc_column_text][vc_column_text css=&#8221;&#8221; el_class=&#8221;quote&#8221;]<\/p>\n<blockquote><p>&#8220;The female lawyers have demonstrated a high level of technical expertise and excellent support in decision-making. The team has an outstanding ability to advise on complex matters.\u201d<br \/>\n<!-- notionvc: f52b4481-deb2-421c-b61c-4c779aa47b2b --><\/p><\/blockquote>\n<p style=\"text-align: right;\"><strong>Chambers Latin America 2026<\/strong><\/p>\n<p>[\/vc_column_text][\/vc_column_inner][\/vc_row_inner][vc_row_inner][vc_column_inner][lab_heading title_tag=&#8221;H3&#8243; title=&#8221;Contacts&#8221;][\/lab_heading][\/vc_column_inner][\/vc_row_inner][vc_row_inner el_class=&#8221;contactos&#8221;][vc_column_inner width=&#8221;1\/6&#8243;][vc_single_image image=&#8221;75778&#8243; img_size=&#8221;full&#8221; onclick=&#8221;custom_link&#8221; img_link_target=&#8221;_blank&#8221; link=&#8221;https:\/\/prcp.com.pe\/en\/counsels\/chavarry-vanessa\/&#8221; el_class=&#8221;image_people&#8221;][vc_custom_heading text=&#8221;Vanessa Ch\u00e1varry&#8221; font_container=&#8221;tag:h3|font_size:13px|text_align:center&#8221; use_theme_fonts=&#8221;yes&#8221; link=&#8221;url:https%3A%2F%2Fprcp.com.pe%2Fen%2Fcounsels%2Fchavarry-vanessa%2F||target:%20_blank|&#8221;][\/vc_column_inner][vc_column_inner width=&#8221;1\/6&#8243;][vc_single_image image=&#8221;7160&#8243; img_size=&#8221;full&#8221; alignment=&#8221;center&#8221; onclick=&#8221;custom_link&#8221; img_link_target=&#8221;_blank&#8221; link=&#8221;https:\/\/prcp.com.pe\/en\/principal_associates\/romero-johanna\/&#8221; el_class=&#8221;image_people&#8221;][vc_custom_heading text=&#8221;Johanna Romero&#8221; font_container=&#8221;tag:h3|font_size:13px|text_align:center|line_height:1&#8243; use_theme_fonts=&#8221;yes&#8221; css=&#8221;.vc_custom_1704214883592{padding-bottom: 0px !important;}&#8221; link=&#8221;url:https%3A%2F%2Fprcp.com.pe%2Fen%2Fprincipal_associates%2Fromero-johanna%2F|target:_blank&#8221;][\/vc_column_inner][vc_column_inner width=&#8221;1\/6&#8243;][vc_single_image image=&#8221;71487&#8243; img_size=&#8221;full&#8221; alignment=&#8221;center&#8221; onclick=&#8221;custom_link&#8221; img_link_target=&#8221;_blank&#8221; link=&#8221;https:\/\/prcp.com.pe\/en\/associates\/leon-wendy\/&#8221; el_class=&#8221;image_people&#8221;][vc_custom_heading text=&#8221;Wendy Le\u00f3n&#8221; font_container=&#8221;tag:h3|font_size:13px|text_align:center|line_height:1&#8243; use_theme_fonts=&#8221;yes&#8221; css=&#8221;.vc_custom_1649175068520{padding-bottom: 0px !important;}&#8221; link=&#8221;url:https%3A%2F%2Fprcp.com.pe%2Fen%2Fassociates%2Fleon-wendy%2F|target:_blank&#8221;][\/vc_column_inner][vc_column_inner width=&#8221;1\/6&#8243;][vc_single_image image=&#8221;65373&#8243; img_size=&#8221;full&#8221; alignment=&#8221;center&#8221; onclick=&#8221;custom_link&#8221; img_link_target=&#8221;_blank&#8221; link=&#8221;https:\/\/prcp.com.pe\/en\/associates\/avalos-thais\/&#8221; el_class=&#8221;image_people&#8221;][vc_custom_heading text=&#8221;Tha\u00eds \u00c1valos&#8221; font_container=&#8221;tag:h3|font_size:13px|text_align:center|line_height:1&#8243; use_theme_fonts=&#8221;yes&#8221; css=&#8221;.vc_custom_1674774540092{padding-bottom: 0px !important;}&#8221; link=&#8221;url:https%3A%2F%2Fprcp.com.pe%2Fen%2Fassociates%2Favalos-thais%2F|target:_blank&#8221;][\/vc_column_inner][vc_column_inner width=&#8221;1\/6&#8243;][\/vc_column_inner][\/vc_row_inner][\/vc_column][\/vc_row][vc_column_inner width=&#8221;1\/6&#8243;][\/vc_column_inner][vc_row css=&#8221;.vc_custom_1541551259246{margin-top: 40px !important;}&#8221;][vc_column][vc_column_text]<div class=\"section-title\"><h3>Latest news<\/h3><\/div><div id=\"boxes\"><div class=\"ultimas-noticias\"><a class=\"thumbnail-img\" href=\"https:\/\/blog.prcp.com.pe\/ambiental\/guia-reglamento-de-proteccion-ambiental-para-el-sector-transportes\/\" target=\"_blank\"><div class=\"news-image-style\" style=\"background-image:url(https:\/\/blog.prcp.com.pe\/wp-content\/uploads\/2026\/04\/ISTOCK-EDITADA-1024x720.jpg);\"><\/div><\/a><p class=\"date-text section-title\">09\/04\/2026<\/p><h5>Gu\u00eda &#8211; Reglamento de Protecci\u00f3n Ambiental para el Sector Transportes<\/h5><a class=\"boton-arti read-more-btn\" href=\"https:\/\/blog.prcp.com.pe\/ambiental\/guia-reglamento-de-proteccion-ambiental-para-el-sector-transportes\/\" target=\"_blank\">Read more<\/a><\/div><div class=\"ultimas-noticias\"><a class=\"thumbnail-img\" href=\"https:\/\/blog.prcp.com.pe\/ambiental\/vanessa-chavarry-escribio-para-energiminas-planes-de-cierre-bajo-la-lupa-sanciones-del-oefa\/\" target=\"_blank\"><div class=\"news-image-style\" style=\"background-image:url(https:\/\/blog.prcp.com.pe\/wp-content\/uploads\/2026\/04\/stone-quarry-indonesia-large-equipment-such-as-bulldozers-dump-trucks-are-working-site2-1024x690.jpg);\"><\/div><\/a><p class=\"date-text section-title\">07\/04\/2026<\/p><h5>Vanessa Ch\u00e1varry escribi\u00f3 para Energiminas: \u00abPlanes de cierre bajo la lupa: sanciones del OEFA\u00bb<\/h5><a class=\"boton-arti read-more-btn\" href=\"https:\/\/blog.prcp.com.pe\/ambiental\/vanessa-chavarry-escribio-para-energiminas-planes-de-cierre-bajo-la-lupa-sanciones-del-oefa\/\" target=\"_blank\">Read more<\/a><\/div><div class=\"ultimas-noticias\"><a class=\"thumbnail-img\" href=\"https:\/\/blog.prcp.com.pe\/ambiental\/video-iv-taller-de-verano-escuela-verde-prcp\/\" target=\"_blank\"><div class=\"news-image-style\" style=\"background-image:url(https:\/\/blog.prcp.com.pe\/wp-content\/uploads\/2026\/03\/Mesa-de-trabajo-6-copia-20@2x-1024x1024.png);\"><\/div><\/a><p class=\"date-text section-title\">30\/03\/2026<\/p><h5>Video: IV Taller de Verano Escuela Verde PRCP<\/h5><a class=\"boton-arti read-more-btn\" href=\"https:\/\/blog.prcp.com.pe\/ambiental\/video-iv-taller-de-verano-escuela-verde-prcp\/\" target=\"_blank\">Read more<\/a><\/div><div class=\"ultimas-noticias\"><a class=\"thumbnail-img\" href=\"https:\/\/blog.prcp.com.pe\/ambiental\/lexambientl-aprueban-nueva-metodologia-para-el-calculo-de-multas-del-oefa\/\" target=\"_blank\"><div class=\"news-image-style\" style=\"background-image:url(https:\/\/blog.prcp.com.pe\/wp-content\/uploads\/2026\/03\/iStock-1762873089.jpg);\"><\/div><\/a><p class=\"date-text section-title\">27\/03\/2026<\/p><h5>Lexambient@l &#8211; Aprueban Nueva Metodolog\u00eda para el C\u00e1lculo de Multas del OEFA<\/h5><a class=\"boton-arti read-more-btn\" href=\"https:\/\/blog.prcp.com.pe\/ambiental\/lexambientl-aprueban-nueva-metodologia-para-el-calculo-de-multas-del-oefa\/\" target=\"_blank\">Read more<\/a><\/div><div class=\"ultimas-noticias\"><a class=\"thumbnail-img\" href=\"https:\/\/blog.prcp.com.pe\/ambiental\/lexambientl-oefa-deja-sin-efecto-el-sinada-y-crea-el-servicio-nacional-de-denuncias-ambientales\/\" target=\"_blank\"><div class=\"news-image-style\" style=\"background-image:url(https:\/\/blog.prcp.com.pe\/wp-content\/uploads\/2026\/01\/iStock-1768285346-1024x613.jpg);\"><\/div><\/a><p class=\"date-text section-title\">16\/03\/2026<\/p><h5>Lexambient@l &#8211; OEFA deja sin efecto el SINADA y crea el Servicio Nacional de Denuncias Ambientales<\/h5><a class=\"boton-arti read-more-btn\" href=\"https:\/\/blog.prcp.com.pe\/ambiental\/lexambientl-oefa-deja-sin-efecto-el-sinada-y-crea-el-servicio-nacional-de-denuncias-ambientales\/\" target=\"_blank\">Read more<\/a><\/div><div class=\"ultimas-noticias\"><a class=\"thumbnail-img\" href=\"https:\/\/blog.prcp.com.pe\/ambiental\/lexambientl-aprueban-la-metodologia-para-el-calculo-de-multas-coercitivas-por-incumplimiento-de-medidas-administrativas-emitidas-en-el-marco-del-procedimiento-sancionador-por-afectacion-a-areas-nat\/\" target=\"_blank\"><div class=\"news-image-style\" style=\"background-image:url(https:\/\/blog.prcp.com.pe\/wp-content\/uploads\/2026\/03\/optimied-1024x555.jpg);\"><\/div><\/a><p class=\"date-text section-title\">13\/03\/2026<\/p><h5>Lexambient@l &#8211; Aprueban la Metodolog\u00eda para el c\u00e1lculo de multas coercitivas por incumplimiento de medidas administrativas emitidas en el marco del procedimiento sancionador por afectaci\u00f3n a \u00c1reas Naturales Protegidas<\/h5><a class=\"boton-arti read-more-btn\" href=\"https:\/\/blog.prcp.com.pe\/ambiental\/lexambientl-aprueban-la-metodologia-para-el-calculo-de-multas-coercitivas-por-incumplimiento-de-medidas-administrativas-emitidas-en-el-marco-del-procedimiento-sancionador-por-afectacion-a-areas-nat\/\" target=\"_blank\">Read more<\/a><\/div><a class=\"ver-todas ver-todas btn category-btn\" href=\"https:\/\/blog.prcp.com.pe\/ultimas-publicaciones\/\">See all publications<\/a><\/div>[\/vc_column_text][\/vc_column][\/vc_row]<\/p>\n<\/div>","protected":false},"excerpt":{"rendered":"<p>[vc_row][vc_column][vc_row_inner][vc_column_inner width=&#8221;2\/3&#8243;][lab_heading title_tag=&#8221;H1&#8243; title=&#8221;Environmental Law&#8221; el_class=&#8221;no-relleno&#8221;][\/lab_heading][vc_column_text] Our lawyers have deep knowledge and experience with government agencies involved in environmental issues, as well as the technical issues and particularities of the different productive activities taking place in Peru, allows us to provide comprehensive advisory services on environmental matters at a preventive level, such as in transactions,&hellip;<\/p>\n","protected":false},"author":3,"featured_media":0,"parent":7263,"menu_order":0,"comment_status":"closed","ping_status":"closed","template":"page-servicio-template.php","meta":{"_acf_changed":false,"footnotes":""},"class_list":["post-7293","page","type-page","status-publish","hentry"],"acf":[],"yoast_head":"<!-- This site is optimized with the Yoast SEO plugin v27.0 - https:\/\/yoast.com\/product\/yoast-seo-wordpress\/ -->\n<title>Environmental Law - Payet, Rey, Cauvi, P\u00e9rez<\/title>\n<meta name=\"robots\" content=\"index, follow, max-snippet:-1, max-image-preview:large, max-video-preview:-1\" \/>\n<link rel=\"canonical\" href=\"https:\/\/prcp.com.pe\/en\/services\/environmental-law\/\" \/>\n<meta property=\"og:locale\" content=\"en_US\" \/>\n<meta property=\"og:type\" content=\"article\" \/>\n<meta property=\"og:title\" content=\"Environmental Law - Payet, Rey, Cauvi, P\u00e9rez\" \/>\n<meta property=\"og:description\" content=\"[vc_row][vc_column][vc_row_inner][vc_column_inner width=&#8221;2\/3&#8243;][lab_heading title_tag=&#8221;H1&#8243; title=&#8221;Environmental Law&#8221; el_class=&#8221;no-relleno&#8221;][\/lab_heading][vc_column_text] Our lawyers have deep knowledge and experience with government agencies involved in environmental issues, as well as the technical issues and particularities of the different productive activities taking place in Peru, allows us to provide comprehensive advisory services on environmental matters at a preventive level, such as in transactions,&hellip;\" \/>\n<meta property=\"og:url\" content=\"https:\/\/prcp.com.pe\/en\/services\/environmental-law\/\" \/>\n<meta property=\"og:site_name\" content=\"Payet, Rey, Cauvi, P\u00e9rez\" \/>\n<meta property=\"article:publisher\" content=\"https:\/\/www.facebook.com\/prcpabogados\/\" \/>\n<meta property=\"article:modified_time\" content=\"2025-09-19T07:00:40+00:00\" \/>\n<meta property=\"og:image\" content=\"https:\/\/prcp.com.pe\/wp-content\/uploads\/2025\/09\/AMBIENTAL-LOGOS.png\" \/>\n\t<meta property=\"og:image:width\" content=\"201\" \/>\n\t<meta property=\"og:image:height\" content=\"371\" \/>\n\t<meta property=\"og:image:type\" content=\"image\/png\" \/>\n<meta name=\"twitter:card\" content=\"summary_large_image\" \/>\n<meta name=\"twitter:label1\" content=\"Est. reading time\" \/>\n\t<meta name=\"twitter:data1\" content=\"3 minutes\" \/>\n<script type=\"application\/ld+json\" class=\"yoast-schema-graph\">{\"@context\":\"https:\/\/schema.org\",\"@graph\":[{\"@type\":\"WebPage\",\"@id\":\"https:\/\/prcp.com.pe\/en\/services\/environmental-law\/\",\"url\":\"https:\/\/prcp.com.pe\/en\/services\/environmental-law\/\",\"name\":\"Environmental Law - Payet, Rey, Cauvi, P\u00e9rez\",\"isPartOf\":{\"@id\":\"https:\/\/prcp.com.pe\/en\/#website\"},\"primaryImageOfPage\":{\"@id\":\"https:\/\/prcp.com.pe\/en\/services\/environmental-law\/#primaryimage\"},\"image\":{\"@id\":\"https:\/\/prcp.com.pe\/en\/services\/environmental-law\/#primaryimage\"},\"thumbnailUrl\":\"https:\/\/prcp.com.pe\/wp-content\/uploads\/2025\/09\/AMBIENTAL-LOGOS.png\",\"datePublished\":\"2018-11-09T16:09:45+00:00\",\"dateModified\":\"2025-09-19T07:00:40+00:00\",\"breadcrumb\":{\"@id\":\"https:\/\/prcp.com.pe\/en\/services\/environmental-law\/#breadcrumb\"},\"inLanguage\":\"en-US\",\"potentialAction\":[{\"@type\":\"ReadAction\",\"target\":[\"https:\/\/prcp.com.pe\/en\/services\/environmental-law\/\"]}]},{\"@type\":\"ImageObject\",\"inLanguage\":\"en-US\",\"@id\":\"https:\/\/prcp.com.pe\/en\/services\/environmental-law\/#primaryimage\",\"url\":\"https:\/\/prcp.com.pe\/wp-content\/uploads\/2025\/09\/AMBIENTAL-LOGOS.png\",\"contentUrl\":\"https:\/\/prcp.com.pe\/wp-content\/uploads\/2025\/09\/AMBIENTAL-LOGOS.png\"},{\"@type\":\"BreadcrumbList\",\"@id\":\"https:\/\/prcp.com.pe\/en\/services\/environmental-law\/#breadcrumb\",\"itemListElement\":[{\"@type\":\"ListItem\",\"position\":1,\"name\":\"Portada\",\"item\":\"https:\/\/prcp.com.pe\/en\/\"},{\"@type\":\"ListItem\",\"position\":2,\"name\":\"Services\",\"item\":\"https:\/\/prcp.com.pe\/en\/services\/\"},{\"@type\":\"ListItem\",\"position\":3,\"name\":\"Environmental Law\"}]},{\"@type\":\"WebSite\",\"@id\":\"https:\/\/prcp.com.pe\/en\/#website\",\"url\":\"https:\/\/prcp.com.pe\/en\/\",\"name\":\"Payet, Rey, Cauvi, P\u00e9rez\",\"description\":\"Payet, Rey, Cauvi, P\u00e9rez Abogados es uno de los estudios jur\u00eddicos l\u00edderes en el Per\u00fa, de reconocida experiencia y con una amplia trayectoria.\",\"publisher\":{\"@id\":\"https:\/\/prcp.com.pe\/en\/#organization\"},\"potentialAction\":[{\"@type\":\"SearchAction\",\"target\":{\"@type\":\"EntryPoint\",\"urlTemplate\":\"https:\/\/prcp.com.pe\/en\/?s={search_term_string}\"},\"query-input\":{\"@type\":\"PropertyValueSpecification\",\"valueRequired\":true,\"valueName\":\"search_term_string\"}}],\"inLanguage\":\"en-US\"},{\"@type\":\"Organization\",\"@id\":\"https:\/\/prcp.com.pe\/en\/#organization\",\"name\":\"Payet, Rey, Cauvi, P\u00e9rez Abogados\",\"url\":\"https:\/\/prcp.com.pe\/en\/\",\"logo\":{\"@type\":\"ImageObject\",\"inLanguage\":\"en-US\",\"@id\":\"https:\/\/prcp.com.pe\/en\/#\/schema\/logo\/image\/\",\"url\":\"https:\/\/prcp.com.pe\/wp-content\/uploads\/2018\/11\/logo-2.jpg\",\"contentUrl\":\"https:\/\/prcp.com.pe\/wp-content\/uploads\/2018\/11\/logo-2.jpg\",\"width\":459,\"height\":471,\"caption\":\"Payet, Rey, Cauvi, P\u00e9rez Abogados\"},\"image\":{\"@id\":\"https:\/\/prcp.com.pe\/en\/#\/schema\/logo\/image\/\"},\"sameAs\":[\"https:\/\/www.facebook.com\/prcpabogados\/\",\"https:\/\/www.linkedin.com\/company\/prc\/\",\"https:\/\/www.youtube.com\/channel\/UCbXFuuBk4-B26fdfYft3Oag\"]}]}<\/script>\n<!-- \/ Yoast SEO plugin. -->","yoast_head_json":{"title":"Environmental Law - Payet, Rey, Cauvi, P\u00e9rez","robots":{"index":"index","follow":"follow","max-snippet":"max-snippet:-1","max-image-preview":"max-image-preview:large","max-video-preview":"max-video-preview:-1"},"canonical":"https:\/\/prcp.com.pe\/en\/services\/environmental-law\/","og_locale":"en_US","og_type":"article","og_title":"Environmental Law - Payet, Rey, Cauvi, P\u00e9rez","og_description":"[vc_row][vc_column][vc_row_inner][vc_column_inner width=&#8221;2\/3&#8243;][lab_heading title_tag=&#8221;H1&#8243; title=&#8221;Environmental Law&#8221; el_class=&#8221;no-relleno&#8221;][\/lab_heading][vc_column_text] Our lawyers have deep knowledge and experience with government agencies involved in environmental issues, as well as the technical issues and particularities of the different productive activities taking place in Peru, allows us to provide comprehensive advisory services on environmental matters at a preventive level, such as in transactions,&hellip;","og_url":"https:\/\/prcp.com.pe\/en\/services\/environmental-law\/","og_site_name":"Payet, Rey, Cauvi, P\u00e9rez","article_publisher":"https:\/\/www.facebook.com\/prcpabogados\/","article_modified_time":"2025-09-19T07:00:40+00:00","og_image":[{"width":201,"height":371,"url":"https:\/\/prcp.com.pe\/wp-content\/uploads\/2025\/09\/AMBIENTAL-LOGOS.png","type":"image\/png"}],"twitter_card":"summary_large_image","twitter_misc":{"Est. reading time":"3 minutes"},"schema":{"@context":"https:\/\/schema.org","@graph":[{"@type":"WebPage","@id":"https:\/\/prcp.com.pe\/en\/services\/environmental-law\/","url":"https:\/\/prcp.com.pe\/en\/services\/environmental-law\/","name":"Environmental Law - Payet, Rey, Cauvi, P\u00e9rez","isPartOf":{"@id":"https:\/\/prcp.com.pe\/en\/#website"},"primaryImageOfPage":{"@id":"https:\/\/prcp.com.pe\/en\/services\/environmental-law\/#primaryimage"},"image":{"@id":"https:\/\/prcp.com.pe\/en\/services\/environmental-law\/#primaryimage"},"thumbnailUrl":"https:\/\/prcp.com.pe\/wp-content\/uploads\/2025\/09\/AMBIENTAL-LOGOS.png","datePublished":"2018-11-09T16:09:45+00:00","dateModified":"2025-09-19T07:00:40+00:00","breadcrumb":{"@id":"https:\/\/prcp.com.pe\/en\/services\/environmental-law\/#breadcrumb"},"inLanguage":"en-US","potentialAction":[{"@type":"ReadAction","target":["https:\/\/prcp.com.pe\/en\/services\/environmental-law\/"]}]},{"@type":"ImageObject","inLanguage":"en-US","@id":"https:\/\/prcp.com.pe\/en\/services\/environmental-law\/#primaryimage","url":"https:\/\/prcp.com.pe\/wp-content\/uploads\/2025\/09\/AMBIENTAL-LOGOS.png","contentUrl":"https:\/\/prcp.com.pe\/wp-content\/uploads\/2025\/09\/AMBIENTAL-LOGOS.png"},{"@type":"BreadcrumbList","@id":"https:\/\/prcp.com.pe\/en\/services\/environmental-law\/#breadcrumb","itemListElement":[{"@type":"ListItem","position":1,"name":"Portada","item":"https:\/\/prcp.com.pe\/en\/"},{"@type":"ListItem","position":2,"name":"Services","item":"https:\/\/prcp.com.pe\/en\/services\/"},{"@type":"ListItem","position":3,"name":"Environmental Law"}]},{"@type":"WebSite","@id":"https:\/\/prcp.com.pe\/en\/#website","url":"https:\/\/prcp.com.pe\/en\/","name":"Payet, Rey, Cauvi, P\u00e9rez","description":"Payet, Rey, Cauvi, P\u00e9rez Abogados es uno de los estudios jur\u00eddicos l\u00edderes en el Per\u00fa, de reconocida experiencia y con una amplia trayectoria.","publisher":{"@id":"https:\/\/prcp.com.pe\/en\/#organization"},"potentialAction":[{"@type":"SearchAction","target":{"@type":"EntryPoint","urlTemplate":"https:\/\/prcp.com.pe\/en\/?s={search_term_string}"},"query-input":{"@type":"PropertyValueSpecification","valueRequired":true,"valueName":"search_term_string"}}],"inLanguage":"en-US"},{"@type":"Organization","@id":"https:\/\/prcp.com.pe\/en\/#organization","name":"Payet, Rey, Cauvi, P\u00e9rez Abogados","url":"https:\/\/prcp.com.pe\/en\/","logo":{"@type":"ImageObject","inLanguage":"en-US","@id":"https:\/\/prcp.com.pe\/en\/#\/schema\/logo\/image\/","url":"https:\/\/prcp.com.pe\/wp-content\/uploads\/2018\/11\/logo-2.jpg","contentUrl":"https:\/\/prcp.com.pe\/wp-content\/uploads\/2018\/11\/logo-2.jpg","width":459,"height":471,"caption":"Payet, Rey, Cauvi, P\u00e9rez Abogados"},"image":{"@id":"https:\/\/prcp.com.pe\/en\/#\/schema\/logo\/image\/"},"sameAs":["https:\/\/www.facebook.com\/prcpabogados\/","https:\/\/www.linkedin.com\/company\/prc\/","https:\/\/www.youtube.com\/channel\/UCbXFuuBk4-B26fdfYft3Oag"]}]}},"_links":{"self":[{"href":"https:\/\/prcp.com.pe\/en\/wp-json\/wp\/v2\/pages\/7293","targetHints":{"allow":["GET"]}}],"collection":[{"href":"https:\/\/prcp.com.pe\/en\/wp-json\/wp\/v2\/pages"}],"about":[{"href":"https:\/\/prcp.com.pe\/en\/wp-json\/wp\/v2\/types\/page"}],"author":[{"embeddable":true,"href":"https:\/\/prcp.com.pe\/en\/wp-json\/wp\/v2\/users\/3"}],"replies":[{"embeddable":true,"href":"https:\/\/prcp.com.pe\/en\/wp-json\/wp\/v2\/comments?post=7293"}],"version-history":[{"count":17,"href":"https:\/\/prcp.com.pe\/en\/wp-json\/wp\/v2\/pages\/7293\/revisions"}],"predecessor-version":[{"id":77926,"href":"https:\/\/prcp.com.pe\/en\/wp-json\/wp\/v2\/pages\/7293\/revisions\/77926"}],"up":[{"embeddable":true,"href":"https:\/\/prcp.com.pe\/en\/wp-json\/wp\/v2\/pages\/7263"}],"wp:attachment":[{"href":"https:\/\/prcp.com.pe\/en\/wp-json\/wp\/v2\/media?parent=7293"}],"curies":[{"name":"wp","href":"https:\/\/api.w.org\/{rel}","templated":true}]}}