{"id":7263,"date":"2018-11-09T10:52:55","date_gmt":"2018-11-09T15:52:55","guid":{"rendered":"https:\/\/prcp.com.pe\/area\/"},"modified":"2023-11-23T12:33:43","modified_gmt":"2023-11-23T17:33:43","slug":"services","status":"publish","type":"page","link":"https:\/\/prcp.com.pe\/en\/services\/","title":{"rendered":"Services"},"content":{"rendered":"<div class=\"wpb-content-wrapper\"><p>[vc_row][vc_column width=&#8221;1\/2&#8243; css=&#8221;.vc_custom_1540408731460{padding-right: 150px !important;padding-left: 200px !important;}&#8221;][vc_wp_custommenu nav_menu=&#8221;52&#8243;][\/vc_column][vc_column width=&#8221;1\/2&#8243;][vc_single_image image=&#8221;4187&#8243; img_size=&#8221;full&#8221; alignment=&#8221;center&#8221; css_animation=&#8221;fadeIn&#8221;][\/vc_column][\/vc_row][vc_row][vc_column width=&#8221;1\/2&#8243; css=&#8221;.vc_custom_1540408731460{padding-right: 150px !important;padding-left: 200px !important;}&#8221;][lab_heading title=&#8221;Estudio de abogados&#8221; el_class=&#8221;no-relleno&#8221;]&#8221;Una elecci\u00f3n astuta para hacer negocios. La firma participa regularmente en algunos de los trabajos m\u00e1s innovadores del pa\u00eds&#8221;.[\/lab_heading][\/vc_column][vc_column width=&#8221;1\/2&#8243;][vc_column_text]El estudio <strong>Payet, Rey, Cauvi, P\u00e9rez Abogados<\/strong> fue fundado en 1996, y es hoy un estudio jur\u00eddico l\u00edder en el Per\u00fa. Respaldados por nuestra reconocida experiencia y amplia trayectoria, prestamos servicios en todas las \u00e1reas del derecho empresarial.<\/p>\n<p>Nuestro estudio de abogados presta servicios en todas las \u00e1reas del derecho empresarial: asesorando y representando a clientes nacionales y extranjeros en los negocios e inversiones que realizan.<\/p>\n<p>Nuestro equipo de abogados aspira a distinguirse por la calidad de su asesoramiento en derecho empresarial, su aptitud para la innovaci\u00f3n y su capacidad para colaborar en el logro de los objetivos de nuestros clientes, estableciendo relaciones profesionales, s\u00f3lidas y duraderas.[\/vc_column_text][\/vc_column][\/vc_row]<\/p>\n<\/div>","protected":false},"excerpt":{"rendered":"<p>[vc_row][vc_column width=&#8221;1\/2&#8243; css=&#8221;.vc_custom_1540408731460{padding-right: 150px !important;padding-left: 200px !important;}&#8221;][vc_wp_custommenu nav_menu=&#8221;52&#8243;][\/vc_column][vc_column width=&#8221;1\/2&#8243;][vc_single_image image=&#8221;4187&#8243; img_size=&#8221;full&#8221; alignment=&#8221;center&#8221; css_animation=&#8221;fadeIn&#8221;][\/vc_column][\/vc_row][vc_row][vc_column width=&#8221;1\/2&#8243; css=&#8221;.vc_custom_1540408731460{padding-right: 150px !important;padding-left: 200px !important;}&#8221;][lab_heading title=&#8221;Estudio de abogados&#8221; el_class=&#8221;no-relleno&#8221;]&#8221;Una elecci\u00f3n astuta para hacer negocios. La firma participa regularmente en algunos de los trabajos m\u00e1s innovadores del pa\u00eds&#8221;.[\/lab_heading][\/vc_column][vc_column width=&#8221;1\/2&#8243;][vc_column_text]El estudio Payet, Rey, Cauvi, P\u00e9rez Abogados fue fundado en 1996, y es hoy&hellip;<\/p>\n","protected":false},"author":3,"featured_media":0,"parent":0,"menu_order":0,"comment_status":"closed","ping_status":"closed","template":"page-templates\/page-areas.php","meta":{"_acf_changed":false,"footnotes":""},"class_list":["post-7263","page","type-page","status-publish","hentry"],"acf":[],"yoast_head":"<!-- This site is optimized with the Yoast SEO plugin v27.0 - https:\/\/yoast.com\/product\/yoast-seo-wordpress\/ -->\n<title>Services - Payet, Rey, Cauvi, P\u00e9rez<\/title>\n<meta name=\"robots\" content=\"noindex, follow\" \/>\n<meta property=\"og:locale\" content=\"en_US\" \/>\n<meta property=\"og:type\" content=\"article\" \/>\n<meta property=\"og:title\" content=\"Services - Payet, Rey, Cauvi, P\u00e9rez\" \/>\n<meta property=\"og:description\" content=\"[vc_row][vc_column width=&#8221;1\/2&#8243; css=&#8221;.vc_custom_1540408731460{padding-right: 150px !important;padding-left: 200px !important;}&#8221;][vc_wp_custommenu nav_menu=&#8221;52&#8243;][\/vc_column][vc_column width=&#8221;1\/2&#8243;][vc_single_image image=&#8221;4187&#8243; img_size=&#8221;full&#8221; alignment=&#8221;center&#8221; css_animation=&#8221;fadeIn&#8221;][\/vc_column][\/vc_row][vc_row][vc_column width=&#8221;1\/2&#8243; css=&#8221;.vc_custom_1540408731460{padding-right: 150px !important;padding-left: 200px !important;}&#8221;][lab_heading title=&#8221;Estudio de abogados&#8221; el_class=&#8221;no-relleno&#8221;]&#8221;Una elecci\u00f3n astuta para hacer negocios. La firma participa regularmente en algunos de los trabajos m\u00e1s innovadores del pa\u00eds&#8221;.[\/lab_heading][\/vc_column][vc_column width=&#8221;1\/2&#8243;][vc_column_text]El estudio Payet, Rey, Cauvi, P\u00e9rez Abogados fue fundado en 1996, y es hoy&hellip;\" \/>\n<meta property=\"og:url\" content=\"https:\/\/prcp.com.pe\/en\/services\/\" \/>\n<meta property=\"og:site_name\" content=\"Payet, Rey, Cauvi, P\u00e9rez\" \/>\n<meta property=\"article:publisher\" content=\"https:\/\/www.facebook.com\/prcpabogados\/\" \/>\n<meta property=\"article:modified_time\" content=\"2023-11-23T17:33:43+00:00\" \/>\n<meta name=\"twitter:card\" content=\"summary_large_image\" \/>\n<meta name=\"twitter:label1\" content=\"Est. reading time\" \/>\n\t<meta name=\"twitter:data1\" content=\"1 minute\" \/>\n<script type=\"application\/ld+json\" class=\"yoast-schema-graph\">{\"@context\":\"https:\/\/schema.org\",\"@graph\":[{\"@type\":\"WebPage\",\"@id\":\"https:\/\/prcp.com.pe\/en\/services\/\",\"url\":\"https:\/\/prcp.com.pe\/en\/services\/\",\"name\":\"Services - Payet, Rey, Cauvi, P\u00e9rez\",\"isPartOf\":{\"@id\":\"https:\/\/prcp.com.pe\/en\/#website\"},\"datePublished\":\"2018-11-09T15:52:55+00:00\",\"dateModified\":\"2023-11-23T17:33:43+00:00\",\"breadcrumb\":{\"@id\":\"https:\/\/prcp.com.pe\/en\/services\/#breadcrumb\"},\"inLanguage\":\"en-US\",\"potentialAction\":[{\"@type\":\"ReadAction\",\"target\":[\"https:\/\/prcp.com.pe\/en\/services\/\"]}]},{\"@type\":\"BreadcrumbList\",\"@id\":\"https:\/\/prcp.com.pe\/en\/services\/#breadcrumb\",\"itemListElement\":[{\"@type\":\"ListItem\",\"position\":1,\"name\":\"Portada\",\"item\":\"https:\/\/prcp.com.pe\/en\/\"},{\"@type\":\"ListItem\",\"position\":2,\"name\":\"Services\"}]},{\"@type\":\"WebSite\",\"@id\":\"https:\/\/prcp.com.pe\/en\/#website\",\"url\":\"https:\/\/prcp.com.pe\/en\/\",\"name\":\"Payet, Rey, Cauvi, P\u00e9rez\",\"description\":\"Payet, Rey, Cauvi, P\u00e9rez Abogados es uno de los estudios jur\u00eddicos l\u00edderes en el Per\u00fa, de reconocida experiencia y con una amplia trayectoria.\",\"publisher\":{\"@id\":\"https:\/\/prcp.com.pe\/en\/#organization\"},\"potentialAction\":[{\"@type\":\"SearchAction\",\"target\":{\"@type\":\"EntryPoint\",\"urlTemplate\":\"https:\/\/prcp.com.pe\/en\/?s={search_term_string}\"},\"query-input\":{\"@type\":\"PropertyValueSpecification\",\"valueRequired\":true,\"valueName\":\"search_term_string\"}}],\"inLanguage\":\"en-US\"},{\"@type\":\"Organization\",\"@id\":\"https:\/\/prcp.com.pe\/en\/#organization\",\"name\":\"Payet, Rey, Cauvi, P\u00e9rez Abogados\",\"url\":\"https:\/\/prcp.com.pe\/en\/\",\"logo\":{\"@type\":\"ImageObject\",\"inLanguage\":\"en-US\",\"@id\":\"https:\/\/prcp.com.pe\/en\/#\/schema\/logo\/image\/\",\"url\":\"https:\/\/prcp.com.pe\/wp-content\/uploads\/2018\/11\/logo-2.jpg\",\"contentUrl\":\"https:\/\/prcp.com.pe\/wp-content\/uploads\/2018\/11\/logo-2.jpg\",\"width\":459,\"height\":471,\"caption\":\"Payet, Rey, Cauvi, P\u00e9rez Abogados\"},\"image\":{\"@id\":\"https:\/\/prcp.com.pe\/en\/#\/schema\/logo\/image\/\"},\"sameAs\":[\"https:\/\/www.facebook.com\/prcpabogados\/\",\"https:\/\/www.linkedin.com\/company\/prc\/\",\"https:\/\/www.youtube.com\/channel\/UCbXFuuBk4-B26fdfYft3Oag\"]}]}<\/script>\n<!-- \/ Yoast SEO plugin. -->","yoast_head_json":{"title":"Services - Payet, Rey, Cauvi, P\u00e9rez","robots":{"index":"noindex","follow":"follow"},"og_locale":"en_US","og_type":"article","og_title":"Services - Payet, Rey, Cauvi, P\u00e9rez","og_description":"[vc_row][vc_column width=&#8221;1\/2&#8243; css=&#8221;.vc_custom_1540408731460{padding-right: 150px !important;padding-left: 200px !important;}&#8221;][vc_wp_custommenu nav_menu=&#8221;52&#8243;][\/vc_column][vc_column width=&#8221;1\/2&#8243;][vc_single_image image=&#8221;4187&#8243; img_size=&#8221;full&#8221; alignment=&#8221;center&#8221; css_animation=&#8221;fadeIn&#8221;][\/vc_column][\/vc_row][vc_row][vc_column width=&#8221;1\/2&#8243; css=&#8221;.vc_custom_1540408731460{padding-right: 150px !important;padding-left: 200px !important;}&#8221;][lab_heading title=&#8221;Estudio de abogados&#8221; el_class=&#8221;no-relleno&#8221;]&#8221;Una elecci\u00f3n astuta para hacer negocios. La firma participa regularmente en algunos de los trabajos m\u00e1s innovadores del pa\u00eds&#8221;.[\/lab_heading][\/vc_column][vc_column width=&#8221;1\/2&#8243;][vc_column_text]El estudio Payet, Rey, Cauvi, P\u00e9rez Abogados fue fundado en 1996, y es hoy&hellip;","og_url":"https:\/\/prcp.com.pe\/en\/services\/","og_site_name":"Payet, Rey, Cauvi, P\u00e9rez","article_publisher":"https:\/\/www.facebook.com\/prcpabogados\/","article_modified_time":"2023-11-23T17:33:43+00:00","twitter_card":"summary_large_image","twitter_misc":{"Est. reading time":"1 minute"},"schema":{"@context":"https:\/\/schema.org","@graph":[{"@type":"WebPage","@id":"https:\/\/prcp.com.pe\/en\/services\/","url":"https:\/\/prcp.com.pe\/en\/services\/","name":"Services - Payet, Rey, Cauvi, P\u00e9rez","isPartOf":{"@id":"https:\/\/prcp.com.pe\/en\/#website"},"datePublished":"2018-11-09T15:52:55+00:00","dateModified":"2023-11-23T17:33:43+00:00","breadcrumb":{"@id":"https:\/\/prcp.com.pe\/en\/services\/#breadcrumb"},"inLanguage":"en-US","potentialAction":[{"@type":"ReadAction","target":["https:\/\/prcp.com.pe\/en\/services\/"]}]},{"@type":"BreadcrumbList","@id":"https:\/\/prcp.com.pe\/en\/services\/#breadcrumb","itemListElement":[{"@type":"ListItem","position":1,"name":"Portada","item":"https:\/\/prcp.com.pe\/en\/"},{"@type":"ListItem","position":2,"name":"Services"}]},{"@type":"WebSite","@id":"https:\/\/prcp.com.pe\/en\/#website","url":"https:\/\/prcp.com.pe\/en\/","name":"Payet, Rey, Cauvi, P\u00e9rez","description":"Payet, Rey, Cauvi, P\u00e9rez Abogados es uno de los estudios jur\u00eddicos l\u00edderes en el Per\u00fa, de reconocida experiencia y con una amplia trayectoria.","publisher":{"@id":"https:\/\/prcp.com.pe\/en\/#organization"},"potentialAction":[{"@type":"SearchAction","target":{"@type":"EntryPoint","urlTemplate":"https:\/\/prcp.com.pe\/en\/?s={search_term_string}"},"query-input":{"@type":"PropertyValueSpecification","valueRequired":true,"valueName":"search_term_string"}}],"inLanguage":"en-US"},{"@type":"Organization","@id":"https:\/\/prcp.com.pe\/en\/#organization","name":"Payet, Rey, Cauvi, P\u00e9rez Abogados","url":"https:\/\/prcp.com.pe\/en\/","logo":{"@type":"ImageObject","inLanguage":"en-US","@id":"https:\/\/prcp.com.pe\/en\/#\/schema\/logo\/image\/","url":"https:\/\/prcp.com.pe\/wp-content\/uploads\/2018\/11\/logo-2.jpg","contentUrl":"https:\/\/prcp.com.pe\/wp-content\/uploads\/2018\/11\/logo-2.jpg","width":459,"height":471,"caption":"Payet, Rey, Cauvi, P\u00e9rez Abogados"},"image":{"@id":"https:\/\/prcp.com.pe\/en\/#\/schema\/logo\/image\/"},"sameAs":["https:\/\/www.facebook.com\/prcpabogados\/","https:\/\/www.linkedin.com\/company\/prc\/","https:\/\/www.youtube.com\/channel\/UCbXFuuBk4-B26fdfYft3Oag"]}]}},"_links":{"self":[{"href":"https:\/\/prcp.com.pe\/en\/wp-json\/wp\/v2\/pages\/7263","targetHints":{"allow":["GET"]}}],"collection":[{"href":"https:\/\/prcp.com.pe\/en\/wp-json\/wp\/v2\/pages"}],"about":[{"href":"https:\/\/prcp.com.pe\/en\/wp-json\/wp\/v2\/types\/page"}],"author":[{"embeddable":true,"href":"https:\/\/prcp.com.pe\/en\/wp-json\/wp\/v2\/users\/3"}],"replies":[{"embeddable":true,"href":"https:\/\/prcp.com.pe\/en\/wp-json\/wp\/v2\/comments?post=7263"}],"version-history":[{"count":1,"href":"https:\/\/prcp.com.pe\/en\/wp-json\/wp\/v2\/pages\/7263\/revisions"}],"predecessor-version":[{"id":75263,"href":"https:\/\/prcp.com.pe\/en\/wp-json\/wp\/v2\/pages\/7263\/revisions\/75263"}],"wp:attachment":[{"href":"https:\/\/prcp.com.pe\/en\/wp-json\/wp\/v2\/media?parent=7263"}],"curies":[{"name":"wp","href":"https:\/\/api.w.org\/{rel}","templated":true}]}}