{"id":7250,"date":"2018-10-30T12:02:49","date_gmt":"2018-10-30T17:02:49","guid":{"rendered":"https:\/\/prcp.com.pe\/competencia\/"},"modified":"2025-09-19T02:04:53","modified_gmt":"2025-09-19T07:04:53","slug":"competition","status":"publish","type":"page","link":"https:\/\/prcp.com.pe\/en\/services\/competition\/","title":{"rendered":"Competition"},"content":{"rendered":"<div class=\"wpb-content-wrapper\"><p>[vc_row][vc_column][vc_row_inner][vc_column_inner width=&#8221;2\/3&#8243;][lab_heading title_tag=&#8221;H1&#8243; title=&#8221;Competition&#8221; el_class=&#8221;no-relleno&#8221; css=&#8221;.vc_custom_1755881457797{margin-bottom: 0px !important;}&#8221;][\/lab_heading][vc_column_text]<\/p>\n<p style=\"text-align: justify;\">At PRCP, our lawyers have extensive experience in the analytical and regulatory aspects of competition law. We cover a wide range of economic sectors, such as energy, oil and gas, telecommunications, financial services, health, pharmaceuticals, construction, transportation, new technologies, retail, education, automotive, aeronautics, food and beverages, maritime and personal care products, among others.<\/p>\n<p style=\"text-align: justify;\">Consistently ranked as the best Competition and Antitrust practice in Peru, we are proud of our unparalleled track record. We have successfully advised and represented numerous clients in major administrative sanctioning procedures and leniency processes in matters of free competition. Our experience covers issues such as price collusion (domestic and international), restrictive practices, unjustified refusals to deal, excessive pricing, implementation of strategic barriers to entry, and exclusivity agreements.<\/p>\n<p style=\"text-align: justify;\">We are recognized for our expertise in merger control. We have advised national and international companies in the main processes of prior authorization of concentrations, both under the current general regime and under the previous special regime for the electricity sector. We develop, coordinate and execute strategies together with our corporate teams and with firms in the main global markets, achieving successful results for our clients.<\/p>\n<p>[\/vc_column_text][\/vc_column_inner][vc_column_inner width=&#8221;1\/3&#8243;][vc_column_text css=&#8221;&#8221;]<img loading=\"lazy\" decoding=\"async\" class=\"alignnone wp-image-77904 size-full\" src=\"https:\/\/prcp.com.pe\/wp-content\/uploads\/2025\/09\/Competencia-logos.png\" alt=\"\" width=\"455\" height=\"737\" srcset=\"https:\/\/prcp.com.pe\/wp-content\/uploads\/2025\/09\/Competencia-logos.png 455w, https:\/\/prcp.com.pe\/wp-content\/uploads\/2025\/09\/Competencia-logos-185x300.png 185w\" sizes=\"auto, (max-width: 455px) 100vw, 455px\" \/>[\/vc_column_text][vc_column_text css=&#8221;&#8221; el_class=&#8221;quote&#8221;]<\/p>\n<blockquote><p>\u201cThey have top-level lawyers with the ability to support clients and respond quickly. It is undoubtedly one of the leading law firms in competition law in Peru.\u201d<br \/>\n<!-- notionvc: 7374dc05-f522-4295-bb2f-9ae51e3f1502 --><\/p><\/blockquote>\n<p style=\"text-align: right;\"><strong>Chambers Latin America 2026<\/strong><\/p>\n<p>[\/vc_column_text][\/vc_column_inner][\/vc_row_inner][vc_row_inner][vc_column_inner][lab_heading title_tag=&#8221;H3&#8243; title=&#8221;Contacts&#8221;][\/lab_heading][\/vc_column_inner][\/vc_row_inner][vc_row_inner][vc_column_inner width=&#8221;1\/6&#8243;][vc_single_image image=&#8221;7020&#8243; img_size=&#8221;full&#8221; onclick=&#8221;custom_link&#8221; css=&#8221;.vc_custom_1611350346902{margin-bottom: 10px !important;}&#8221; link=&#8221;https:\/\/prcp.com.pe\/en\/partners\/patron-carlos\/&#8221; el_class=&#8221;bottom_10&#8243;][vc_custom_heading text=&#8221;Carlos A. Patr\u00f3n&#8221; font_container=&#8221;tag:h3|font_size:13px|text_align:center&#8221; use_theme_fonts=&#8221;yes&#8221; link=&#8221;url:https%3A%2F%2Fprcp.com.pe%2Fen%2Fpartners%2Fpatron-carlos%2F|||&#8221;][\/vc_column_inner][vc_column_inner width=&#8221;1\/6&#8243;][vc_single_image image=&#8221;77202&#8243; img_size=&#8221;full&#8221; onclick=&#8221;custom_link&#8221; css=&#8221;.vc_custom_1746460609195{margin-bottom: 10px !important;}&#8221; link=&#8221;https:\/\/prcp.com.pe\/en\/asociado_principal\/loret-de-mola-julia\/&#8221; el_class=&#8221;bottom_10&#8243;][vc_custom_heading text=&#8221;Julia Loret de Mola&#8221; font_container=&#8221;tag:h3|font_size:13px|text_align:center&#8221; use_theme_fonts=&#8221;yes&#8221; link=&#8221;url:https%3A%2F%2Fprcp.com.pe%2Fen%2Fasociado_principal%2Floret-de-mola-julia%2F|||&#8221;][\/vc_column_inner][vc_column_inner width=&#8221;1\/6&#8243;][vc_single_image image=&#8221;35952&#8243; img_size=&#8221;full&#8221; onclick=&#8221;custom_link&#8221; css=&#8221;.vc_custom_1611350432713{margin-bottom: 10px !important;}&#8221; link=&#8221;https:\/\/prcp.com.pe\/en\/asociado_principal\/kuroiwa-david\/&#8221; el_class=&#8221;bottom_10&#8243;][vc_custom_heading text=&#8221;David Kuroiwa&#8221; font_container=&#8221;tag:h3|font_size:13px|text_align:center&#8221; use_theme_fonts=&#8221;yes&#8221; link=&#8221;url:https%3A%2F%2Fprcp.com.pe%2Fen%2Fasociado_principal%2Fkuroiwa-david%2F|||&#8221;][\/vc_column_inner][vc_column_inner width=&#8221;1\/6&#8243;][vc_single_image image=&#8221;77199&#8243; img_size=&#8221;full&#8221; onclick=&#8221;custom_link&#8221; img_link_target=&#8221;_blank&#8221; css=&#8221;.vc_custom_1746460539910{margin-bottom: 10px !important;}&#8221; link=&#8221;https:\/\/prcp.com.pe\/en\/counsel\/cruz-vania\/&#8221; el_class=&#8221;bottom_10&#8243;][vc_custom_heading text=&#8221;Vania Cruz&#8221; font_container=&#8221;tag:h3|font_size:13px|text_align:center&#8221; use_theme_fonts=&#8221;yes&#8221; link=&#8221;url:https%3A%2F%2Fprcp.com.pe%2Fen%2Fcounsel%2Fcruz-vania%2F|target:_blank&#8221;][\/vc_column_inner][vc_column_inner width=&#8221;1\/6&#8243;][vc_single_image image=&#8221;35266&#8243; img_size=&#8221;full&#8221; onclick=&#8221;custom_link&#8221; img_link_target=&#8221;_blank&#8221; css=&#8221;.vc_custom_1647356849516{margin-bottom: 10px !important;}&#8221; link=&#8221;https:\/\/prcp.com.pe\/en\/associates\/vallve-marianna\/&#8221; el_class=&#8221;bottom_10&#8243;][vc_custom_heading text=&#8221;Marianna Vallv\u00e9&#8221; font_container=&#8221;tag:h3|font_size:13px|text_align:center&#8221; use_theme_fonts=&#8221;yes&#8221; link=&#8221;url:https%3A%2F%2Fprcp.com.pe%2Fen%2Fassociates%2Fvallve-marianna%2F|target:_blank&#8221;][\/vc_column_inner][vc_column_inner width=&#8221;1\/6&#8243;][vc_single_image image=&#8221;75583&#8243; img_size=&#8221;full&#8221; onclick=&#8221;custom_link&#8221; img_link_target=&#8221;_blank&#8221; css=&#8221;.vc_custom_1719959329508{margin-bottom: 10px !important;}&#8221; link=&#8221;https:\/\/prcp.com.pe\/en\/associates\/figueroa-ana-lucia\/&#8221; el_class=&#8221;bottom_10&#8243;][vc_custom_heading text=&#8221;Ana Luc\u00eda Figueroa&#8221; font_container=&#8221;tag:h3|font_size:13px|text_align:center&#8221; use_theme_fonts=&#8221;yes&#8221; link=&#8221;url:https%3A%2F%2Fprcp.com.pe%2Fen%2Fassociates%2Ffigueroa-ana-lucia%2F|target:_blank&#8221;][\/vc_column_inner][\/vc_row_inner][\/vc_column][\/vc_row][vc_column_inner width=&#8221;1\/6&#8243;][\/vc_column_inner][vc_row css=&#8221;.vc_custom_1541551259246{margin-top: 40px !important;}&#8221;][vc_column][vc_column_text]<div class=\"section-title\"><h3>Latest news<\/h3><\/div><div id=\"boxes\"><div class=\"ultimas-noticias\"><a class=\"thumbnail-img\" href=\"https:\/\/blog.prcp.com.pe\/competencia\/client-memo-la-corte-suprema-cuestiona-el-plazo-de-prescripcion-en-libre-competencia\/\" target=\"_blank\"><div class=\"news-image-style\" style=\"background-image:url(https:\/\/blog.prcp.com.pe\/wp-content\/uploads\/2026\/04\/iStock-1391372203-1-1024x610.jpg);\"><\/div><\/a><p class=\"date-text section-title\">10\/04\/2026<\/p><h5>Client Memo &#8211; La Corte Suprema cuestiona el plazo de prescripci\u00f3n en libre competencia<\/h5><a class=\"boton-arti read-more-btn\" href=\"https:\/\/blog.prcp.com.pe\/competencia\/client-memo-la-corte-suprema-cuestiona-el-plazo-de-prescripcion-en-libre-competencia\/\" target=\"_blank\">Read more<\/a><\/div><div class=\"ultimas-noticias\"><a class=\"thumbnail-img\" href=\"https:\/\/blog.prcp.com.pe\/penal\/accede-al-video-y-presentacion-de-nuestro-webinar-el-nuevo-delito-informatico-de-comercializacion-de-datos-personales-y-su-implicancia-practica-en-las-organizaciones\/\" target=\"_blank\"><div class=\"news-image-style\" style=\"background-image:url(https:\/\/blog.prcp.com.pe\/wp-content\/uploads\/2026\/01\/iStock-1132766283_1.jpg);\"><\/div><\/a><p class=\"date-text section-title\">18\/03\/2026<\/p><h5>Accede al video y presentaci\u00f3n de nuestro webinar \u00abEl nuevo delito inform\u00e1tico de comercializaci\u00f3n de datos personales y su implicancia pr\u00e1ctica en las organizaciones\u00bb<\/h5><a class=\"boton-arti read-more-btn\" href=\"https:\/\/blog.prcp.com.pe\/penal\/accede-al-video-y-presentacion-de-nuestro-webinar-el-nuevo-delito-informatico-de-comercializacion-de-datos-personales-y-su-implicancia-practica-en-las-organizaciones\/\" target=\"_blank\">Read more<\/a><\/div><div class=\"ultimas-noticias\"><a class=\"thumbnail-img\" href=\"https:\/\/blog.prcp.com.pe\/competencia\/client-memo-indecopi-publica-su-plan-anual-de-fiscalizacion-2026\/\" target=\"_blank\"><div class=\"news-image-style\" style=\"background-image:url(https:\/\/blog.prcp.com.pe\/wp-content\/uploads\/2026\/01\/colocar-imagen.jpg);\"><\/div><\/a><p class=\"date-text section-title\">14\/01\/2026<\/p><h5>Client Memo &#8211; INDECOPI publica su Plan Anual de Fiscalizaci\u00f3n 2026<\/h5><a class=\"boton-arti read-more-btn\" href=\"https:\/\/blog.prcp.com.pe\/competencia\/client-memo-indecopi-publica-su-plan-anual-de-fiscalizacion-2026\/\" target=\"_blank\">Read more<\/a><\/div><div class=\"ultimas-noticias\"><a class=\"thumbnail-img\" href=\"https:\/\/blog.prcp.com.pe\/competencia\/client-memo-la-anpdp-ha-publicado-la-directiva-que-establece-las-disposiciones-para-la-designacion-desempeno-y-funciones-del-oficial-de-datos-personales\/\" target=\"_blank\"><div class=\"news-image-style\" style=\"background-image:url(https:\/\/blog.prcp.com.pe\/wp-content\/uploads\/2026\/01\/iStock-2174743722-1024x683.jpg);\"><\/div><\/a><p class=\"date-text section-title\">02\/01\/2026<\/p><h5>Client Memo &#8211; La ANPDP publica la Directiva que establece las disposiciones para la designaci\u00f3n, desempe\u00f1o y funciones del Oficial de Datos Personales<\/h5><a class=\"boton-arti read-more-btn\" href=\"https:\/\/blog.prcp.com.pe\/competencia\/client-memo-la-anpdp-ha-publicado-la-directiva-que-establece-las-disposiciones-para-la-designacion-desempeno-y-funciones-del-oficial-de-datos-personales\/\" target=\"_blank\">Read more<\/a><\/div><div class=\"ultimas-noticias\"><a class=\"thumbnail-img\" href=\"https:\/\/blog.prcp.com.pe\/competencia\/video-cual-es-el-rol-del-oficial-de-datos-personales-y-su-relevancia-en-las-empresas\/\" target=\"_blank\"><div class=\"news-image-style\" style=\"background-image:url(https:\/\/blog.prcp.com.pe\/wp-content\/uploads\/2025\/10\/iStock-1485950687-2-1024x512.jpg);\"><\/div><\/a><p class=\"date-text section-title\">13\/11\/2025<\/p><h5>Video: \u00ab\u00bfCu\u00e1l es el rol del Oficial de Datos Personales y su relevancia en las empresas?\u00bb<\/h5><a class=\"boton-arti read-more-btn\" href=\"https:\/\/blog.prcp.com.pe\/competencia\/video-cual-es-el-rol-del-oficial-de-datos-personales-y-su-relevancia-en-las-empresas\/\" target=\"_blank\">Read more<\/a><\/div><div class=\"ultimas-noticias\"><a class=\"thumbnail-img\" href=\"https:\/\/blog.prcp.com.pe\/competencia\/client-memo-plataformas-digitales-de-comercio-electronico-se-encuentran-obligadas-a-contar-con-un-libro-de-reclamaciones\/\" target=\"_blank\"><div class=\"news-image-style\" style=\"background-image:url(https:\/\/blog.prcp.com.pe\/wp-content\/uploads\/2025\/11\/iStock-1249101856-1024x450.jpg);\"><\/div><\/a><p class=\"date-text section-title\">11\/11\/2025<\/p><h5>Client Memo &#8211; Plataformas digitales de comercio electr\u00f3nico se encuentran obligadas a contar con un Libro de Reclamaciones<\/h5><a class=\"boton-arti read-more-btn\" href=\"https:\/\/blog.prcp.com.pe\/competencia\/client-memo-plataformas-digitales-de-comercio-electronico-se-encuentran-obligadas-a-contar-con-un-libro-de-reclamaciones\/\" target=\"_blank\">Read more<\/a><\/div><a class=\"ver-todas btn category-btn\" href=\"https:\/\/blog.prcp.com.pe\/ultimas-publicaciones\/\">See all the news<\/a><\/div>[\/vc_column_text][\/vc_column][\/vc_row]<\/p>\n<\/div>","protected":false},"excerpt":{"rendered":"<p>[vc_row][vc_column][vc_row_inner][vc_column_inner width=&#8221;2\/3&#8243;][lab_heading title_tag=&#8221;H1&#8243; title=&#8221;Competition&#8221; el_class=&#8221;no-relleno&#8221; css=&#8221;.vc_custom_1755881457797{margin-bottom: 0px !important;}&#8221;][\/lab_heading][vc_column_text] At PRCP, our lawyers have extensive experience in the analytical and regulatory aspects of competition law. We cover a wide range of economic sectors, such as energy, oil and gas, telecommunications, financial services, health, pharmaceuticals, construction, transportation, new technologies, retail, education, automotive, aeronautics, food and beverages, maritime&hellip;<\/p>\n","protected":false},"author":3,"featured_media":0,"parent":7263,"menu_order":0,"comment_status":"closed","ping_status":"closed","template":"page-servicio-template.php","meta":{"_acf_changed":false,"footnotes":""},"class_list":["post-7250","page","type-page","status-publish","hentry"],"acf":[],"yoast_head":"<!-- This site is optimized with the Yoast SEO plugin v27.0 - https:\/\/yoast.com\/product\/yoast-seo-wordpress\/ -->\n<title>Competition - Payet, Rey, Cauvi, P\u00e9rez<\/title>\n<meta name=\"robots\" content=\"index, follow, max-snippet:-1, max-image-preview:large, max-video-preview:-1\" \/>\n<link rel=\"canonical\" href=\"https:\/\/prcp.com.pe\/en\/services\/competition\/\" \/>\n<meta property=\"og:locale\" content=\"en_US\" \/>\n<meta property=\"og:type\" content=\"article\" \/>\n<meta property=\"og:title\" content=\"Competition - Payet, Rey, Cauvi, P\u00e9rez\" \/>\n<meta property=\"og:description\" content=\"[vc_row][vc_column][vc_row_inner][vc_column_inner width=&#8221;2\/3&#8243;][lab_heading title_tag=&#8221;H1&#8243; title=&#8221;Competition&#8221; el_class=&#8221;no-relleno&#8221; css=&#8221;.vc_custom_1755881457797{margin-bottom: 0px !important;}&#8221;][\/lab_heading][vc_column_text] At PRCP, our lawyers have extensive experience in the analytical and regulatory aspects of competition law. We cover a wide range of economic sectors, such as energy, oil and gas, telecommunications, financial services, health, pharmaceuticals, construction, transportation, new technologies, retail, education, automotive, aeronautics, food and beverages, maritime&hellip;\" \/>\n<meta property=\"og:url\" content=\"https:\/\/prcp.com.pe\/en\/services\/competition\/\" \/>\n<meta property=\"og:site_name\" content=\"Payet, Rey, Cauvi, P\u00e9rez\" \/>\n<meta property=\"article:publisher\" content=\"https:\/\/www.facebook.com\/prcpabogados\/\" \/>\n<meta property=\"article:modified_time\" content=\"2025-09-19T07:04:53+00:00\" \/>\n<meta property=\"og:image\" content=\"https:\/\/prcp.com.pe\/wp-content\/uploads\/2025\/09\/Competencia-logos.png\" \/>\n\t<meta property=\"og:image:width\" content=\"455\" \/>\n\t<meta property=\"og:image:height\" content=\"737\" \/>\n\t<meta property=\"og:image:type\" content=\"image\/png\" \/>\n<meta name=\"twitter:card\" content=\"summary_large_image\" \/>\n<meta name=\"twitter:label1\" content=\"Est. reading time\" \/>\n\t<meta name=\"twitter:data1\" content=\"3 minutes\" \/>\n<script type=\"application\/ld+json\" class=\"yoast-schema-graph\">{\"@context\":\"https:\/\/schema.org\",\"@graph\":[{\"@type\":\"WebPage\",\"@id\":\"https:\/\/prcp.com.pe\/en\/services\/competition\/\",\"url\":\"https:\/\/prcp.com.pe\/en\/services\/competition\/\",\"name\":\"Competition - Payet, Rey, Cauvi, P\u00e9rez\",\"isPartOf\":{\"@id\":\"https:\/\/prcp.com.pe\/en\/#website\"},\"primaryImageOfPage\":{\"@id\":\"https:\/\/prcp.com.pe\/en\/services\/competition\/#primaryimage\"},\"image\":{\"@id\":\"https:\/\/prcp.com.pe\/en\/services\/competition\/#primaryimage\"},\"thumbnailUrl\":\"https:\/\/prcp.com.pe\/wp-content\/uploads\/2025\/09\/Competencia-logos.png\",\"datePublished\":\"2018-10-30T17:02:49+00:00\",\"dateModified\":\"2025-09-19T07:04:53+00:00\",\"breadcrumb\":{\"@id\":\"https:\/\/prcp.com.pe\/en\/services\/competition\/#breadcrumb\"},\"inLanguage\":\"en-US\",\"potentialAction\":[{\"@type\":\"ReadAction\",\"target\":[\"https:\/\/prcp.com.pe\/en\/services\/competition\/\"]}]},{\"@type\":\"ImageObject\",\"inLanguage\":\"en-US\",\"@id\":\"https:\/\/prcp.com.pe\/en\/services\/competition\/#primaryimage\",\"url\":\"https:\/\/prcp.com.pe\/wp-content\/uploads\/2025\/09\/Competencia-logos.png\",\"contentUrl\":\"https:\/\/prcp.com.pe\/wp-content\/uploads\/2025\/09\/Competencia-logos.png\"},{\"@type\":\"BreadcrumbList\",\"@id\":\"https:\/\/prcp.com.pe\/en\/services\/competition\/#breadcrumb\",\"itemListElement\":[{\"@type\":\"ListItem\",\"position\":1,\"name\":\"Portada\",\"item\":\"https:\/\/prcp.com.pe\/en\/\"},{\"@type\":\"ListItem\",\"position\":2,\"name\":\"Services\",\"item\":\"https:\/\/prcp.com.pe\/en\/services\/\"},{\"@type\":\"ListItem\",\"position\":3,\"name\":\"Competition\"}]},{\"@type\":\"WebSite\",\"@id\":\"https:\/\/prcp.com.pe\/en\/#website\",\"url\":\"https:\/\/prcp.com.pe\/en\/\",\"name\":\"Payet, Rey, Cauvi, P\u00e9rez\",\"description\":\"Payet, Rey, Cauvi, P\u00e9rez Abogados es uno de los estudios jur\u00eddicos l\u00edderes en el Per\u00fa, de reconocida experiencia y con una amplia trayectoria.\",\"publisher\":{\"@id\":\"https:\/\/prcp.com.pe\/en\/#organization\"},\"potentialAction\":[{\"@type\":\"SearchAction\",\"target\":{\"@type\":\"EntryPoint\",\"urlTemplate\":\"https:\/\/prcp.com.pe\/en\/?s={search_term_string}\"},\"query-input\":{\"@type\":\"PropertyValueSpecification\",\"valueRequired\":true,\"valueName\":\"search_term_string\"}}],\"inLanguage\":\"en-US\"},{\"@type\":\"Organization\",\"@id\":\"https:\/\/prcp.com.pe\/en\/#organization\",\"name\":\"Payet, Rey, Cauvi, P\u00e9rez Abogados\",\"url\":\"https:\/\/prcp.com.pe\/en\/\",\"logo\":{\"@type\":\"ImageObject\",\"inLanguage\":\"en-US\",\"@id\":\"https:\/\/prcp.com.pe\/en\/#\/schema\/logo\/image\/\",\"url\":\"https:\/\/prcp.com.pe\/wp-content\/uploads\/2018\/11\/logo-2.jpg\",\"contentUrl\":\"https:\/\/prcp.com.pe\/wp-content\/uploads\/2018\/11\/logo-2.jpg\",\"width\":459,\"height\":471,\"caption\":\"Payet, Rey, Cauvi, P\u00e9rez Abogados\"},\"image\":{\"@id\":\"https:\/\/prcp.com.pe\/en\/#\/schema\/logo\/image\/\"},\"sameAs\":[\"https:\/\/www.facebook.com\/prcpabogados\/\",\"https:\/\/www.linkedin.com\/company\/prc\/\",\"https:\/\/www.youtube.com\/channel\/UCbXFuuBk4-B26fdfYft3Oag\"]}]}<\/script>\n<!-- \/ Yoast SEO plugin. -->","yoast_head_json":{"title":"Competition - Payet, Rey, Cauvi, P\u00e9rez","robots":{"index":"index","follow":"follow","max-snippet":"max-snippet:-1","max-image-preview":"max-image-preview:large","max-video-preview":"max-video-preview:-1"},"canonical":"https:\/\/prcp.com.pe\/en\/services\/competition\/","og_locale":"en_US","og_type":"article","og_title":"Competition - Payet, Rey, Cauvi, P\u00e9rez","og_description":"[vc_row][vc_column][vc_row_inner][vc_column_inner width=&#8221;2\/3&#8243;][lab_heading title_tag=&#8221;H1&#8243; title=&#8221;Competition&#8221; el_class=&#8221;no-relleno&#8221; css=&#8221;.vc_custom_1755881457797{margin-bottom: 0px !important;}&#8221;][\/lab_heading][vc_column_text] At PRCP, our lawyers have extensive experience in the analytical and regulatory aspects of competition law. We cover a wide range of economic sectors, such as energy, oil and gas, telecommunications, financial services, health, pharmaceuticals, construction, transportation, new technologies, retail, education, automotive, aeronautics, food and beverages, maritime&hellip;","og_url":"https:\/\/prcp.com.pe\/en\/services\/competition\/","og_site_name":"Payet, Rey, Cauvi, P\u00e9rez","article_publisher":"https:\/\/www.facebook.com\/prcpabogados\/","article_modified_time":"2025-09-19T07:04:53+00:00","og_image":[{"width":455,"height":737,"url":"https:\/\/prcp.com.pe\/wp-content\/uploads\/2025\/09\/Competencia-logos.png","type":"image\/png"}],"twitter_card":"summary_large_image","twitter_misc":{"Est. reading time":"3 minutes"},"schema":{"@context":"https:\/\/schema.org","@graph":[{"@type":"WebPage","@id":"https:\/\/prcp.com.pe\/en\/services\/competition\/","url":"https:\/\/prcp.com.pe\/en\/services\/competition\/","name":"Competition - Payet, Rey, Cauvi, P\u00e9rez","isPartOf":{"@id":"https:\/\/prcp.com.pe\/en\/#website"},"primaryImageOfPage":{"@id":"https:\/\/prcp.com.pe\/en\/services\/competition\/#primaryimage"},"image":{"@id":"https:\/\/prcp.com.pe\/en\/services\/competition\/#primaryimage"},"thumbnailUrl":"https:\/\/prcp.com.pe\/wp-content\/uploads\/2025\/09\/Competencia-logos.png","datePublished":"2018-10-30T17:02:49+00:00","dateModified":"2025-09-19T07:04:53+00:00","breadcrumb":{"@id":"https:\/\/prcp.com.pe\/en\/services\/competition\/#breadcrumb"},"inLanguage":"en-US","potentialAction":[{"@type":"ReadAction","target":["https:\/\/prcp.com.pe\/en\/services\/competition\/"]}]},{"@type":"ImageObject","inLanguage":"en-US","@id":"https:\/\/prcp.com.pe\/en\/services\/competition\/#primaryimage","url":"https:\/\/prcp.com.pe\/wp-content\/uploads\/2025\/09\/Competencia-logos.png","contentUrl":"https:\/\/prcp.com.pe\/wp-content\/uploads\/2025\/09\/Competencia-logos.png"},{"@type":"BreadcrumbList","@id":"https:\/\/prcp.com.pe\/en\/services\/competition\/#breadcrumb","itemListElement":[{"@type":"ListItem","position":1,"name":"Portada","item":"https:\/\/prcp.com.pe\/en\/"},{"@type":"ListItem","position":2,"name":"Services","item":"https:\/\/prcp.com.pe\/en\/services\/"},{"@type":"ListItem","position":3,"name":"Competition"}]},{"@type":"WebSite","@id":"https:\/\/prcp.com.pe\/en\/#website","url":"https:\/\/prcp.com.pe\/en\/","name":"Payet, Rey, Cauvi, P\u00e9rez","description":"Payet, Rey, Cauvi, P\u00e9rez Abogados es uno de los estudios jur\u00eddicos l\u00edderes en el Per\u00fa, de reconocida experiencia y con una amplia trayectoria.","publisher":{"@id":"https:\/\/prcp.com.pe\/en\/#organization"},"potentialAction":[{"@type":"SearchAction","target":{"@type":"EntryPoint","urlTemplate":"https:\/\/prcp.com.pe\/en\/?s={search_term_string}"},"query-input":{"@type":"PropertyValueSpecification","valueRequired":true,"valueName":"search_term_string"}}],"inLanguage":"en-US"},{"@type":"Organization","@id":"https:\/\/prcp.com.pe\/en\/#organization","name":"Payet, Rey, Cauvi, P\u00e9rez Abogados","url":"https:\/\/prcp.com.pe\/en\/","logo":{"@type":"ImageObject","inLanguage":"en-US","@id":"https:\/\/prcp.com.pe\/en\/#\/schema\/logo\/image\/","url":"https:\/\/prcp.com.pe\/wp-content\/uploads\/2018\/11\/logo-2.jpg","contentUrl":"https:\/\/prcp.com.pe\/wp-content\/uploads\/2018\/11\/logo-2.jpg","width":459,"height":471,"caption":"Payet, Rey, Cauvi, P\u00e9rez Abogados"},"image":{"@id":"https:\/\/prcp.com.pe\/en\/#\/schema\/logo\/image\/"},"sameAs":["https:\/\/www.facebook.com\/prcpabogados\/","https:\/\/www.linkedin.com\/company\/prc\/","https:\/\/www.youtube.com\/channel\/UCbXFuuBk4-B26fdfYft3Oag"]}]}},"_links":{"self":[{"href":"https:\/\/prcp.com.pe\/en\/wp-json\/wp\/v2\/pages\/7250","targetHints":{"allow":["GET"]}}],"collection":[{"href":"https:\/\/prcp.com.pe\/en\/wp-json\/wp\/v2\/pages"}],"about":[{"href":"https:\/\/prcp.com.pe\/en\/wp-json\/wp\/v2\/types\/page"}],"author":[{"embeddable":true,"href":"https:\/\/prcp.com.pe\/en\/wp-json\/wp\/v2\/users\/3"}],"replies":[{"embeddable":true,"href":"https:\/\/prcp.com.pe\/en\/wp-json\/wp\/v2\/comments?post=7250"}],"version-history":[{"count":21,"href":"https:\/\/prcp.com.pe\/en\/wp-json\/wp\/v2\/pages\/7250\/revisions"}],"predecessor-version":[{"id":77932,"href":"https:\/\/prcp.com.pe\/en\/wp-json\/wp\/v2\/pages\/7250\/revisions\/77932"}],"up":[{"embeddable":true,"href":"https:\/\/prcp.com.pe\/en\/wp-json\/wp\/v2\/pages\/7263"}],"wp:attachment":[{"href":"https:\/\/prcp.com.pe\/en\/wp-json\/wp\/v2\/media?parent=7250"}],"curies":[{"name":"wp","href":"https:\/\/api.w.org\/{rel}","templated":true}]}}