{"id":70372,"date":"2023-07-06T17:34:23","date_gmt":"2023-07-06T22:34:23","guid":{"rendered":"https:\/\/prcp.com.pe\/?page_id=70372"},"modified":"2023-12-06T15:16:24","modified_gmt":"2023-12-06T20:16:24","slug":"volunteer-work","status":"publish","type":"page","link":"https:\/\/prcp.com.pe\/en\/esg\/volunteer-work\/","title":{"rendered":"Volunteer work"},"content":{"rendered":"<div class=\"wpb-content-wrapper\"><p>[vc_row el_class=&#8221;texto-volunta&#8221;][vc_column][vc_column_text]<\/p>\n<p style=\"text-align: justify;\">Since its creation, PRCP has participated and led volunteer and social action initiatives, both independently and in collaboration with other organizations, in carrying out various projects in different regions of the country. Highlights include the reconstruction of homes and a school in the community of San Mat\u00edas in Chincha, both destroyed by the earthquake that devastated the area in 2007; prevention and health campaigns aimed at the populations of Facuyuta, Anansaya Puna, Salkacancha Bolognesi and Moroccoire in Puno, after the cold weather; improvement of the facilities of the Honguito educational center in Cangallo, Ayacucho; improvement of conditions in an educational center in Pichacani, Puno; reconstruction of roofs destroyed as a result of the rains in Ancash; construction of a shelter in Shilla, Ancash; Christmas campaigns in Pamploma and Lima; among other.<\/p>\n<p>[\/vc_column_text][\/vc_column][\/vc_row][vc_row][vc_column][vc_raw_html]JTVCYm94LXZvbHVudGFyaWFkbyU1RA==[\/vc_raw_html][\/vc_column][\/vc_row]<\/p>\n<\/div>","protected":false},"excerpt":{"rendered":"<p>[vc_row el_class=&#8221;texto-volunta&#8221;][vc_column][vc_column_text] Since its creation, PRCP has participated and led volunteer and social action initiatives, both independently and in collaboration with other organizations, in carrying out various projects in different regions of the country. Highlights include the reconstruction of homes and a school in the community of San Mat\u00edas in Chincha, both destroyed by the&hellip;<\/p>\n","protected":false},"author":8,"featured_media":0,"parent":76765,"menu_order":0,"comment_status":"closed","ping_status":"closed","template":"page-templates\/page-compromiso-beta.php","meta":{"_acf_changed":false,"footnotes":""},"class_list":["post-70372","page","type-page","status-publish","hentry"],"acf":[],"yoast_head":"<!-- This site is optimized with the Yoast SEO plugin v27.0 - https:\/\/yoast.com\/product\/yoast-seo-wordpress\/ -->\n<title>Volunteer work - Payet, Rey, Cauvi, P\u00e9rez<\/title>\n<meta name=\"robots\" content=\"index, follow, max-snippet:-1, max-image-preview:large, max-video-preview:-1\" \/>\n<link rel=\"canonical\" href=\"https:\/\/prcp.com.pe\/en\/esg\/volunteer-work\/\" \/>\n<meta property=\"og:locale\" content=\"en_US\" \/>\n<meta property=\"og:type\" content=\"article\" \/>\n<meta property=\"og:title\" content=\"Volunteer work - Payet, Rey, Cauvi, P\u00e9rez\" \/>\n<meta property=\"og:description\" content=\"[vc_row el_class=&#8221;texto-volunta&#8221;][vc_column][vc_column_text] Since its creation, PRCP has participated and led volunteer and social action initiatives, both independently and in collaboration with other organizations, in carrying out various projects in different regions of the country. Highlights include the reconstruction of homes and a school in the community of San Mat\u00edas in Chincha, both destroyed by the&hellip;\" \/>\n<meta property=\"og:url\" content=\"https:\/\/prcp.com.pe\/en\/esg\/volunteer-work\/\" \/>\n<meta property=\"og:site_name\" content=\"Payet, Rey, Cauvi, P\u00e9rez\" \/>\n<meta property=\"article:publisher\" content=\"https:\/\/www.facebook.com\/prcpabogados\/\" \/>\n<meta property=\"article:modified_time\" content=\"2023-12-06T20:16:24+00:00\" \/>\n<meta name=\"twitter:card\" content=\"summary_large_image\" \/>\n<meta name=\"twitter:label1\" content=\"Est. reading time\" \/>\n\t<meta name=\"twitter:data1\" content=\"1 minute\" \/>\n<script type=\"application\/ld+json\" class=\"yoast-schema-graph\">{\"@context\":\"https:\/\/schema.org\",\"@graph\":[{\"@type\":\"WebPage\",\"@id\":\"https:\/\/prcp.com.pe\/en\/esg\/volunteer-work\/\",\"url\":\"https:\/\/prcp.com.pe\/en\/esg\/volunteer-work\/\",\"name\":\"Volunteer work - Payet, Rey, Cauvi, P\u00e9rez\",\"isPartOf\":{\"@id\":\"https:\/\/prcp.com.pe\/en\/#website\"},\"datePublished\":\"2023-07-06T22:34:23+00:00\",\"dateModified\":\"2023-12-06T20:16:24+00:00\",\"breadcrumb\":{\"@id\":\"https:\/\/prcp.com.pe\/en\/esg\/volunteer-work\/#breadcrumb\"},\"inLanguage\":\"en-US\",\"potentialAction\":[{\"@type\":\"ReadAction\",\"target\":[\"https:\/\/prcp.com.pe\/en\/esg\/volunteer-work\/\"]}]},{\"@type\":\"BreadcrumbList\",\"@id\":\"https:\/\/prcp.com.pe\/en\/esg\/volunteer-work\/#breadcrumb\",\"itemListElement\":[{\"@type\":\"ListItem\",\"position\":1,\"name\":\"Portada\",\"item\":\"https:\/\/prcp.com.pe\/en\/\"},{\"@type\":\"ListItem\",\"position\":2,\"name\":\"Social Responsibility\",\"item\":\"https:\/\/prcp.com.pe\/en\/compromiso-social\/\"},{\"@type\":\"ListItem\",\"position\":3,\"name\":\"Volunteer work\"}]},{\"@type\":\"WebSite\",\"@id\":\"https:\/\/prcp.com.pe\/en\/#website\",\"url\":\"https:\/\/prcp.com.pe\/en\/\",\"name\":\"Payet, Rey, Cauvi, P\u00e9rez\",\"description\":\"Payet, Rey, Cauvi, P\u00e9rez Abogados es uno de los estudios jur\u00eddicos l\u00edderes en el Per\u00fa, de reconocida experiencia y con una amplia trayectoria.\",\"publisher\":{\"@id\":\"https:\/\/prcp.com.pe\/en\/#organization\"},\"potentialAction\":[{\"@type\":\"SearchAction\",\"target\":{\"@type\":\"EntryPoint\",\"urlTemplate\":\"https:\/\/prcp.com.pe\/en\/?s={search_term_string}\"},\"query-input\":{\"@type\":\"PropertyValueSpecification\",\"valueRequired\":true,\"valueName\":\"search_term_string\"}}],\"inLanguage\":\"en-US\"},{\"@type\":\"Organization\",\"@id\":\"https:\/\/prcp.com.pe\/en\/#organization\",\"name\":\"Payet, Rey, Cauvi, P\u00e9rez Abogados\",\"url\":\"https:\/\/prcp.com.pe\/en\/\",\"logo\":{\"@type\":\"ImageObject\",\"inLanguage\":\"en-US\",\"@id\":\"https:\/\/prcp.com.pe\/en\/#\/schema\/logo\/image\/\",\"url\":\"https:\/\/prcp.com.pe\/wp-content\/uploads\/2018\/11\/logo-2.jpg\",\"contentUrl\":\"https:\/\/prcp.com.pe\/wp-content\/uploads\/2018\/11\/logo-2.jpg\",\"width\":459,\"height\":471,\"caption\":\"Payet, Rey, Cauvi, P\u00e9rez Abogados\"},\"image\":{\"@id\":\"https:\/\/prcp.com.pe\/en\/#\/schema\/logo\/image\/\"},\"sameAs\":[\"https:\/\/www.facebook.com\/prcpabogados\/\",\"https:\/\/www.linkedin.com\/company\/prc\/\",\"https:\/\/www.youtube.com\/channel\/UCbXFuuBk4-B26fdfYft3Oag\"]}]}<\/script>\n<!-- \/ Yoast SEO plugin. -->","yoast_head_json":{"title":"Volunteer work - Payet, Rey, Cauvi, P\u00e9rez","robots":{"index":"index","follow":"follow","max-snippet":"max-snippet:-1","max-image-preview":"max-image-preview:large","max-video-preview":"max-video-preview:-1"},"canonical":"https:\/\/prcp.com.pe\/en\/esg\/volunteer-work\/","og_locale":"en_US","og_type":"article","og_title":"Volunteer work - Payet, Rey, Cauvi, P\u00e9rez","og_description":"[vc_row el_class=&#8221;texto-volunta&#8221;][vc_column][vc_column_text] Since its creation, PRCP has participated and led volunteer and social action initiatives, both independently and in collaboration with other organizations, in carrying out various projects in different regions of the country. Highlights include the reconstruction of homes and a school in the community of San Mat\u00edas in Chincha, both destroyed by the&hellip;","og_url":"https:\/\/prcp.com.pe\/en\/esg\/volunteer-work\/","og_site_name":"Payet, Rey, Cauvi, P\u00e9rez","article_publisher":"https:\/\/www.facebook.com\/prcpabogados\/","article_modified_time":"2023-12-06T20:16:24+00:00","twitter_card":"summary_large_image","twitter_misc":{"Est. reading time":"1 minute"},"schema":{"@context":"https:\/\/schema.org","@graph":[{"@type":"WebPage","@id":"https:\/\/prcp.com.pe\/en\/esg\/volunteer-work\/","url":"https:\/\/prcp.com.pe\/en\/esg\/volunteer-work\/","name":"Volunteer work - Payet, Rey, Cauvi, P\u00e9rez","isPartOf":{"@id":"https:\/\/prcp.com.pe\/en\/#website"},"datePublished":"2023-07-06T22:34:23+00:00","dateModified":"2023-12-06T20:16:24+00:00","breadcrumb":{"@id":"https:\/\/prcp.com.pe\/en\/esg\/volunteer-work\/#breadcrumb"},"inLanguage":"en-US","potentialAction":[{"@type":"ReadAction","target":["https:\/\/prcp.com.pe\/en\/esg\/volunteer-work\/"]}]},{"@type":"BreadcrumbList","@id":"https:\/\/prcp.com.pe\/en\/esg\/volunteer-work\/#breadcrumb","itemListElement":[{"@type":"ListItem","position":1,"name":"Portada","item":"https:\/\/prcp.com.pe\/en\/"},{"@type":"ListItem","position":2,"name":"Social Responsibility","item":"https:\/\/prcp.com.pe\/en\/compromiso-social\/"},{"@type":"ListItem","position":3,"name":"Volunteer work"}]},{"@type":"WebSite","@id":"https:\/\/prcp.com.pe\/en\/#website","url":"https:\/\/prcp.com.pe\/en\/","name":"Payet, Rey, Cauvi, P\u00e9rez","description":"Payet, Rey, Cauvi, P\u00e9rez Abogados es uno de los estudios jur\u00eddicos l\u00edderes en el Per\u00fa, de reconocida experiencia y con una amplia trayectoria.","publisher":{"@id":"https:\/\/prcp.com.pe\/en\/#organization"},"potentialAction":[{"@type":"SearchAction","target":{"@type":"EntryPoint","urlTemplate":"https:\/\/prcp.com.pe\/en\/?s={search_term_string}"},"query-input":{"@type":"PropertyValueSpecification","valueRequired":true,"valueName":"search_term_string"}}],"inLanguage":"en-US"},{"@type":"Organization","@id":"https:\/\/prcp.com.pe\/en\/#organization","name":"Payet, Rey, Cauvi, P\u00e9rez Abogados","url":"https:\/\/prcp.com.pe\/en\/","logo":{"@type":"ImageObject","inLanguage":"en-US","@id":"https:\/\/prcp.com.pe\/en\/#\/schema\/logo\/image\/","url":"https:\/\/prcp.com.pe\/wp-content\/uploads\/2018\/11\/logo-2.jpg","contentUrl":"https:\/\/prcp.com.pe\/wp-content\/uploads\/2018\/11\/logo-2.jpg","width":459,"height":471,"caption":"Payet, Rey, Cauvi, P\u00e9rez Abogados"},"image":{"@id":"https:\/\/prcp.com.pe\/en\/#\/schema\/logo\/image\/"},"sameAs":["https:\/\/www.facebook.com\/prcpabogados\/","https:\/\/www.linkedin.com\/company\/prc\/","https:\/\/www.youtube.com\/channel\/UCbXFuuBk4-B26fdfYft3Oag"]}]}},"_links":{"self":[{"href":"https:\/\/prcp.com.pe\/en\/wp-json\/wp\/v2\/pages\/70372","targetHints":{"allow":["GET"]}}],"collection":[{"href":"https:\/\/prcp.com.pe\/en\/wp-json\/wp\/v2\/pages"}],"about":[{"href":"https:\/\/prcp.com.pe\/en\/wp-json\/wp\/v2\/types\/page"}],"author":[{"embeddable":true,"href":"https:\/\/prcp.com.pe\/en\/wp-json\/wp\/v2\/users\/8"}],"replies":[{"embeddable":true,"href":"https:\/\/prcp.com.pe\/en\/wp-json\/wp\/v2\/comments?post=70372"}],"version-history":[{"count":3,"href":"https:\/\/prcp.com.pe\/en\/wp-json\/wp\/v2\/pages\/70372\/revisions"}],"predecessor-version":[{"id":75305,"href":"https:\/\/prcp.com.pe\/en\/wp-json\/wp\/v2\/pages\/70372\/revisions\/75305"}],"up":[{"embeddable":true,"href":"https:\/\/prcp.com.pe\/en\/wp-json\/wp\/v2\/pages\/76765"}],"wp:attachment":[{"href":"https:\/\/prcp.com.pe\/en\/wp-json\/wp\/v2\/media?parent=70372"}],"curies":[{"name":"wp","href":"https:\/\/api.w.org\/{rel}","templated":true}]}}