{"id":59846,"date":"2022-08-15T11:41:42","date_gmt":"2022-08-15T16:41:42","guid":{"rendered":"https:\/\/prcp.com.pe\/?page_id=59846"},"modified":"2025-08-22T12:24:25","modified_gmt":"2025-08-22T17:24:25","slug":"healthcare-and-pharmaceuticals","status":"publish","type":"page","link":"https:\/\/prcp.com.pe\/en\/services\/healthcare-and-pharmaceuticals\/","title":{"rendered":"Healthcare and Pharmaceuticals"},"content":{"rendered":"<div class=\"wpb-content-wrapper\"><p>[vc_row][vc_column][vc_row_inner][vc_column_inner width=&#8221;2\/3&#8243;][lab_heading title_tag=&#8221;H1&#8243; title=&#8221;Healthcare and Pharmaceuticals&#8221; el_class=&#8221;no-relleno&#8221;][\/lab_heading][vc_column_text]<\/p>\n<p style=\"text-align: justify;\">We provide advice to companies in the Health and Pharmaceutical sectors, including medical facilities, pharmaceutical laboratories, drugstores, distributors of pharmaceutical products, galenicals, cosmetics, and medical devices, as well as the main pharmacy chains in Peru. Our services cover administrative matters and procedures before the General Directorate of Medicines, Supplies and Drugs (DIGEMID) and other Health Directorates of the Ministry of Health, in addition to commercial aspects, acquisition processes, collaborative agreements and financing operations, Competition and Consumer Law matters, Compliance, intellectual property matters.<\/p>\n<p style=\"text-align: justify;\">In regulatory matters, our team is experienced in obtaining authorizations and certifications for health facilities and pharmaceutical establishments, sanitary registrations for pharmaceutical, health, cosmetic and medical device products, as well as in the scope of health regulations applicable for the use and commercialization of cannabis and its derivatives in Peru.<\/p>\n<p style=\"text-align: justify;\">Our leading Competition and Consumer Law practice has advised various clients in the health and pharmaceutical sectors in implementing regulatory compliance programs, organizing distribution and commercialization tasks, executing integration processes of their activities, in audits and claims before the Consumer Authority, as well as in emblematic investigations and procedures in matters of consumer protection, horizontal restrictive practices and alleged unilateral anti-competitive practices.<\/p>\n<p>[\/vc_column_text][\/vc_column_inner][vc_column_inner width=&#8221;1\/3&#8243; css=&#8221;.vc_custom_1577380771585{margin-top: 0px !important;}&#8221;][vc_column_text][\/vc_column_text][vc_column_text el_class=&#8221;quote&#8221;][\/vc_column_text][\/vc_column_inner][\/vc_row_inner][vc_row_inner][vc_column_inner][lab_heading title_tag=&#8221;H3&#8243; title=&#8221;Contactos&#8221;][\/lab_heading][\/vc_column_inner][\/vc_row_inner][vc_row_inner el_class=&#8221;contactos&#8221;][vc_column_inner width=&#8221;1\/6&#8243;][vc_single_image image=&#8221;16752&#8243; img_size=&#8221;full&#8221; onclick=&#8221;custom_link&#8221; img_link_target=&#8221;_blank&#8221; css=&#8221;.vc_custom_1662665763209{margin-bottom: 10px !important;padding-bottom: 0px !important;}&#8221; link=&#8221;https:\/\/prcp.com.pe\/en\/partners\/soto-gerardo\/&#8221;][vc_custom_heading text=&#8221;Gerardo Soto&#8221; font_container=&#8221;tag:h3|font_size:13px|text_align:center&#8221; use_theme_fonts=&#8221;yes&#8221; link=&#8221;url:https%3A%2F%2Fprcp.com.pe%2Fen%2Fpartners%2Fsoto-gerardo%2F|target:_blank|&#8221;][\/vc_column_inner][vc_column_inner width=&#8221;1\/6&#8243;][vc_single_image image=&#8221;74105&#8243; img_size=&#8221;full&#8221; onclick=&#8221;custom_link&#8221; img_link_target=&#8221;_blank&#8221; css=&#8221;.vc_custom_1696269196103{margin-bottom: 10px !important;padding-bottom: 0px !important;}&#8221; link=&#8221;https:\/\/prcp.com.pe\/en\/partners\/lazarte-jorge\/&#8221;][vc_custom_heading text=&#8221;Jorge Lazarte&#8221; font_container=&#8221;tag:h3|font_size:13px|text_align:center&#8221; use_theme_fonts=&#8221;yes&#8221; link=&#8221;url:https%3A%2F%2Fprcp.com.pe%2Fen%2Fpartners%2Flazarte-jorge%2F|target:_blank&#8221;][\/vc_column_inner][vc_column_inner width=&#8221;1\/6&#8243;][vc_single_image image=&#8221;7020&#8243; img_size=&#8221;full&#8221; onclick=&#8221;custom_link&#8221; img_link_target=&#8221;_blank&#8221; css=&#8221;.vc_custom_1662589731410{margin-bottom: 10px !important;padding-bottom: 0px !important;}&#8221; link=&#8221;https:\/\/prcp.com.pe\/en\/partners\/patron-carlos\/&#8221;][vc_custom_heading text=&#8221;Carlos Patr\u00f3n&#8221; font_container=&#8221;tag:h3|font_size:13px|text_align:center&#8221; use_theme_fonts=&#8221;yes&#8221; link=&#8221;url:https%3A%2F%2Fprcp.com.pe%2Fen%2Fpartners%2Fpatron-carlos%2F|target:_blank&#8221;][\/vc_column_inner][vc_column_inner width=&#8221;1\/6&#8243;][vc_single_image image=&#8221;7046&#8243; img_size=&#8221;full&#8221; onclick=&#8221;custom_link&#8221; img_link_target=&#8221;_blank&#8221; css=&#8221;.vc_custom_1662589862363{margin-bottom: 10px !important;padding-bottom: 0px !important;}&#8221; link=&#8221;https:\/\/prcp.com.pe\/en\/partners\/eguez-juan-antonio\/&#8221;][vc_custom_heading text=&#8221;Juan Antonio Eg\u00fcez&#8221; font_container=&#8221;tag:h3|font_size:13px|text_align:center&#8221; use_theme_fonts=&#8221;yes&#8221; link=&#8221;url:https%3A%2F%2Fprcp.com.pe%2Fen%2Fpartners%2Feguez-juan-antonio%2F|target:_blank&#8221;][\/vc_column_inner][vc_column_inner width=&#8221;1\/6&#8243;][vc_single_image image=&#8221;35952&#8243; img_size=&#8221;full&#8221; onclick=&#8221;custom_link&#8221; img_link_target=&#8221;_blank&#8221; css=&#8221;.vc_custom_1662590001477{margin-bottom: 10px !important;padding-bottom: 0px !important;}&#8221; link=&#8221;https:\/\/prcp.com.pe\/en\/principal_associates\/kuroiwa-david\/&#8221;][vc_custom_heading text=&#8221;David Kuroiwa&#8221; font_container=&#8221;tag:h3|font_size:13px|text_align:center&#8221; use_theme_fonts=&#8221;yes&#8221; link=&#8221;url:https%3A%2F%2Fprcp.com.pe%2Fen%2Fprincipal_associates%2Fkuroiwa-david%2F|target:_blank&#8221;][\/vc_column_inner][\/vc_row_inner][\/vc_column][\/vc_row][vc_column_inner width=&#8221;1\/6&#8243;][\/vc_column_inner][vc_row css=&#8221;.vc_custom_1541551259246{margin-top: 40px !important;}&#8221;][vc_column][vc_column_text]<div class=\"section-title\"><h3>Latest news<\/h3><\/div><div id=\"boxes\"><div class=\"ultimas-noticias\"><a class=\"thumbnail-img\" href=\"https:\/\/blog.prcp.com.pe\/salud-y-productos-farmaceuticos\/publican-decreto-supremo-que-modifica-el-reglamento-de-establecimientos-farmaceuticos-y-el-reglamento-para-el-registro-control-y-vigilancia-sanitaria-de-productos-farmaceuticos\/\" target=\"_blank\"><div class=\"news-image-style\" style=\"background-image:url(https:\/\/blog.prcp.com.pe\/wp-content\/uploads\/2024\/10\/iStock-1475020235-1024x683.jpg);\"><\/div><\/a><p class=\"date-text section-title\">28\/10\/2024<\/p><h5>Lexm@il &#8211; Publican decreto supremo que modifica el Reglamento de Establecimientos Farmac\u00e9uticos y el Reglamento para el Registro, Control y Vigilancia Sanitaria de Productos Farmac\u00e9uticos<\/h5><a class=\"boton-arti read-more-btn\" href=\"https:\/\/blog.prcp.com.pe\/salud-y-productos-farmaceuticos\/publican-decreto-supremo-que-modifica-el-reglamento-de-establecimientos-farmaceuticos-y-el-reglamento-para-el-registro-control-y-vigilancia-sanitaria-de-productos-farmaceuticos\/\">Read more<\/a><\/div><div class=\"ultimas-noticias\"><a class=\"thumbnail-img\" href=\"https:\/\/blog.prcp.com.pe\/salud-y-productos-farmaceuticos\/lexmail-garantizan-el-acceso-a-medicamentos-genericos-y-se-fortalece-la-regulacion-farmaceutica\/\" target=\"_blank\"><div class=\"news-image-style\" style=\"background-image:url(https:\/\/blog.prcp.com.pe\/wp-content\/uploads\/2023\/11\/salud-5-1024x664.jpg);\"><\/div><\/a><p class=\"date-text section-title\">14\/05\/2024<\/p><h5>Lexm@il \u2013 Garantizan el acceso a medicamentos gen\u00e9ricos y se fortalece la regulaci\u00f3n farmac\u00e9utica<\/h5><a class=\"boton-arti read-more-btn\" href=\"https:\/\/blog.prcp.com.pe\/salud-y-productos-farmaceuticos\/lexmail-garantizan-el-acceso-a-medicamentos-genericos-y-se-fortalece-la-regulacion-farmaceutica\/\">Read more<\/a><\/div><div class=\"ultimas-noticias\"><a class=\"thumbnail-img\" href=\"https:\/\/blog.prcp.com.pe\/salud-y-productos-farmaceuticos\/lexmail-promueven-informacion-sobre-alimentos-sin-gluten\/\" target=\"_blank\"><div class=\"news-image-style\" style=\"background-image:url(https:\/\/blog.prcp.com.pe\/wp-content\/uploads\/2024\/05\/salud-12-1024x664.jpg);\"><\/div><\/a><p class=\"date-text section-title\">14\/05\/2024<\/p><h5>Lexm@il \u2013 Promueven informaci\u00f3n sobre alimentos sin gluten<\/h5><a class=\"boton-arti read-more-btn\" href=\"https:\/\/blog.prcp.com.pe\/salud-y-productos-farmaceuticos\/lexmail-promueven-informacion-sobre-alimentos-sin-gluten\/\">Read more<\/a><\/div><div class=\"ultimas-noticias\"><a class=\"thumbnail-img\" href=\"https:\/\/blog.prcp.com.pe\/salud-y-productos-farmaceuticos\/brenda-sarrin-escribio-reglamento-de-la-ley-n-31014-nuevas-autorizaciones-y-lista-de-productos-permitidos-en-el-mercado-de-la-belleza\/\" target=\"_blank\"><div class=\"news-image-style\" style=\"background-image:url(https:\/\/blog.prcp.com.pe\/wp-content\/uploads\/2024\/04\/salud-11-1024x664.jpg);\"><\/div><\/a><p class=\"date-text section-title\">05\/04\/2024<\/p><h5>Brenda Sarr\u00edn escribi\u00f3: \u00abReglamento de la Ley N\u00b0 31014: Nuevas autorizaciones y lista de productos permitidos en el mercado de la belleza\u00bb<\/h5><a class=\"boton-arti read-more-btn\" href=\"https:\/\/blog.prcp.com.pe\/salud-y-productos-farmaceuticos\/brenda-sarrin-escribio-reglamento-de-la-ley-n-31014-nuevas-autorizaciones-y-lista-de-productos-permitidos-en-el-mercado-de-la-belleza\/\">Read more<\/a><\/div><div class=\"ultimas-noticias\"><a class=\"thumbnail-img\" href=\"https:\/\/blog.prcp.com.pe\/salud-y-productos-farmaceuticos\/lexmil-se-publica-proyecto-de-reglamento-de-la-ley-n-31633-ley-que-implementa-y-desarrolla-los-bancos-de-leche-humana\/\" target=\"_blank\"><div class=\"news-image-style\" style=\"background-image:url(https:\/\/blog.prcp.com.pe\/wp-content\/uploads\/2024\/04\/Asset-1.png);\"><\/div><\/a><p class=\"date-text section-title\">04\/04\/2024<\/p><h5>Lexm@il \u2013 Se publica Proyecto de Reglamento de la Ley N\u00b0 31633, Ley que implementa y desarrolla los bancos de leche humana<\/h5><a class=\"boton-arti read-more-btn\" href=\"https:\/\/blog.prcp.com.pe\/salud-y-productos-farmaceuticos\/lexmil-se-publica-proyecto-de-reglamento-de-la-ley-n-31633-ley-que-implementa-y-desarrolla-los-bancos-de-leche-humana\/\">Read more<\/a><\/div><div class=\"ultimas-noticias\"><a class=\"thumbnail-img\" href=\"https:\/\/blog.prcp.com.pe\/salud-y-productos-farmaceuticos\/accede-al-video-y-presentacion-del-webinar-el-abc-de-la-regulacion-de-dispositivos-medicos-en-peru\/\" target=\"_blank\"><div class=\"news-image-style\" style=\"background-image:url(https:\/\/blog.prcp.com.pe\/wp-content\/uploads\/2024\/03\/iStock-1189309997-1024x462.jpg);\"><\/div><\/a><p class=\"date-text section-title\">04\/04\/2024<\/p><h5>Accede al video y presentaci\u00f3n del webinar: El ABC de la regulaci\u00f3n de Dispositivos M\u00e9dicos en Per\u00fa<\/h5><a class=\"boton-arti read-more-btn\" href=\"https:\/\/blog.prcp.com.pe\/salud-y-productos-farmaceuticos\/accede-al-video-y-presentacion-del-webinar-el-abc-de-la-regulacion-de-dispositivos-medicos-en-peru\/\">Read more<\/a><\/div><a class=\"ver-todas btn category-btn\" href=\"https:\/\/blog.prcp.com.pe\/ultimas-publicaciones\/\">See all the news<\/a><\/div>[\/vc_column_text][\/vc_column][\/vc_row]<\/p>\n<\/div>","protected":false},"excerpt":{"rendered":"<p>[vc_row][vc_column][vc_row_inner][vc_column_inner width=&#8221;2\/3&#8243;][lab_heading title_tag=&#8221;H1&#8243; title=&#8221;Healthcare and Pharmaceuticals&#8221; el_class=&#8221;no-relleno&#8221;][\/lab_heading][vc_column_text] We provide advice to companies in the Health and Pharmaceutical sectors, including medical facilities, pharmaceutical laboratories, drugstores, distributors of pharmaceutical products, galenicals, cosmetics, and medical devices, as well as the main pharmacy chains in Peru. Our services cover administrative matters and procedures before the General Directorate of Medicines,&hellip;<\/p>\n","protected":false},"author":28,"featured_media":0,"parent":7263,"menu_order":0,"comment_status":"closed","ping_status":"closed","template":"page-servicio-template.php","meta":{"_acf_changed":false,"footnotes":""},"class_list":["post-59846","page","type-page","status-publish","hentry"],"acf":[],"yoast_head":"<!-- This site is optimized with the Yoast SEO plugin v27.0 - https:\/\/yoast.com\/product\/yoast-seo-wordpress\/ -->\n<title>Healthcare and Pharmaceuticals - Payet, Rey, Cauvi, P\u00e9rez<\/title>\n<meta name=\"robots\" content=\"index, follow, max-snippet:-1, max-image-preview:large, max-video-preview:-1\" \/>\n<link rel=\"canonical\" href=\"https:\/\/prcp.com.pe\/en\/services\/healthcare-and-pharmaceuticals\/\" \/>\n<meta property=\"og:locale\" content=\"en_US\" \/>\n<meta property=\"og:type\" content=\"article\" \/>\n<meta property=\"og:title\" content=\"Healthcare and Pharmaceuticals - Payet, Rey, Cauvi, P\u00e9rez\" \/>\n<meta property=\"og:description\" content=\"[vc_row][vc_column][vc_row_inner][vc_column_inner width=&#8221;2\/3&#8243;][lab_heading title_tag=&#8221;H1&#8243; title=&#8221;Healthcare and Pharmaceuticals&#8221; el_class=&#8221;no-relleno&#8221;][\/lab_heading][vc_column_text] We provide advice to companies in the Health and Pharmaceutical sectors, including medical facilities, pharmaceutical laboratories, drugstores, distributors of pharmaceutical products, galenicals, cosmetics, and medical devices, as well as the main pharmacy chains in Peru. Our services cover administrative matters and procedures before the General Directorate of Medicines,&hellip;\" \/>\n<meta property=\"og:url\" content=\"https:\/\/prcp.com.pe\/en\/services\/healthcare-and-pharmaceuticals\/\" \/>\n<meta property=\"og:site_name\" content=\"Payet, Rey, Cauvi, P\u00e9rez\" \/>\n<meta property=\"article:publisher\" content=\"https:\/\/www.facebook.com\/prcpabogados\/\" \/>\n<meta property=\"article:modified_time\" content=\"2025-08-22T17:24:25+00:00\" \/>\n<meta name=\"twitter:card\" content=\"summary_large_image\" \/>\n<meta name=\"twitter:label1\" content=\"Est. reading time\" \/>\n\t<meta name=\"twitter:data1\" content=\"2 minutes\" \/>\n<script type=\"application\/ld+json\" class=\"yoast-schema-graph\">{\"@context\":\"https:\/\/schema.org\",\"@graph\":[{\"@type\":\"WebPage\",\"@id\":\"https:\/\/prcp.com.pe\/en\/services\/healthcare-and-pharmaceuticals\/\",\"url\":\"https:\/\/prcp.com.pe\/en\/services\/healthcare-and-pharmaceuticals\/\",\"name\":\"Healthcare and Pharmaceuticals - Payet, Rey, Cauvi, P\u00e9rez\",\"isPartOf\":{\"@id\":\"https:\/\/prcp.com.pe\/en\/#website\"},\"datePublished\":\"2022-08-15T16:41:42+00:00\",\"dateModified\":\"2025-08-22T17:24:25+00:00\",\"breadcrumb\":{\"@id\":\"https:\/\/prcp.com.pe\/en\/services\/healthcare-and-pharmaceuticals\/#breadcrumb\"},\"inLanguage\":\"en-US\",\"potentialAction\":[{\"@type\":\"ReadAction\",\"target\":[\"https:\/\/prcp.com.pe\/en\/services\/healthcare-and-pharmaceuticals\/\"]}]},{\"@type\":\"BreadcrumbList\",\"@id\":\"https:\/\/prcp.com.pe\/en\/services\/healthcare-and-pharmaceuticals\/#breadcrumb\",\"itemListElement\":[{\"@type\":\"ListItem\",\"position\":1,\"name\":\"Portada\",\"item\":\"https:\/\/prcp.com.pe\/en\/\"},{\"@type\":\"ListItem\",\"position\":2,\"name\":\"Services\",\"item\":\"https:\/\/prcp.com.pe\/en\/services\/\"},{\"@type\":\"ListItem\",\"position\":3,\"name\":\"Healthcare and Pharmaceuticals\"}]},{\"@type\":\"WebSite\",\"@id\":\"https:\/\/prcp.com.pe\/en\/#website\",\"url\":\"https:\/\/prcp.com.pe\/en\/\",\"name\":\"Payet, Rey, Cauvi, P\u00e9rez\",\"description\":\"Payet, Rey, Cauvi, P\u00e9rez Abogados es uno de los estudios jur\u00eddicos l\u00edderes en el Per\u00fa, de reconocida experiencia y con una amplia trayectoria.\",\"publisher\":{\"@id\":\"https:\/\/prcp.com.pe\/en\/#organization\"},\"potentialAction\":[{\"@type\":\"SearchAction\",\"target\":{\"@type\":\"EntryPoint\",\"urlTemplate\":\"https:\/\/prcp.com.pe\/en\/?s={search_term_string}\"},\"query-input\":{\"@type\":\"PropertyValueSpecification\",\"valueRequired\":true,\"valueName\":\"search_term_string\"}}],\"inLanguage\":\"en-US\"},{\"@type\":\"Organization\",\"@id\":\"https:\/\/prcp.com.pe\/en\/#organization\",\"name\":\"Payet, Rey, Cauvi, P\u00e9rez Abogados\",\"url\":\"https:\/\/prcp.com.pe\/en\/\",\"logo\":{\"@type\":\"ImageObject\",\"inLanguage\":\"en-US\",\"@id\":\"https:\/\/prcp.com.pe\/en\/#\/schema\/logo\/image\/\",\"url\":\"https:\/\/prcp.com.pe\/wp-content\/uploads\/2018\/11\/logo-2.jpg\",\"contentUrl\":\"https:\/\/prcp.com.pe\/wp-content\/uploads\/2018\/11\/logo-2.jpg\",\"width\":459,\"height\":471,\"caption\":\"Payet, Rey, Cauvi, P\u00e9rez Abogados\"},\"image\":{\"@id\":\"https:\/\/prcp.com.pe\/en\/#\/schema\/logo\/image\/\"},\"sameAs\":[\"https:\/\/www.facebook.com\/prcpabogados\/\",\"https:\/\/www.linkedin.com\/company\/prc\/\",\"https:\/\/www.youtube.com\/channel\/UCbXFuuBk4-B26fdfYft3Oag\"]}]}<\/script>\n<!-- \/ Yoast SEO plugin. -->","yoast_head_json":{"title":"Healthcare and Pharmaceuticals - Payet, Rey, Cauvi, P\u00e9rez","robots":{"index":"index","follow":"follow","max-snippet":"max-snippet:-1","max-image-preview":"max-image-preview:large","max-video-preview":"max-video-preview:-1"},"canonical":"https:\/\/prcp.com.pe\/en\/services\/healthcare-and-pharmaceuticals\/","og_locale":"en_US","og_type":"article","og_title":"Healthcare and Pharmaceuticals - Payet, Rey, Cauvi, P\u00e9rez","og_description":"[vc_row][vc_column][vc_row_inner][vc_column_inner width=&#8221;2\/3&#8243;][lab_heading title_tag=&#8221;H1&#8243; title=&#8221;Healthcare and Pharmaceuticals&#8221; el_class=&#8221;no-relleno&#8221;][\/lab_heading][vc_column_text] We provide advice to companies in the Health and Pharmaceutical sectors, including medical facilities, pharmaceutical laboratories, drugstores, distributors of pharmaceutical products, galenicals, cosmetics, and medical devices, as well as the main pharmacy chains in Peru. Our services cover administrative matters and procedures before the General Directorate of Medicines,&hellip;","og_url":"https:\/\/prcp.com.pe\/en\/services\/healthcare-and-pharmaceuticals\/","og_site_name":"Payet, Rey, Cauvi, P\u00e9rez","article_publisher":"https:\/\/www.facebook.com\/prcpabogados\/","article_modified_time":"2025-08-22T17:24:25+00:00","twitter_card":"summary_large_image","twitter_misc":{"Est. reading time":"2 minutes"},"schema":{"@context":"https:\/\/schema.org","@graph":[{"@type":"WebPage","@id":"https:\/\/prcp.com.pe\/en\/services\/healthcare-and-pharmaceuticals\/","url":"https:\/\/prcp.com.pe\/en\/services\/healthcare-and-pharmaceuticals\/","name":"Healthcare and Pharmaceuticals - Payet, Rey, Cauvi, P\u00e9rez","isPartOf":{"@id":"https:\/\/prcp.com.pe\/en\/#website"},"datePublished":"2022-08-15T16:41:42+00:00","dateModified":"2025-08-22T17:24:25+00:00","breadcrumb":{"@id":"https:\/\/prcp.com.pe\/en\/services\/healthcare-and-pharmaceuticals\/#breadcrumb"},"inLanguage":"en-US","potentialAction":[{"@type":"ReadAction","target":["https:\/\/prcp.com.pe\/en\/services\/healthcare-and-pharmaceuticals\/"]}]},{"@type":"BreadcrumbList","@id":"https:\/\/prcp.com.pe\/en\/services\/healthcare-and-pharmaceuticals\/#breadcrumb","itemListElement":[{"@type":"ListItem","position":1,"name":"Portada","item":"https:\/\/prcp.com.pe\/en\/"},{"@type":"ListItem","position":2,"name":"Services","item":"https:\/\/prcp.com.pe\/en\/services\/"},{"@type":"ListItem","position":3,"name":"Healthcare and Pharmaceuticals"}]},{"@type":"WebSite","@id":"https:\/\/prcp.com.pe\/en\/#website","url":"https:\/\/prcp.com.pe\/en\/","name":"Payet, Rey, Cauvi, P\u00e9rez","description":"Payet, Rey, Cauvi, P\u00e9rez Abogados es uno de los estudios jur\u00eddicos l\u00edderes en el Per\u00fa, de reconocida experiencia y con una amplia trayectoria.","publisher":{"@id":"https:\/\/prcp.com.pe\/en\/#organization"},"potentialAction":[{"@type":"SearchAction","target":{"@type":"EntryPoint","urlTemplate":"https:\/\/prcp.com.pe\/en\/?s={search_term_string}"},"query-input":{"@type":"PropertyValueSpecification","valueRequired":true,"valueName":"search_term_string"}}],"inLanguage":"en-US"},{"@type":"Organization","@id":"https:\/\/prcp.com.pe\/en\/#organization","name":"Payet, Rey, Cauvi, P\u00e9rez Abogados","url":"https:\/\/prcp.com.pe\/en\/","logo":{"@type":"ImageObject","inLanguage":"en-US","@id":"https:\/\/prcp.com.pe\/en\/#\/schema\/logo\/image\/","url":"https:\/\/prcp.com.pe\/wp-content\/uploads\/2018\/11\/logo-2.jpg","contentUrl":"https:\/\/prcp.com.pe\/wp-content\/uploads\/2018\/11\/logo-2.jpg","width":459,"height":471,"caption":"Payet, Rey, Cauvi, P\u00e9rez Abogados"},"image":{"@id":"https:\/\/prcp.com.pe\/en\/#\/schema\/logo\/image\/"},"sameAs":["https:\/\/www.facebook.com\/prcpabogados\/","https:\/\/www.linkedin.com\/company\/prc\/","https:\/\/www.youtube.com\/channel\/UCbXFuuBk4-B26fdfYft3Oag"]}]}},"_links":{"self":[{"href":"https:\/\/prcp.com.pe\/en\/wp-json\/wp\/v2\/pages\/59846","targetHints":{"allow":["GET"]}}],"collection":[{"href":"https:\/\/prcp.com.pe\/en\/wp-json\/wp\/v2\/pages"}],"about":[{"href":"https:\/\/prcp.com.pe\/en\/wp-json\/wp\/v2\/types\/page"}],"author":[{"embeddable":true,"href":"https:\/\/prcp.com.pe\/en\/wp-json\/wp\/v2\/users\/28"}],"replies":[{"embeddable":true,"href":"https:\/\/prcp.com.pe\/en\/wp-json\/wp\/v2\/comments?post=59846"}],"version-history":[{"count":7,"href":"https:\/\/prcp.com.pe\/en\/wp-json\/wp\/v2\/pages\/59846\/revisions"}],"predecessor-version":[{"id":77652,"href":"https:\/\/prcp.com.pe\/en\/wp-json\/wp\/v2\/pages\/59846\/revisions\/77652"}],"up":[{"embeddable":true,"href":"https:\/\/prcp.com.pe\/en\/wp-json\/wp\/v2\/pages\/7263"}],"wp:attachment":[{"href":"https:\/\/prcp.com.pe\/en\/wp-json\/wp\/v2\/media?parent=59846"}],"curies":[{"name":"wp","href":"https:\/\/api.w.org\/{rel}","templated":true}]}}