{"id":58563,"date":"2022-07-05T17:14:39","date_gmt":"2022-07-05T22:14:39","guid":{"rendered":"https:\/\/prcp.com.pe\/?page_id=58563"},"modified":"2025-08-26T16:38:30","modified_gmt":"2025-08-26T21:38:30","slug":"financing","status":"publish","type":"page","link":"https:\/\/prcp.com.pe\/en\/services\/financing\/","title":{"rendered":"Financing"},"content":{"rendered":"<div class=\"wpb-content-wrapper\"><p>[vc_row][vc_column][vc_row_inner][vc_column_inner width=&#8221;2\/3&#8243;][lab_heading title_tag=&#8221;H1&#8243; title=&#8221;Financing&#8221; el_class=&#8221;no-relleno&#8221;][\/lab_heading][vc_column_text]<\/p>\n<p style=\"text-align: justify;\">Our finance attorneys have extensive experience in advising clients, both lenders and borrowers, on domestic and cross-border transactions, covering the full scope of debt products, including corporate lending transactions (secured and unsecured), financial leasing agreements, revolving credit facilities, bridge loans, acquisition finance and project finance, among others.\u00a0 Our vast experience in the structuring and implementation of complex financing structures, allows us to apply a business-oriented approach to our services, considering the needs of our clients, as borrowers or lenders.<\/p>\n<p style=\"text-align: justify;\">We regularly advise leading local and international financial institutions (including development banks and multilateral organizations), private equity sponsors and private credit providers, as well as corporate borrowers and other lending market participants.<\/p>\n<p style=\"text-align: justify;\">Our experience covers all relevant economic activities in Peru, including energy and mining, industrial, fishing, agribusiness, real estate, retail, and financial services, among others, allowing us to regularly counsel in local and cross-border financing transactions across a broad array of industries.<\/p>\n<p>[\/vc_column_text][\/vc_column_inner][vc_column_inner width=&#8221;1\/3&#8243;][vc_column_text css=&#8221;&#8221;]<img loading=\"lazy\" decoding=\"async\" class=\"alignnone wp-image-77736 size-medium aligncenter\" src=\"https:\/\/prcp.com.pe\/wp-content\/uploads\/2025\/08\/Recurso-5-199x300.png\" alt=\"\" width=\"199\" height=\"300\" srcset=\"https:\/\/prcp.com.pe\/wp-content\/uploads\/2025\/08\/Recurso-5-199x300.png 199w, https:\/\/prcp.com.pe\/wp-content\/uploads\/2025\/08\/Recurso-5-678x1024.png 678w, https:\/\/prcp.com.pe\/wp-content\/uploads\/2025\/08\/Recurso-5-768x1160.png 768w, https:\/\/prcp.com.pe\/wp-content\/uploads\/2025\/08\/Recurso-5-1017x1536.png 1017w, https:\/\/prcp.com.pe\/wp-content\/uploads\/2025\/08\/Recurso-5-1116x1686.png 1116w, https:\/\/prcp.com.pe\/wp-content\/uploads\/2025\/08\/Recurso-5-806x1218.png 806w, https:\/\/prcp.com.pe\/wp-content\/uploads\/2025\/08\/Recurso-5-558x843.png 558w, https:\/\/prcp.com.pe\/wp-content\/uploads\/2025\/08\/Recurso-5-655x990.png 655w, https:\/\/prcp.com.pe\/wp-content\/uploads\/2025\/08\/Recurso-5.png 1120w\" sizes=\"auto, (max-width: 199px) 100vw, 199px\" \/>[\/vc_column_text][vc_column_text css=&#8221;&#8221; el_class=&#8221;quote&#8221;]<\/p>\n<blockquote><p><em>&#8220;A strategic partner that provides innovative solutions aligned with our core business. The team knows our strengths and takes a proactive approach.\u201d\u00a0<\/em><br \/>\n<!-- notionvc: e5514459-9933-4a57-bfa8-e1e4abe0da51 --><\/p><\/blockquote>\n<p style=\"text-align: right;\"><strong>Chambers Latin America 2026<\/strong><\/p>\n<p>[\/vc_column_text][\/vc_column_inner][\/vc_row_inner][vc_row_inner][vc_column_inner][lab_heading title_tag=&#8221;H3&#8243; title=&#8221;Contactos&#8221;][\/lab_heading][\/vc_column_inner][\/vc_row_inner][vc_row_inner el_class=&#8221;contactos&#8221;][vc_column_inner width=&#8221;1\/6&#8243;][vc_single_image image=&#8221;36174&#8243; img_size=&#8221;full&#8221; onclick=&#8221;custom_link&#8221; css=&#8221;.vc_custom_1610663482373{margin-bottom: 10px !important;padding-bottom: 0px !important;}&#8221; link=&#8221;http:%2F%2Fprcp.com.pe%2Fsocios%2Fcuneo-jose%2F|&#8221;][vc_custom_heading text=&#8221;Jos\u00e9 C\u00faneo&#8221; font_container=&#8221;tag:h3|font_size:13px|text_align:center&#8221; use_theme_fonts=&#8221;yes&#8221; link=&#8221;url:https%3A%2F%2Fprcp.com.pe%2Fen%2Fpartners%2Fcuneo-jose%2F|&#8221;][\/vc_column_inner][vc_column_inner width=&#8221;1\/6&#8243;][vc_single_image image=&#8221;5916&#8243; img_size=&#8221;full&#8221; onclick=&#8221;custom_link&#8221; css=&#8221;.vc_custom_1543449112479{margin-bottom: 10px !important;padding-bottom: 0px !important;}&#8221; link=&#8221;http:%2F%2Fprcp.com.pe%2Fsocios%2Fcastillo-susan%2F|&#8221;][vc_custom_heading text=&#8221;Susan Castillo&#8221; font_container=&#8221;tag:h3|font_size:13px|text_align:center&#8221; use_theme_fonts=&#8221;yes&#8221; link=&#8221;url:https%3A%2F%2Fprcp.com.pe%2Fen%2Fpartners%2Fcastillo-susan%2F|&#8221;][\/vc_column_inner][vc_column_inner width=&#8221;1\/6&#8243;][vc_single_image image=&#8221;5912&#8243; img_size=&#8221;full&#8221; onclick=&#8221;custom_link&#8221; css=&#8221;.vc_custom_1543449215551{margin-bottom: 10px !important;padding-bottom: 0px !important;}&#8221; link=&#8221;http:%2F%2Fprcp.com.pe%2Fsocios%2Feguez-juan-antonio%2F|&#8221;][vc_custom_heading text=&#8221;Juan Antonio Eg\u00fcez&#8221; font_container=&#8221;tag:h3|font_size:13px|text_align:center&#8221; use_theme_fonts=&#8221;yes&#8221; link=&#8221;url:https%3A%2F%2Fprcp.com.pe%2Fen%2Fpartners%2Feguez-juan-antonio%2F|&#8221;][\/vc_column_inner][vc_column_inner width=&#8221;1\/6&#8243;][vc_single_image image=&#8221;6005&#8243; img_size=&#8221;full&#8221; onclick=&#8221;custom_link&#8221; img_link_target=&#8221;_blank&#8221; css=&#8221;.vc_custom_1610664018628{margin-bottom: 10px !important;padding-bottom: 0px !important;}&#8221; link=&#8221;https:%2F%2Fprcp.com.pe%2Fsocios%2Fgarcia-giovanna%2F|&#8221;][vc_custom_heading text=&#8221;Giovanna Garc\u00eda&#8221; font_container=&#8221;tag:h3|font_size:13px|text_align:center&#8221; use_theme_fonts=&#8221;yes&#8221; link=&#8221;url:https%3A%2F%2Fprcp.com.pe%2Fen%2Fpartners%2Fgarcia-giovanna%2F|target:%20_blank|&#8221;][\/vc_column_inner][\/vc_row_inner][\/vc_column][\/vc_row][vc_column_inner width=&#8221;1\/6&#8243;][\/vc_column_inner][vc_row css=&#8221;.vc_custom_1541551259246{margin-top: 40px !important;}&#8221;][vc_column][vc_column_text]<div class=\"section-title\"><h3>Latest news<\/h3><\/div><div id=\"boxes\"><div class=\"ultimas-noticias\"><a class=\"thumbnail-img\" href=\"https:\/\/blog.prcp.com.pe\/operaciones-financieras\/mario-lercari-escribio-para-infomercado-instrumentos-de-cobertura-en-mercados-alcistas-de-commodities-disciplina-financiera-ante-la-volatilidad\/\" target=\"_blank\"><div class=\"news-image-style\" style=\"background-image:url(https:\/\/blog.prcp.com.pe\/wp-content\/uploads\/2026\/03\/optimiex-1024x486.jpg);\"><\/div><\/a><p class=\"date-text section-title\">16\/03\/2026<\/p><h5>Mario Lercari escribi\u00f3 para Infomercado: \u00abInstrumentos de cobertura en mercados alcistas de commodities: Disciplina financiera ante la volatilidad\u00bb<\/h5><a class=\"boton-arti read-more-btn\" href=\"https:\/\/blog.prcp.com.pe\/operaciones-financieras\/mario-lercari-escribio-para-infomercado-instrumentos-de-cobertura-en-mercados-alcistas-de-commodities-disciplina-financiera-ante-la-volatilidad\/\">Read more<\/a><\/div><div class=\"ultimas-noticias\"><a class=\"thumbnail-img\" href=\"https:\/\/blog.prcp.com.pe\/corporativo-fusiones-y-adquisiciones\/susan-castillo-para-gestion-grupos-peruanos-van-de-compras-al-exterior-sectores-clave-tickets-y-destinos-en-la-mira\/\" target=\"_blank\"><div class=\"news-image-style\" style=\"background-image:url(https:\/\/blog.prcp.com.pe\/wp-content\/uploads\/2025\/12\/iStock-980808080_low.jpg);\"><\/div><\/a><p class=\"date-text section-title\">11\/12\/2025<\/p><h5>Susan Castillo para Gestion: \u00abGrupos peruanos van de compras al exterior: sectores clave, tickets y destinos en la mira\u00bb<\/h5><a class=\"boton-arti read-more-btn\" href=\"https:\/\/blog.prcp.com.pe\/corporativo-fusiones-y-adquisiciones\/susan-castillo-para-gestion-grupos-peruanos-van-de-compras-al-exterior-sectores-clave-tickets-y-destinos-en-la-mira\/\">Read more<\/a><\/div><div class=\"ultimas-noticias\"><a class=\"thumbnail-img\" href=\"https:\/\/blog.prcp.com.pe\/corporativo-fusiones-y-adquisiciones\/mario-lercari-para-lexlatin-ley-de-garantia-mobiliaria-por-que-el-modelo-de-control-del-ucc-no-funciona-en-el-mercado-financiero-peruano\/\" target=\"_blank\"><div class=\"news-image-style\" style=\"background-image:url(https:\/\/blog.prcp.com.pe\/wp-content\/uploads\/2025\/12\/iStock-1404812626-1024x683.jpg);\"><\/div><\/a><p class=\"date-text section-title\">11\/12\/2025<\/p><h5>Mario Lercari para LexLatin: \u00abLey de Garant\u00eda Mobiliaria: \u00bfPor qu\u00e9 el modelo de control del UCC no funciona en el mercado financiero peruano?\u00bb<\/h5><a class=\"boton-arti read-more-btn\" href=\"https:\/\/blog.prcp.com.pe\/corporativo-fusiones-y-adquisiciones\/mario-lercari-para-lexlatin-ley-de-garantia-mobiliaria-por-que-el-modelo-de-control-del-ucc-no-funciona-en-el-mercado-financiero-peruano\/\">Read more<\/a><\/div><div class=\"ultimas-noticias\"><a class=\"thumbnail-img\" href=\"https:\/\/blog.prcp.com.pe\/corporativo-fusiones-y-adquisiciones\/mario-lercari-para-lexlatin-por-que-importa-la-tasa-de-referencia\/\" target=\"_blank\"><div class=\"news-image-style\" style=\"background-image:url(https:\/\/blog.prcp.com.pe\/wp-content\/uploads\/2025\/08\/CORTE-DE-FOTO-PARA-MINIATURA-Recuperado-4-1024x664.jpg);\"><\/div><\/a><p class=\"date-text section-title\">10\/09\/2025<\/p><h5>Mario Lercari para LexLatin: \u00ab\u00bfPor qu\u00e9 importa la tasa de referencia? Claves de la Fed, el BCRP y su efecto en el financiamiento empresarial\u00bb<\/h5><a class=\"boton-arti read-more-btn\" href=\"https:\/\/blog.prcp.com.pe\/corporativo-fusiones-y-adquisiciones\/mario-lercari-para-lexlatin-por-que-importa-la-tasa-de-referencia\/\">Read more<\/a><\/div><div class=\"ultimas-noticias\"><a class=\"thumbnail-img\" href=\"https:\/\/blog.prcp.com.pe\/corporativo-fusiones-y-adquisiciones\/eduardo-vega-y-rocio-gordillo-escribieron-un-articulo-para-procapitales-estrategia-para-fortalecer-el-mercado-de-deuda-publica-cambios-normativos-aplicables-a-bonos-soberanos-y-letras-del-tesoro\/\" target=\"_blank\"><div class=\"news-image-style\" style=\"background-image:url(https:\/\/blog.prcp.com.pe\/wp-content\/uploads\/2025\/06\/ARTICULO-23.06-BLOG-DESTACADA-1024x664.jpg);\"><\/div><\/a><p class=\"date-text section-title\">23\/06\/2025<\/p><h5>Eduardo Vega y Roc\u00edo Gordillo escribieron un art\u00edculo para Capitales: \u00abEstrategia para fortalecer el mercado de deuda p\u00fablica: Cambios normativos aplicables a bonos soberanos y letras del Tesoro\u00bb<\/h5><a class=\"boton-arti read-more-btn\" href=\"https:\/\/blog.prcp.com.pe\/corporativo-fusiones-y-adquisiciones\/eduardo-vega-y-rocio-gordillo-escribieron-un-articulo-para-procapitales-estrategia-para-fortalecer-el-mercado-de-deuda-publica-cambios-normativos-aplicables-a-bonos-soberanos-y-letras-del-tesoro\/\">Read more<\/a><\/div><div class=\"ultimas-noticias\"><a class=\"thumbnail-img\" href=\"https:\/\/blog.prcp.com.pe\/corporativo-fusiones-y-adquisiciones\/mario-lercari-para-lexlatin-los-impactos-al-mercado-peruano-en-ma-y-financiamiento-ante-la-guerra-comercial-de-estados-unidos\/\" target=\"_blank\"><div class=\"news-image-style\" style=\"background-image:url(https:\/\/blog.prcp.com.pe\/wp-content\/uploads\/2025\/05\/CORTE-DE-FOTO-PARA-MINIATURA-15-1024x664.jpg);\"><\/div><\/a><p class=\"date-text section-title\">22\/05\/2025<\/p><h5>Mario Lercari para LexLatin: \u00abLos impactos al mercado peruano en M&#038;A y financiamiento ante la guerra comercial de Estados Unidos\u00bb<\/h5><a class=\"boton-arti read-more-btn\" href=\"https:\/\/blog.prcp.com.pe\/corporativo-fusiones-y-adquisiciones\/mario-lercari-para-lexlatin-los-impactos-al-mercado-peruano-en-ma-y-financiamiento-ante-la-guerra-comercial-de-estados-unidos\/\">Read more<\/a><\/div><a class=\"ver-todas btn category-btn\" href=\"https:\/\/blog.prcp.com.pe\/ultimas-publicaciones\/\">See all the news<\/a><\/div>[\/vc_column_text][\/vc_column][\/vc_row]<\/p>\n<\/div>","protected":false},"excerpt":{"rendered":"<p>[vc_row][vc_column][vc_row_inner][vc_column_inner width=&#8221;2\/3&#8243;][lab_heading title_tag=&#8221;H1&#8243; title=&#8221;Financing&#8221; el_class=&#8221;no-relleno&#8221;][\/lab_heading][vc_column_text] Our finance attorneys have extensive experience in advising clients, both lenders and borrowers, on domestic and cross-border transactions, covering the full scope of debt products, including corporate lending transactions (secured and unsecured), financial leasing agreements, revolving credit facilities, bridge loans, acquisition finance and project finance, among others.\u00a0 Our vast experience&hellip;<\/p>\n","protected":false},"author":28,"featured_media":76444,"parent":7263,"menu_order":0,"comment_status":"closed","ping_status":"closed","template":"page-servicio-template.php","meta":{"_acf_changed":false,"footnotes":""},"class_list":["post-58563","page","type-page","status-publish","has-post-thumbnail","hentry"],"acf":[],"yoast_head":"<!-- This site is optimized with the Yoast SEO plugin v27.0 - https:\/\/yoast.com\/product\/yoast-seo-wordpress\/ -->\n<title>Financing - Payet, Rey, Cauvi, P\u00e9rez<\/title>\n<meta name=\"robots\" content=\"index, follow, max-snippet:-1, max-image-preview:large, max-video-preview:-1\" \/>\n<link rel=\"canonical\" href=\"https:\/\/prcp.com.pe\/en\/services\/financing\/\" \/>\n<meta property=\"og:locale\" content=\"en_US\" \/>\n<meta property=\"og:type\" content=\"article\" \/>\n<meta property=\"og:title\" content=\"Financing - Payet, Rey, Cauvi, P\u00e9rez\" \/>\n<meta property=\"og:description\" content=\"[vc_row][vc_column][vc_row_inner][vc_column_inner width=&#8221;2\/3&#8243;][lab_heading title_tag=&#8221;H1&#8243; title=&#8221;Financing&#8221; el_class=&#8221;no-relleno&#8221;][\/lab_heading][vc_column_text] Our finance attorneys have extensive experience in advising clients, both lenders and borrowers, on domestic and cross-border transactions, covering the full scope of debt products, including corporate lending transactions (secured and unsecured), financial leasing agreements, revolving credit facilities, bridge loans, acquisition finance and project finance, among others.\u00a0 Our vast experience&hellip;\" \/>\n<meta property=\"og:url\" content=\"https:\/\/prcp.com.pe\/en\/services\/financing\/\" \/>\n<meta property=\"og:site_name\" content=\"Payet, Rey, Cauvi, P\u00e9rez\" \/>\n<meta property=\"article:publisher\" content=\"https:\/\/www.facebook.com\/prcpabogados\/\" \/>\n<meta property=\"article:modified_time\" content=\"2025-08-26T21:38:30+00:00\" \/>\n<meta property=\"og:image\" content=\"https:\/\/prcp.com.pe\/wp-content\/uploads\/2024\/10\/OPERACIONES-FINANCIERAS.jpg\" \/>\n\t<meta property=\"og:image:width\" content=\"1080\" \/>\n\t<meta property=\"og:image:height\" content=\"720\" \/>\n\t<meta property=\"og:image:type\" content=\"image\/jpeg\" \/>\n<meta name=\"twitter:card\" content=\"summary_large_image\" \/>\n<meta name=\"twitter:label1\" content=\"Est. reading time\" \/>\n\t<meta name=\"twitter:data1\" content=\"2 minutes\" \/>\n<script type=\"application\/ld+json\" class=\"yoast-schema-graph\">{\"@context\":\"https:\/\/schema.org\",\"@graph\":[{\"@type\":\"WebPage\",\"@id\":\"https:\/\/prcp.com.pe\/en\/services\/financing\/\",\"url\":\"https:\/\/prcp.com.pe\/en\/services\/financing\/\",\"name\":\"Financing - Payet, Rey, Cauvi, P\u00e9rez\",\"isPartOf\":{\"@id\":\"https:\/\/prcp.com.pe\/en\/#website\"},\"primaryImageOfPage\":{\"@id\":\"https:\/\/prcp.com.pe\/en\/services\/financing\/#primaryimage\"},\"image\":{\"@id\":\"https:\/\/prcp.com.pe\/en\/services\/financing\/#primaryimage\"},\"thumbnailUrl\":\"https:\/\/prcp.com.pe\/wp-content\/uploads\/2024\/10\/OPERACIONES-FINANCIERAS.jpg\",\"datePublished\":\"2022-07-05T22:14:39+00:00\",\"dateModified\":\"2025-08-26T21:38:30+00:00\",\"breadcrumb\":{\"@id\":\"https:\/\/prcp.com.pe\/en\/services\/financing\/#breadcrumb\"},\"inLanguage\":\"en-US\",\"potentialAction\":[{\"@type\":\"ReadAction\",\"target\":[\"https:\/\/prcp.com.pe\/en\/services\/financing\/\"]}]},{\"@type\":\"ImageObject\",\"inLanguage\":\"en-US\",\"@id\":\"https:\/\/prcp.com.pe\/en\/services\/financing\/#primaryimage\",\"url\":\"https:\/\/prcp.com.pe\/wp-content\/uploads\/2024\/10\/OPERACIONES-FINANCIERAS.jpg\",\"contentUrl\":\"https:\/\/prcp.com.pe\/wp-content\/uploads\/2024\/10\/OPERACIONES-FINANCIERAS.jpg\",\"width\":1080,\"height\":720},{\"@type\":\"BreadcrumbList\",\"@id\":\"https:\/\/prcp.com.pe\/en\/services\/financing\/#breadcrumb\",\"itemListElement\":[{\"@type\":\"ListItem\",\"position\":1,\"name\":\"Portada\",\"item\":\"https:\/\/prcp.com.pe\/en\/\"},{\"@type\":\"ListItem\",\"position\":2,\"name\":\"Services\",\"item\":\"https:\/\/prcp.com.pe\/en\/services\/\"},{\"@type\":\"ListItem\",\"position\":3,\"name\":\"Financing\"}]},{\"@type\":\"WebSite\",\"@id\":\"https:\/\/prcp.com.pe\/en\/#website\",\"url\":\"https:\/\/prcp.com.pe\/en\/\",\"name\":\"Payet, Rey, Cauvi, P\u00e9rez\",\"description\":\"Payet, Rey, Cauvi, P\u00e9rez Abogados es uno de los estudios jur\u00eddicos l\u00edderes en el Per\u00fa, de reconocida experiencia y con una amplia trayectoria.\",\"publisher\":{\"@id\":\"https:\/\/prcp.com.pe\/en\/#organization\"},\"potentialAction\":[{\"@type\":\"SearchAction\",\"target\":{\"@type\":\"EntryPoint\",\"urlTemplate\":\"https:\/\/prcp.com.pe\/en\/?s={search_term_string}\"},\"query-input\":{\"@type\":\"PropertyValueSpecification\",\"valueRequired\":true,\"valueName\":\"search_term_string\"}}],\"inLanguage\":\"en-US\"},{\"@type\":\"Organization\",\"@id\":\"https:\/\/prcp.com.pe\/en\/#organization\",\"name\":\"Payet, Rey, Cauvi, P\u00e9rez Abogados\",\"url\":\"https:\/\/prcp.com.pe\/en\/\",\"logo\":{\"@type\":\"ImageObject\",\"inLanguage\":\"en-US\",\"@id\":\"https:\/\/prcp.com.pe\/en\/#\/schema\/logo\/image\/\",\"url\":\"https:\/\/prcp.com.pe\/wp-content\/uploads\/2018\/11\/logo-2.jpg\",\"contentUrl\":\"https:\/\/prcp.com.pe\/wp-content\/uploads\/2018\/11\/logo-2.jpg\",\"width\":459,\"height\":471,\"caption\":\"Payet, Rey, Cauvi, P\u00e9rez Abogados\"},\"image\":{\"@id\":\"https:\/\/prcp.com.pe\/en\/#\/schema\/logo\/image\/\"},\"sameAs\":[\"https:\/\/www.facebook.com\/prcpabogados\/\",\"https:\/\/www.linkedin.com\/company\/prc\/\",\"https:\/\/www.youtube.com\/channel\/UCbXFuuBk4-B26fdfYft3Oag\"]}]}<\/script>\n<!-- \/ Yoast SEO plugin. -->","yoast_head_json":{"title":"Financing - Payet, Rey, Cauvi, P\u00e9rez","robots":{"index":"index","follow":"follow","max-snippet":"max-snippet:-1","max-image-preview":"max-image-preview:large","max-video-preview":"max-video-preview:-1"},"canonical":"https:\/\/prcp.com.pe\/en\/services\/financing\/","og_locale":"en_US","og_type":"article","og_title":"Financing - Payet, Rey, Cauvi, P\u00e9rez","og_description":"[vc_row][vc_column][vc_row_inner][vc_column_inner width=&#8221;2\/3&#8243;][lab_heading title_tag=&#8221;H1&#8243; title=&#8221;Financing&#8221; el_class=&#8221;no-relleno&#8221;][\/lab_heading][vc_column_text] Our finance attorneys have extensive experience in advising clients, both lenders and borrowers, on domestic and cross-border transactions, covering the full scope of debt products, including corporate lending transactions (secured and unsecured), financial leasing agreements, revolving credit facilities, bridge loans, acquisition finance and project finance, among others.\u00a0 Our vast experience&hellip;","og_url":"https:\/\/prcp.com.pe\/en\/services\/financing\/","og_site_name":"Payet, Rey, Cauvi, P\u00e9rez","article_publisher":"https:\/\/www.facebook.com\/prcpabogados\/","article_modified_time":"2025-08-26T21:38:30+00:00","og_image":[{"width":1080,"height":720,"url":"https:\/\/prcp.com.pe\/wp-content\/uploads\/2024\/10\/OPERACIONES-FINANCIERAS.jpg","type":"image\/jpeg"}],"twitter_card":"summary_large_image","twitter_misc":{"Est. reading time":"2 minutes"},"schema":{"@context":"https:\/\/schema.org","@graph":[{"@type":"WebPage","@id":"https:\/\/prcp.com.pe\/en\/services\/financing\/","url":"https:\/\/prcp.com.pe\/en\/services\/financing\/","name":"Financing - Payet, Rey, Cauvi, P\u00e9rez","isPartOf":{"@id":"https:\/\/prcp.com.pe\/en\/#website"},"primaryImageOfPage":{"@id":"https:\/\/prcp.com.pe\/en\/services\/financing\/#primaryimage"},"image":{"@id":"https:\/\/prcp.com.pe\/en\/services\/financing\/#primaryimage"},"thumbnailUrl":"https:\/\/prcp.com.pe\/wp-content\/uploads\/2024\/10\/OPERACIONES-FINANCIERAS.jpg","datePublished":"2022-07-05T22:14:39+00:00","dateModified":"2025-08-26T21:38:30+00:00","breadcrumb":{"@id":"https:\/\/prcp.com.pe\/en\/services\/financing\/#breadcrumb"},"inLanguage":"en-US","potentialAction":[{"@type":"ReadAction","target":["https:\/\/prcp.com.pe\/en\/services\/financing\/"]}]},{"@type":"ImageObject","inLanguage":"en-US","@id":"https:\/\/prcp.com.pe\/en\/services\/financing\/#primaryimage","url":"https:\/\/prcp.com.pe\/wp-content\/uploads\/2024\/10\/OPERACIONES-FINANCIERAS.jpg","contentUrl":"https:\/\/prcp.com.pe\/wp-content\/uploads\/2024\/10\/OPERACIONES-FINANCIERAS.jpg","width":1080,"height":720},{"@type":"BreadcrumbList","@id":"https:\/\/prcp.com.pe\/en\/services\/financing\/#breadcrumb","itemListElement":[{"@type":"ListItem","position":1,"name":"Portada","item":"https:\/\/prcp.com.pe\/en\/"},{"@type":"ListItem","position":2,"name":"Services","item":"https:\/\/prcp.com.pe\/en\/services\/"},{"@type":"ListItem","position":3,"name":"Financing"}]},{"@type":"WebSite","@id":"https:\/\/prcp.com.pe\/en\/#website","url":"https:\/\/prcp.com.pe\/en\/","name":"Payet, Rey, Cauvi, P\u00e9rez","description":"Payet, Rey, Cauvi, P\u00e9rez Abogados es uno de los estudios jur\u00eddicos l\u00edderes en el Per\u00fa, de reconocida experiencia y con una amplia trayectoria.","publisher":{"@id":"https:\/\/prcp.com.pe\/en\/#organization"},"potentialAction":[{"@type":"SearchAction","target":{"@type":"EntryPoint","urlTemplate":"https:\/\/prcp.com.pe\/en\/?s={search_term_string}"},"query-input":{"@type":"PropertyValueSpecification","valueRequired":true,"valueName":"search_term_string"}}],"inLanguage":"en-US"},{"@type":"Organization","@id":"https:\/\/prcp.com.pe\/en\/#organization","name":"Payet, Rey, Cauvi, P\u00e9rez Abogados","url":"https:\/\/prcp.com.pe\/en\/","logo":{"@type":"ImageObject","inLanguage":"en-US","@id":"https:\/\/prcp.com.pe\/en\/#\/schema\/logo\/image\/","url":"https:\/\/prcp.com.pe\/wp-content\/uploads\/2018\/11\/logo-2.jpg","contentUrl":"https:\/\/prcp.com.pe\/wp-content\/uploads\/2018\/11\/logo-2.jpg","width":459,"height":471,"caption":"Payet, Rey, Cauvi, P\u00e9rez Abogados"},"image":{"@id":"https:\/\/prcp.com.pe\/en\/#\/schema\/logo\/image\/"},"sameAs":["https:\/\/www.facebook.com\/prcpabogados\/","https:\/\/www.linkedin.com\/company\/prc\/","https:\/\/www.youtube.com\/channel\/UCbXFuuBk4-B26fdfYft3Oag"]}]}},"_links":{"self":[{"href":"https:\/\/prcp.com.pe\/en\/wp-json\/wp\/v2\/pages\/58563","targetHints":{"allow":["GET"]}}],"collection":[{"href":"https:\/\/prcp.com.pe\/en\/wp-json\/wp\/v2\/pages"}],"about":[{"href":"https:\/\/prcp.com.pe\/en\/wp-json\/wp\/v2\/types\/page"}],"author":[{"embeddable":true,"href":"https:\/\/prcp.com.pe\/en\/wp-json\/wp\/v2\/users\/28"}],"replies":[{"embeddable":true,"href":"https:\/\/prcp.com.pe\/en\/wp-json\/wp\/v2\/comments?post=58563"}],"version-history":[{"count":12,"href":"https:\/\/prcp.com.pe\/en\/wp-json\/wp\/v2\/pages\/58563\/revisions"}],"predecessor-version":[{"id":77740,"href":"https:\/\/prcp.com.pe\/en\/wp-json\/wp\/v2\/pages\/58563\/revisions\/77740"}],"up":[{"embeddable":true,"href":"https:\/\/prcp.com.pe\/en\/wp-json\/wp\/v2\/pages\/7263"}],"wp:featuredmedia":[{"embeddable":true,"href":"https:\/\/prcp.com.pe\/en\/wp-json\/wp\/v2\/media\/76444"}],"wp:attachment":[{"href":"https:\/\/prcp.com.pe\/en\/wp-json\/wp\/v2\/media?parent=58563"}],"curies":[{"name":"wp","href":"https:\/\/api.w.org\/{rel}","templated":true}]}}