{"id":58342,"date":"2022-07-05T17:24:41","date_gmt":"2022-07-05T22:24:41","guid":{"rendered":"https:\/\/prcp.com.pe\/?page_id=58342"},"modified":"2025-08-26T16:53:24","modified_gmt":"2025-08-26T21:53:24","slug":"capital-markets-securitizations-and-investment-funds","status":"publish","type":"page","link":"https:\/\/prcp.com.pe\/en\/services\/capital-markets-securitizations-and-investment-funds\/","title":{"rendered":"Capital Markets, Securitizations and Investment Funds"},"content":{"rendered":"<div class=\"wpb-content-wrapper\"><p>[vc_row][vc_column][vc_row_inner][vc_column_inner width=&#8221;2\/3&#8243;][lab_heading title_tag=&#8221;H1&#8243; title=&#8221;Capital Markets, Securitizations and Investment Funds&#8221; el_class=&#8221;no-relleno&#8221;][\/lab_heading][vc_column_text]<\/p>\n<p style=\"text-align: justify;\">We regularly advise structuring entities, placement agents, investment banks and issuers in the structuring of securities issuance programs \u2013 both public and private offerings &#8211; and in placement processes carried out in both local and international markets.<\/p>\n<p style=\"text-align: justify;\">Our services include advising securitization companies and other participants in creating securitization trusts and in issuing securities with credit or equity content backed by said securities. In addition, we advise investment fund management companies and external managers in structuring investment funds for public and private offerings.<\/p>\n<p style=\"text-align: justify;\">We also provide advice on creating real estate investment vehicles, such as FIRBI and FIBRA. Likewise, we advise the main institutional investors \u2013 mainly private pension funds and insurance companies \u2013 on the eligibility processes that allows them to invest in said investment vehicles, as well as in alternative instruments abroad.<\/p>\n<p style=\"text-align: justify;\">Our transactional experience is complemented by our extensive knowledge of the regulatory framework of Capital Markets, which includes our participation in all types of local and international public offerings, such as the primary public offerings of securities, public acquisition offers, public sales offers, exchange offers, and public purchase offers.<\/p>\n<p style=\"text-align: justify;\">For regulatory matters, we permanently advise the main participants in the securities market (mutual fund administrators, investment fund administrators, securitization companies, AFPs, insurance companies and securities issuers) in sanctioning procedures and consultations related to the various regulatory aspects critical to the functioning of the market.<\/p>\n<p>[\/vc_column_text][\/vc_column_inner][vc_column_inner width=&#8221;1\/3&#8243; css=&#8221;.vc_custom_1577380771585{margin-top: 0px !important;}&#8221;][vc_column_text css=&#8221;&#8221;]<img loading=\"lazy\" decoding=\"async\" class=\"wp-image-77757 size-medium aligncenter\" src=\"https:\/\/prcp.com.pe\/wp-content\/uploads\/2025\/08\/Recurso-8-119x300.png\" alt=\"\" width=\"119\" height=\"300\" srcset=\"https:\/\/prcp.com.pe\/wp-content\/uploads\/2025\/08\/Recurso-8-119x300.png 119w, https:\/\/prcp.com.pe\/wp-content\/uploads\/2025\/08\/Recurso-8-405x1024.png 405w, https:\/\/prcp.com.pe\/wp-content\/uploads\/2025\/08\/Recurso-8-608x1536.png 608w, https:\/\/prcp.com.pe\/wp-content\/uploads\/2025\/08\/Recurso-8-558x1409.png 558w, https:\/\/prcp.com.pe\/wp-content\/uploads\/2025\/08\/Recurso-8-655x1654.png 655w, https:\/\/prcp.com.pe\/wp-content\/uploads\/2025\/08\/Recurso-8.png 689w\" sizes=\"auto, (max-width: 119px) 100vw, 119px\" \/>[\/vc_column_text][vc_column_text css=&#8221;&#8221; el_class=&#8221;quote&#8221;]<\/p>\n<blockquote><p><em>\u201cThey have deep knowledge of the regulatory landscape and a strategic, business-oriented approach. The team is always aligned with our commercial objectives.\u201d<\/em><br \/>\n<!-- notionvc: 1462b68e-655f-4539-9ab8-d5ecc2e1c132 --><\/p><\/blockquote>\n<p style=\"text-align: right;\"><strong>Chambers Latin America 2026<\/strong><\/p>\n<p>[\/vc_column_text][\/vc_column_inner][\/vc_row_inner][vc_row_inner][vc_column_inner][lab_heading title_tag=&#8221;H3&#8243; title=&#8221;Contactos&#8221;][\/lab_heading][\/vc_column_inner][\/vc_row_inner][vc_row_inner el_class=&#8221;contactos&#8221;][vc_column_inner width=&#8221;1\/6&#8243;][vc_single_image image=&#8221;7054&#8243; img_size=&#8221;full&#8221; onclick=&#8221;custom_link&#8221; img_link_target=&#8221;_blank&#8221; css=&#8221;.vc_custom_1656948400134{margin-bottom: 10px !important;padding-bottom: 0px !important;}&#8221; link=&#8221;https:\/\/prcp.com.pe\/en\/partners\/vega-eduardo\/&#8221;][vc_custom_heading text=&#8221;Eduardo Vega&#8221; font_container=&#8221;tag:h3|font_size:13px|text_align:center&#8221; use_theme_fonts=&#8221;yes&#8221; link=&#8221;url:https%3A%2F%2Fprcp.com.pe%2Fen%2Fpartners%2Fvega-eduardo%2F|target:_blank&#8221;][\/vc_column_inner][vc_column_inner width=&#8221;1\/6&#8243;][vc_single_image image=&#8221;36174&#8243; img_size=&#8221;full&#8221; onclick=&#8221;custom_link&#8221; img_link_target=&#8221;_blank&#8221; css=&#8221;.vc_custom_1656948454049{margin-bottom: 10px !important;padding-bottom: 0px !important;}&#8221; link=&#8221;https:\/\/prcp.com.pe\/en\/partners\/cuneo-jose\/&#8221;][vc_custom_heading text=&#8221;Jos\u00e9 C\u00faneo&#8221; font_container=&#8221;tag:h3|font_size:13px|text_align:center&#8221; use_theme_fonts=&#8221;yes&#8221; link=&#8221;url:https%3A%2F%2Fprcp.com.pe%2Fen%2Fpartners%2Fcuneo-jose%2F|target:_blank&#8221;][\/vc_column_inner][vc_column_inner width=&#8221;1\/6&#8243;][vc_single_image image=&#8221;7046&#8243; img_size=&#8221;full&#8221; onclick=&#8221;custom_link&#8221; img_link_target=&#8221;_blank&#8221; css=&#8221;.vc_custom_1656948531906{margin-bottom: 10px !important;padding-bottom: 0px !important;}&#8221; link=&#8221;https:\/\/prcp.com.pe\/en\/partners\/eguez-juan-antonio\/&#8221;][vc_custom_heading text=&#8221;Juan Antonio Eg\u00fcez&#8221; font_container=&#8221;tag:h3|font_size:13px|text_align:center&#8221; use_theme_fonts=&#8221;yes&#8221; link=&#8221;url:https%3A%2F%2Fprcp.com.pe%2Fen%2Fpartners%2Feguez-juan-antonio%2F|target:_blank&#8221;][\/vc_column_inner][vc_column_inner width=&#8221;1\/6&#8243;][vc_single_image image=&#8221;7050&#8243; img_size=&#8221;full&#8221; onclick=&#8221;custom_link&#8221; img_link_target=&#8221;_blank&#8221; css=&#8221;.vc_custom_1656948585031{margin-bottom: 10px !important;padding-bottom: 0px !important;}&#8221; link=&#8221;https:\/\/prcp.com.pe\/en\/partners\/castillo-susan\/&#8221;][vc_custom_heading text=&#8221;Susan Castillo&#8221; font_container=&#8221;tag:h3|font_size:13px|text_align:center&#8221; use_theme_fonts=&#8221;yes&#8221; link=&#8221;url:https%3A%2F%2Fprcp.com.pe%2Fen%2Fpartners%2Fcastillo-susan%2F|target:_blank&#8221;][\/vc_column_inner][vc_column_inner width=&#8221;1\/6&#8243;][vc_single_image image=&#8221;15441&#8243; img_size=&#8221;full&#8221; onclick=&#8221;custom_link&#8221; img_link_target=&#8221;_blank&#8221; css=&#8221;.vc_custom_1656948702847{margin-bottom: 10px !important;padding-bottom: 0px !important;}&#8221; link=&#8221;https:\/\/prcp.com.pe\/en\/principal_associates\/gordillo-rocio\/&#8221;][vc_custom_heading text=&#8221;Roc\u00edo Gordillo&#8221; font_container=&#8221;tag:h3|font_size:13px|text_align:center&#8221; use_theme_fonts=&#8221;yes&#8221; link=&#8221;url:https%3A%2F%2Fprcp.com.pe%2Fen%2Fprincipal_associates%2Fgordillo-rocio%2F|target:_blank&#8221;][\/vc_column_inner][vc_column_inner width=&#8221;1\/6&#8243;][\/vc_column_inner][\/vc_row_inner][\/vc_column][\/vc_row][vc_column_inner width=&#8221;1\/6&#8243;][\/vc_column_inner][vc_row css=&#8221;.vc_custom_1541551259246{margin-top: 40px !important;}&#8221;][vc_column][vc_column_text]<div class=\"section-title\"><h3>Latest news<\/h3><\/div><div id=\"boxes\"><div class=\"ultimas-noticias\"><a class=\"thumbnail-img\" href=\"https:\/\/blog.prcp.com.pe\/mercado-de-capitales\/asesoramos-a-inretail-peru-corp-en-la-adquisicion-de-participacion-en-infinance-xp-s-a\/\" target=\"_blank\"><div class=\"news-image-style\" style=\"background-image:url(https:\/\/blog.prcp.com.pe\/wp-content\/uploads\/2026\/04\/city-building-sky-1yyyy-1024x576.jpg);\"><\/div><\/a><p class=\"date-text section-title\">20\/04\/2026<\/p><h5>Asesoramos a InRetail Per\u00fa Corp. en la adquisici\u00f3n InFinance XP S.A.<\/h5><a class=\"boton-arti read-more-btn\" href=\"https:\/\/blog.prcp.com.pe\/mercado-de-capitales\/asesoramos-a-inretail-peru-corp-en-la-adquisicion-de-participacion-en-infinance-xp-s-a\/\">Read more<\/a><\/div><div class=\"ultimas-noticias\"><a class=\"thumbnail-img\" href=\"https:\/\/blog.prcp.com.pe\/mercado-de-capitales\/asesoramos-a-scotiabank-en-emision-de-bonos-corporativos-por-us-300-millones\/\" target=\"_blank\"><div class=\"news-image-style\" style=\"background-image:url(https:\/\/blog.prcp.com.pe\/wp-content\/uploads\/2026\/04\/office-high-rise-glass-building_2-1024x694.jpg);\"><\/div><\/a><p class=\"date-text section-title\">09\/04\/2026<\/p><h5>Asesoramos a Scotiabank en emisi\u00f3n de bonos corporativos por US$ 300 millones<\/h5><a class=\"boton-arti read-more-btn\" href=\"https:\/\/blog.prcp.com.pe\/mercado-de-capitales\/asesoramos-a-scotiabank-en-emision-de-bonos-corporativos-por-us-300-millones\/\">Read more<\/a><\/div><div class=\"ultimas-noticias\"><a class=\"thumbnail-img\" href=\"https:\/\/blog.prcp.com.pe\/mercado-de-capitales\/asesoramos-a-banco-bbva-peru-en-dos-emisiones-del-septimo-programa-de-bonos-corporativos-de-pluz-energia-peru-2\/\" target=\"_blank\"><div class=\"news-image-style\" style=\"background-image:url(https:\/\/blog.prcp.com.pe\/wp-content\/uploads\/2026\/02\/tall-buildings-business2-1024x681.png);\"><\/div><\/a><p class=\"date-text section-title\">19\/02\/2026<\/p><h5>Asesoramos a Banco BBVA Per\u00fa en dos emisiones del S\u00e9ptimo Programa de Bonos Corporativos de Pluz Energ\u00eda Per\u00fa S.A.A. por un importe total de S\/ 280 millones<\/h5><a class=\"boton-arti read-more-btn\" href=\"https:\/\/blog.prcp.com.pe\/mercado-de-capitales\/asesoramos-a-banco-bbva-peru-en-dos-emisiones-del-septimo-programa-de-bonos-corporativos-de-pluz-energia-peru-2\/\">Read more<\/a><\/div><div class=\"ultimas-noticias\"><a class=\"thumbnail-img\" href=\"https:\/\/blog.prcp.com.pe\/mercado-de-capitales\/asesoramos-al-banco-de-credito-del-peru-en-la-estructuracion-y-colocacion-de-la-emision-de-certificados-de-deposito-negociables-por-financiera-efectiva-s-a-por-un-monto-de-s-478-millones\/\" target=\"_blank\"><div class=\"news-image-style\" style=\"background-image:url(https:\/\/blog.prcp.com.pe\/wp-content\/uploads\/2026\/02\/city-building-sky-2-1024x576.jpg);\"><\/div><\/a><p class=\"date-text section-title\">16\/02\/2026<\/p><h5>Asesoramos al Banco de Cr\u00e9dito del Per\u00fa en la estructuraci\u00f3n y colocaci\u00f3n de la emisi\u00f3n de certificados de dep\u00f3sito negociables por Financiera Efectiva S.A. por un monto de S\/ 47,8 millones<\/h5><a class=\"boton-arti read-more-btn\" href=\"https:\/\/blog.prcp.com.pe\/mercado-de-capitales\/asesoramos-al-banco-de-credito-del-peru-en-la-estructuracion-y-colocacion-de-la-emision-de-certificados-de-deposito-negociables-por-financiera-efectiva-s-a-por-un-monto-de-s-478-millones\/\">Read more<\/a><\/div><div class=\"ultimas-noticias\"><a class=\"thumbnail-img\" href=\"https:\/\/blog.prcp.com.pe\/mercado-de-capitales\/asesoramos-a-bbva-securities-inc-y-jpmorgan-chase-bank-n-a-en-el-prestamo-sindicado-otorgado-a-marcobre-hasta-por-us-300-millones\/\" target=\"_blank\"><div class=\"news-image-style\" style=\"background-image:url(https:\/\/blog.prcp.com.pe\/wp-content\/uploads\/2025\/12\/iStock-1132353511-1024x746.jpg);\"><\/div><\/a><p class=\"date-text section-title\">03\/02\/2026<\/p><h5>Asesoramos a BBVA Securities Inc. y JPMorgan Chase Bank, N.A. en el pr\u00e9stamo sindicado otorgado a Marcobre hasta por US$ 300 millones<\/h5><a class=\"boton-arti read-more-btn\" href=\"https:\/\/blog.prcp.com.pe\/mercado-de-capitales\/asesoramos-a-bbva-securities-inc-y-jpmorgan-chase-bank-n-a-en-el-prestamo-sindicado-otorgado-a-marcobre-hasta-por-us-300-millones\/\">Read more<\/a><\/div><div class=\"ultimas-noticias\"><a class=\"thumbnail-img\" href=\"https:\/\/blog.prcp.com.pe\/mercado-de-capitales\/asesoramos-a-bbva-securities-inc-jpmorgan-chase-bank-n-a-y-banco-bilbao-vizcaya-argentaria-s-a-sucursal-de-nueva-york-en-la-emision-de-bonos-internacionales-por-parte-marcobre\/\" target=\"_blank\"><div class=\"news-image-style\" style=\"background-image:url(https:\/\/blog.prcp.com.pe\/wp-content\/uploads\/2026\/01\/tall-buildings-business-optimixes-1024x681.jpg);\"><\/div><\/a><p class=\"date-text section-title\">03\/02\/2026<\/p><h5>Asesoramos a BBVA Securities INC., JPMorgan Chase Bank, N.A. y Banco Bilbao Vizcaya Argentaria, S.A., Sucursal de Nueva York, en la emisi\u00f3n de bonos internacionales por parte de Marcobre por USD 400 millones<\/h5><a class=\"boton-arti read-more-btn\" href=\"https:\/\/blog.prcp.com.pe\/mercado-de-capitales\/asesoramos-a-bbva-securities-inc-jpmorgan-chase-bank-n-a-y-banco-bilbao-vizcaya-argentaria-s-a-sucursal-de-nueva-york-en-la-emision-de-bonos-internacionales-por-parte-marcobre\/\">Read more<\/a><\/div><a class=\"ver-todas btn category-btn\" href=\"https:\/\/blog.prcp.com.pe\/ultimas-publicaciones\/\">See all the news<\/a><\/div>[\/vc_column_text][\/vc_column][\/vc_row]<\/p>\n<\/div>","protected":false},"excerpt":{"rendered":"<p>[vc_row][vc_column][vc_row_inner][vc_column_inner width=&#8221;2\/3&#8243;][lab_heading title_tag=&#8221;H1&#8243; title=&#8221;Capital Markets, Securitizations and Investment Funds&#8221; el_class=&#8221;no-relleno&#8221;][\/lab_heading][vc_column_text] We regularly advise structuring entities, placement agents, investment banks and issuers in the structuring of securities issuance programs \u2013 both public and private offerings &#8211; and in placement processes carried out in both local and international markets. Our services include advising securitization companies and other&hellip;<\/p>\n","protected":false},"author":28,"featured_media":0,"parent":7263,"menu_order":0,"comment_status":"closed","ping_status":"closed","template":"page-servicio-template.php","meta":{"_acf_changed":false,"footnotes":""},"class_list":["post-58342","page","type-page","status-publish","hentry"],"acf":[],"yoast_head":"<!-- This site is optimized with the Yoast SEO plugin v27.0 - https:\/\/yoast.com\/product\/yoast-seo-wordpress\/ -->\n<title>Capital Markets, Securitizations and Investment Funds - Payet, Rey, Cauvi, P\u00e9rez<\/title>\n<meta name=\"robots\" content=\"index, follow, max-snippet:-1, max-image-preview:large, max-video-preview:-1\" \/>\n<link rel=\"canonical\" href=\"https:\/\/prcp.com.pe\/en\/services\/capital-markets-securitizations-and-investment-funds\/\" \/>\n<meta property=\"og:locale\" content=\"en_US\" \/>\n<meta property=\"og:type\" content=\"article\" \/>\n<meta property=\"og:title\" content=\"Capital Markets, Securitizations and Investment Funds - Payet, Rey, Cauvi, P\u00e9rez\" \/>\n<meta property=\"og:description\" content=\"[vc_row][vc_column][vc_row_inner][vc_column_inner width=&#8221;2\/3&#8243;][lab_heading title_tag=&#8221;H1&#8243; title=&#8221;Capital Markets, Securitizations and Investment Funds&#8221; el_class=&#8221;no-relleno&#8221;][\/lab_heading][vc_column_text] We regularly advise structuring entities, placement agents, investment banks and issuers in the structuring of securities issuance programs \u2013 both public and private offerings &#8211; and in placement processes carried out in both local and international markets. Our services include advising securitization companies and other&hellip;\" \/>\n<meta property=\"og:url\" content=\"https:\/\/prcp.com.pe\/en\/services\/capital-markets-securitizations-and-investment-funds\/\" \/>\n<meta property=\"og:site_name\" content=\"Payet, Rey, Cauvi, P\u00e9rez\" \/>\n<meta property=\"article:publisher\" content=\"https:\/\/www.facebook.com\/prcpabogados\/\" \/>\n<meta property=\"article:modified_time\" content=\"2025-08-26T21:53:24+00:00\" \/>\n<meta property=\"og:image\" content=\"https:\/\/prcp.com.pe\/wp-content\/uploads\/2025\/08\/Recurso-8.png\" \/>\n\t<meta property=\"og:image:width\" content=\"689\" \/>\n\t<meta property=\"og:image:height\" content=\"1740\" \/>\n\t<meta property=\"og:image:type\" content=\"image\/png\" \/>\n<meta name=\"twitter:card\" content=\"summary_large_image\" \/>\n<meta name=\"twitter:label1\" content=\"Est. reading time\" \/>\n\t<meta name=\"twitter:data1\" content=\"3 minutes\" \/>\n<script type=\"application\/ld+json\" class=\"yoast-schema-graph\">{\"@context\":\"https:\/\/schema.org\",\"@graph\":[{\"@type\":\"WebPage\",\"@id\":\"https:\/\/prcp.com.pe\/en\/services\/capital-markets-securitizations-and-investment-funds\/\",\"url\":\"https:\/\/prcp.com.pe\/en\/services\/capital-markets-securitizations-and-investment-funds\/\",\"name\":\"Capital Markets, Securitizations and Investment Funds - Payet, Rey, Cauvi, P\u00e9rez\",\"isPartOf\":{\"@id\":\"https:\/\/prcp.com.pe\/en\/#website\"},\"primaryImageOfPage\":{\"@id\":\"https:\/\/prcp.com.pe\/en\/services\/capital-markets-securitizations-and-investment-funds\/#primaryimage\"},\"image\":{\"@id\":\"https:\/\/prcp.com.pe\/en\/services\/capital-markets-securitizations-and-investment-funds\/#primaryimage\"},\"thumbnailUrl\":\"https:\/\/prcp.com.pe\/wp-content\/uploads\/2025\/08\/Recurso-8-119x300.png\",\"datePublished\":\"2022-07-05T22:24:41+00:00\",\"dateModified\":\"2025-08-26T21:53:24+00:00\",\"breadcrumb\":{\"@id\":\"https:\/\/prcp.com.pe\/en\/services\/capital-markets-securitizations-and-investment-funds\/#breadcrumb\"},\"inLanguage\":\"en-US\",\"potentialAction\":[{\"@type\":\"ReadAction\",\"target\":[\"https:\/\/prcp.com.pe\/en\/services\/capital-markets-securitizations-and-investment-funds\/\"]}]},{\"@type\":\"ImageObject\",\"inLanguage\":\"en-US\",\"@id\":\"https:\/\/prcp.com.pe\/en\/services\/capital-markets-securitizations-and-investment-funds\/#primaryimage\",\"url\":\"https:\/\/prcp.com.pe\/wp-content\/uploads\/2025\/08\/Recurso-8-119x300.png\",\"contentUrl\":\"https:\/\/prcp.com.pe\/wp-content\/uploads\/2025\/08\/Recurso-8-119x300.png\"},{\"@type\":\"BreadcrumbList\",\"@id\":\"https:\/\/prcp.com.pe\/en\/services\/capital-markets-securitizations-and-investment-funds\/#breadcrumb\",\"itemListElement\":[{\"@type\":\"ListItem\",\"position\":1,\"name\":\"Portada\",\"item\":\"https:\/\/prcp.com.pe\/en\/\"},{\"@type\":\"ListItem\",\"position\":2,\"name\":\"Services\",\"item\":\"https:\/\/prcp.com.pe\/en\/services\/\"},{\"@type\":\"ListItem\",\"position\":3,\"name\":\"Capital Markets, Securitizations and Investment Funds\"}]},{\"@type\":\"WebSite\",\"@id\":\"https:\/\/prcp.com.pe\/en\/#website\",\"url\":\"https:\/\/prcp.com.pe\/en\/\",\"name\":\"Payet, Rey, Cauvi, P\u00e9rez\",\"description\":\"Payet, Rey, Cauvi, P\u00e9rez Abogados es uno de los estudios jur\u00eddicos l\u00edderes en el Per\u00fa, de reconocida experiencia y con una amplia trayectoria.\",\"publisher\":{\"@id\":\"https:\/\/prcp.com.pe\/en\/#organization\"},\"potentialAction\":[{\"@type\":\"SearchAction\",\"target\":{\"@type\":\"EntryPoint\",\"urlTemplate\":\"https:\/\/prcp.com.pe\/en\/?s={search_term_string}\"},\"query-input\":{\"@type\":\"PropertyValueSpecification\",\"valueRequired\":true,\"valueName\":\"search_term_string\"}}],\"inLanguage\":\"en-US\"},{\"@type\":\"Organization\",\"@id\":\"https:\/\/prcp.com.pe\/en\/#organization\",\"name\":\"Payet, Rey, Cauvi, P\u00e9rez Abogados\",\"url\":\"https:\/\/prcp.com.pe\/en\/\",\"logo\":{\"@type\":\"ImageObject\",\"inLanguage\":\"en-US\",\"@id\":\"https:\/\/prcp.com.pe\/en\/#\/schema\/logo\/image\/\",\"url\":\"https:\/\/prcp.com.pe\/wp-content\/uploads\/2018\/11\/logo-2.jpg\",\"contentUrl\":\"https:\/\/prcp.com.pe\/wp-content\/uploads\/2018\/11\/logo-2.jpg\",\"width\":459,\"height\":471,\"caption\":\"Payet, Rey, Cauvi, P\u00e9rez Abogados\"},\"image\":{\"@id\":\"https:\/\/prcp.com.pe\/en\/#\/schema\/logo\/image\/\"},\"sameAs\":[\"https:\/\/www.facebook.com\/prcpabogados\/\",\"https:\/\/www.linkedin.com\/company\/prc\/\",\"https:\/\/www.youtube.com\/channel\/UCbXFuuBk4-B26fdfYft3Oag\"]}]}<\/script>\n<!-- \/ Yoast SEO plugin. -->","yoast_head_json":{"title":"Capital Markets, Securitizations and Investment Funds - Payet, Rey, Cauvi, P\u00e9rez","robots":{"index":"index","follow":"follow","max-snippet":"max-snippet:-1","max-image-preview":"max-image-preview:large","max-video-preview":"max-video-preview:-1"},"canonical":"https:\/\/prcp.com.pe\/en\/services\/capital-markets-securitizations-and-investment-funds\/","og_locale":"en_US","og_type":"article","og_title":"Capital Markets, Securitizations and Investment Funds - Payet, Rey, Cauvi, P\u00e9rez","og_description":"[vc_row][vc_column][vc_row_inner][vc_column_inner width=&#8221;2\/3&#8243;][lab_heading title_tag=&#8221;H1&#8243; title=&#8221;Capital Markets, Securitizations and Investment Funds&#8221; el_class=&#8221;no-relleno&#8221;][\/lab_heading][vc_column_text] We regularly advise structuring entities, placement agents, investment banks and issuers in the structuring of securities issuance programs \u2013 both public and private offerings &#8211; and in placement processes carried out in both local and international markets. Our services include advising securitization companies and other&hellip;","og_url":"https:\/\/prcp.com.pe\/en\/services\/capital-markets-securitizations-and-investment-funds\/","og_site_name":"Payet, Rey, Cauvi, P\u00e9rez","article_publisher":"https:\/\/www.facebook.com\/prcpabogados\/","article_modified_time":"2025-08-26T21:53:24+00:00","og_image":[{"width":689,"height":1740,"url":"https:\/\/prcp.com.pe\/wp-content\/uploads\/2025\/08\/Recurso-8.png","type":"image\/png"}],"twitter_card":"summary_large_image","twitter_misc":{"Est. reading time":"3 minutes"},"schema":{"@context":"https:\/\/schema.org","@graph":[{"@type":"WebPage","@id":"https:\/\/prcp.com.pe\/en\/services\/capital-markets-securitizations-and-investment-funds\/","url":"https:\/\/prcp.com.pe\/en\/services\/capital-markets-securitizations-and-investment-funds\/","name":"Capital Markets, Securitizations and Investment Funds - Payet, Rey, Cauvi, P\u00e9rez","isPartOf":{"@id":"https:\/\/prcp.com.pe\/en\/#website"},"primaryImageOfPage":{"@id":"https:\/\/prcp.com.pe\/en\/services\/capital-markets-securitizations-and-investment-funds\/#primaryimage"},"image":{"@id":"https:\/\/prcp.com.pe\/en\/services\/capital-markets-securitizations-and-investment-funds\/#primaryimage"},"thumbnailUrl":"https:\/\/prcp.com.pe\/wp-content\/uploads\/2025\/08\/Recurso-8-119x300.png","datePublished":"2022-07-05T22:24:41+00:00","dateModified":"2025-08-26T21:53:24+00:00","breadcrumb":{"@id":"https:\/\/prcp.com.pe\/en\/services\/capital-markets-securitizations-and-investment-funds\/#breadcrumb"},"inLanguage":"en-US","potentialAction":[{"@type":"ReadAction","target":["https:\/\/prcp.com.pe\/en\/services\/capital-markets-securitizations-and-investment-funds\/"]}]},{"@type":"ImageObject","inLanguage":"en-US","@id":"https:\/\/prcp.com.pe\/en\/services\/capital-markets-securitizations-and-investment-funds\/#primaryimage","url":"https:\/\/prcp.com.pe\/wp-content\/uploads\/2025\/08\/Recurso-8-119x300.png","contentUrl":"https:\/\/prcp.com.pe\/wp-content\/uploads\/2025\/08\/Recurso-8-119x300.png"},{"@type":"BreadcrumbList","@id":"https:\/\/prcp.com.pe\/en\/services\/capital-markets-securitizations-and-investment-funds\/#breadcrumb","itemListElement":[{"@type":"ListItem","position":1,"name":"Portada","item":"https:\/\/prcp.com.pe\/en\/"},{"@type":"ListItem","position":2,"name":"Services","item":"https:\/\/prcp.com.pe\/en\/services\/"},{"@type":"ListItem","position":3,"name":"Capital Markets, Securitizations and Investment Funds"}]},{"@type":"WebSite","@id":"https:\/\/prcp.com.pe\/en\/#website","url":"https:\/\/prcp.com.pe\/en\/","name":"Payet, Rey, Cauvi, P\u00e9rez","description":"Payet, Rey, Cauvi, P\u00e9rez Abogados es uno de los estudios jur\u00eddicos l\u00edderes en el Per\u00fa, de reconocida experiencia y con una amplia trayectoria.","publisher":{"@id":"https:\/\/prcp.com.pe\/en\/#organization"},"potentialAction":[{"@type":"SearchAction","target":{"@type":"EntryPoint","urlTemplate":"https:\/\/prcp.com.pe\/en\/?s={search_term_string}"},"query-input":{"@type":"PropertyValueSpecification","valueRequired":true,"valueName":"search_term_string"}}],"inLanguage":"en-US"},{"@type":"Organization","@id":"https:\/\/prcp.com.pe\/en\/#organization","name":"Payet, Rey, Cauvi, P\u00e9rez Abogados","url":"https:\/\/prcp.com.pe\/en\/","logo":{"@type":"ImageObject","inLanguage":"en-US","@id":"https:\/\/prcp.com.pe\/en\/#\/schema\/logo\/image\/","url":"https:\/\/prcp.com.pe\/wp-content\/uploads\/2018\/11\/logo-2.jpg","contentUrl":"https:\/\/prcp.com.pe\/wp-content\/uploads\/2018\/11\/logo-2.jpg","width":459,"height":471,"caption":"Payet, Rey, Cauvi, P\u00e9rez Abogados"},"image":{"@id":"https:\/\/prcp.com.pe\/en\/#\/schema\/logo\/image\/"},"sameAs":["https:\/\/www.facebook.com\/prcpabogados\/","https:\/\/www.linkedin.com\/company\/prc\/","https:\/\/www.youtube.com\/channel\/UCbXFuuBk4-B26fdfYft3Oag"]}]}},"_links":{"self":[{"href":"https:\/\/prcp.com.pe\/en\/wp-json\/wp\/v2\/pages\/58342","targetHints":{"allow":["GET"]}}],"collection":[{"href":"https:\/\/prcp.com.pe\/en\/wp-json\/wp\/v2\/pages"}],"about":[{"href":"https:\/\/prcp.com.pe\/en\/wp-json\/wp\/v2\/types\/page"}],"author":[{"embeddable":true,"href":"https:\/\/prcp.com.pe\/en\/wp-json\/wp\/v2\/users\/28"}],"replies":[{"embeddable":true,"href":"https:\/\/prcp.com.pe\/en\/wp-json\/wp\/v2\/comments?post=58342"}],"version-history":[{"count":13,"href":"https:\/\/prcp.com.pe\/en\/wp-json\/wp\/v2\/pages\/58342\/revisions"}],"predecessor-version":[{"id":77762,"href":"https:\/\/prcp.com.pe\/en\/wp-json\/wp\/v2\/pages\/58342\/revisions\/77762"}],"up":[{"embeddable":true,"href":"https:\/\/prcp.com.pe\/en\/wp-json\/wp\/v2\/pages\/7263"}],"wp:attachment":[{"href":"https:\/\/prcp.com.pe\/en\/wp-json\/wp\/v2\/media?parent=58342"}],"curies":[{"name":"wp","href":"https:\/\/api.w.org\/{rel}","templated":true}]}}