{"id":56619,"date":"2022-05-18T14:09:42","date_gmt":"2022-05-18T19:09:42","guid":{"rendered":"https:\/\/prcp.com.pe\/services\/nuevas-tecnologias-y-activos-digitales\/"},"modified":"2025-08-22T12:49:56","modified_gmt":"2025-08-22T17:49:56","slug":"new-technologies-and-digital-assets","status":"publish","type":"page","link":"https:\/\/prcp.com.pe\/en\/services\/new-technologies-and-digital-assets\/","title":{"rendered":"New Technologies and Digital Assets"},"content":{"rendered":"<div class=\"wpb-content-wrapper\"><p>[vc_row][vc_column][vc_row_inner][vc_column_inner width=&#8221;2\/3&#8243;][lab_heading title_tag=&#8221;H1&#8243; title=&#8221;New Technologies and Digital Assets&#8221; el_class=&#8221;no-relleno&#8221;][\/lab_heading][vc_column_text]Our attorneys have extensive experience in providing legal services and advice on issues related to technology, the digital economy, and digital assets. We have a deep understanding of the regulatory aspects, as well as of the different challenges at the corporate, tax, intellectual property, competition and consumer protection levels and we have therefore managed to successfully advise multiple national and international companies on matters relating to artificial intelligence, blockchain, crypto assets, digital transactions, robotics, technology transfer, e-commerce, software, digital applications, big data, internet of things, and digital platforms, among others. Likewise, we have extensive experience in the analysis of new local and global trends and challenges, anticipating their possible consequences on local agents.<\/p>\n<p>Our spectrum of clients in this area ranges from start-ups that have successfully entered the market, to the largest global conglomerates that have generated new trends and are pioneers in opening new markets and opportunities in Peru. Our experience in the analysis and evaluation of critical issues related to our clients\u2019 businesses allows us to anticipate the possible challenges and to provide innovative and creative solutions.[\/vc_column_text][\/vc_column_inner][vc_column_inner width=&#8221;1\/3&#8243; css=&#8221;.vc_custom_1577380771585{margin-top: 0px !important;}&#8221;][vc_column_text css=&#8221;&#8221;]<img loading=\"lazy\" decoding=\"async\" class=\"aligncenter wp-image-77516 size-medium\" src=\"https:\/\/prcp.com.pe\/wp-content\/uploads\/2025\/08\/nuevas-tecnologias-181x300.png\" alt=\"\" width=\"181\" height=\"300\" srcset=\"https:\/\/prcp.com.pe\/wp-content\/uploads\/2025\/08\/nuevas-tecnologias-181x300.png 181w, https:\/\/prcp.com.pe\/wp-content\/uploads\/2025\/08\/nuevas-tecnologias.png 420w\" sizes=\"auto, (max-width: 181px) 100vw, 181px\" \/>[\/vc_column_text][vc_column_text el_class=&#8221;quote&#8221;]<\/p>\n<blockquote>\n<p><em>\u201cResponse speed, ability to find problems and solutions at the same time.\u201d<\/em><\/p>\n<\/blockquote>\n<p style=\"text-align: right;\"><strong>Legal500 2024<\/strong><\/p>\n<p>[\/vc_column_text][\/vc_column_inner][\/vc_row_inner][vc_row_inner][vc_column_inner][lab_heading title_tag=&#8221;H3&#8243; title=&#8221;Contactos&#8221;][\/lab_heading][\/vc_column_inner][\/vc_row_inner][vc_row_inner el_class=&#8221;contactos&#8221;][vc_column_inner width=&#8221;1\/6&#8243;][vc_single_image image=&#8221;36174&#8243; img_size=&#8221;full&#8221; onclick=&#8221;custom_link&#8221; img_link_target=&#8221;_blank&#8221; css=&#8221;.vc_custom_1653509086775{margin-bottom: 10px !important;padding-bottom: 0px !important;}&#8221; link=&#8221;https:\/\/prcp.com.pe\/en\/partners\/cuneo-jose\/&#8221;][vc_custom_heading text=&#8221;Jos\u00e9 C\u00faneo&#8221; font_container=&#8221;tag:h3|font_size:13px|text_align:center&#8221; use_theme_fonts=&#8221;yes&#8221; link=&#8221;url:https%3A%2F%2Fprcp.com.pe%2Fen%2Fpartners%2Fcuneo-jose%2F|target:_blank&#8221;][\/vc_column_inner][vc_column_inner width=&#8221;1\/6&#8243;][vc_single_image image=&#8221;16752&#8243; img_size=&#8221;full&#8221; onclick=&#8221;custom_link&#8221; img_link_target=&#8221;_blank&#8221; css=&#8221;.vc_custom_1653509186380{margin-bottom: 10px !important;padding-bottom: 0px !important;}&#8221; link=&#8221;https:\/\/prcp.com.pe\/en\/partners\/soto-gerardo\/&#8221;][vc_custom_heading text=&#8221;Gerardo Soto&#8221; font_container=&#8221;tag:h3|font_size:13px|text_align:center&#8221; use_theme_fonts=&#8221;yes&#8221; link=&#8221;url:https%3A%2F%2Fprcp.com.pe%2Fen%2Fpartners%2Fsoto-gerardo%2F|target:_blank&#8221;][\/vc_column_inner][vc_column_inner width=&#8221;1\/6&#8243;][vc_single_image image=&#8221;7061&#8243; img_size=&#8221;full&#8221; onclick=&#8221;custom_link&#8221; img_link_target=&#8221;_blank&#8221; css=&#8221;.vc_custom_1653926510503{margin-bottom: 10px !important;padding-bottom: 0px !important;}&#8221; link=&#8221;https:\/\/prcp.com.pe\/en\/partners\/watanabe-vanessa\/&#8221;][vc_custom_heading text=&#8221;Vanessa Watanabe&#8221; font_container=&#8221;tag:h3|font_size:13px|text_align:center&#8221; use_theme_fonts=&#8221;yes&#8221; link=&#8221;url:https%3A%2F%2Fprcp.com.pe%2Fen%2Fpartners%2Fwatanabe-vanessa%2F|target:_blank&#8221;][\/vc_column_inner][vc_column_inner width=&#8221;1\/6&#8243;][vc_single_image image=&#8221;5825&#8243; img_size=&#8221;full&#8221; onclick=&#8221;custom_link&#8221; img_link_target=&#8221;_blank&#8221; css=&#8221;.vc_custom_1653509242111{margin-bottom: 10px !important;padding-bottom: 0px !important;}&#8221; link=&#8221;https:\/\/prcp.com.pe\/en\/partners\/patron-carlos\/&#8221;][vc_custom_heading text=&#8221;Carlos Patr\u00f3n&#8221; font_container=&#8221;tag:h3|font_size:13px|text_align:center&#8221; use_theme_fonts=&#8221;yes&#8221; link=&#8221;url:https%3A%2F%2Fprcp.com.pe%2Fen%2Fpartners%2Fpatron-carlos%2F|target:_blank&#8221;][\/vc_column_inner][vc_column_inner width=&#8221;1\/6&#8243;][vc_single_image image=&#8221;35951&#8243; img_size=&#8221;full&#8221; onclick=&#8221;custom_link&#8221; img_link_target=&#8221;_blank&#8221; css=&#8221;.vc_custom_1653509285920{margin-bottom: 10px !important;padding-bottom: 0px !important;}&#8221; link=&#8221;https:\/\/prcp.com.pe\/en\/principal_associates\/kuroiwa-david\/&#8221;][vc_custom_heading text=&#8221;David Kuroiwa&#8221; font_container=&#8221;tag:h3|font_size:13px|text_align:center&#8221; use_theme_fonts=&#8221;yes&#8221; link=&#8221;url:https%3A%2F%2Fprcp.com.pe%2Fen%2Fprincipal_associates%2Fkuroiwa-david%2F|target:_blank&#8221;][\/vc_column_inner][vc_column_inner width=&#8221;1\/6&#8243;][vc_single_image image=&#8221;7172&#8243; img_size=&#8221;full&#8221; onclick=&#8221;custom_link&#8221; img_link_target=&#8221;_blank&#8221; css=&#8221;.vc_custom_1653926619635{margin-bottom: 10px !important;padding-bottom: 0px !important;}&#8221; link=&#8221;https:\/\/prcp.com.pe\/en\/principal_associates\/lopez-lisset\/&#8221;][vc_custom_heading text=&#8221;Lisset L\u00f3pez&#8221; font_container=&#8221;tag:h3|font_size:13px|text_align:center&#8221; use_theme_fonts=&#8221;yes&#8221; link=&#8221;url:https%3A%2F%2Fprcp.com.pe%2Fen%2Fprincipal_associates%2Flopez-lisset%2F|target:_blank&#8221;][\/vc_column_inner][\/vc_row_inner][vc_row_inner el_class=&#8221;contactos&#8221;][vc_column_inner width=&#8221;1\/6&#8243;][vc_single_image image=&#8221;6173&#8243; img_size=&#8221;full&#8221; onclick=&#8221;custom_link&#8221; img_link_target=&#8221;_blank&#8221; css=&#8221;.vc_custom_1653509328959{margin-bottom: 10px !important;padding-bottom: 0px !important;}&#8221; link=&#8221;https:\/\/prcp.com.pe\/en\/associates\/ortiz-rafael\/&#8221;][vc_custom_heading text=&#8221;Rafael Ortiz&#8221; font_container=&#8221;tag:h3|font_size:13px|text_align:center&#8221; use_theme_fonts=&#8221;yes&#8221; link=&#8221;url:https%3A%2F%2Fprcp.com.pe%2Fen%2Fassociates%2Fortiz-rafael%2F|target:_blank&#8221;][\/vc_column_inner][vc_column_inner width=&#8221;1\/6&#8243;][vc_single_image image=&#8221;13015&#8243; img_size=&#8221;full&#8221; onclick=&#8221;custom_link&#8221; img_link_target=&#8221;_blank&#8221; css=&#8221;.vc_custom_1653509375057{margin-bottom: 10px !important;padding-bottom: 0px !important;}&#8221; link=&#8221;https:\/\/prcp.com.pe\/en\/associates\/salazar-maria-teresa\/&#8221;][vc_custom_heading text=&#8221;Mar\u00eda Teresa Salazar&#8221; font_container=&#8221;tag:h3|font_size:13px|text_align:center&#8221; use_theme_fonts=&#8221;yes&#8221; link=&#8221;url:https%3A%2F%2Fprcp.com.pe%2Fen%2Fassociates%2Fsalazar-maria-teresa%2F|target:_blank&#8221;][\/vc_column_inner][vc_column_inner width=&#8221;1\/6&#8243;][\/vc_column_inner][vc_column_inner width=&#8221;1\/6&#8243;][\/vc_column_inner][vc_column_inner width=&#8221;1\/6&#8243;][\/vc_column_inner][vc_column_inner width=&#8221;1\/6&#8243;][\/vc_column_inner][\/vc_row_inner][\/vc_column][\/vc_row][vc_column_inner width=&#8221;1\/6&#8243;][\/vc_column_inner][vc_row css=&#8221;.vc_custom_1541551259246{margin-top: 40px !important;}&#8221;][vc_column][vc_column_text]<div class=\"section-title\"><h3>Latest news<\/h3><\/div><div id=\"boxes\"><div class=\"ultimas-noticias\"><a class=\"thumbnail-img\" href=\"https:\/\/blog.prcp.com.pe\/nuevas-tecnologias-y-activos-digitales\/rafael-ortiz-para-lexlatin-como-impacta-a-los-mercados-financieros-la-caida-del-ecosistema-cripto\/\" target=\"_blank\"><div class=\"news-image-style\" style=\"background-image:url(https:\/\/blog.prcp.com.pe\/wp-content\/uploads\/2022\/11\/BANNER2-24-1024x695.jpg);\"><\/div><\/a><p class=\"date-text section-title\">30\/11\/2022<\/p><h5>Rafael Ortiz para LexLatin: \u00ab\u00bfC\u00f3mo impacta a los mercados financieros la ca\u00edda del ecosistema cripto?\u00bb<\/h5><a class=\"boton-arti read-more-btn\" href=\"https:\/\/blog.prcp.com.pe\/nuevas-tecnologias-y-activos-digitales\/rafael-ortiz-para-lexlatin-como-impacta-a-los-mercados-financieros-la-caida-del-ecosistema-cripto\/\">Read more<\/a><\/div><div class=\"ultimas-noticias\"><a class=\"thumbnail-img\" href=\"https:\/\/blog.prcp.com.pe\/nuevas-tecnologias-y-activos-digitales\/lisset-lopez-participara-en-el-curso-resuelve-tus-dudas-sobre-las-criptomonedas-y-sus-impuestos-el-futuro-del-ahora\/\" target=\"_blank\"><div class=\"news-image-style\" style=\"background-image:url(https:\/\/blog.prcp.com.pe\/wp-content\/uploads\/2022\/09\/destacasa_lisset-1024x695.jpg);\"><\/div><\/a><p class=\"date-text section-title\">16\/09\/2022<\/p><h5>Lisset L\u00f3pez participar\u00e1 en el curso \u00abResuelve tus dudas sobre las criptomonedas y sus impuestos. El futuro del ahora\u00bb<\/h5><a class=\"boton-arti read-more-btn\" href=\"https:\/\/blog.prcp.com.pe\/nuevas-tecnologias-y-activos-digitales\/lisset-lopez-participara-en-el-curso-resuelve-tus-dudas-sobre-las-criptomonedas-y-sus-impuestos-el-futuro-del-ahora\/\">Read more<\/a><\/div><div class=\"ultimas-noticias\"><a class=\"thumbnail-img\" href=\"https:\/\/blog.prcp.com.pe\/nuevas-tecnologias-y-activos-digitales\/mira-el-video-de-nuestro-webinar-las-nuevas-tecnologias-y-el-arbitraje-blockchain-crypto-activos-contratos-inteligentes-y-fintech\/\" target=\"_blank\"><div class=\"news-image-style\" style=\"background-image:url(https:\/\/blog.prcp.com.pe\/wp-content\/uploads\/2022\/08\/miniatura1arbitraje-1024x694.jpg);\"><\/div><\/a><p class=\"date-text section-title\">26\/08\/2022<\/p><h5>Mira el video de nuestro webinar: \u00abLas nuevas tecnolog\u00edas y el arbitraje: blockchain, crypto activos, contratos inteligentes y FinTech\u00bb<\/h5><a class=\"boton-arti read-more-btn\" href=\"https:\/\/blog.prcp.com.pe\/nuevas-tecnologias-y-activos-digitales\/mira-el-video-de-nuestro-webinar-las-nuevas-tecnologias-y-el-arbitraje-blockchain-crypto-activos-contratos-inteligentes-y-fintech\/\">Read more<\/a><\/div><div class=\"ultimas-noticias\"><a class=\"thumbnail-img\" href=\"https:\/\/blog.prcp.com.pe\/nuevas-tecnologias-y-activos-digitales\/participa-en-nuestro-webinar-las-nuevas-tecnologias-y-el-arbitraje-blockchain-crypto-activos-contratos-inteligentes-y-fintech\/\" target=\"_blank\"><div class=\"news-image-style\" style=\"background-image:url(https:\/\/blog.prcp.com.pe\/wp-content\/uploads\/2022\/08\/miniatura1arbitraje-1024x694.jpg);\"><\/div><\/a><p class=\"date-text section-title\">11\/08\/2022<\/p><h5>Participa en nuestro webinar: \u00abLas nuevas tecnolog\u00edas y el arbitraje: blockchain, crypto activos, contratos inteligentes y FinTech\u00bb<\/h5><a class=\"boton-arti read-more-btn\" href=\"https:\/\/blog.prcp.com.pe\/nuevas-tecnologias-y-activos-digitales\/participa-en-nuestro-webinar-las-nuevas-tecnologias-y-el-arbitraje-blockchain-crypto-activos-contratos-inteligentes-y-fintech\/\">Read more<\/a><\/div><div class=\"ultimas-noticias\"><a class=\"thumbnail-img\" href=\"https:\/\/blog.prcp.com.pe\/nuevas-tecnologias-y-activos-digitales\/mira-el-resumen-de-nuestro-webinar-el-panorama-regulatorio-y-fiscal-de-los-criptoactivos-peru-brasil-espana-y-mexico\/\" target=\"_blank\"><div class=\"news-image-style\" style=\"background-image:url(https:\/\/blog.prcp.com.pe\/wp-content\/uploads\/2022\/06\/destacada-webinar-1-1024x695.jpg);\"><\/div><\/a><p class=\"date-text section-title\">08\/08\/2022<\/p><h5>Mira el resumen de nuestro webinar: \u00abEl panorama regulatorio y fiscal de los criptoactivos: Per\u00fa, Brasil, Espa\u00f1a y M\u00e9xico\u00bb<\/h5><a class=\"boton-arti read-more-btn\" href=\"https:\/\/blog.prcp.com.pe\/nuevas-tecnologias-y-activos-digitales\/mira-el-resumen-de-nuestro-webinar-el-panorama-regulatorio-y-fiscal-de-los-criptoactivos-peru-brasil-espana-y-mexico\/\">Read more<\/a><\/div><div class=\"ultimas-noticias\"><a class=\"thumbnail-img\" href=\"https:\/\/blog.prcp.com.pe\/nuevas-tecnologias-y-activos-digitales\/mira-el-video-de-nuestro-webinar-el-panorama-regulatorio-y-fiscal-de-los-criptoactivos-peru-brasil-espana-y-mexico\/\" target=\"_blank\"><div class=\"news-image-style\" style=\"background-image:url(https:\/\/blog.prcp.com.pe\/wp-content\/uploads\/2022\/06\/destacada-webinar-3-1024x695.jpg);\"><\/div><\/a><p class=\"date-text section-title\">07\/07\/2022<\/p><h5>Mira el video de nuestro webinar: \u00abEl panorama regulatorio y fiscal de los criptoactivos: Per\u00fa, Brasil, Espa\u00f1a y M\u00e9xico\u00bb<\/h5><a class=\"boton-arti read-more-btn\" href=\"https:\/\/blog.prcp.com.pe\/nuevas-tecnologias-y-activos-digitales\/mira-el-video-de-nuestro-webinar-el-panorama-regulatorio-y-fiscal-de-los-criptoactivos-peru-brasil-espana-y-mexico\/\">Read more<\/a><\/div><a class=\"ver-todas btn category-btn\" href=\"https:\/\/blog.prcp.com.pe\/ultimas-publicaciones\/\">See all the news<\/a><\/div>[\/vc_column_text][\/vc_column][\/vc_row]<\/p>\n<\/div>","protected":false},"excerpt":{"rendered":"<p>[vc_row][vc_column][vc_row_inner][vc_column_inner width=&#8221;2\/3&#8243;][lab_heading title_tag=&#8221;H1&#8243; title=&#8221;New Technologies and Digital Assets&#8221; el_class=&#8221;no-relleno&#8221;][\/lab_heading][vc_column_text]Our attorneys have extensive experience in providing legal services and advice on issues related to technology, the digital economy, and digital assets. We have a deep understanding of the regulatory aspects, as well as of the different challenges at the corporate, tax, intellectual property, competition and consumer&hellip;<\/p>\n","protected":false},"author":3,"featured_media":0,"parent":7263,"menu_order":0,"comment_status":"closed","ping_status":"closed","template":"page-servicio-template.php","meta":{"_acf_changed":false,"footnotes":""},"class_list":["post-56619","page","type-page","status-publish","hentry"],"acf":[],"yoast_head":"<!-- This site is optimized with the Yoast SEO plugin v27.0 - https:\/\/yoast.com\/product\/yoast-seo-wordpress\/ -->\n<title>New Technologies and Digital Assets - Payet, Rey, Cauvi, P\u00e9rez<\/title>\n<meta name=\"robots\" content=\"index, follow, max-snippet:-1, max-image-preview:large, max-video-preview:-1\" \/>\n<link rel=\"canonical\" href=\"https:\/\/prcp.com.pe\/en\/services\/new-technologies-and-digital-assets\/\" \/>\n<meta property=\"og:locale\" content=\"en_US\" \/>\n<meta property=\"og:type\" content=\"article\" \/>\n<meta property=\"og:title\" content=\"New Technologies and Digital Assets - Payet, Rey, Cauvi, P\u00e9rez\" \/>\n<meta property=\"og:description\" content=\"[vc_row][vc_column][vc_row_inner][vc_column_inner width=&#8221;2\/3&#8243;][lab_heading title_tag=&#8221;H1&#8243; title=&#8221;New Technologies and Digital Assets&#8221; el_class=&#8221;no-relleno&#8221;][\/lab_heading][vc_column_text]Our attorneys have extensive experience in providing legal services and advice on issues related to technology, the digital economy, and digital assets. We have a deep understanding of the regulatory aspects, as well as of the different challenges at the corporate, tax, intellectual property, competition and consumer&hellip;\" \/>\n<meta property=\"og:url\" content=\"https:\/\/prcp.com.pe\/en\/services\/new-technologies-and-digital-assets\/\" \/>\n<meta property=\"og:site_name\" content=\"Payet, Rey, Cauvi, P\u00e9rez\" \/>\n<meta property=\"article:publisher\" content=\"https:\/\/www.facebook.com\/prcpabogados\/\" \/>\n<meta property=\"article:modified_time\" content=\"2025-08-22T17:49:56+00:00\" \/>\n<meta property=\"og:image\" content=\"https:\/\/prcp.com.pe\/wp-content\/uploads\/2025\/08\/nuevas-tecnologias.png\" \/>\n\t<meta property=\"og:image:width\" content=\"420\" \/>\n\t<meta property=\"og:image:height\" content=\"698\" \/>\n\t<meta property=\"og:image:type\" content=\"image\/png\" \/>\n<meta name=\"twitter:card\" content=\"summary_large_image\" \/>\n<meta name=\"twitter:label1\" content=\"Est. reading time\" \/>\n\t<meta name=\"twitter:data1\" content=\"2 minutes\" \/>\n<script type=\"application\/ld+json\" class=\"yoast-schema-graph\">{\"@context\":\"https:\/\/schema.org\",\"@graph\":[{\"@type\":\"WebPage\",\"@id\":\"https:\/\/prcp.com.pe\/en\/services\/new-technologies-and-digital-assets\/\",\"url\":\"https:\/\/prcp.com.pe\/en\/services\/new-technologies-and-digital-assets\/\",\"name\":\"New Technologies and Digital Assets - Payet, Rey, Cauvi, P\u00e9rez\",\"isPartOf\":{\"@id\":\"https:\/\/prcp.com.pe\/en\/#website\"},\"primaryImageOfPage\":{\"@id\":\"https:\/\/prcp.com.pe\/en\/services\/new-technologies-and-digital-assets\/#primaryimage\"},\"image\":{\"@id\":\"https:\/\/prcp.com.pe\/en\/services\/new-technologies-and-digital-assets\/#primaryimage\"},\"thumbnailUrl\":\"https:\/\/prcp.com.pe\/wp-content\/uploads\/2025\/08\/nuevas-tecnologias-181x300.png\",\"datePublished\":\"2022-05-18T19:09:42+00:00\",\"dateModified\":\"2025-08-22T17:49:56+00:00\",\"breadcrumb\":{\"@id\":\"https:\/\/prcp.com.pe\/en\/services\/new-technologies-and-digital-assets\/#breadcrumb\"},\"inLanguage\":\"en-US\",\"potentialAction\":[{\"@type\":\"ReadAction\",\"target\":[\"https:\/\/prcp.com.pe\/en\/services\/new-technologies-and-digital-assets\/\"]}]},{\"@type\":\"ImageObject\",\"inLanguage\":\"en-US\",\"@id\":\"https:\/\/prcp.com.pe\/en\/services\/new-technologies-and-digital-assets\/#primaryimage\",\"url\":\"https:\/\/prcp.com.pe\/wp-content\/uploads\/2025\/08\/nuevas-tecnologias-181x300.png\",\"contentUrl\":\"https:\/\/prcp.com.pe\/wp-content\/uploads\/2025\/08\/nuevas-tecnologias-181x300.png\"},{\"@type\":\"BreadcrumbList\",\"@id\":\"https:\/\/prcp.com.pe\/en\/services\/new-technologies-and-digital-assets\/#breadcrumb\",\"itemListElement\":[{\"@type\":\"ListItem\",\"position\":1,\"name\":\"Portada\",\"item\":\"https:\/\/prcp.com.pe\/en\/\"},{\"@type\":\"ListItem\",\"position\":2,\"name\":\"Services\",\"item\":\"https:\/\/prcp.com.pe\/en\/services\/\"},{\"@type\":\"ListItem\",\"position\":3,\"name\":\"New Technologies and Digital Assets\"}]},{\"@type\":\"WebSite\",\"@id\":\"https:\/\/prcp.com.pe\/en\/#website\",\"url\":\"https:\/\/prcp.com.pe\/en\/\",\"name\":\"Payet, Rey, Cauvi, P\u00e9rez\",\"description\":\"Payet, Rey, Cauvi, P\u00e9rez Abogados es uno de los estudios jur\u00eddicos l\u00edderes en el Per\u00fa, de reconocida experiencia y con una amplia trayectoria.\",\"publisher\":{\"@id\":\"https:\/\/prcp.com.pe\/en\/#organization\"},\"potentialAction\":[{\"@type\":\"SearchAction\",\"target\":{\"@type\":\"EntryPoint\",\"urlTemplate\":\"https:\/\/prcp.com.pe\/en\/?s={search_term_string}\"},\"query-input\":{\"@type\":\"PropertyValueSpecification\",\"valueRequired\":true,\"valueName\":\"search_term_string\"}}],\"inLanguage\":\"en-US\"},{\"@type\":\"Organization\",\"@id\":\"https:\/\/prcp.com.pe\/en\/#organization\",\"name\":\"Payet, Rey, Cauvi, P\u00e9rez Abogados\",\"url\":\"https:\/\/prcp.com.pe\/en\/\",\"logo\":{\"@type\":\"ImageObject\",\"inLanguage\":\"en-US\",\"@id\":\"https:\/\/prcp.com.pe\/en\/#\/schema\/logo\/image\/\",\"url\":\"https:\/\/prcp.com.pe\/wp-content\/uploads\/2018\/11\/logo-2.jpg\",\"contentUrl\":\"https:\/\/prcp.com.pe\/wp-content\/uploads\/2018\/11\/logo-2.jpg\",\"width\":459,\"height\":471,\"caption\":\"Payet, Rey, Cauvi, P\u00e9rez Abogados\"},\"image\":{\"@id\":\"https:\/\/prcp.com.pe\/en\/#\/schema\/logo\/image\/\"},\"sameAs\":[\"https:\/\/www.facebook.com\/prcpabogados\/\",\"https:\/\/www.linkedin.com\/company\/prc\/\",\"https:\/\/www.youtube.com\/channel\/UCbXFuuBk4-B26fdfYft3Oag\"]}]}<\/script>\n<!-- \/ Yoast SEO plugin. -->","yoast_head_json":{"title":"New Technologies and Digital Assets - Payet, Rey, Cauvi, P\u00e9rez","robots":{"index":"index","follow":"follow","max-snippet":"max-snippet:-1","max-image-preview":"max-image-preview:large","max-video-preview":"max-video-preview:-1"},"canonical":"https:\/\/prcp.com.pe\/en\/services\/new-technologies-and-digital-assets\/","og_locale":"en_US","og_type":"article","og_title":"New Technologies and Digital Assets - Payet, Rey, Cauvi, P\u00e9rez","og_description":"[vc_row][vc_column][vc_row_inner][vc_column_inner width=&#8221;2\/3&#8243;][lab_heading title_tag=&#8221;H1&#8243; title=&#8221;New Technologies and Digital Assets&#8221; el_class=&#8221;no-relleno&#8221;][\/lab_heading][vc_column_text]Our attorneys have extensive experience in providing legal services and advice on issues related to technology, the digital economy, and digital assets. We have a deep understanding of the regulatory aspects, as well as of the different challenges at the corporate, tax, intellectual property, competition and consumer&hellip;","og_url":"https:\/\/prcp.com.pe\/en\/services\/new-technologies-and-digital-assets\/","og_site_name":"Payet, Rey, Cauvi, P\u00e9rez","article_publisher":"https:\/\/www.facebook.com\/prcpabogados\/","article_modified_time":"2025-08-22T17:49:56+00:00","og_image":[{"width":420,"height":698,"url":"https:\/\/prcp.com.pe\/wp-content\/uploads\/2025\/08\/nuevas-tecnologias.png","type":"image\/png"}],"twitter_card":"summary_large_image","twitter_misc":{"Est. reading time":"2 minutes"},"schema":{"@context":"https:\/\/schema.org","@graph":[{"@type":"WebPage","@id":"https:\/\/prcp.com.pe\/en\/services\/new-technologies-and-digital-assets\/","url":"https:\/\/prcp.com.pe\/en\/services\/new-technologies-and-digital-assets\/","name":"New Technologies and Digital Assets - Payet, Rey, Cauvi, P\u00e9rez","isPartOf":{"@id":"https:\/\/prcp.com.pe\/en\/#website"},"primaryImageOfPage":{"@id":"https:\/\/prcp.com.pe\/en\/services\/new-technologies-and-digital-assets\/#primaryimage"},"image":{"@id":"https:\/\/prcp.com.pe\/en\/services\/new-technologies-and-digital-assets\/#primaryimage"},"thumbnailUrl":"https:\/\/prcp.com.pe\/wp-content\/uploads\/2025\/08\/nuevas-tecnologias-181x300.png","datePublished":"2022-05-18T19:09:42+00:00","dateModified":"2025-08-22T17:49:56+00:00","breadcrumb":{"@id":"https:\/\/prcp.com.pe\/en\/services\/new-technologies-and-digital-assets\/#breadcrumb"},"inLanguage":"en-US","potentialAction":[{"@type":"ReadAction","target":["https:\/\/prcp.com.pe\/en\/services\/new-technologies-and-digital-assets\/"]}]},{"@type":"ImageObject","inLanguage":"en-US","@id":"https:\/\/prcp.com.pe\/en\/services\/new-technologies-and-digital-assets\/#primaryimage","url":"https:\/\/prcp.com.pe\/wp-content\/uploads\/2025\/08\/nuevas-tecnologias-181x300.png","contentUrl":"https:\/\/prcp.com.pe\/wp-content\/uploads\/2025\/08\/nuevas-tecnologias-181x300.png"},{"@type":"BreadcrumbList","@id":"https:\/\/prcp.com.pe\/en\/services\/new-technologies-and-digital-assets\/#breadcrumb","itemListElement":[{"@type":"ListItem","position":1,"name":"Portada","item":"https:\/\/prcp.com.pe\/en\/"},{"@type":"ListItem","position":2,"name":"Services","item":"https:\/\/prcp.com.pe\/en\/services\/"},{"@type":"ListItem","position":3,"name":"New Technologies and Digital Assets"}]},{"@type":"WebSite","@id":"https:\/\/prcp.com.pe\/en\/#website","url":"https:\/\/prcp.com.pe\/en\/","name":"Payet, Rey, Cauvi, P\u00e9rez","description":"Payet, Rey, Cauvi, P\u00e9rez Abogados es uno de los estudios jur\u00eddicos l\u00edderes en el Per\u00fa, de reconocida experiencia y con una amplia trayectoria.","publisher":{"@id":"https:\/\/prcp.com.pe\/en\/#organization"},"potentialAction":[{"@type":"SearchAction","target":{"@type":"EntryPoint","urlTemplate":"https:\/\/prcp.com.pe\/en\/?s={search_term_string}"},"query-input":{"@type":"PropertyValueSpecification","valueRequired":true,"valueName":"search_term_string"}}],"inLanguage":"en-US"},{"@type":"Organization","@id":"https:\/\/prcp.com.pe\/en\/#organization","name":"Payet, Rey, Cauvi, P\u00e9rez Abogados","url":"https:\/\/prcp.com.pe\/en\/","logo":{"@type":"ImageObject","inLanguage":"en-US","@id":"https:\/\/prcp.com.pe\/en\/#\/schema\/logo\/image\/","url":"https:\/\/prcp.com.pe\/wp-content\/uploads\/2018\/11\/logo-2.jpg","contentUrl":"https:\/\/prcp.com.pe\/wp-content\/uploads\/2018\/11\/logo-2.jpg","width":459,"height":471,"caption":"Payet, Rey, Cauvi, P\u00e9rez Abogados"},"image":{"@id":"https:\/\/prcp.com.pe\/en\/#\/schema\/logo\/image\/"},"sameAs":["https:\/\/www.facebook.com\/prcpabogados\/","https:\/\/www.linkedin.com\/company\/prc\/","https:\/\/www.youtube.com\/channel\/UCbXFuuBk4-B26fdfYft3Oag"]}]}},"_links":{"self":[{"href":"https:\/\/prcp.com.pe\/en\/wp-json\/wp\/v2\/pages\/56619","targetHints":{"allow":["GET"]}}],"collection":[{"href":"https:\/\/prcp.com.pe\/en\/wp-json\/wp\/v2\/pages"}],"about":[{"href":"https:\/\/prcp.com.pe\/en\/wp-json\/wp\/v2\/types\/page"}],"author":[{"embeddable":true,"href":"https:\/\/prcp.com.pe\/en\/wp-json\/wp\/v2\/users\/3"}],"replies":[{"embeddable":true,"href":"https:\/\/prcp.com.pe\/en\/wp-json\/wp\/v2\/comments?post=56619"}],"version-history":[{"count":7,"href":"https:\/\/prcp.com.pe\/en\/wp-json\/wp\/v2\/pages\/56619\/revisions"}],"predecessor-version":[{"id":77659,"href":"https:\/\/prcp.com.pe\/en\/wp-json\/wp\/v2\/pages\/56619\/revisions\/77659"}],"up":[{"embeddable":true,"href":"https:\/\/prcp.com.pe\/en\/wp-json\/wp\/v2\/pages\/7263"}],"wp:attachment":[{"href":"https:\/\/prcp.com.pe\/en\/wp-json\/wp\/v2\/media?parent=56619"}],"curies":[{"name":"wp","href":"https:\/\/api.w.org\/{rel}","templated":true}]}}