{"id":19150,"date":"2020-03-16T18:28:03","date_gmt":"2020-03-16T23:28:03","guid":{"rendered":"https:\/\/prcp.com.pe\/sitios-web-oficiales-y-canales-de-informacion\/"},"modified":"2020-11-15T12:47:40","modified_gmt":"2020-11-15T17:47:40","slug":"autoridades-y-sitio-de-confianza","status":"publish","type":"page","link":"https:\/\/prcp.com.pe\/en\/autoridades-y-sitio-de-confianza\/","title":{"rendered":"Visita los sitios web oficiales del Estado y los principales canales de informaci\u00f3n"},"content":{"rendered":"<p><a href=\"https:\/\/www.gob.pe\/coronavirus\" target=\"_blank\" rel=\"noopener noreferrer\"><img loading=\"lazy\" decoding=\"async\" class=\"aligncenter wp-image-19209\" src=\"https:\/\/prcp.com.pe\/wp-content\/uploads\/2020\/03\/Link-GOB-Coronavirus.png\" alt=\"\" width=\"1500\" height=\"269\" srcset=\"https:\/\/prcp.com.pe\/wp-content\/uploads\/2020\/03\/Link-GOB-Coronavirus.png 1632w, https:\/\/prcp.com.pe\/wp-content\/uploads\/2020\/03\/Link-GOB-Coronavirus-300x54.png 300w, https:\/\/prcp.com.pe\/wp-content\/uploads\/2020\/03\/Link-GOB-Coronavirus-1024x184.png 1024w, https:\/\/prcp.com.pe\/wp-content\/uploads\/2020\/03\/Link-GOB-Coronavirus-768x138.png 768w, https:\/\/prcp.com.pe\/wp-content\/uploads\/2020\/03\/Link-GOB-Coronavirus-1536x276.png 1536w, https:\/\/prcp.com.pe\/wp-content\/uploads\/2020\/03\/Link-GOB-Coronavirus-1612x289.png 1612w, https:\/\/prcp.com.pe\/wp-content\/uploads\/2020\/03\/Link-GOB-Coronavirus-1116x200.png 1116w, https:\/\/prcp.com.pe\/wp-content\/uploads\/2020\/03\/Link-GOB-Coronavirus-806x145.png 806w, https:\/\/prcp.com.pe\/wp-content\/uploads\/2020\/03\/Link-GOB-Coronavirus-558x100.png 558w, https:\/\/prcp.com.pe\/wp-content\/uploads\/2020\/03\/Link-GOB-Coronavirus-655x118.png 655w\" sizes=\"auto, (max-width: 1500px) 100vw, 1500px\" \/><\/a><\/p>\n<p><a href=\"https:\/\/www.gob.pe\/555\" target=\"_blank\" rel=\"noopener noreferrer\"><img loading=\"lazy\" decoding=\"async\" class=\"aligncenter wp-image-19412 size-full\" src=\"https:\/\/prcp.com.pe\/wp-content\/uploads\/2020\/03\/Link-MINSA-1.png\" alt=\"\" width=\"1632\" height=\"293\" srcset=\"https:\/\/prcp.com.pe\/wp-content\/uploads\/2020\/03\/Link-MINSA-1.png 1632w, https:\/\/prcp.com.pe\/wp-content\/uploads\/2020\/03\/Link-MINSA-1-300x54.png 300w, https:\/\/prcp.com.pe\/wp-content\/uploads\/2020\/03\/Link-MINSA-1-1024x184.png 1024w, https:\/\/prcp.com.pe\/wp-content\/uploads\/2020\/03\/Link-MINSA-1-768x138.png 768w, https:\/\/prcp.com.pe\/wp-content\/uploads\/2020\/03\/Link-MINSA-1-1536x276.png 1536w, https:\/\/prcp.com.pe\/wp-content\/uploads\/2020\/03\/Link-MINSA-1-1612x289.png 1612w, https:\/\/prcp.com.pe\/wp-content\/uploads\/2020\/03\/Link-MINSA-1-1116x200.png 1116w, https:\/\/prcp.com.pe\/wp-content\/uploads\/2020\/03\/Link-MINSA-1-806x145.png 806w, https:\/\/prcp.com.pe\/wp-content\/uploads\/2020\/03\/Link-MINSA-1-558x100.png 558w, https:\/\/prcp.com.pe\/wp-content\/uploads\/2020\/03\/Link-MINSA-1-655x118.png 655w\" sizes=\"auto, (max-width: 1632px) 100vw, 1632px\" \/><\/a><\/p>\n<p><img loading=\"lazy\" decoding=\"async\" class=\"aligncenter wp-image-19213\" src=\"https:\/\/prcp.com.pe\/wp-content\/uploads\/2020\/03\/Link-Contacto-MINSA.png\" alt=\"\" width=\"1500\" height=\"269\" srcset=\"https:\/\/prcp.com.pe\/wp-content\/uploads\/2020\/03\/Link-Contacto-MINSA.png 1632w, https:\/\/prcp.com.pe\/wp-content\/uploads\/2020\/03\/Link-Contacto-MINSA-300x54.png 300w, https:\/\/prcp.com.pe\/wp-content\/uploads\/2020\/03\/Link-Contacto-MINSA-1024x184.png 1024w, https:\/\/prcp.com.pe\/wp-content\/uploads\/2020\/03\/Link-Contacto-MINSA-768x138.png 768w, https:\/\/prcp.com.pe\/wp-content\/uploads\/2020\/03\/Link-Contacto-MINSA-1536x276.png 1536w, https:\/\/prcp.com.pe\/wp-content\/uploads\/2020\/03\/Link-Contacto-MINSA-1612x289.png 1612w, https:\/\/prcp.com.pe\/wp-content\/uploads\/2020\/03\/Link-Contacto-MINSA-1116x200.png 1116w, https:\/\/prcp.com.pe\/wp-content\/uploads\/2020\/03\/Link-Contacto-MINSA-806x145.png 806w, https:\/\/prcp.com.pe\/wp-content\/uploads\/2020\/03\/Link-Contacto-MINSA-558x100.png 558w, https:\/\/prcp.com.pe\/wp-content\/uploads\/2020\/03\/Link-Contacto-MINSA-655x118.png 655w\" sizes=\"auto, (max-width: 1500px) 100vw, 1500px\" \/><\/p>\n","protected":false},"excerpt":{"rendered":"","protected":false},"author":11,"featured_media":0,"parent":0,"menu_order":0,"comment_status":"closed","ping_status":"closed","template":"page-19124.php","meta":{"_acf_changed":false,"footnotes":""},"class_list":["post-19150","page","type-page","status-publish","hentry"],"acf":[],"yoast_head":"<!-- This site is optimized with the Yoast SEO plugin v27.0 - https:\/\/yoast.com\/product\/yoast-seo-wordpress\/ -->\n<title>Visita los sitios web oficiales del Estado y los principales canales de informaci\u00f3n - Payet, Rey, Cauvi, P\u00e9rez<\/title>\n<meta name=\"robots\" content=\"index, follow, max-snippet:-1, max-image-preview:large, max-video-preview:-1\" \/>\n<link rel=\"canonical\" href=\"https:\/\/prcp.com.pe\/en\/autoridades-y-sitio-de-confianza\/\" \/>\n<meta property=\"og:locale\" content=\"en_US\" \/>\n<meta property=\"og:type\" content=\"article\" \/>\n<meta property=\"og:title\" content=\"Visita los sitios web oficiales del Estado y los principales canales de informaci\u00f3n - Payet, Rey, Cauvi, P\u00e9rez\" \/>\n<meta property=\"og:url\" content=\"https:\/\/prcp.com.pe\/en\/autoridades-y-sitio-de-confianza\/\" \/>\n<meta property=\"og:site_name\" content=\"Payet, Rey, Cauvi, P\u00e9rez\" \/>\n<meta property=\"article:publisher\" content=\"https:\/\/www.facebook.com\/prcpabogados\/\" \/>\n<meta property=\"article:modified_time\" content=\"2020-11-15T17:47:40+00:00\" \/>\n<meta property=\"og:image\" content=\"https:\/\/prcp.com.pe\/wp-content\/uploads\/2020\/03\/Link-GOB-Coronavirus.png\" \/>\n<meta name=\"twitter:card\" content=\"summary_large_image\" \/>\n<script type=\"application\/ld+json\" class=\"yoast-schema-graph\">{\"@context\":\"https:\/\/schema.org\",\"@graph\":[{\"@type\":\"WebPage\",\"@id\":\"https:\/\/prcp.com.pe\/en\/autoridades-y-sitio-de-confianza\/\",\"url\":\"https:\/\/prcp.com.pe\/en\/autoridades-y-sitio-de-confianza\/\",\"name\":\"Visita los sitios web oficiales del Estado y los principales canales de informaci\u00f3n - Payet, Rey, Cauvi, P\u00e9rez\",\"isPartOf\":{\"@id\":\"https:\/\/prcp.com.pe\/en\/#website\"},\"primaryImageOfPage\":{\"@id\":\"https:\/\/prcp.com.pe\/en\/autoridades-y-sitio-de-confianza\/#primaryimage\"},\"image\":{\"@id\":\"https:\/\/prcp.com.pe\/en\/autoridades-y-sitio-de-confianza\/#primaryimage\"},\"thumbnailUrl\":\"https:\/\/prcp.com.pe\/wp-content\/uploads\/2020\/03\/Link-GOB-Coronavirus.png\",\"datePublished\":\"2020-03-16T23:28:03+00:00\",\"dateModified\":\"2020-11-15T17:47:40+00:00\",\"breadcrumb\":{\"@id\":\"https:\/\/prcp.com.pe\/en\/autoridades-y-sitio-de-confianza\/#breadcrumb\"},\"inLanguage\":\"en-US\",\"potentialAction\":[{\"@type\":\"ReadAction\",\"target\":[\"https:\/\/prcp.com.pe\/en\/autoridades-y-sitio-de-confianza\/\"]}]},{\"@type\":\"ImageObject\",\"inLanguage\":\"en-US\",\"@id\":\"https:\/\/prcp.com.pe\/en\/autoridades-y-sitio-de-confianza\/#primaryimage\",\"url\":\"https:\/\/prcp.com.pe\/wp-content\/uploads\/2020\/03\/Link-GOB-Coronavirus.png\",\"contentUrl\":\"https:\/\/prcp.com.pe\/wp-content\/uploads\/2020\/03\/Link-GOB-Coronavirus.png\"},{\"@type\":\"BreadcrumbList\",\"@id\":\"https:\/\/prcp.com.pe\/en\/autoridades-y-sitio-de-confianza\/#breadcrumb\",\"itemListElement\":[{\"@type\":\"ListItem\",\"position\":1,\"name\":\"Portada\",\"item\":\"https:\/\/prcp.com.pe\/en\/\"},{\"@type\":\"ListItem\",\"position\":2,\"name\":\"Visita los sitios web oficiales del Estado y los principales canales de informaci\u00f3n\"}]},{\"@type\":\"WebSite\",\"@id\":\"https:\/\/prcp.com.pe\/en\/#website\",\"url\":\"https:\/\/prcp.com.pe\/en\/\",\"name\":\"Payet, Rey, Cauvi, P\u00e9rez\",\"description\":\"Payet, Rey, Cauvi, P\u00e9rez Abogados es uno de los estudios jur\u00eddicos l\u00edderes en el Per\u00fa, de reconocida experiencia y con una amplia trayectoria.\",\"publisher\":{\"@id\":\"https:\/\/prcp.com.pe\/en\/#organization\"},\"potentialAction\":[{\"@type\":\"SearchAction\",\"target\":{\"@type\":\"EntryPoint\",\"urlTemplate\":\"https:\/\/prcp.com.pe\/en\/?s={search_term_string}\"},\"query-input\":{\"@type\":\"PropertyValueSpecification\",\"valueRequired\":true,\"valueName\":\"search_term_string\"}}],\"inLanguage\":\"en-US\"},{\"@type\":\"Organization\",\"@id\":\"https:\/\/prcp.com.pe\/en\/#organization\",\"name\":\"Payet, Rey, Cauvi, P\u00e9rez Abogados\",\"url\":\"https:\/\/prcp.com.pe\/en\/\",\"logo\":{\"@type\":\"ImageObject\",\"inLanguage\":\"en-US\",\"@id\":\"https:\/\/prcp.com.pe\/en\/#\/schema\/logo\/image\/\",\"url\":\"https:\/\/prcp.com.pe\/wp-content\/uploads\/2018\/11\/logo-2.jpg\",\"contentUrl\":\"https:\/\/prcp.com.pe\/wp-content\/uploads\/2018\/11\/logo-2.jpg\",\"width\":459,\"height\":471,\"caption\":\"Payet, Rey, Cauvi, P\u00e9rez Abogados\"},\"image\":{\"@id\":\"https:\/\/prcp.com.pe\/en\/#\/schema\/logo\/image\/\"},\"sameAs\":[\"https:\/\/www.facebook.com\/prcpabogados\/\",\"https:\/\/www.linkedin.com\/company\/prc\/\",\"https:\/\/www.youtube.com\/channel\/UCbXFuuBk4-B26fdfYft3Oag\"]}]}<\/script>\n<!-- \/ Yoast SEO plugin. -->","yoast_head_json":{"title":"Visita los sitios web oficiales del Estado y los principales canales de informaci\u00f3n - Payet, Rey, Cauvi, P\u00e9rez","robots":{"index":"index","follow":"follow","max-snippet":"max-snippet:-1","max-image-preview":"max-image-preview:large","max-video-preview":"max-video-preview:-1"},"canonical":"https:\/\/prcp.com.pe\/en\/autoridades-y-sitio-de-confianza\/","og_locale":"en_US","og_type":"article","og_title":"Visita los sitios web oficiales del Estado y los principales canales de informaci\u00f3n - Payet, Rey, Cauvi, P\u00e9rez","og_url":"https:\/\/prcp.com.pe\/en\/autoridades-y-sitio-de-confianza\/","og_site_name":"Payet, Rey, Cauvi, P\u00e9rez","article_publisher":"https:\/\/www.facebook.com\/prcpabogados\/","article_modified_time":"2020-11-15T17:47:40+00:00","og_image":[{"url":"https:\/\/prcp.com.pe\/wp-content\/uploads\/2020\/03\/Link-GOB-Coronavirus.png","type":"","width":"","height":""}],"twitter_card":"summary_large_image","schema":{"@context":"https:\/\/schema.org","@graph":[{"@type":"WebPage","@id":"https:\/\/prcp.com.pe\/en\/autoridades-y-sitio-de-confianza\/","url":"https:\/\/prcp.com.pe\/en\/autoridades-y-sitio-de-confianza\/","name":"Visita los sitios web oficiales del Estado y los principales canales de informaci\u00f3n - Payet, Rey, Cauvi, P\u00e9rez","isPartOf":{"@id":"https:\/\/prcp.com.pe\/en\/#website"},"primaryImageOfPage":{"@id":"https:\/\/prcp.com.pe\/en\/autoridades-y-sitio-de-confianza\/#primaryimage"},"image":{"@id":"https:\/\/prcp.com.pe\/en\/autoridades-y-sitio-de-confianza\/#primaryimage"},"thumbnailUrl":"https:\/\/prcp.com.pe\/wp-content\/uploads\/2020\/03\/Link-GOB-Coronavirus.png","datePublished":"2020-03-16T23:28:03+00:00","dateModified":"2020-11-15T17:47:40+00:00","breadcrumb":{"@id":"https:\/\/prcp.com.pe\/en\/autoridades-y-sitio-de-confianza\/#breadcrumb"},"inLanguage":"en-US","potentialAction":[{"@type":"ReadAction","target":["https:\/\/prcp.com.pe\/en\/autoridades-y-sitio-de-confianza\/"]}]},{"@type":"ImageObject","inLanguage":"en-US","@id":"https:\/\/prcp.com.pe\/en\/autoridades-y-sitio-de-confianza\/#primaryimage","url":"https:\/\/prcp.com.pe\/wp-content\/uploads\/2020\/03\/Link-GOB-Coronavirus.png","contentUrl":"https:\/\/prcp.com.pe\/wp-content\/uploads\/2020\/03\/Link-GOB-Coronavirus.png"},{"@type":"BreadcrumbList","@id":"https:\/\/prcp.com.pe\/en\/autoridades-y-sitio-de-confianza\/#breadcrumb","itemListElement":[{"@type":"ListItem","position":1,"name":"Portada","item":"https:\/\/prcp.com.pe\/en\/"},{"@type":"ListItem","position":2,"name":"Visita los sitios web oficiales del Estado y los principales canales de informaci\u00f3n"}]},{"@type":"WebSite","@id":"https:\/\/prcp.com.pe\/en\/#website","url":"https:\/\/prcp.com.pe\/en\/","name":"Payet, Rey, Cauvi, P\u00e9rez","description":"Payet, Rey, Cauvi, P\u00e9rez Abogados es uno de los estudios jur\u00eddicos l\u00edderes en el Per\u00fa, de reconocida experiencia y con una amplia trayectoria.","publisher":{"@id":"https:\/\/prcp.com.pe\/en\/#organization"},"potentialAction":[{"@type":"SearchAction","target":{"@type":"EntryPoint","urlTemplate":"https:\/\/prcp.com.pe\/en\/?s={search_term_string}"},"query-input":{"@type":"PropertyValueSpecification","valueRequired":true,"valueName":"search_term_string"}}],"inLanguage":"en-US"},{"@type":"Organization","@id":"https:\/\/prcp.com.pe\/en\/#organization","name":"Payet, Rey, Cauvi, P\u00e9rez Abogados","url":"https:\/\/prcp.com.pe\/en\/","logo":{"@type":"ImageObject","inLanguage":"en-US","@id":"https:\/\/prcp.com.pe\/en\/#\/schema\/logo\/image\/","url":"https:\/\/prcp.com.pe\/wp-content\/uploads\/2018\/11\/logo-2.jpg","contentUrl":"https:\/\/prcp.com.pe\/wp-content\/uploads\/2018\/11\/logo-2.jpg","width":459,"height":471,"caption":"Payet, Rey, Cauvi, P\u00e9rez Abogados"},"image":{"@id":"https:\/\/prcp.com.pe\/en\/#\/schema\/logo\/image\/"},"sameAs":["https:\/\/www.facebook.com\/prcpabogados\/","https:\/\/www.linkedin.com\/company\/prc\/","https:\/\/www.youtube.com\/channel\/UCbXFuuBk4-B26fdfYft3Oag"]}]}},"_links":{"self":[{"href":"https:\/\/prcp.com.pe\/en\/wp-json\/wp\/v2\/pages\/19150","targetHints":{"allow":["GET"]}}],"collection":[{"href":"https:\/\/prcp.com.pe\/en\/wp-json\/wp\/v2\/pages"}],"about":[{"href":"https:\/\/prcp.com.pe\/en\/wp-json\/wp\/v2\/types\/page"}],"author":[{"embeddable":true,"href":"https:\/\/prcp.com.pe\/en\/wp-json\/wp\/v2\/users\/11"}],"replies":[{"embeddable":true,"href":"https:\/\/prcp.com.pe\/en\/wp-json\/wp\/v2\/comments?post=19150"}],"version-history":[{"count":0,"href":"https:\/\/prcp.com.pe\/en\/wp-json\/wp\/v2\/pages\/19150\/revisions"}],"wp:attachment":[{"href":"https:\/\/prcp.com.pe\/en\/wp-json\/wp\/v2\/media?parent=19150"}],"curies":[{"name":"wp","href":"https:\/\/api.w.org\/{rel}","templated":true}]}}