{"id":14523,"date":"2019-07-24T16:47:40","date_gmt":"2019-07-24T21:47:40","guid":{"rendered":"https:\/\/prcp.com.pe\/lawyers\/consultores\/"},"modified":"2019-07-24T18:28:32","modified_gmt":"2019-07-24T23:28:32","slug":"consultants","status":"publish","type":"page","link":"https:\/\/prcp.com.pe\/en\/people\/consultants\/","title":{"rendered":"Consultants"},"content":{"rendered":"<div class=\"wpb-content-wrapper\"><p>[vc_row][vc_column][vc_wp_custommenu nav_menu=&#8221;106&#8243; el_id=&#8221;tabs-abogados&#8221;][\/vc_column][\/vc_row][vc_row el_id=&#8221;abogados-tabs&#8221;][vc_column][vc_tta_tabs style=&#8221;flat&#8221; shape=&#8221;square&#8221; color=&#8221;white&#8221; active_section=&#8221;1&#8243; no_fill_content_area=&#8221;true&#8221; el_id=&#8221;abogados-filtro&#8221;][vc_tta_section title=&#8221;TODOS&#8221; tab_id=&#8221;todos&#8221;][vc_column_text]\t\n\t  <div class=\"abcfslGCol\">\n\t  \t <a href=\"https:\/\/prcp.com.pe\/en\/?p=76957\">\n\t\t\t<div class=\"abcfslLstCol abcfslLstCol-1 abcfslImgColGridB\">\n\t    \t\t<img loading=\"lazy\" decoding=\"async\" width=\"360\" height=\"408\" src=\"https:\/\/prcp.com.pe\/wp-content\/uploads\/2023\/03\/Maria-Belen-Inchaustegui.jpg\" alt=\"Inch\u00e1ustegui Mar\u00eda Bel\u00e9n\" class=\"attachment-post-thumbnail size-post-thumbnail wp-post-image\" alt=\"\" srcset=\"https:\/\/prcp.com.pe\/wp-content\/uploads\/2023\/03\/Maria-Belen-Inchaustegui.jpg 360w, https:\/\/prcp.com.pe\/wp-content\/uploads\/2023\/03\/Maria-Belen-Inchaustegui-265x300.jpg 265w\" sizes=\"auto, (max-width: 360px) 100vw, 360px\" \/>\t    \t<\/div>\n\t  \t    <h2 class=\"nombre-abogado\">Mar\u00eda Bel\u00e9n Inch\u00e1ustegui<\/h2>\n\t      <\/a>\n\t  \t\t<div class=\"info-abogado asociado panel-right\">Asesora Especializada<\/div>\n\t  \t\t<div class=\"info-abogado telefono panel-right\">+51 (1) 6123202<\/div>\n\t  \t\t<div class=\"info-abogado email panel-right\"><a href=\"mailto:min@prcp.com.pe\">min@prcp.com.pe<\/a><\/div>\n\t  \t\t<div class=\"download-vcard panel-right\"><a href=\"\">\n\t  \t\t\t\t\t\t\t\tDownload Vcard\n\t\t\t\t\t  \t    <\/a><\/div>\n\t  <\/div>\n    \t\n\t  <div class=\"abcfslGCol\">\n\t  \t <a href=\"https:\/\/prcp.com.pe\/en\/?p=76955\">\n\t\t\t<div class=\"abcfslLstCol abcfslLstCol-1 abcfslImgColGridB\">\n\t    \t\t<img loading=\"lazy\" decoding=\"async\" width=\"1200\" height=\"1323\" src=\"https:\/\/prcp.com.pe\/wp-content\/uploads\/2024\/07\/cynthia-roldan-web.jpg\" alt=\"Roldan Cynthia\" class=\"attachment-post-thumbnail size-post-thumbnail wp-post-image\" alt=\"\" srcset=\"https:\/\/prcp.com.pe\/wp-content\/uploads\/2024\/07\/cynthia-roldan-web.jpg 1200w, https:\/\/prcp.com.pe\/wp-content\/uploads\/2024\/07\/cynthia-roldan-web-272x300.jpg 272w, https:\/\/prcp.com.pe\/wp-content\/uploads\/2024\/07\/cynthia-roldan-web-929x1024.jpg 929w, https:\/\/prcp.com.pe\/wp-content\/uploads\/2024\/07\/cynthia-roldan-web-768x847.jpg 768w, https:\/\/prcp.com.pe\/wp-content\/uploads\/2024\/07\/cynthia-roldan-web-1116x1230.jpg 1116w, https:\/\/prcp.com.pe\/wp-content\/uploads\/2024\/07\/cynthia-roldan-web-806x889.jpg 806w, https:\/\/prcp.com.pe\/wp-content\/uploads\/2024\/07\/cynthia-roldan-web-558x615.jpg 558w, https:\/\/prcp.com.pe\/wp-content\/uploads\/2024\/07\/cynthia-roldan-web-655x722.jpg 655w, https:\/\/prcp.com.pe\/wp-content\/uploads\/2024\/07\/cynthia-roldan-web-600x662.jpg 600w\" sizes=\"auto, (max-width: 1200px) 100vw, 1200px\" \/>\t    \t<\/div>\n\t  \t    <h2 class=\"nombre-abogado\">Cynthia Roldan<\/h2>\n\t      <\/a>\n\t  \t\t<div class=\"info-abogado asociado panel-right\">Asesora Especializada<\/div>\n\t  \t\t<div class=\"info-abogado telefono panel-right\">+51 (1) 6123202<\/div>\n\t  \t\t<div class=\"info-abogado email panel-right\"><a href=\"mailto:cro@prcp.com.pe\">cro@prcp.com.pe<\/a><\/div>\n\t  \t\t<div class=\"download-vcard panel-right\"><a href=\"\">\n\t  \t\t\t\t\t\t\t\tDownload Vcard\n\t\t\t\t\t  \t    <\/a><\/div>\n\t  <\/div>\n    [\/vc_column_text][\/vc_tta_section][vc_tta_section title=&#8221;A&#8221; tab_id=&#8221;a&#8221;][vc_column_text][a_consultor][\/vc_column_text][\/vc_tta_section][vc_tta_section title=&#8221;B&#8221; tab_id=&#8221;b&#8221;][vc_column_text][b_consultor][\/vc_column_text][\/vc_tta_section][vc_tta_section title=&#8221;C&#8221; tab_id=&#8221;c&#8221;][vc_column_text][c_consultor][\/vc_column_text][\/vc_tta_section][vc_tta_section title=&#8221;D&#8221; tab_id=&#8221;d&#8221;][vc_column_text][d_consultor][\/vc_column_text][\/vc_tta_section][vc_tta_section title=&#8221;E&#8221; tab_id=&#8221;e&#8221;][vc_column_text][e_consultor][\/vc_column_text][\/vc_tta_section][vc_tta_section title=&#8221;F&#8221; tab_id=&#8221;f&#8221;][vc_column_text][f_consultor][\/vc_column_text][\/vc_tta_section][vc_tta_section title=&#8221;G&#8221; tab_id=&#8221;g&#8221;][vc_column_text][g_consultor][\/vc_column_text][\/vc_tta_section][vc_tta_section title=&#8221;H&#8221; tab_id=&#8221;h&#8221;][vc_column_text][h_consultor][\/vc_column_text][\/vc_tta_section][vc_tta_section title=&#8221;I&#8221; tab_id=&#8221;i&#8221;][vc_column_text][i_consultor][\/vc_column_text][\/vc_tta_section][vc_tta_section title=&#8221;J&#8221; tab_id=&#8221;j&#8221;][vc_column_text][j_consultor][\/vc_column_text][\/vc_tta_section][vc_tta_section title=&#8221;K&#8221; tab_id=&#8221;k&#8221;][vc_column_text][k_consultor][\/vc_column_text][\/vc_tta_section][vc_tta_section title=&#8221;L&#8221; tab_id=&#8221;l&#8221;][vc_column_text][l_consultor][\/vc_column_text][\/vc_tta_section][vc_tta_section title=&#8221;M&#8221; tab_id=&#8221;m&#8221;][vc_column_text][m_consultor][\/vc_column_text][\/vc_tta_section][vc_tta_section title=&#8221;N&#8221; tab_id=&#8221;n&#8221;][vc_column_text][n_consultor][\/vc_column_text][\/vc_tta_section][vc_tta_section title=&#8221;O&#8221; tab_id=&#8221;o&#8221;][vc_column_text][o_consultor][\/vc_column_text][\/vc_tta_section][vc_tta_section title=&#8221;P&#8221; tab_id=&#8221;p&#8221;][vc_column_text][p_consultor][\/vc_column_text][\/vc_tta_section][vc_tta_section title=&#8221;Q&#8221; tab_id=&#8221;q&#8221;][vc_column_text][q_consultor][\/vc_column_text][\/vc_tta_section][vc_tta_section title=&#8221;R&#8221; tab_id=&#8221;r&#8221;][vc_column_text][r_consultor][\/vc_column_text][\/vc_tta_section][vc_tta_section title=&#8221;S&#8221; tab_id=&#8221;s&#8221;][vc_column_text][s_consultor][\/vc_column_text][\/vc_tta_section][vc_tta_section title=&#8221;T&#8221; tab_id=&#8221;t&#8221;][vc_column_text][t_consultor][\/vc_column_text][\/vc_tta_section][vc_tta_section title=&#8221;U&#8221; tab_id=&#8221;u&#8221;][vc_column_text][u_consultor][\/vc_column_text][\/vc_tta_section][vc_tta_section title=&#8221;V&#8221; tab_id=&#8221;v&#8221;][vc_column_text][v_consultor][\/vc_column_text][\/vc_tta_section][vc_tta_section title=&#8221;W&#8221; tab_id=&#8221;w&#8221;][vc_column_text][w_consultor][\/vc_column_text][\/vc_tta_section][vc_tta_section title=&#8221;X&#8221; tab_id=&#8221;x&#8221;][vc_column_text][x_consultor][\/vc_column_text][\/vc_tta_section][vc_tta_section title=&#8221;Y&#8221; tab_id=&#8221;y&#8221;][vc_column_text][y_consultor][\/vc_column_text][\/vc_tta_section][vc_tta_section title=&#8221;Z&#8221; tab_id=&#8221;z&#8221;][vc_column_text][z_consultor][\/vc_column_text][\/vc_tta_section][\/vc_tta_tabs][\/vc_column][\/vc_row]<\/p>\n<\/div>","protected":false},"excerpt":{"rendered":"<p>[vc_row][vc_column][vc_wp_custommenu nav_menu=&#8221;106&#8243; el_id=&#8221;tabs-abogados&#8221;][\/vc_column][\/vc_row][vc_row el_id=&#8221;abogados-tabs&#8221;][vc_column][vc_tta_tabs style=&#8221;flat&#8221; shape=&#8221;square&#8221; color=&#8221;white&#8221; active_section=&#8221;1&#8243; no_fill_content_area=&#8221;true&#8221; el_id=&#8221;abogados-filtro&#8221;][vc_tta_section title=&#8221;TODOS&#8221; tab_id=&#8221;todos&#8221;][vc_column_text][\/vc_column_text][\/vc_tta_section][vc_tta_section title=&#8221;A&#8221; tab_id=&#8221;a&#8221;][vc_column_text][a_consultor][\/vc_column_text][\/vc_tta_section][vc_tta_section title=&#8221;B&#8221; tab_id=&#8221;b&#8221;][vc_column_text][b_consultor][\/vc_column_text][\/vc_tta_section][vc_tta_section title=&#8221;C&#8221; tab_id=&#8221;c&#8221;][vc_column_text][c_consultor][\/vc_column_text][\/vc_tta_section][vc_tta_section title=&#8221;D&#8221; tab_id=&#8221;d&#8221;][vc_column_text][d_consultor][\/vc_column_text][\/vc_tta_section][vc_tta_section title=&#8221;E&#8221; tab_id=&#8221;e&#8221;][vc_column_text][e_consultor][\/vc_column_text][\/vc_tta_section][vc_tta_section title=&#8221;F&#8221; tab_id=&#8221;f&#8221;][vc_column_text][f_consultor][\/vc_column_text][\/vc_tta_section][vc_tta_section title=&#8221;G&#8221; tab_id=&#8221;g&#8221;][vc_column_text][g_consultor][\/vc_column_text][\/vc_tta_section][vc_tta_section title=&#8221;H&#8221; tab_id=&#8221;h&#8221;][vc_column_text][h_consultor][\/vc_column_text][\/vc_tta_section][vc_tta_section title=&#8221;I&#8221; tab_id=&#8221;i&#8221;][vc_column_text][i_consultor][\/vc_column_text][\/vc_tta_section][vc_tta_section title=&#8221;J&#8221; tab_id=&#8221;j&#8221;][vc_column_text][j_consultor][\/vc_column_text][\/vc_tta_section][vc_tta_section title=&#8221;K&#8221; tab_id=&#8221;k&#8221;][vc_column_text][k_consultor][\/vc_column_text][\/vc_tta_section][vc_tta_section title=&#8221;L&#8221; tab_id=&#8221;l&#8221;][vc_column_text][l_consultor][\/vc_column_text][\/vc_tta_section][vc_tta_section title=&#8221;M&#8221; tab_id=&#8221;m&#8221;][vc_column_text][m_consultor][\/vc_column_text][\/vc_tta_section][vc_tta_section title=&#8221;N&#8221; tab_id=&#8221;n&#8221;][vc_column_text][n_consultor][\/vc_column_text][\/vc_tta_section][vc_tta_section title=&#8221;O&#8221; tab_id=&#8221;o&#8221;][vc_column_text][o_consultor][\/vc_column_text][\/vc_tta_section][vc_tta_section title=&#8221;P&#8221; tab_id=&#8221;p&#8221;][vc_column_text][p_consultor][\/vc_column_text][\/vc_tta_section][vc_tta_section title=&#8221;Q&#8221; tab_id=&#8221;q&#8221;][vc_column_text][q_consultor][\/vc_column_text][\/vc_tta_section][vc_tta_section title=&#8221;R&#8221; tab_id=&#8221;r&#8221;][vc_column_text][r_consultor][\/vc_column_text][\/vc_tta_section][vc_tta_section title=&#8221;S&#8221; tab_id=&#8221;s&#8221;][vc_column_text][s_consultor][\/vc_column_text][\/vc_tta_section][vc_tta_section title=&#8221;T&#8221; tab_id=&#8221;t&#8221;][vc_column_text][t_consultor][\/vc_column_text][\/vc_tta_section][vc_tta_section title=&#8221;U&#8221; tab_id=&#8221;u&#8221;][vc_column_text][u_consultor][\/vc_column_text][\/vc_tta_section][vc_tta_section title=&#8221;V&#8221;&hellip;<\/p>\n","protected":false},"author":3,"featured_media":0,"parent":7692,"menu_order":0,"comment_status":"closed","ping_status":"closed","template":"","meta":{"_acf_changed":false,"footnotes":""},"class_list":["post-14523","page","type-page","status-publish","hentry"],"acf":[],"yoast_head":"<!-- This site is optimized with the Yoast SEO plugin v27.0 - https:\/\/yoast.com\/product\/yoast-seo-wordpress\/ -->\n<title>Consultants - Payet, Rey, Cauvi, P\u00e9rez<\/title>\n<meta name=\"robots\" content=\"index, follow, max-snippet:-1, max-image-preview:large, max-video-preview:-1\" \/>\n<link rel=\"canonical\" href=\"https:\/\/prcp.com.pe\/en\/people\/consultants\/\" \/>\n<meta property=\"og:locale\" content=\"en_US\" \/>\n<meta property=\"og:type\" content=\"article\" \/>\n<meta property=\"og:title\" content=\"Consultants - Payet, Rey, Cauvi, P\u00e9rez\" \/>\n<meta property=\"og:description\" content=\"[vc_row][vc_column][vc_wp_custommenu nav_menu=&#8221;106&#8243; el_id=&#8221;tabs-abogados&#8221;][\/vc_column][\/vc_row][vc_row el_id=&#8221;abogados-tabs&#8221;][vc_column][vc_tta_tabs style=&#8221;flat&#8221; shape=&#8221;square&#8221; color=&#8221;white&#8221; active_section=&#8221;1&#8243; no_fill_content_area=&#8221;true&#8221; el_id=&#8221;abogados-filtro&#8221;][vc_tta_section title=&#8221;TODOS&#8221; tab_id=&#8221;todos&#8221;][vc_column_text][\/vc_column_text][\/vc_tta_section][vc_tta_section title=&#8221;A&#8221; tab_id=&#8221;a&#8221;][vc_column_text][a_consultor][\/vc_column_text][\/vc_tta_section][vc_tta_section title=&#8221;B&#8221; tab_id=&#8221;b&#8221;][vc_column_text][b_consultor][\/vc_column_text][\/vc_tta_section][vc_tta_section title=&#8221;C&#8221; tab_id=&#8221;c&#8221;][vc_column_text][c_consultor][\/vc_column_text][\/vc_tta_section][vc_tta_section title=&#8221;D&#8221; tab_id=&#8221;d&#8221;][vc_column_text][d_consultor][\/vc_column_text][\/vc_tta_section][vc_tta_section title=&#8221;E&#8221; tab_id=&#8221;e&#8221;][vc_column_text][e_consultor][\/vc_column_text][\/vc_tta_section][vc_tta_section title=&#8221;F&#8221; tab_id=&#8221;f&#8221;][vc_column_text][f_consultor][\/vc_column_text][\/vc_tta_section][vc_tta_section title=&#8221;G&#8221; tab_id=&#8221;g&#8221;][vc_column_text][g_consultor][\/vc_column_text][\/vc_tta_section][vc_tta_section title=&#8221;H&#8221; tab_id=&#8221;h&#8221;][vc_column_text][h_consultor][\/vc_column_text][\/vc_tta_section][vc_tta_section title=&#8221;I&#8221; tab_id=&#8221;i&#8221;][vc_column_text][i_consultor][\/vc_column_text][\/vc_tta_section][vc_tta_section title=&#8221;J&#8221; tab_id=&#8221;j&#8221;][vc_column_text][j_consultor][\/vc_column_text][\/vc_tta_section][vc_tta_section title=&#8221;K&#8221; tab_id=&#8221;k&#8221;][vc_column_text][k_consultor][\/vc_column_text][\/vc_tta_section][vc_tta_section title=&#8221;L&#8221; tab_id=&#8221;l&#8221;][vc_column_text][l_consultor][\/vc_column_text][\/vc_tta_section][vc_tta_section title=&#8221;M&#8221; tab_id=&#8221;m&#8221;][vc_column_text][m_consultor][\/vc_column_text][\/vc_tta_section][vc_tta_section title=&#8221;N&#8221; tab_id=&#8221;n&#8221;][vc_column_text][n_consultor][\/vc_column_text][\/vc_tta_section][vc_tta_section title=&#8221;O&#8221; tab_id=&#8221;o&#8221;][vc_column_text][o_consultor][\/vc_column_text][\/vc_tta_section][vc_tta_section title=&#8221;P&#8221; tab_id=&#8221;p&#8221;][vc_column_text][p_consultor][\/vc_column_text][\/vc_tta_section][vc_tta_section title=&#8221;Q&#8221; tab_id=&#8221;q&#8221;][vc_column_text][q_consultor][\/vc_column_text][\/vc_tta_section][vc_tta_section title=&#8221;R&#8221; tab_id=&#8221;r&#8221;][vc_column_text][r_consultor][\/vc_column_text][\/vc_tta_section][vc_tta_section title=&#8221;S&#8221; tab_id=&#8221;s&#8221;][vc_column_text][s_consultor][\/vc_column_text][\/vc_tta_section][vc_tta_section title=&#8221;T&#8221; tab_id=&#8221;t&#8221;][vc_column_text][t_consultor][\/vc_column_text][\/vc_tta_section][vc_tta_section title=&#8221;U&#8221; tab_id=&#8221;u&#8221;][vc_column_text][u_consultor][\/vc_column_text][\/vc_tta_section][vc_tta_section title=&#8221;V&#8221;&hellip;\" \/>\n<meta property=\"og:url\" content=\"https:\/\/prcp.com.pe\/en\/people\/consultants\/\" \/>\n<meta property=\"og:site_name\" content=\"Payet, Rey, Cauvi, P\u00e9rez\" \/>\n<meta property=\"article:publisher\" content=\"https:\/\/www.facebook.com\/prcpabogados\/\" \/>\n<meta property=\"article:modified_time\" content=\"2019-07-24T23:28:32+00:00\" \/>\n<meta name=\"twitter:card\" content=\"summary_large_image\" \/>\n<meta name=\"twitter:label1\" content=\"Est. reading time\" \/>\n\t<meta name=\"twitter:data1\" content=\"3 minutes\" \/>\n<script type=\"application\/ld+json\" class=\"yoast-schema-graph\">{\"@context\":\"https:\/\/schema.org\",\"@graph\":[{\"@type\":\"WebPage\",\"@id\":\"https:\/\/prcp.com.pe\/en\/people\/consultants\/\",\"url\":\"https:\/\/prcp.com.pe\/en\/people\/consultants\/\",\"name\":\"Consultants - Payet, Rey, Cauvi, P\u00e9rez\",\"isPartOf\":{\"@id\":\"https:\/\/prcp.com.pe\/en\/#website\"},\"datePublished\":\"2019-07-24T21:47:40+00:00\",\"dateModified\":\"2019-07-24T23:28:32+00:00\",\"breadcrumb\":{\"@id\":\"https:\/\/prcp.com.pe\/en\/people\/consultants\/#breadcrumb\"},\"inLanguage\":\"en-US\",\"potentialAction\":[{\"@type\":\"ReadAction\",\"target\":[\"https:\/\/prcp.com.pe\/en\/people\/consultants\/\"]}]},{\"@type\":\"BreadcrumbList\",\"@id\":\"https:\/\/prcp.com.pe\/en\/people\/consultants\/#breadcrumb\",\"itemListElement\":[{\"@type\":\"ListItem\",\"position\":1,\"name\":\"Portada\",\"item\":\"https:\/\/prcp.com.pe\/en\/\"},{\"@type\":\"ListItem\",\"position\":2,\"name\":\"People\",\"item\":\"https:\/\/prcp.com.pe\/en\/people\/\"},{\"@type\":\"ListItem\",\"position\":3,\"name\":\"Consultants\"}]},{\"@type\":\"WebSite\",\"@id\":\"https:\/\/prcp.com.pe\/en\/#website\",\"url\":\"https:\/\/prcp.com.pe\/en\/\",\"name\":\"Payet, Rey, Cauvi, P\u00e9rez\",\"description\":\"Payet, Rey, Cauvi, P\u00e9rez Abogados es uno de los estudios jur\u00eddicos l\u00edderes en el Per\u00fa, de reconocida experiencia y con una amplia trayectoria.\",\"publisher\":{\"@id\":\"https:\/\/prcp.com.pe\/en\/#organization\"},\"potentialAction\":[{\"@type\":\"SearchAction\",\"target\":{\"@type\":\"EntryPoint\",\"urlTemplate\":\"https:\/\/prcp.com.pe\/en\/?s={search_term_string}\"},\"query-input\":{\"@type\":\"PropertyValueSpecification\",\"valueRequired\":true,\"valueName\":\"search_term_string\"}}],\"inLanguage\":\"en-US\"},{\"@type\":\"Organization\",\"@id\":\"https:\/\/prcp.com.pe\/en\/#organization\",\"name\":\"Payet, Rey, Cauvi, P\u00e9rez Abogados\",\"url\":\"https:\/\/prcp.com.pe\/en\/\",\"logo\":{\"@type\":\"ImageObject\",\"inLanguage\":\"en-US\",\"@id\":\"https:\/\/prcp.com.pe\/en\/#\/schema\/logo\/image\/\",\"url\":\"https:\/\/prcp.com.pe\/wp-content\/uploads\/2018\/11\/logo-2.jpg\",\"contentUrl\":\"https:\/\/prcp.com.pe\/wp-content\/uploads\/2018\/11\/logo-2.jpg\",\"width\":459,\"height\":471,\"caption\":\"Payet, Rey, Cauvi, P\u00e9rez Abogados\"},\"image\":{\"@id\":\"https:\/\/prcp.com.pe\/en\/#\/schema\/logo\/image\/\"},\"sameAs\":[\"https:\/\/www.facebook.com\/prcpabogados\/\",\"https:\/\/www.linkedin.com\/company\/prc\/\",\"https:\/\/www.youtube.com\/channel\/UCbXFuuBk4-B26fdfYft3Oag\"]}]}<\/script>\n<!-- \/ Yoast SEO plugin. -->","yoast_head_json":{"title":"Consultants - Payet, Rey, Cauvi, P\u00e9rez","robots":{"index":"index","follow":"follow","max-snippet":"max-snippet:-1","max-image-preview":"max-image-preview:large","max-video-preview":"max-video-preview:-1"},"canonical":"https:\/\/prcp.com.pe\/en\/people\/consultants\/","og_locale":"en_US","og_type":"article","og_title":"Consultants - Payet, Rey, Cauvi, P\u00e9rez","og_description":"[vc_row][vc_column][vc_wp_custommenu nav_menu=&#8221;106&#8243; el_id=&#8221;tabs-abogados&#8221;][\/vc_column][\/vc_row][vc_row el_id=&#8221;abogados-tabs&#8221;][vc_column][vc_tta_tabs style=&#8221;flat&#8221; shape=&#8221;square&#8221; color=&#8221;white&#8221; active_section=&#8221;1&#8243; no_fill_content_area=&#8221;true&#8221; el_id=&#8221;abogados-filtro&#8221;][vc_tta_section title=&#8221;TODOS&#8221; tab_id=&#8221;todos&#8221;][vc_column_text][\/vc_column_text][\/vc_tta_section][vc_tta_section title=&#8221;A&#8221; tab_id=&#8221;a&#8221;][vc_column_text][a_consultor][\/vc_column_text][\/vc_tta_section][vc_tta_section title=&#8221;B&#8221; tab_id=&#8221;b&#8221;][vc_column_text][b_consultor][\/vc_column_text][\/vc_tta_section][vc_tta_section title=&#8221;C&#8221; tab_id=&#8221;c&#8221;][vc_column_text][c_consultor][\/vc_column_text][\/vc_tta_section][vc_tta_section title=&#8221;D&#8221; tab_id=&#8221;d&#8221;][vc_column_text][d_consultor][\/vc_column_text][\/vc_tta_section][vc_tta_section title=&#8221;E&#8221; tab_id=&#8221;e&#8221;][vc_column_text][e_consultor][\/vc_column_text][\/vc_tta_section][vc_tta_section title=&#8221;F&#8221; tab_id=&#8221;f&#8221;][vc_column_text][f_consultor][\/vc_column_text][\/vc_tta_section][vc_tta_section title=&#8221;G&#8221; tab_id=&#8221;g&#8221;][vc_column_text][g_consultor][\/vc_column_text][\/vc_tta_section][vc_tta_section title=&#8221;H&#8221; tab_id=&#8221;h&#8221;][vc_column_text][h_consultor][\/vc_column_text][\/vc_tta_section][vc_tta_section title=&#8221;I&#8221; tab_id=&#8221;i&#8221;][vc_column_text][i_consultor][\/vc_column_text][\/vc_tta_section][vc_tta_section title=&#8221;J&#8221; tab_id=&#8221;j&#8221;][vc_column_text][j_consultor][\/vc_column_text][\/vc_tta_section][vc_tta_section title=&#8221;K&#8221; tab_id=&#8221;k&#8221;][vc_column_text][k_consultor][\/vc_column_text][\/vc_tta_section][vc_tta_section title=&#8221;L&#8221; tab_id=&#8221;l&#8221;][vc_column_text][l_consultor][\/vc_column_text][\/vc_tta_section][vc_tta_section title=&#8221;M&#8221; tab_id=&#8221;m&#8221;][vc_column_text][m_consultor][\/vc_column_text][\/vc_tta_section][vc_tta_section title=&#8221;N&#8221; tab_id=&#8221;n&#8221;][vc_column_text][n_consultor][\/vc_column_text][\/vc_tta_section][vc_tta_section title=&#8221;O&#8221; tab_id=&#8221;o&#8221;][vc_column_text][o_consultor][\/vc_column_text][\/vc_tta_section][vc_tta_section title=&#8221;P&#8221; tab_id=&#8221;p&#8221;][vc_column_text][p_consultor][\/vc_column_text][\/vc_tta_section][vc_tta_section title=&#8221;Q&#8221; tab_id=&#8221;q&#8221;][vc_column_text][q_consultor][\/vc_column_text][\/vc_tta_section][vc_tta_section title=&#8221;R&#8221; tab_id=&#8221;r&#8221;][vc_column_text][r_consultor][\/vc_column_text][\/vc_tta_section][vc_tta_section title=&#8221;S&#8221; tab_id=&#8221;s&#8221;][vc_column_text][s_consultor][\/vc_column_text][\/vc_tta_section][vc_tta_section title=&#8221;T&#8221; tab_id=&#8221;t&#8221;][vc_column_text][t_consultor][\/vc_column_text][\/vc_tta_section][vc_tta_section title=&#8221;U&#8221; tab_id=&#8221;u&#8221;][vc_column_text][u_consultor][\/vc_column_text][\/vc_tta_section][vc_tta_section title=&#8221;V&#8221;&hellip;","og_url":"https:\/\/prcp.com.pe\/en\/people\/consultants\/","og_site_name":"Payet, Rey, Cauvi, P\u00e9rez","article_publisher":"https:\/\/www.facebook.com\/prcpabogados\/","article_modified_time":"2019-07-24T23:28:32+00:00","twitter_card":"summary_large_image","twitter_misc":{"Est. reading time":"3 minutes"},"schema":{"@context":"https:\/\/schema.org","@graph":[{"@type":"WebPage","@id":"https:\/\/prcp.com.pe\/en\/people\/consultants\/","url":"https:\/\/prcp.com.pe\/en\/people\/consultants\/","name":"Consultants - Payet, Rey, Cauvi, P\u00e9rez","isPartOf":{"@id":"https:\/\/prcp.com.pe\/en\/#website"},"datePublished":"2019-07-24T21:47:40+00:00","dateModified":"2019-07-24T23:28:32+00:00","breadcrumb":{"@id":"https:\/\/prcp.com.pe\/en\/people\/consultants\/#breadcrumb"},"inLanguage":"en-US","potentialAction":[{"@type":"ReadAction","target":["https:\/\/prcp.com.pe\/en\/people\/consultants\/"]}]},{"@type":"BreadcrumbList","@id":"https:\/\/prcp.com.pe\/en\/people\/consultants\/#breadcrumb","itemListElement":[{"@type":"ListItem","position":1,"name":"Portada","item":"https:\/\/prcp.com.pe\/en\/"},{"@type":"ListItem","position":2,"name":"People","item":"https:\/\/prcp.com.pe\/en\/people\/"},{"@type":"ListItem","position":3,"name":"Consultants"}]},{"@type":"WebSite","@id":"https:\/\/prcp.com.pe\/en\/#website","url":"https:\/\/prcp.com.pe\/en\/","name":"Payet, Rey, Cauvi, P\u00e9rez","description":"Payet, Rey, Cauvi, P\u00e9rez Abogados es uno de los estudios jur\u00eddicos l\u00edderes en el Per\u00fa, de reconocida experiencia y con una amplia trayectoria.","publisher":{"@id":"https:\/\/prcp.com.pe\/en\/#organization"},"potentialAction":[{"@type":"SearchAction","target":{"@type":"EntryPoint","urlTemplate":"https:\/\/prcp.com.pe\/en\/?s={search_term_string}"},"query-input":{"@type":"PropertyValueSpecification","valueRequired":true,"valueName":"search_term_string"}}],"inLanguage":"en-US"},{"@type":"Organization","@id":"https:\/\/prcp.com.pe\/en\/#organization","name":"Payet, Rey, Cauvi, P\u00e9rez Abogados","url":"https:\/\/prcp.com.pe\/en\/","logo":{"@type":"ImageObject","inLanguage":"en-US","@id":"https:\/\/prcp.com.pe\/en\/#\/schema\/logo\/image\/","url":"https:\/\/prcp.com.pe\/wp-content\/uploads\/2018\/11\/logo-2.jpg","contentUrl":"https:\/\/prcp.com.pe\/wp-content\/uploads\/2018\/11\/logo-2.jpg","width":459,"height":471,"caption":"Payet, Rey, Cauvi, P\u00e9rez Abogados"},"image":{"@id":"https:\/\/prcp.com.pe\/en\/#\/schema\/logo\/image\/"},"sameAs":["https:\/\/www.facebook.com\/prcpabogados\/","https:\/\/www.linkedin.com\/company\/prc\/","https:\/\/www.youtube.com\/channel\/UCbXFuuBk4-B26fdfYft3Oag"]}]}},"_links":{"self":[{"href":"https:\/\/prcp.com.pe\/en\/wp-json\/wp\/v2\/pages\/14523","targetHints":{"allow":["GET"]}}],"collection":[{"href":"https:\/\/prcp.com.pe\/en\/wp-json\/wp\/v2\/pages"}],"about":[{"href":"https:\/\/prcp.com.pe\/en\/wp-json\/wp\/v2\/types\/page"}],"author":[{"embeddable":true,"href":"https:\/\/prcp.com.pe\/en\/wp-json\/wp\/v2\/users\/3"}],"replies":[{"embeddable":true,"href":"https:\/\/prcp.com.pe\/en\/wp-json\/wp\/v2\/comments?post=14523"}],"version-history":[{"count":0,"href":"https:\/\/prcp.com.pe\/en\/wp-json\/wp\/v2\/pages\/14523\/revisions"}],"up":[{"embeddable":true,"href":"https:\/\/prcp.com.pe\/en\/wp-json\/wp\/v2\/pages\/7692"}],"wp:attachment":[{"href":"https:\/\/prcp.com.pe\/en\/wp-json\/wp\/v2\/media?parent=14523"}],"curies":[{"name":"wp","href":"https:\/\/api.w.org\/{rel}","templated":true}]}}